{"id":8265,"date":"2026-01-12T16:41:42","date_gmt":"2026-01-12T14:41:42","guid":{"rendered":"https:\/\/www.hantulantaimi.fi\/?post_type=product&#038;p=8265"},"modified":"2026-01-12T16:55:10","modified_gmt":"2026-01-12T14:55:10","slug":"clematis-alpina-alppikarho","status":"publish","type":"product","link":"https:\/\/www.hantulantaimi.fi\/?product=clematis-alpina-alppikarho","title":{"rendered":"CLEMATIS ALPINA -Alppik\u00e4rh\u00f6"},"content":{"rendered":"","protected":false},"excerpt":{"rendered":"<p>Astiataimi C2\/C3<br \/>\nAlppik\u00e4rh\u00f6t menestyv\u00e4t jopa varjossa ja melko ohuessa mullassa, jos kasvupaikka on auringon paahteinen, juuristo pidet\u00e4\u00e4n viile\u00e4n\u00e4 istuttamalla eteen varjostavia perennoja, kes\u00e4kukkia tai matalia pensaita, taimet voi istuttaa entiseen syvyyteen, kev\u00e4\u00e4ll\u00e4 leikataan vain kuolleet osat pois, kun risuiseksi muuttunut kasvusto halutaan nuorentaa versot voi typist\u00e4\u00e4 l\u00e4hes maanrajasta kukinnan j\u00e4lkeen, muutaman vahvan verson voi j\u00e4tt\u00e4\u00e4 varmuuden vuoksi ja poistaa vasta seuraavana vuonna, kukkii edellisen kes\u00e4n versoilla.<br \/>\nKukinta: siniset, keskelt\u00e4 valkoiset (4-7cm) kellokukat kes\u00e4-elokuussa.<br \/>\nKorkeus: 3-4 m.<br \/>\nKasvupaikka: aurinkoinen-puolivarjoinen, tuore, ravinteikas<br \/>\nVy\u00f6hyke: VI<\/p>\n","protected":false},"featured_media":8267,"template":"","meta":{"site-sidebar-layout":"default","site-content-layout":"default","ast-site-content-layout":"default","site-content-style":"default","site-sidebar-style":"default","ast-global-header-display":"","ast-banner-title-visibility":"","ast-main-header-display":"","ast-hfb-above-header-display":"","ast-hfb-below-header-display":"","ast-hfb-mobile-header-display":"","site-post-title":"","ast-breadcrumbs-content":"","ast-featured-img":"","footer-sml-layout":"","theme-transparent-header-meta":"default","adv-header-id-meta":"","stick-header-meta":"","header-above-stick-meta":"","header-main-stick-meta":"","header-below-stick-meta":"","astra-migrate-meta-layouts":"set","ast-page-background-enabled":"default","ast-page-background-meta":{"desktop":{"background-color":"","background-image":"","background-repeat":"repeat","background-position":"center center","background-size":"auto","background-attachment":"scroll","background-type":"","background-media":"","overlay-type":"","overlay-color":"","overlay-opacity":"","overlay-gradient":""},"tablet":{"background-color":"","background-image":"","background-repeat":"repeat","background-position":"center center","background-size":"auto","background-attachment":"scroll","background-type":"","background-media":"","overlay-type":"","overlay-color":"","overlay-opacity":"","overlay-gradient":""},"mobile":{"background-color":"","background-image":"","background-repeat":"repeat","background-position":"center center","background-size":"auto","background-attachment":"scroll","background-type":"","background-media":"","overlay-type":"","overlay-color":"","overlay-opacity":"","overlay-gradient":""}},"ast-content-background-meta":{"desktop":{"background-color":"var(--ast-global-color-5)","background-image":"","background-repeat":"repeat","background-position":"center center","background-size":"auto","background-attachment":"scroll","background-type":"","background-media":"","overlay-type":"","overlay-color":"","overlay-opacity":"","overlay-gradient":""},"tablet":{"background-color":"var(--ast-global-color-5)","background-image":"","background-repeat":"repeat","background-position":"center center","background-size":"auto","background-attachment":"scroll","background-type":"","background-media":"","overlay-type":"","overlay-color":"","overlay-opacity":"","overlay-gradient":""},"mobile":{"background-color":"var(--ast-global-color-5)","background-image":"","background-repeat":"repeat","background-position":"center center","background-size":"auto","background-attachment":"scroll","background-type":"","background-media":"","overlay-type":"","overlay-color":"","overlay-opacity":"","overlay-gradient":""}}},"product_brand":[],"product_cat":[56],"product_tag":[],"class_list":{"0":"post-8265","1":"product","2":"type-product","3":"status-publish","4":"has-post-thumbnail","6":"product_cat-koynnokset","7":"desktop-align-left","8":"tablet-align-left","9":"mobile-align-left","11":"first","12":"instock","13":"shipping-taxable","14":"purchasable","15":"product-type-simple"},"yoast_head":"<!-- This site is optimized with the Yoast SEO plugin v26.9 - https:\/\/yoast.com\/product\/yoast-seo-wordpress\/ -->\n<title>CLEMATIS ALPINA -Alppik\u00e4rh\u00f6 -<\/title>\n<meta name=\"robots\" content=\"index, follow, max-snippet:-1, max-image-preview:large, max-video-preview:-1\" \/>\n<link rel=\"canonical\" href=\"https:\/\/www.hantulantaimi.fi\/?product=clematis-alpina-alppikarho\" \/>\n<meta property=\"og:locale\" content=\"fi_FI\" \/>\n<meta property=\"og:type\" content=\"article\" \/>\n<meta property=\"og:title\" content=\"CLEMATIS ALPINA -Alppik\u00e4rh\u00f6 -\" \/>\n<meta property=\"og:description\" content=\"Astiataimi C2\/C3 Alppik\u00e4rh\u00f6t menestyv\u00e4t jopa varjossa ja melko ohuessa mullassa, jos kasvupaikka on auringon paahteinen, juuristo pidet\u00e4\u00e4n viile\u00e4n\u00e4 istuttamalla eteen varjostavia perennoja, kes\u00e4kukkia tai matalia pensaita, taimet voi istuttaa entiseen syvyyteen, kev\u00e4\u00e4ll\u00e4 leikataan vain kuolleet osat pois, kun risuiseksi muuttunut kasvusto halutaan nuorentaa versot voi typist\u00e4\u00e4 l\u00e4hes maanrajasta kukinnan j\u00e4lkeen, muutaman vahvan verson voi j\u00e4tt\u00e4\u00e4 varmuuden vuoksi ja poistaa vasta seuraavana vuonna, kukkii edellisen kes\u00e4n versoilla. Kukinta: siniset, keskelt\u00e4 valkoiset (4-7cm) kellokukat kes\u00e4-elokuussa. Korkeus: 3-4 m. Kasvupaikka: aurinkoinen-puolivarjoinen, tuore, ravinteikas Vy\u00f6hyke: VI\" \/>\n<meta property=\"og:url\" content=\"https:\/\/www.hantulantaimi.fi\/?product=clematis-alpina-alppikarho\" \/>\n<meta property=\"article:modified_time\" content=\"2026-01-12T14:55:10+00:00\" \/>\n<meta property=\"og:image\" content=\"https:\/\/www.hantulantaimi.fi\/wp-content\/uploads\/2026\/01\/alppikarho_clematis-alpina_kekkila-1-800x800-1.jpg\" \/>\n\t<meta property=\"og:image:width\" content=\"800\" \/>\n\t<meta property=\"og:image:height\" content=\"800\" \/>\n\t<meta property=\"og:image:type\" content=\"image\/jpeg\" \/>\n<meta name=\"twitter:card\" content=\"summary_large_image\" \/>\n<meta name=\"twitter:label1\" content=\"Arvioitu lukuaika\" \/>\n\t<meta name=\"twitter:data1\" content=\"1 minuutti\" \/>\n<script type=\"application\/ld+json\" class=\"yoast-schema-graph\">{\"@context\":\"https:\/\/schema.org\",\"@graph\":[{\"@type\":\"WebPage\",\"@id\":\"https:\/\/www.hantulantaimi.fi\/?product=clematis-alpina-alppikarho\",\"url\":\"https:\/\/www.hantulantaimi.fi\/?product=clematis-alpina-alppikarho\",\"name\":\"CLEMATIS ALPINA -Alppik\u00e4rh\u00f6 -\",\"isPartOf\":{\"@id\":\"https:\/\/www.hantulantaimi.fi\/#website\"},\"primaryImageOfPage\":{\"@id\":\"https:\/\/www.hantulantaimi.fi\/?product=clematis-alpina-alppikarho#primaryimage\"},\"image\":{\"@id\":\"https:\/\/www.hantulantaimi.fi\/?product=clematis-alpina-alppikarho#primaryimage\"},\"thumbnailUrl\":\"https:\/\/www.hantulantaimi.fi\/wp-content\/uploads\/2026\/01\/alppikarho_clematis-alpina_kekkila-1-800x800-1.jpg\",\"datePublished\":\"2026-01-12T14:41:42+00:00\",\"dateModified\":\"2026-01-12T14:55:10+00:00\",\"breadcrumb\":{\"@id\":\"https:\/\/www.hantulantaimi.fi\/?product=clematis-alpina-alppikarho#breadcrumb\"},\"inLanguage\":\"fi\",\"potentialAction\":[{\"@type\":\"ReadAction\",\"target\":[\"https:\/\/www.hantulantaimi.fi\/?product=clematis-alpina-alppikarho\"]}]},{\"@type\":\"ImageObject\",\"inLanguage\":\"fi\",\"@id\":\"https:\/\/www.hantulantaimi.fi\/?product=clematis-alpina-alppikarho#primaryimage\",\"url\":\"https:\/\/www.hantulantaimi.fi\/wp-content\/uploads\/2026\/01\/alppikarho_clematis-alpina_kekkila-1-800x800-1.jpg\",\"contentUrl\":\"https:\/\/www.hantulantaimi.fi\/wp-content\/uploads\/2026\/01\/alppikarho_clematis-alpina_kekkila-1-800x800-1.jpg\",\"width\":800,\"height\":800},{\"@type\":\"BreadcrumbList\",\"@id\":\"https:\/\/www.hantulantaimi.fi\/?product=clematis-alpina-alppikarho#breadcrumb\",\"itemListElement\":[{\"@type\":\"ListItem\",\"position\":1,\"name\":\"Home\",\"item\":\"https:\/\/www.hantulantaimi.fi\/\"},{\"@type\":\"ListItem\",\"position\":2,\"name\":\"Valikoima\",\"item\":\"https:\/\/www.hantulantaimi.fi\/?page_id=768\"},{\"@type\":\"ListItem\",\"position\":3,\"name\":\"CLEMATIS ALPINA -Alppik\u00e4rh\u00f6\"}]},{\"@type\":\"WebSite\",\"@id\":\"https:\/\/www.hantulantaimi.fi\/#website\",\"url\":\"https:\/\/www.hantulantaimi.fi\/\",\"name\":\"\",\"description\":\"\",\"potentialAction\":[{\"@type\":\"SearchAction\",\"target\":{\"@type\":\"EntryPoint\",\"urlTemplate\":\"https:\/\/www.hantulantaimi.fi\/?s={search_term_string}\"},\"query-input\":{\"@type\":\"PropertyValueSpecification\",\"valueRequired\":true,\"valueName\":\"search_term_string\"}}],\"inLanguage\":\"fi\"}]}<\/script>\n<!-- \/ Yoast SEO plugin. -->","yoast_head_json":{"title":"CLEMATIS ALPINA -Alppik\u00e4rh\u00f6 -","robots":{"index":"index","follow":"follow","max-snippet":"max-snippet:-1","max-image-preview":"max-image-preview:large","max-video-preview":"max-video-preview:-1"},"canonical":"https:\/\/www.hantulantaimi.fi\/?product=clematis-alpina-alppikarho","og_locale":"fi_FI","og_type":"article","og_title":"CLEMATIS ALPINA -Alppik\u00e4rh\u00f6 -","og_description":"Astiataimi C2\/C3 Alppik\u00e4rh\u00f6t menestyv\u00e4t jopa varjossa ja melko ohuessa mullassa, jos kasvupaikka on auringon paahteinen, juuristo pidet\u00e4\u00e4n viile\u00e4n\u00e4 istuttamalla eteen varjostavia perennoja, kes\u00e4kukkia tai matalia pensaita, taimet voi istuttaa entiseen syvyyteen, kev\u00e4\u00e4ll\u00e4 leikataan vain kuolleet osat pois, kun risuiseksi muuttunut kasvusto halutaan nuorentaa versot voi typist\u00e4\u00e4 l\u00e4hes maanrajasta kukinnan j\u00e4lkeen, muutaman vahvan verson voi j\u00e4tt\u00e4\u00e4 varmuuden vuoksi ja poistaa vasta seuraavana vuonna, kukkii edellisen kes\u00e4n versoilla. Kukinta: siniset, keskelt\u00e4 valkoiset (4-7cm) kellokukat kes\u00e4-elokuussa. Korkeus: 3-4 m. Kasvupaikka: aurinkoinen-puolivarjoinen, tuore, ravinteikas Vy\u00f6hyke: VI","og_url":"https:\/\/www.hantulantaimi.fi\/?product=clematis-alpina-alppikarho","article_modified_time":"2026-01-12T14:55:10+00:00","og_image":[{"width":800,"height":800,"url":"https:\/\/www.hantulantaimi.fi\/wp-content\/uploads\/2026\/01\/alppikarho_clematis-alpina_kekkila-1-800x800-1.jpg","type":"image\/jpeg"}],"twitter_card":"summary_large_image","twitter_misc":{"Arvioitu lukuaika":"1 minuutti"},"schema":{"@context":"https:\/\/schema.org","@graph":[{"@type":"WebPage","@id":"https:\/\/www.hantulantaimi.fi\/?product=clematis-alpina-alppikarho","url":"https:\/\/www.hantulantaimi.fi\/?product=clematis-alpina-alppikarho","name":"CLEMATIS ALPINA -Alppik\u00e4rh\u00f6 -","isPartOf":{"@id":"https:\/\/www.hantulantaimi.fi\/#website"},"primaryImageOfPage":{"@id":"https:\/\/www.hantulantaimi.fi\/?product=clematis-alpina-alppikarho#primaryimage"},"image":{"@id":"https:\/\/www.hantulantaimi.fi\/?product=clematis-alpina-alppikarho#primaryimage"},"thumbnailUrl":"https:\/\/www.hantulantaimi.fi\/wp-content\/uploads\/2026\/01\/alppikarho_clematis-alpina_kekkila-1-800x800-1.jpg","datePublished":"2026-01-12T14:41:42+00:00","dateModified":"2026-01-12T14:55:10+00:00","breadcrumb":{"@id":"https:\/\/www.hantulantaimi.fi\/?product=clematis-alpina-alppikarho#breadcrumb"},"inLanguage":"fi","potentialAction":[{"@type":"ReadAction","target":["https:\/\/www.hantulantaimi.fi\/?product=clematis-alpina-alppikarho"]}]},{"@type":"ImageObject","inLanguage":"fi","@id":"https:\/\/www.hantulantaimi.fi\/?product=clematis-alpina-alppikarho#primaryimage","url":"https:\/\/www.hantulantaimi.fi\/wp-content\/uploads\/2026\/01\/alppikarho_clematis-alpina_kekkila-1-800x800-1.jpg","contentUrl":"https:\/\/www.hantulantaimi.fi\/wp-content\/uploads\/2026\/01\/alppikarho_clematis-alpina_kekkila-1-800x800-1.jpg","width":800,"height":800},{"@type":"BreadcrumbList","@id":"https:\/\/www.hantulantaimi.fi\/?product=clematis-alpina-alppikarho#breadcrumb","itemListElement":[{"@type":"ListItem","position":1,"name":"Home","item":"https:\/\/www.hantulantaimi.fi\/"},{"@type":"ListItem","position":2,"name":"Valikoima","item":"https:\/\/www.hantulantaimi.fi\/?page_id=768"},{"@type":"ListItem","position":3,"name":"CLEMATIS ALPINA -Alppik\u00e4rh\u00f6"}]},{"@type":"WebSite","@id":"https:\/\/www.hantulantaimi.fi\/#website","url":"https:\/\/www.hantulantaimi.fi\/","name":"","description":"","potentialAction":[{"@type":"SearchAction","target":{"@type":"EntryPoint","urlTemplate":"https:\/\/www.hantulantaimi.fi\/?s={search_term_string}"},"query-input":{"@type":"PropertyValueSpecification","valueRequired":true,"valueName":"search_term_string"}}],"inLanguage":"fi"}]}},"_links":{"self":[{"href":"https:\/\/www.hantulantaimi.fi\/index.php?rest_route=\/wp\/v2\/product\/8265","targetHints":{"allow":["GET"]}}],"collection":[{"href":"https:\/\/www.hantulantaimi.fi\/index.php?rest_route=\/wp\/v2\/product"}],"about":[{"href":"https:\/\/www.hantulantaimi.fi\/index.php?rest_route=\/wp\/v2\/types\/product"}],"version-history":[{"count":1,"href":"https:\/\/www.hantulantaimi.fi\/index.php?rest_route=\/wp\/v2\/product\/8265\/revisions"}],"predecessor-version":[{"id":8266,"href":"https:\/\/www.hantulantaimi.fi\/index.php?rest_route=\/wp\/v2\/product\/8265\/revisions\/8266"}],"wp:featuredmedia":[{"embeddable":true,"href":"https:\/\/www.hantulantaimi.fi\/index.php?rest_route=\/wp\/v2\/media\/8267"}],"wp:attachment":[{"href":"https:\/\/www.hantulantaimi.fi\/index.php?rest_route=%2Fwp%2Fv2%2Fmedia&parent=8265"}],"wp:term":[{"taxonomy":"product_brand","embeddable":true,"href":"https:\/\/www.hantulantaimi.fi\/index.php?rest_route=%2Fwp%2Fv2%2Fproduct_brand&post=8265"},{"taxonomy":"product_cat","embeddable":true,"href":"https:\/\/www.hantulantaimi.fi\/index.php?rest_route=%2Fwp%2Fv2%2Fproduct_cat&post=8265"},{"taxonomy":"product_tag","embeddable":true,"href":"https:\/\/www.hantulantaimi.fi\/index.php?rest_route=%2Fwp%2Fv2%2Fproduct_tag&post=8265"}],"curies":[{"name":"wp","href":"https:\/\/api.w.org\/{rel}","templated":true}]}}