{"id":8262,"date":"2026-01-12T16:27:22","date_gmt":"2026-01-12T14:27:22","guid":{"rendered":"https:\/\/www.hantulantaimi.fi\/?post_type=product&#038;p=8262"},"modified":"2026-01-13T14:09:12","modified_gmt":"2026-01-13T12:09:12","slug":"humulus-lupulus-nordbrau-humala","status":"publish","type":"product","link":"https:\/\/www.hantulantaimi.fi\/?product=humulus-lupulus-nordbrau-humala","title":{"rendered":"HUMULUS LUPULUS &#8217;Nordbrau&#8217;  -Humala"},"content":{"rendered":"","protected":false},"excerpt":{"rendered":"<p>Astiataimi C2<br \/>\nKest\u00e4v\u00e4 ja nopeakasvuinen k\u00f6ynn\u00f6s. Kiert\u00e4\u00e4 itse ruohomaisen vartensa narujen, k\u00f6ynn\u00f6skehikon tai puun rungon ymp\u00e4rille ja nousee yhdess\u00e4 kes\u00e4ss\u00e4 useiden metrien korkeuteen, perinteinen tapa tukea humala salkoon sopii erityisesti vanhoihin maalaispihoihin, uudet versot kasvavat joka vuosi uudelleen sill\u00e4 ne kuihtuvat syksyll\u00e4.<br \/>\n&#8217;Nordbrau&#8217; lajike on saksalainen aromihumalalajike, jolla on aromaattiset k\u00e4vyt, jotka soveltuvat oluen valmistukseen. Soveltuu mainiosti my\u00f6s koristekasviksi<br \/>\nKorkeus: 3-4m.<br \/>\nKasvupaikka: aurinkoinen tai puolivarjoinen, tuore tai kostea, keskiravinteinen<br \/>\nVy\u00f6hyke: VII<\/p>\n","protected":false},"featured_media":2755,"template":"","meta":{"site-sidebar-layout":"default","site-content-layout":"default","ast-site-content-layout":"default","site-content-style":"default","site-sidebar-style":"default","ast-global-header-display":"","ast-banner-title-visibility":"","ast-main-header-display":"","ast-hfb-above-header-display":"","ast-hfb-below-header-display":"","ast-hfb-mobile-header-display":"","site-post-title":"","ast-breadcrumbs-content":"","ast-featured-img":"","footer-sml-layout":"","theme-transparent-header-meta":"default","adv-header-id-meta":"","stick-header-meta":"","header-above-stick-meta":"","header-main-stick-meta":"","header-below-stick-meta":"","astra-migrate-meta-layouts":"set","ast-page-background-enabled":"default","ast-page-background-meta":{"desktop":{"background-color":"","background-image":"","background-repeat":"repeat","background-position":"center center","background-size":"auto","background-attachment":"scroll","background-type":"","background-media":"","overlay-type":"","overlay-color":"","overlay-opacity":"","overlay-gradient":""},"tablet":{"background-color":"","background-image":"","background-repeat":"repeat","background-position":"center center","background-size":"auto","background-attachment":"scroll","background-type":"","background-media":"","overlay-type":"","overlay-color":"","overlay-opacity":"","overlay-gradient":""},"mobile":{"background-color":"","background-image":"","background-repeat":"repeat","background-position":"center center","background-size":"auto","background-attachment":"scroll","background-type":"","background-media":"","overlay-type":"","overlay-color":"","overlay-opacity":"","overlay-gradient":""}},"ast-content-background-meta":{"desktop":{"background-color":"var(--ast-global-color-5)","background-image":"","background-repeat":"repeat","background-position":"center center","background-size":"auto","background-attachment":"scroll","background-type":"","background-media":"","overlay-type":"","overlay-color":"","overlay-opacity":"","overlay-gradient":""},"tablet":{"background-color":"var(--ast-global-color-5)","background-image":"","background-repeat":"repeat","background-position":"center center","background-size":"auto","background-attachment":"scroll","background-type":"","background-media":"","overlay-type":"","overlay-color":"","overlay-opacity":"","overlay-gradient":""},"mobile":{"background-color":"var(--ast-global-color-5)","background-image":"","background-repeat":"repeat","background-position":"center center","background-size":"auto","background-attachment":"scroll","background-type":"","background-media":"","overlay-type":"","overlay-color":"","overlay-opacity":"","overlay-gradient":""}}},"product_brand":[],"product_cat":[56],"product_tag":[],"class_list":{"0":"post-8262","1":"product","2":"type-product","3":"status-publish","4":"has-post-thumbnail","6":"product_cat-koynnokset","7":"desktop-align-left","8":"tablet-align-left","9":"mobile-align-left","11":"first","12":"instock","13":"shipping-taxable","14":"purchasable","15":"product-type-simple"},"yoast_head":"<!-- This site is optimized with the Yoast SEO plugin v26.9 - https:\/\/yoast.com\/product\/yoast-seo-wordpress\/ -->\n<title>HUMULUS LUPULUS &#039;Nordbrau&#039; -Humala -<\/title>\n<meta name=\"robots\" content=\"index, follow, max-snippet:-1, max-image-preview:large, max-video-preview:-1\" \/>\n<link rel=\"canonical\" href=\"https:\/\/www.hantulantaimi.fi\/?product=humulus-lupulus-nordbrau-humala\" \/>\n<meta property=\"og:locale\" content=\"fi_FI\" \/>\n<meta property=\"og:type\" content=\"article\" \/>\n<meta property=\"og:title\" content=\"HUMULUS LUPULUS &#039;Nordbrau&#039; -Humala -\" \/>\n<meta property=\"og:description\" content=\"Astiataimi C2 Kest\u00e4v\u00e4 ja nopeakasvuinen k\u00f6ynn\u00f6s. Kiert\u00e4\u00e4 itse ruohomaisen vartensa narujen, k\u00f6ynn\u00f6skehikon tai puun rungon ymp\u00e4rille ja nousee yhdess\u00e4 kes\u00e4ss\u00e4 useiden metrien korkeuteen, perinteinen tapa tukea humala salkoon sopii erityisesti vanhoihin maalaispihoihin, uudet versot kasvavat joka vuosi uudelleen sill\u00e4 ne kuihtuvat syksyll\u00e4. &#039;Nordbrau&#039; lajike on saksalainen aromihumalalajike, jolla on aromaattiset k\u00e4vyt, jotka soveltuvat oluen valmistukseen. Soveltuu mainiosti my\u00f6s koristekasviksi Korkeus: 3-4m. Kasvupaikka: aurinkoinen tai puolivarjoinen, tuore tai kostea, keskiravinteinen Vy\u00f6hyke: VII\" \/>\n<meta property=\"og:url\" content=\"https:\/\/www.hantulantaimi.fi\/?product=humulus-lupulus-nordbrau-humala\" \/>\n<meta property=\"article:modified_time\" content=\"2026-01-13T12:09:12+00:00\" \/>\n<meta property=\"og:image\" content=\"https:\/\/www.hantulantaimi.fi\/wp-content\/uploads\/2019\/03\/humala-copy.jpg\" \/>\n\t<meta property=\"og:image:width\" content=\"1600\" \/>\n\t<meta property=\"og:image:height\" content=\"1200\" \/>\n\t<meta property=\"og:image:type\" content=\"image\/jpeg\" \/>\n<meta name=\"twitter:card\" content=\"summary_large_image\" \/>\n<meta name=\"twitter:label1\" content=\"Arvioitu lukuaika\" \/>\n\t<meta name=\"twitter:data1\" content=\"1 minuutti\" \/>\n<script type=\"application\/ld+json\" class=\"yoast-schema-graph\">{\"@context\":\"https:\/\/schema.org\",\"@graph\":[{\"@type\":\"WebPage\",\"@id\":\"https:\/\/www.hantulantaimi.fi\/?product=humulus-lupulus-nordbrau-humala\",\"url\":\"https:\/\/www.hantulantaimi.fi\/?product=humulus-lupulus-nordbrau-humala\",\"name\":\"HUMULUS LUPULUS 'Nordbrau' -Humala -\",\"isPartOf\":{\"@id\":\"https:\/\/www.hantulantaimi.fi\/#website\"},\"primaryImageOfPage\":{\"@id\":\"https:\/\/www.hantulantaimi.fi\/?product=humulus-lupulus-nordbrau-humala#primaryimage\"},\"image\":{\"@id\":\"https:\/\/www.hantulantaimi.fi\/?product=humulus-lupulus-nordbrau-humala#primaryimage\"},\"thumbnailUrl\":\"https:\/\/www.hantulantaimi.fi\/wp-content\/uploads\/2019\/03\/humala-copy.jpg\",\"datePublished\":\"2026-01-12T14:27:22+00:00\",\"dateModified\":\"2026-01-13T12:09:12+00:00\",\"breadcrumb\":{\"@id\":\"https:\/\/www.hantulantaimi.fi\/?product=humulus-lupulus-nordbrau-humala#breadcrumb\"},\"inLanguage\":\"fi\",\"potentialAction\":[{\"@type\":\"ReadAction\",\"target\":[\"https:\/\/www.hantulantaimi.fi\/?product=humulus-lupulus-nordbrau-humala\"]}]},{\"@type\":\"ImageObject\",\"inLanguage\":\"fi\",\"@id\":\"https:\/\/www.hantulantaimi.fi\/?product=humulus-lupulus-nordbrau-humala#primaryimage\",\"url\":\"https:\/\/www.hantulantaimi.fi\/wp-content\/uploads\/2019\/03\/humala-copy.jpg\",\"contentUrl\":\"https:\/\/www.hantulantaimi.fi\/wp-content\/uploads\/2019\/03\/humala-copy.jpg\",\"width\":1600,\"height\":1200},{\"@type\":\"BreadcrumbList\",\"@id\":\"https:\/\/www.hantulantaimi.fi\/?product=humulus-lupulus-nordbrau-humala#breadcrumb\",\"itemListElement\":[{\"@type\":\"ListItem\",\"position\":1,\"name\":\"Home\",\"item\":\"https:\/\/www.hantulantaimi.fi\/\"},{\"@type\":\"ListItem\",\"position\":2,\"name\":\"Valikoima\",\"item\":\"https:\/\/www.hantulantaimi.fi\/?page_id=768\"},{\"@type\":\"ListItem\",\"position\":3,\"name\":\"HUMULUS LUPULUS &#8217;Nordbrau&#8217; -Humala\"}]},{\"@type\":\"WebSite\",\"@id\":\"https:\/\/www.hantulantaimi.fi\/#website\",\"url\":\"https:\/\/www.hantulantaimi.fi\/\",\"name\":\"\",\"description\":\"\",\"potentialAction\":[{\"@type\":\"SearchAction\",\"target\":{\"@type\":\"EntryPoint\",\"urlTemplate\":\"https:\/\/www.hantulantaimi.fi\/?s={search_term_string}\"},\"query-input\":{\"@type\":\"PropertyValueSpecification\",\"valueRequired\":true,\"valueName\":\"search_term_string\"}}],\"inLanguage\":\"fi\"}]}<\/script>\n<!-- \/ Yoast SEO plugin. -->","yoast_head_json":{"title":"HUMULUS LUPULUS 'Nordbrau' -Humala -","robots":{"index":"index","follow":"follow","max-snippet":"max-snippet:-1","max-image-preview":"max-image-preview:large","max-video-preview":"max-video-preview:-1"},"canonical":"https:\/\/www.hantulantaimi.fi\/?product=humulus-lupulus-nordbrau-humala","og_locale":"fi_FI","og_type":"article","og_title":"HUMULUS LUPULUS 'Nordbrau' -Humala -","og_description":"Astiataimi C2 Kest\u00e4v\u00e4 ja nopeakasvuinen k\u00f6ynn\u00f6s. Kiert\u00e4\u00e4 itse ruohomaisen vartensa narujen, k\u00f6ynn\u00f6skehikon tai puun rungon ymp\u00e4rille ja nousee yhdess\u00e4 kes\u00e4ss\u00e4 useiden metrien korkeuteen, perinteinen tapa tukea humala salkoon sopii erityisesti vanhoihin maalaispihoihin, uudet versot kasvavat joka vuosi uudelleen sill\u00e4 ne kuihtuvat syksyll\u00e4. 'Nordbrau' lajike on saksalainen aromihumalalajike, jolla on aromaattiset k\u00e4vyt, jotka soveltuvat oluen valmistukseen. Soveltuu mainiosti my\u00f6s koristekasviksi Korkeus: 3-4m. Kasvupaikka: aurinkoinen tai puolivarjoinen, tuore tai kostea, keskiravinteinen Vy\u00f6hyke: VII","og_url":"https:\/\/www.hantulantaimi.fi\/?product=humulus-lupulus-nordbrau-humala","article_modified_time":"2026-01-13T12:09:12+00:00","og_image":[{"width":1600,"height":1200,"url":"https:\/\/www.hantulantaimi.fi\/wp-content\/uploads\/2019\/03\/humala-copy.jpg","type":"image\/jpeg"}],"twitter_card":"summary_large_image","twitter_misc":{"Arvioitu lukuaika":"1 minuutti"},"schema":{"@context":"https:\/\/schema.org","@graph":[{"@type":"WebPage","@id":"https:\/\/www.hantulantaimi.fi\/?product=humulus-lupulus-nordbrau-humala","url":"https:\/\/www.hantulantaimi.fi\/?product=humulus-lupulus-nordbrau-humala","name":"HUMULUS LUPULUS 'Nordbrau' -Humala -","isPartOf":{"@id":"https:\/\/www.hantulantaimi.fi\/#website"},"primaryImageOfPage":{"@id":"https:\/\/www.hantulantaimi.fi\/?product=humulus-lupulus-nordbrau-humala#primaryimage"},"image":{"@id":"https:\/\/www.hantulantaimi.fi\/?product=humulus-lupulus-nordbrau-humala#primaryimage"},"thumbnailUrl":"https:\/\/www.hantulantaimi.fi\/wp-content\/uploads\/2019\/03\/humala-copy.jpg","datePublished":"2026-01-12T14:27:22+00:00","dateModified":"2026-01-13T12:09:12+00:00","breadcrumb":{"@id":"https:\/\/www.hantulantaimi.fi\/?product=humulus-lupulus-nordbrau-humala#breadcrumb"},"inLanguage":"fi","potentialAction":[{"@type":"ReadAction","target":["https:\/\/www.hantulantaimi.fi\/?product=humulus-lupulus-nordbrau-humala"]}]},{"@type":"ImageObject","inLanguage":"fi","@id":"https:\/\/www.hantulantaimi.fi\/?product=humulus-lupulus-nordbrau-humala#primaryimage","url":"https:\/\/www.hantulantaimi.fi\/wp-content\/uploads\/2019\/03\/humala-copy.jpg","contentUrl":"https:\/\/www.hantulantaimi.fi\/wp-content\/uploads\/2019\/03\/humala-copy.jpg","width":1600,"height":1200},{"@type":"BreadcrumbList","@id":"https:\/\/www.hantulantaimi.fi\/?product=humulus-lupulus-nordbrau-humala#breadcrumb","itemListElement":[{"@type":"ListItem","position":1,"name":"Home","item":"https:\/\/www.hantulantaimi.fi\/"},{"@type":"ListItem","position":2,"name":"Valikoima","item":"https:\/\/www.hantulantaimi.fi\/?page_id=768"},{"@type":"ListItem","position":3,"name":"HUMULUS LUPULUS &#8217;Nordbrau&#8217; -Humala"}]},{"@type":"WebSite","@id":"https:\/\/www.hantulantaimi.fi\/#website","url":"https:\/\/www.hantulantaimi.fi\/","name":"","description":"","potentialAction":[{"@type":"SearchAction","target":{"@type":"EntryPoint","urlTemplate":"https:\/\/www.hantulantaimi.fi\/?s={search_term_string}"},"query-input":{"@type":"PropertyValueSpecification","valueRequired":true,"valueName":"search_term_string"}}],"inLanguage":"fi"}]}},"_links":{"self":[{"href":"https:\/\/www.hantulantaimi.fi\/index.php?rest_route=\/wp\/v2\/product\/8262","targetHints":{"allow":["GET"]}}],"collection":[{"href":"https:\/\/www.hantulantaimi.fi\/index.php?rest_route=\/wp\/v2\/product"}],"about":[{"href":"https:\/\/www.hantulantaimi.fi\/index.php?rest_route=\/wp\/v2\/types\/product"}],"version-history":[{"count":1,"href":"https:\/\/www.hantulantaimi.fi\/index.php?rest_route=\/wp\/v2\/product\/8262\/revisions"}],"predecessor-version":[{"id":8263,"href":"https:\/\/www.hantulantaimi.fi\/index.php?rest_route=\/wp\/v2\/product\/8262\/revisions\/8263"}],"wp:featuredmedia":[{"embeddable":true,"href":"https:\/\/www.hantulantaimi.fi\/index.php?rest_route=\/wp\/v2\/media\/2755"}],"wp:attachment":[{"href":"https:\/\/www.hantulantaimi.fi\/index.php?rest_route=%2Fwp%2Fv2%2Fmedia&parent=8262"}],"wp:term":[{"taxonomy":"product_brand","embeddable":true,"href":"https:\/\/www.hantulantaimi.fi\/index.php?rest_route=%2Fwp%2Fv2%2Fproduct_brand&post=8262"},{"taxonomy":"product_cat","embeddable":true,"href":"https:\/\/www.hantulantaimi.fi\/index.php?rest_route=%2Fwp%2Fv2%2Fproduct_cat&post=8262"},{"taxonomy":"product_tag","embeddable":true,"href":"https:\/\/www.hantulantaimi.fi\/index.php?rest_route=%2Fwp%2Fv2%2Fproduct_tag&post=8262"}],"curies":[{"name":"wp","href":"https:\/\/api.w.org\/{rel}","templated":true}]}}