{"id":8252,"date":"2026-01-12T16:08:30","date_gmt":"2026-01-12T14:08:30","guid":{"rendered":"https:\/\/www.hantulantaimi.fi\/?post_type=product&#038;p=8252"},"modified":"2026-01-12T16:18:56","modified_gmt":"2026-01-12T14:18:56","slug":"hydrangea-arborescens-flowerwow","status":"publish","type":"product","link":"https:\/\/www.hantulantaimi.fi\/?product=hydrangea-arborescens-flowerwow","title":{"rendered":"HYDRANGEA ARBORESCENS &#8217;FLOWERWOW\u00ae&#8217; -Pallohortensia UUTUUS!!"},"content":{"rendered":"","protected":false},"excerpt":{"rendered":"<p>Astiataimi C3<br \/>\nTuottaa kukkia 2-3 kertaa enemm\u00e4n kuin muut pallohortensia lajikkeet.\u00a0 Vahvat varret tukevat valkoisia kukintoja ja lehdist\u00f6\u00e4. Kukinta alkaa kes\u00e4-hein\u00e4kuulla ja jatkuu pitk\u00e4\u00e4n. Kukkii saman vuoden versoilla.<br \/>\nKorkeus: 1-1,2 m<br \/>\nKasvupaikka: puolivarjoinen, tuore, hapan<br \/>\nK\u00e4ytt\u00f6: yksitt\u00e4in, matalaksi aidanteeksi, ryhmiin<br \/>\nVy\u00f6hyke: IV (V)<\/p>\n","protected":false},"featured_media":8253,"template":"","meta":{"site-sidebar-layout":"default","site-content-layout":"default","ast-site-content-layout":"default","site-content-style":"default","site-sidebar-style":"default","ast-global-header-display":"","ast-banner-title-visibility":"","ast-main-header-display":"","ast-hfb-above-header-display":"","ast-hfb-below-header-display":"","ast-hfb-mobile-header-display":"","site-post-title":"","ast-breadcrumbs-content":"","ast-featured-img":"","footer-sml-layout":"","theme-transparent-header-meta":"default","adv-header-id-meta":"","stick-header-meta":"","header-above-stick-meta":"","header-main-stick-meta":"","header-below-stick-meta":"","astra-migrate-meta-layouts":"set","ast-page-background-enabled":"default","ast-page-background-meta":{"desktop":{"background-color":"","background-image":"","background-repeat":"repeat","background-position":"center center","background-size":"auto","background-attachment":"scroll","background-type":"","background-media":"","overlay-type":"","overlay-color":"","overlay-opacity":"","overlay-gradient":""},"tablet":{"background-color":"","background-image":"","background-repeat":"repeat","background-position":"center center","background-size":"auto","background-attachment":"scroll","background-type":"","background-media":"","overlay-type":"","overlay-color":"","overlay-opacity":"","overlay-gradient":""},"mobile":{"background-color":"","background-image":"","background-repeat":"repeat","background-position":"center center","background-size":"auto","background-attachment":"scroll","background-type":"","background-media":"","overlay-type":"","overlay-color":"","overlay-opacity":"","overlay-gradient":""}},"ast-content-background-meta":{"desktop":{"background-color":"var(--ast-global-color-5)","background-image":"","background-repeat":"repeat","background-position":"center center","background-size":"auto","background-attachment":"scroll","background-type":"","background-media":"","overlay-type":"","overlay-color":"","overlay-opacity":"","overlay-gradient":""},"tablet":{"background-color":"var(--ast-global-color-5)","background-image":"","background-repeat":"repeat","background-position":"center center","background-size":"auto","background-attachment":"scroll","background-type":"","background-media":"","overlay-type":"","overlay-color":"","overlay-opacity":"","overlay-gradient":""},"mobile":{"background-color":"var(--ast-global-color-5)","background-image":"","background-repeat":"repeat","background-position":"center center","background-size":"auto","background-attachment":"scroll","background-type":"","background-media":"","overlay-type":"","overlay-color":"","overlay-opacity":"","overlay-gradient":""}}},"product_brand":[],"product_cat":[55],"product_tag":[93,120,88],"class_list":{"0":"post-8252","1":"product","2":"type-product","3":"status-publish","4":"has-post-thumbnail","6":"product_cat-koristepensaat","7":"product_tag-proven-winners","8":"product_tag-uutta-2026","9":"product_tag-uutuus","10":"desktop-align-left","11":"tablet-align-left","12":"mobile-align-left","14":"first","15":"instock","16":"shipping-taxable","17":"purchasable","18":"product-type-simple"},"yoast_head":"<!-- This site is optimized with the Yoast SEO plugin v26.9 - https:\/\/yoast.com\/product\/yoast-seo-wordpress\/ -->\n<title>HYDRANGEA ARBORESCENS &#039;FLOWERWOW\u00ae&#039; -Pallohortensia UUTUUS!! -<\/title>\n<meta name=\"robots\" content=\"index, follow, max-snippet:-1, max-image-preview:large, max-video-preview:-1\" \/>\n<link rel=\"canonical\" href=\"https:\/\/www.hantulantaimi.fi\/?product=hydrangea-arborescens-flowerwow\" \/>\n<meta property=\"og:locale\" content=\"fi_FI\" \/>\n<meta property=\"og:type\" content=\"article\" \/>\n<meta property=\"og:title\" content=\"HYDRANGEA ARBORESCENS &#039;FLOWERWOW\u00ae&#039; -Pallohortensia UUTUUS!! -\" \/>\n<meta property=\"og:description\" content=\"Astiataimi C3 Tuottaa kukkia 2-3 kertaa enemm\u00e4n kuin muut pallohortensia lajikkeet.\u00a0 Vahvat varret tukevat valkoisia kukintoja ja lehdist\u00f6\u00e4. Kukinta alkaa kes\u00e4-hein\u00e4kuulla ja jatkuu pitk\u00e4\u00e4n. Kukkii saman vuoden versoilla. Korkeus: 1-1,2 m Kasvupaikka: puolivarjoinen, tuore, hapan K\u00e4ytt\u00f6: yksitt\u00e4in, matalaksi aidanteeksi, ryhmiin Vy\u00f6hyke: IV (V)\" \/>\n<meta property=\"og:url\" content=\"https:\/\/www.hantulantaimi.fi\/?product=hydrangea-arborescens-flowerwow\" \/>\n<meta property=\"article:modified_time\" content=\"2026-01-12T14:18:56+00:00\" \/>\n<meta property=\"og:image\" content=\"https:\/\/www.hantulantaimi.fi\/wp-content\/uploads\/2026\/01\/flowerwow_pallohortensia2.jpg\" \/>\n\t<meta property=\"og:image:width\" content=\"670\" \/>\n\t<meta property=\"og:image:height\" content=\"830\" \/>\n\t<meta property=\"og:image:type\" content=\"image\/jpeg\" \/>\n<meta name=\"twitter:card\" content=\"summary_large_image\" \/>\n<meta name=\"twitter:label1\" content=\"Arvioitu lukuaika\" \/>\n\t<meta name=\"twitter:data1\" content=\"1 minuutti\" \/>\n<script type=\"application\/ld+json\" class=\"yoast-schema-graph\">{\"@context\":\"https:\/\/schema.org\",\"@graph\":[{\"@type\":\"WebPage\",\"@id\":\"https:\/\/www.hantulantaimi.fi\/?product=hydrangea-arborescens-flowerwow\",\"url\":\"https:\/\/www.hantulantaimi.fi\/?product=hydrangea-arborescens-flowerwow\",\"name\":\"HYDRANGEA ARBORESCENS 'FLOWERWOW\u00ae' -Pallohortensia UUTUUS!! -\",\"isPartOf\":{\"@id\":\"https:\/\/www.hantulantaimi.fi\/#website\"},\"primaryImageOfPage\":{\"@id\":\"https:\/\/www.hantulantaimi.fi\/?product=hydrangea-arborescens-flowerwow#primaryimage\"},\"image\":{\"@id\":\"https:\/\/www.hantulantaimi.fi\/?product=hydrangea-arborescens-flowerwow#primaryimage\"},\"thumbnailUrl\":\"https:\/\/www.hantulantaimi.fi\/wp-content\/uploads\/2026\/01\/flowerwow_pallohortensia2.jpg\",\"datePublished\":\"2026-01-12T14:08:30+00:00\",\"dateModified\":\"2026-01-12T14:18:56+00:00\",\"breadcrumb\":{\"@id\":\"https:\/\/www.hantulantaimi.fi\/?product=hydrangea-arborescens-flowerwow#breadcrumb\"},\"inLanguage\":\"fi\",\"potentialAction\":[{\"@type\":\"ReadAction\",\"target\":[\"https:\/\/www.hantulantaimi.fi\/?product=hydrangea-arborescens-flowerwow\"]}]},{\"@type\":\"ImageObject\",\"inLanguage\":\"fi\",\"@id\":\"https:\/\/www.hantulantaimi.fi\/?product=hydrangea-arborescens-flowerwow#primaryimage\",\"url\":\"https:\/\/www.hantulantaimi.fi\/wp-content\/uploads\/2026\/01\/flowerwow_pallohortensia2.jpg\",\"contentUrl\":\"https:\/\/www.hantulantaimi.fi\/wp-content\/uploads\/2026\/01\/flowerwow_pallohortensia2.jpg\",\"width\":670,\"height\":830},{\"@type\":\"BreadcrumbList\",\"@id\":\"https:\/\/www.hantulantaimi.fi\/?product=hydrangea-arborescens-flowerwow#breadcrumb\",\"itemListElement\":[{\"@type\":\"ListItem\",\"position\":1,\"name\":\"Home\",\"item\":\"https:\/\/www.hantulantaimi.fi\/\"},{\"@type\":\"ListItem\",\"position\":2,\"name\":\"Valikoima\",\"item\":\"https:\/\/www.hantulantaimi.fi\/?page_id=768\"},{\"@type\":\"ListItem\",\"position\":3,\"name\":\"HYDRANGEA ARBORESCENS &#8217;FLOWERWOW\u00ae&#8217; -Pallohortensia UUTUUS!!\"}]},{\"@type\":\"WebSite\",\"@id\":\"https:\/\/www.hantulantaimi.fi\/#website\",\"url\":\"https:\/\/www.hantulantaimi.fi\/\",\"name\":\"\",\"description\":\"\",\"potentialAction\":[{\"@type\":\"SearchAction\",\"target\":{\"@type\":\"EntryPoint\",\"urlTemplate\":\"https:\/\/www.hantulantaimi.fi\/?s={search_term_string}\"},\"query-input\":{\"@type\":\"PropertyValueSpecification\",\"valueRequired\":true,\"valueName\":\"search_term_string\"}}],\"inLanguage\":\"fi\"}]}<\/script>\n<!-- \/ Yoast SEO plugin. -->","yoast_head_json":{"title":"HYDRANGEA ARBORESCENS 'FLOWERWOW\u00ae' -Pallohortensia UUTUUS!! -","robots":{"index":"index","follow":"follow","max-snippet":"max-snippet:-1","max-image-preview":"max-image-preview:large","max-video-preview":"max-video-preview:-1"},"canonical":"https:\/\/www.hantulantaimi.fi\/?product=hydrangea-arborescens-flowerwow","og_locale":"fi_FI","og_type":"article","og_title":"HYDRANGEA ARBORESCENS 'FLOWERWOW\u00ae' -Pallohortensia UUTUUS!! -","og_description":"Astiataimi C3 Tuottaa kukkia 2-3 kertaa enemm\u00e4n kuin muut pallohortensia lajikkeet.\u00a0 Vahvat varret tukevat valkoisia kukintoja ja lehdist\u00f6\u00e4. Kukinta alkaa kes\u00e4-hein\u00e4kuulla ja jatkuu pitk\u00e4\u00e4n. Kukkii saman vuoden versoilla. Korkeus: 1-1,2 m Kasvupaikka: puolivarjoinen, tuore, hapan K\u00e4ytt\u00f6: yksitt\u00e4in, matalaksi aidanteeksi, ryhmiin Vy\u00f6hyke: IV (V)","og_url":"https:\/\/www.hantulantaimi.fi\/?product=hydrangea-arborescens-flowerwow","article_modified_time":"2026-01-12T14:18:56+00:00","og_image":[{"width":670,"height":830,"url":"https:\/\/www.hantulantaimi.fi\/wp-content\/uploads\/2026\/01\/flowerwow_pallohortensia2.jpg","type":"image\/jpeg"}],"twitter_card":"summary_large_image","twitter_misc":{"Arvioitu lukuaika":"1 minuutti"},"schema":{"@context":"https:\/\/schema.org","@graph":[{"@type":"WebPage","@id":"https:\/\/www.hantulantaimi.fi\/?product=hydrangea-arborescens-flowerwow","url":"https:\/\/www.hantulantaimi.fi\/?product=hydrangea-arborescens-flowerwow","name":"HYDRANGEA ARBORESCENS 'FLOWERWOW\u00ae' -Pallohortensia UUTUUS!! -","isPartOf":{"@id":"https:\/\/www.hantulantaimi.fi\/#website"},"primaryImageOfPage":{"@id":"https:\/\/www.hantulantaimi.fi\/?product=hydrangea-arborescens-flowerwow#primaryimage"},"image":{"@id":"https:\/\/www.hantulantaimi.fi\/?product=hydrangea-arborescens-flowerwow#primaryimage"},"thumbnailUrl":"https:\/\/www.hantulantaimi.fi\/wp-content\/uploads\/2026\/01\/flowerwow_pallohortensia2.jpg","datePublished":"2026-01-12T14:08:30+00:00","dateModified":"2026-01-12T14:18:56+00:00","breadcrumb":{"@id":"https:\/\/www.hantulantaimi.fi\/?product=hydrangea-arborescens-flowerwow#breadcrumb"},"inLanguage":"fi","potentialAction":[{"@type":"ReadAction","target":["https:\/\/www.hantulantaimi.fi\/?product=hydrangea-arborescens-flowerwow"]}]},{"@type":"ImageObject","inLanguage":"fi","@id":"https:\/\/www.hantulantaimi.fi\/?product=hydrangea-arborescens-flowerwow#primaryimage","url":"https:\/\/www.hantulantaimi.fi\/wp-content\/uploads\/2026\/01\/flowerwow_pallohortensia2.jpg","contentUrl":"https:\/\/www.hantulantaimi.fi\/wp-content\/uploads\/2026\/01\/flowerwow_pallohortensia2.jpg","width":670,"height":830},{"@type":"BreadcrumbList","@id":"https:\/\/www.hantulantaimi.fi\/?product=hydrangea-arborescens-flowerwow#breadcrumb","itemListElement":[{"@type":"ListItem","position":1,"name":"Home","item":"https:\/\/www.hantulantaimi.fi\/"},{"@type":"ListItem","position":2,"name":"Valikoima","item":"https:\/\/www.hantulantaimi.fi\/?page_id=768"},{"@type":"ListItem","position":3,"name":"HYDRANGEA ARBORESCENS &#8217;FLOWERWOW\u00ae&#8217; -Pallohortensia UUTUUS!!"}]},{"@type":"WebSite","@id":"https:\/\/www.hantulantaimi.fi\/#website","url":"https:\/\/www.hantulantaimi.fi\/","name":"","description":"","potentialAction":[{"@type":"SearchAction","target":{"@type":"EntryPoint","urlTemplate":"https:\/\/www.hantulantaimi.fi\/?s={search_term_string}"},"query-input":{"@type":"PropertyValueSpecification","valueRequired":true,"valueName":"search_term_string"}}],"inLanguage":"fi"}]}},"_links":{"self":[{"href":"https:\/\/www.hantulantaimi.fi\/index.php?rest_route=\/wp\/v2\/product\/8252","targetHints":{"allow":["GET"]}}],"collection":[{"href":"https:\/\/www.hantulantaimi.fi\/index.php?rest_route=\/wp\/v2\/product"}],"about":[{"href":"https:\/\/www.hantulantaimi.fi\/index.php?rest_route=\/wp\/v2\/types\/product"}],"version-history":[{"count":2,"href":"https:\/\/www.hantulantaimi.fi\/index.php?rest_route=\/wp\/v2\/product\/8252\/revisions"}],"predecessor-version":[{"id":8255,"href":"https:\/\/www.hantulantaimi.fi\/index.php?rest_route=\/wp\/v2\/product\/8252\/revisions\/8255"}],"wp:featuredmedia":[{"embeddable":true,"href":"https:\/\/www.hantulantaimi.fi\/index.php?rest_route=\/wp\/v2\/media\/8253"}],"wp:attachment":[{"href":"https:\/\/www.hantulantaimi.fi\/index.php?rest_route=%2Fwp%2Fv2%2Fmedia&parent=8252"}],"wp:term":[{"taxonomy":"product_brand","embeddable":true,"href":"https:\/\/www.hantulantaimi.fi\/index.php?rest_route=%2Fwp%2Fv2%2Fproduct_brand&post=8252"},{"taxonomy":"product_cat","embeddable":true,"href":"https:\/\/www.hantulantaimi.fi\/index.php?rest_route=%2Fwp%2Fv2%2Fproduct_cat&post=8252"},{"taxonomy":"product_tag","embeddable":true,"href":"https:\/\/www.hantulantaimi.fi\/index.php?rest_route=%2Fwp%2Fv2%2Fproduct_tag&post=8252"}],"curies":[{"name":"wp","href":"https:\/\/api.w.org\/{rel}","templated":true}]}}