{"id":8225,"date":"2026-01-12T15:22:58","date_gmt":"2026-01-12T13:22:58","guid":{"rendered":"https:\/\/www.hantulantaimi.fi\/?post_type=product&#038;p=8225"},"modified":"2026-01-12T15:34:35","modified_gmt":"2026-01-12T13:34:35","slug":"physocarpus-opulifolius-lady-in-red-purppuraheisiangervo","status":"publish","type":"product","link":"https:\/\/www.hantulantaimi.fi\/?product=physocarpus-opulifolius-lady-in-red-purppuraheisiangervo","title":{"rendered":"PHYSOCARPUS OPULIFOLIUS &#8217;LADY IN RED&#8217;  -Purppuraheisiangervo"},"content":{"rendered":"","protected":false},"excerpt":{"rendered":"<p>Myyntikoko: 100cm<br \/>\nRungolliseksi kasvatettu kaunis pikkupuu. Lehdist\u00f6 tumman purppuranpunainen.<br \/>\nKukinta: vaaleanpunertavat kukat kes\u00e4-hein\u00e4kuulla.<br \/>\nKorkeus: 2-2,5m.<br \/>\nKasvupaikka: aurinkoinen-varjoinen, kuiva-kostea<br \/>\nVy\u00f6hyke: IV (V)<\/p>\n","protected":false},"featured_media":8226,"template":"","meta":{"site-sidebar-layout":"default","site-content-layout":"default","ast-site-content-layout":"default","site-content-style":"default","site-sidebar-style":"default","ast-global-header-display":"","ast-banner-title-visibility":"","ast-main-header-display":"","ast-hfb-above-header-display":"","ast-hfb-below-header-display":"","ast-hfb-mobile-header-display":"","site-post-title":"","ast-breadcrumbs-content":"","ast-featured-img":"","footer-sml-layout":"","theme-transparent-header-meta":"default","adv-header-id-meta":"","stick-header-meta":"","header-above-stick-meta":"","header-main-stick-meta":"","header-below-stick-meta":"","astra-migrate-meta-layouts":"set","ast-page-background-enabled":"default","ast-page-background-meta":{"desktop":{"background-color":"","background-image":"","background-repeat":"repeat","background-position":"center center","background-size":"auto","background-attachment":"scroll","background-type":"","background-media":"","overlay-type":"","overlay-color":"","overlay-opacity":"","overlay-gradient":""},"tablet":{"background-color":"","background-image":"","background-repeat":"repeat","background-position":"center center","background-size":"auto","background-attachment":"scroll","background-type":"","background-media":"","overlay-type":"","overlay-color":"","overlay-opacity":"","overlay-gradient":""},"mobile":{"background-color":"","background-image":"","background-repeat":"repeat","background-position":"center center","background-size":"auto","background-attachment":"scroll","background-type":"","background-media":"","overlay-type":"","overlay-color":"","overlay-opacity":"","overlay-gradient":""}},"ast-content-background-meta":{"desktop":{"background-color":"var(--ast-global-color-5)","background-image":"","background-repeat":"repeat","background-position":"center center","background-size":"auto","background-attachment":"scroll","background-type":"","background-media":"","overlay-type":"","overlay-color":"","overlay-opacity":"","overlay-gradient":""},"tablet":{"background-color":"var(--ast-global-color-5)","background-image":"","background-repeat":"repeat","background-position":"center center","background-size":"auto","background-attachment":"scroll","background-type":"","background-media":"","overlay-type":"","overlay-color":"","overlay-opacity":"","overlay-gradient":""},"mobile":{"background-color":"var(--ast-global-color-5)","background-image":"","background-repeat":"repeat","background-position":"center center","background-size":"auto","background-attachment":"scroll","background-type":"","background-media":"","overlay-type":"","overlay-color":"","overlay-opacity":"","overlay-gradient":""}}},"product_brand":[],"product_cat":[52],"product_tag":[110,111],"class_list":{"0":"post-8225","1":"product","2":"type-product","3":"status-publish","4":"has-post-thumbnail","6":"product_cat-lehtipuut","7":"product_tag-pikkupuu","8":"product_tag-rungollinen","9":"desktop-align-left","10":"tablet-align-left","11":"mobile-align-left","13":"first","14":"instock","15":"shipping-taxable","16":"purchasable","17":"product-type-simple"},"yoast_head":"<!-- This site is optimized with the Yoast SEO plugin v26.9 - https:\/\/yoast.com\/product\/yoast-seo-wordpress\/ -->\n<title>PHYSOCARPUS OPULIFOLIUS &#039;LADY IN RED&#039; -Purppuraheisiangervo -<\/title>\n<meta name=\"robots\" content=\"index, follow, max-snippet:-1, max-image-preview:large, max-video-preview:-1\" \/>\n<link rel=\"canonical\" href=\"https:\/\/www.hantulantaimi.fi\/?product=physocarpus-opulifolius-lady-in-red-purppuraheisiangervo\" \/>\n<meta property=\"og:locale\" content=\"fi_FI\" \/>\n<meta property=\"og:type\" content=\"article\" \/>\n<meta property=\"og:title\" content=\"PHYSOCARPUS OPULIFOLIUS &#039;LADY IN RED&#039; -Purppuraheisiangervo -\" \/>\n<meta property=\"og:description\" content=\"Myyntikoko: 100cm Rungolliseksi kasvatettu kaunis pikkupuu. Lehdist\u00f6 tumman purppuranpunainen. Kukinta: vaaleanpunertavat kukat kes\u00e4-hein\u00e4kuulla. Korkeus: 2-2,5m. Kasvupaikka: aurinkoinen-varjoinen, kuiva-kostea Vy\u00f6hyke: IV (V)\" \/>\n<meta property=\"og:url\" content=\"https:\/\/www.hantulantaimi.fi\/?product=physocarpus-opulifolius-lady-in-red-purppuraheisiangervo\" \/>\n<meta property=\"article:modified_time\" content=\"2026-01-12T13:34:35+00:00\" \/>\n<meta property=\"og:image\" content=\"https:\/\/www.hantulantaimi.fi\/wp-content\/uploads\/2026\/01\/lady-in-red.jpg\" \/>\n\t<meta property=\"og:image:width\" content=\"1000\" \/>\n\t<meta property=\"og:image:height\" content=\"1333\" \/>\n\t<meta property=\"og:image:type\" content=\"image\/jpeg\" \/>\n<meta name=\"twitter:card\" content=\"summary_large_image\" \/>\n<meta name=\"twitter:label1\" content=\"Arvioitu lukuaika\" \/>\n\t<meta name=\"twitter:data1\" content=\"1 minuutti\" \/>\n<script type=\"application\/ld+json\" class=\"yoast-schema-graph\">{\"@context\":\"https:\/\/schema.org\",\"@graph\":[{\"@type\":\"WebPage\",\"@id\":\"https:\/\/www.hantulantaimi.fi\/?product=physocarpus-opulifolius-lady-in-red-purppuraheisiangervo\",\"url\":\"https:\/\/www.hantulantaimi.fi\/?product=physocarpus-opulifolius-lady-in-red-purppuraheisiangervo\",\"name\":\"PHYSOCARPUS OPULIFOLIUS 'LADY IN RED' -Purppuraheisiangervo -\",\"isPartOf\":{\"@id\":\"https:\/\/www.hantulantaimi.fi\/#website\"},\"primaryImageOfPage\":{\"@id\":\"https:\/\/www.hantulantaimi.fi\/?product=physocarpus-opulifolius-lady-in-red-purppuraheisiangervo#primaryimage\"},\"image\":{\"@id\":\"https:\/\/www.hantulantaimi.fi\/?product=physocarpus-opulifolius-lady-in-red-purppuraheisiangervo#primaryimage\"},\"thumbnailUrl\":\"https:\/\/www.hantulantaimi.fi\/wp-content\/uploads\/2026\/01\/lady-in-red.jpg\",\"datePublished\":\"2026-01-12T13:22:58+00:00\",\"dateModified\":\"2026-01-12T13:34:35+00:00\",\"breadcrumb\":{\"@id\":\"https:\/\/www.hantulantaimi.fi\/?product=physocarpus-opulifolius-lady-in-red-purppuraheisiangervo#breadcrumb\"},\"inLanguage\":\"fi\",\"potentialAction\":[{\"@type\":\"ReadAction\",\"target\":[\"https:\/\/www.hantulantaimi.fi\/?product=physocarpus-opulifolius-lady-in-red-purppuraheisiangervo\"]}]},{\"@type\":\"ImageObject\",\"inLanguage\":\"fi\",\"@id\":\"https:\/\/www.hantulantaimi.fi\/?product=physocarpus-opulifolius-lady-in-red-purppuraheisiangervo#primaryimage\",\"url\":\"https:\/\/www.hantulantaimi.fi\/wp-content\/uploads\/2026\/01\/lady-in-red.jpg\",\"contentUrl\":\"https:\/\/www.hantulantaimi.fi\/wp-content\/uploads\/2026\/01\/lady-in-red.jpg\",\"width\":1000,\"height\":1333},{\"@type\":\"BreadcrumbList\",\"@id\":\"https:\/\/www.hantulantaimi.fi\/?product=physocarpus-opulifolius-lady-in-red-purppuraheisiangervo#breadcrumb\",\"itemListElement\":[{\"@type\":\"ListItem\",\"position\":1,\"name\":\"Home\",\"item\":\"https:\/\/www.hantulantaimi.fi\/\"},{\"@type\":\"ListItem\",\"position\":2,\"name\":\"Valikoima\",\"item\":\"https:\/\/www.hantulantaimi.fi\/?page_id=768\"},{\"@type\":\"ListItem\",\"position\":3,\"name\":\"PHYSOCARPUS OPULIFOLIUS &#8217;LADY IN RED&#8217; -Purppuraheisiangervo\"}]},{\"@type\":\"WebSite\",\"@id\":\"https:\/\/www.hantulantaimi.fi\/#website\",\"url\":\"https:\/\/www.hantulantaimi.fi\/\",\"name\":\"\",\"description\":\"\",\"potentialAction\":[{\"@type\":\"SearchAction\",\"target\":{\"@type\":\"EntryPoint\",\"urlTemplate\":\"https:\/\/www.hantulantaimi.fi\/?s={search_term_string}\"},\"query-input\":{\"@type\":\"PropertyValueSpecification\",\"valueRequired\":true,\"valueName\":\"search_term_string\"}}],\"inLanguage\":\"fi\"}]}<\/script>\n<!-- \/ Yoast SEO plugin. -->","yoast_head_json":{"title":"PHYSOCARPUS OPULIFOLIUS 'LADY IN RED' -Purppuraheisiangervo -","robots":{"index":"index","follow":"follow","max-snippet":"max-snippet:-1","max-image-preview":"max-image-preview:large","max-video-preview":"max-video-preview:-1"},"canonical":"https:\/\/www.hantulantaimi.fi\/?product=physocarpus-opulifolius-lady-in-red-purppuraheisiangervo","og_locale":"fi_FI","og_type":"article","og_title":"PHYSOCARPUS OPULIFOLIUS 'LADY IN RED' -Purppuraheisiangervo -","og_description":"Myyntikoko: 100cm Rungolliseksi kasvatettu kaunis pikkupuu. Lehdist\u00f6 tumman purppuranpunainen. Kukinta: vaaleanpunertavat kukat kes\u00e4-hein\u00e4kuulla. Korkeus: 2-2,5m. Kasvupaikka: aurinkoinen-varjoinen, kuiva-kostea Vy\u00f6hyke: IV (V)","og_url":"https:\/\/www.hantulantaimi.fi\/?product=physocarpus-opulifolius-lady-in-red-purppuraheisiangervo","article_modified_time":"2026-01-12T13:34:35+00:00","og_image":[{"width":1000,"height":1333,"url":"https:\/\/www.hantulantaimi.fi\/wp-content\/uploads\/2026\/01\/lady-in-red.jpg","type":"image\/jpeg"}],"twitter_card":"summary_large_image","twitter_misc":{"Arvioitu lukuaika":"1 minuutti"},"schema":{"@context":"https:\/\/schema.org","@graph":[{"@type":"WebPage","@id":"https:\/\/www.hantulantaimi.fi\/?product=physocarpus-opulifolius-lady-in-red-purppuraheisiangervo","url":"https:\/\/www.hantulantaimi.fi\/?product=physocarpus-opulifolius-lady-in-red-purppuraheisiangervo","name":"PHYSOCARPUS OPULIFOLIUS 'LADY IN RED' -Purppuraheisiangervo -","isPartOf":{"@id":"https:\/\/www.hantulantaimi.fi\/#website"},"primaryImageOfPage":{"@id":"https:\/\/www.hantulantaimi.fi\/?product=physocarpus-opulifolius-lady-in-red-purppuraheisiangervo#primaryimage"},"image":{"@id":"https:\/\/www.hantulantaimi.fi\/?product=physocarpus-opulifolius-lady-in-red-purppuraheisiangervo#primaryimage"},"thumbnailUrl":"https:\/\/www.hantulantaimi.fi\/wp-content\/uploads\/2026\/01\/lady-in-red.jpg","datePublished":"2026-01-12T13:22:58+00:00","dateModified":"2026-01-12T13:34:35+00:00","breadcrumb":{"@id":"https:\/\/www.hantulantaimi.fi\/?product=physocarpus-opulifolius-lady-in-red-purppuraheisiangervo#breadcrumb"},"inLanguage":"fi","potentialAction":[{"@type":"ReadAction","target":["https:\/\/www.hantulantaimi.fi\/?product=physocarpus-opulifolius-lady-in-red-purppuraheisiangervo"]}]},{"@type":"ImageObject","inLanguage":"fi","@id":"https:\/\/www.hantulantaimi.fi\/?product=physocarpus-opulifolius-lady-in-red-purppuraheisiangervo#primaryimage","url":"https:\/\/www.hantulantaimi.fi\/wp-content\/uploads\/2026\/01\/lady-in-red.jpg","contentUrl":"https:\/\/www.hantulantaimi.fi\/wp-content\/uploads\/2026\/01\/lady-in-red.jpg","width":1000,"height":1333},{"@type":"BreadcrumbList","@id":"https:\/\/www.hantulantaimi.fi\/?product=physocarpus-opulifolius-lady-in-red-purppuraheisiangervo#breadcrumb","itemListElement":[{"@type":"ListItem","position":1,"name":"Home","item":"https:\/\/www.hantulantaimi.fi\/"},{"@type":"ListItem","position":2,"name":"Valikoima","item":"https:\/\/www.hantulantaimi.fi\/?page_id=768"},{"@type":"ListItem","position":3,"name":"PHYSOCARPUS OPULIFOLIUS &#8217;LADY IN RED&#8217; -Purppuraheisiangervo"}]},{"@type":"WebSite","@id":"https:\/\/www.hantulantaimi.fi\/#website","url":"https:\/\/www.hantulantaimi.fi\/","name":"","description":"","potentialAction":[{"@type":"SearchAction","target":{"@type":"EntryPoint","urlTemplate":"https:\/\/www.hantulantaimi.fi\/?s={search_term_string}"},"query-input":{"@type":"PropertyValueSpecification","valueRequired":true,"valueName":"search_term_string"}}],"inLanguage":"fi"}]}},"_links":{"self":[{"href":"https:\/\/www.hantulantaimi.fi\/index.php?rest_route=\/wp\/v2\/product\/8225","targetHints":{"allow":["GET"]}}],"collection":[{"href":"https:\/\/www.hantulantaimi.fi\/index.php?rest_route=\/wp\/v2\/product"}],"about":[{"href":"https:\/\/www.hantulantaimi.fi\/index.php?rest_route=\/wp\/v2\/types\/product"}],"version-history":[{"count":1,"href":"https:\/\/www.hantulantaimi.fi\/index.php?rest_route=\/wp\/v2\/product\/8225\/revisions"}],"predecessor-version":[{"id":8227,"href":"https:\/\/www.hantulantaimi.fi\/index.php?rest_route=\/wp\/v2\/product\/8225\/revisions\/8227"}],"wp:featuredmedia":[{"embeddable":true,"href":"https:\/\/www.hantulantaimi.fi\/index.php?rest_route=\/wp\/v2\/media\/8226"}],"wp:attachment":[{"href":"https:\/\/www.hantulantaimi.fi\/index.php?rest_route=%2Fwp%2Fv2%2Fmedia&parent=8225"}],"wp:term":[{"taxonomy":"product_brand","embeddable":true,"href":"https:\/\/www.hantulantaimi.fi\/index.php?rest_route=%2Fwp%2Fv2%2Fproduct_brand&post=8225"},{"taxonomy":"product_cat","embeddable":true,"href":"https:\/\/www.hantulantaimi.fi\/index.php?rest_route=%2Fwp%2Fv2%2Fproduct_cat&post=8225"},{"taxonomy":"product_tag","embeddable":true,"href":"https:\/\/www.hantulantaimi.fi\/index.php?rest_route=%2Fwp%2Fv2%2Fproduct_tag&post=8225"}],"curies":[{"name":"wp","href":"https:\/\/api.w.org\/{rel}","templated":true}]}}