{"id":8045,"date":"2025-02-06T14:00:55","date_gmt":"2025-02-06T12:00:55","guid":{"rendered":"https:\/\/www.hantulantaimi.fi\/?post_type=product&#038;p=8045"},"modified":"2026-01-12T15:55:47","modified_gmt":"2026-01-12T13:55:47","slug":"lonicera-caerulea-var-kamtschatica-atut-makeasinikuusama","status":"publish","type":"product","link":"https:\/\/www.hantulantaimi.fi\/?product=lonicera-caerulea-var-kamtschatica-atut-makeasinikuusama","title":{"rendered":"LONICERA CAERULEA var. KAMTSCHATICA &#8217;ATUT&#8217;  -Makeasinikuusama Hunajamarja"},"content":{"rendered":"","protected":false},"excerpt":{"rendered":"<p>Myyntikoko: astiataimi C3<br \/>\nK\u00e4ytet\u00e4\u00e4n my\u00f6s nimityst\u00e4 hunajamarja. Valkoiset kukat touko-kes\u00e4kuussa. Sinimustat kooltaan n.2-3cm mustikka-aromiset marjat sis\u00e4lt\u00e4v\u00e4t runsaasti C-ja D-vitamiinia. Syysv\u00e4ri loistavan keltainen.<br \/>\nKorkeus: 1,5 m.<br \/>\nTaimiv\u00e4li: aidanteeksi 0,8-1 m tai yksitt\u00e4ispensaaksi 1,5-2,5m<br \/>\nKasvupaikka: tarvitsee valoa kukkiakseen ja tuottaakseen marjoja, mutta kasvualustan suhteen se on hyvin vaatimaton se saa olla kalkittua tai hapanta, lannoitteeksi sopii marjapensaslannoitteet<br \/>\nVy\u00f6hyke: VIII<\/p>\n","protected":false},"featured_media":6767,"template":"","meta":{"site-sidebar-layout":"default","site-content-layout":"default","ast-site-content-layout":"default","site-content-style":"default","site-sidebar-style":"default","ast-global-header-display":"","ast-banner-title-visibility":"","ast-main-header-display":"","ast-hfb-above-header-display":"","ast-hfb-below-header-display":"","ast-hfb-mobile-header-display":"","site-post-title":"","ast-breadcrumbs-content":"","ast-featured-img":"","footer-sml-layout":"","theme-transparent-header-meta":"default","adv-header-id-meta":"","stick-header-meta":"","header-above-stick-meta":"","header-main-stick-meta":"","header-below-stick-meta":"","astra-migrate-meta-layouts":"set","ast-page-background-enabled":"default","ast-page-background-meta":{"desktop":{"background-color":"","background-image":"","background-repeat":"repeat","background-position":"center center","background-size":"auto","background-attachment":"scroll","background-type":"","background-media":"","overlay-type":"","overlay-color":"","overlay-opacity":"","overlay-gradient":""},"tablet":{"background-color":"","background-image":"","background-repeat":"repeat","background-position":"center center","background-size":"auto","background-attachment":"scroll","background-type":"","background-media":"","overlay-type":"","overlay-color":"","overlay-opacity":"","overlay-gradient":""},"mobile":{"background-color":"","background-image":"","background-repeat":"repeat","background-position":"center center","background-size":"auto","background-attachment":"scroll","background-type":"","background-media":"","overlay-type":"","overlay-color":"","overlay-opacity":"","overlay-gradient":""}},"ast-content-background-meta":{"desktop":{"background-color":"var(--ast-global-color-5)","background-image":"","background-repeat":"repeat","background-position":"center center","background-size":"auto","background-attachment":"scroll","background-type":"","background-media":"","overlay-type":"","overlay-color":"","overlay-opacity":"","overlay-gradient":""},"tablet":{"background-color":"var(--ast-global-color-5)","background-image":"","background-repeat":"repeat","background-position":"center center","background-size":"auto","background-attachment":"scroll","background-type":"","background-media":"","overlay-type":"","overlay-color":"","overlay-opacity":"","overlay-gradient":""},"mobile":{"background-color":"var(--ast-global-color-5)","background-image":"","background-repeat":"repeat","background-position":"center center","background-size":"auto","background-attachment":"scroll","background-type":"","background-media":"","overlay-type":"","overlay-color":"","overlay-opacity":"","overlay-gradient":""}}},"product_brand":[],"product_cat":[55,57],"product_tag":[70,71],"class_list":{"0":"post-8045","1":"product","2":"type-product","3":"status-publish","4":"has-post-thumbnail","6":"product_cat-koristepensaat","7":"product_cat-marjahedelma","8":"product_tag-hunajamarja","9":"product_tag-marjasinikuusama","10":"desktop-align-left","11":"tablet-align-left","12":"mobile-align-left","14":"first","15":"instock","16":"shipping-taxable","17":"purchasable","18":"product-type-simple"},"yoast_head":"<!-- This site is optimized with the Yoast SEO plugin v26.9 - https:\/\/yoast.com\/product\/yoast-seo-wordpress\/ -->\n<title>LONICERA CAERULEA var. KAMTSCHATICA &#039;ATUT&#039; -Makeasinikuusama Hunajamarja -<\/title>\n<meta name=\"robots\" content=\"index, follow, max-snippet:-1, max-image-preview:large, max-video-preview:-1\" \/>\n<link rel=\"canonical\" href=\"https:\/\/www.hantulantaimi.fi\/?product=lonicera-caerulea-var-kamtschatica-atut-makeasinikuusama\" \/>\n<meta property=\"og:locale\" content=\"fi_FI\" \/>\n<meta property=\"og:type\" content=\"article\" \/>\n<meta property=\"og:title\" content=\"LONICERA CAERULEA var. KAMTSCHATICA &#039;ATUT&#039; -Makeasinikuusama Hunajamarja -\" \/>\n<meta property=\"og:description\" content=\"Myyntikoko: astiataimi C3 K\u00e4ytet\u00e4\u00e4n my\u00f6s nimityst\u00e4 hunajamarja. Valkoiset kukat touko-kes\u00e4kuussa. Sinimustat kooltaan n.2-3cm mustikka-aromiset marjat sis\u00e4lt\u00e4v\u00e4t runsaasti C-ja D-vitamiinia. Syysv\u00e4ri loistavan keltainen. Korkeus: 1,5 m. Taimiv\u00e4li: aidanteeksi 0,8-1 m tai yksitt\u00e4ispensaaksi 1,5-2,5m Kasvupaikka: tarvitsee valoa kukkiakseen ja tuottaakseen marjoja, mutta kasvualustan suhteen se on hyvin vaatimaton se saa olla kalkittua tai hapanta, lannoitteeksi sopii marjapensaslannoitteet Vy\u00f6hyke: VIII\" \/>\n<meta property=\"og:url\" content=\"https:\/\/www.hantulantaimi.fi\/?product=lonicera-caerulea-var-kamtschatica-atut-makeasinikuusama\" \/>\n<meta property=\"article:modified_time\" content=\"2026-01-12T13:55:47+00:00\" \/>\n<meta property=\"og:image\" content=\"https:\/\/www.hantulantaimi.fi\/wp-content\/uploads\/2021\/01\/makeasinikuusama-duet_copy.jpeg\" \/>\n\t<meta property=\"og:image:width\" content=\"1075\" \/>\n\t<meta property=\"og:image:height\" content=\"1195\" \/>\n\t<meta property=\"og:image:type\" content=\"image\/jpeg\" \/>\n<meta name=\"twitter:card\" content=\"summary_large_image\" \/>\n<meta name=\"twitter:label1\" content=\"Arvioitu lukuaika\" \/>\n\t<meta name=\"twitter:data1\" content=\"1 minuutti\" \/>\n<script type=\"application\/ld+json\" class=\"yoast-schema-graph\">{\"@context\":\"https:\/\/schema.org\",\"@graph\":[{\"@type\":\"WebPage\",\"@id\":\"https:\/\/www.hantulantaimi.fi\/?product=lonicera-caerulea-var-kamtschatica-atut-makeasinikuusama\",\"url\":\"https:\/\/www.hantulantaimi.fi\/?product=lonicera-caerulea-var-kamtschatica-atut-makeasinikuusama\",\"name\":\"LONICERA CAERULEA var. KAMTSCHATICA 'ATUT' -Makeasinikuusama Hunajamarja -\",\"isPartOf\":{\"@id\":\"https:\/\/www.hantulantaimi.fi\/#website\"},\"primaryImageOfPage\":{\"@id\":\"https:\/\/www.hantulantaimi.fi\/?product=lonicera-caerulea-var-kamtschatica-atut-makeasinikuusama#primaryimage\"},\"image\":{\"@id\":\"https:\/\/www.hantulantaimi.fi\/?product=lonicera-caerulea-var-kamtschatica-atut-makeasinikuusama#primaryimage\"},\"thumbnailUrl\":\"https:\/\/www.hantulantaimi.fi\/wp-content\/uploads\/2021\/01\/makeasinikuusama-duet_copy.jpeg\",\"datePublished\":\"2025-02-06T12:00:55+00:00\",\"dateModified\":\"2026-01-12T13:55:47+00:00\",\"breadcrumb\":{\"@id\":\"https:\/\/www.hantulantaimi.fi\/?product=lonicera-caerulea-var-kamtschatica-atut-makeasinikuusama#breadcrumb\"},\"inLanguage\":\"fi\",\"potentialAction\":[{\"@type\":\"ReadAction\",\"target\":[\"https:\/\/www.hantulantaimi.fi\/?product=lonicera-caerulea-var-kamtschatica-atut-makeasinikuusama\"]}]},{\"@type\":\"ImageObject\",\"inLanguage\":\"fi\",\"@id\":\"https:\/\/www.hantulantaimi.fi\/?product=lonicera-caerulea-var-kamtschatica-atut-makeasinikuusama#primaryimage\",\"url\":\"https:\/\/www.hantulantaimi.fi\/wp-content\/uploads\/2021\/01\/makeasinikuusama-duet_copy.jpeg\",\"contentUrl\":\"https:\/\/www.hantulantaimi.fi\/wp-content\/uploads\/2021\/01\/makeasinikuusama-duet_copy.jpeg\",\"width\":1075,\"height\":1195},{\"@type\":\"BreadcrumbList\",\"@id\":\"https:\/\/www.hantulantaimi.fi\/?product=lonicera-caerulea-var-kamtschatica-atut-makeasinikuusama#breadcrumb\",\"itemListElement\":[{\"@type\":\"ListItem\",\"position\":1,\"name\":\"Home\",\"item\":\"https:\/\/www.hantulantaimi.fi\/\"},{\"@type\":\"ListItem\",\"position\":2,\"name\":\"Valikoima\",\"item\":\"https:\/\/www.hantulantaimi.fi\/?page_id=768\"},{\"@type\":\"ListItem\",\"position\":3,\"name\":\"LONICERA CAERULEA var. KAMTSCHATICA &#8217;ATUT&#8217; -Makeasinikuusama Hunajamarja\"}]},{\"@type\":\"WebSite\",\"@id\":\"https:\/\/www.hantulantaimi.fi\/#website\",\"url\":\"https:\/\/www.hantulantaimi.fi\/\",\"name\":\"\",\"description\":\"\",\"potentialAction\":[{\"@type\":\"SearchAction\",\"target\":{\"@type\":\"EntryPoint\",\"urlTemplate\":\"https:\/\/www.hantulantaimi.fi\/?s={search_term_string}\"},\"query-input\":{\"@type\":\"PropertyValueSpecification\",\"valueRequired\":true,\"valueName\":\"search_term_string\"}}],\"inLanguage\":\"fi\"}]}<\/script>\n<!-- \/ Yoast SEO plugin. -->","yoast_head_json":{"title":"LONICERA CAERULEA var. KAMTSCHATICA 'ATUT' -Makeasinikuusama Hunajamarja -","robots":{"index":"index","follow":"follow","max-snippet":"max-snippet:-1","max-image-preview":"max-image-preview:large","max-video-preview":"max-video-preview:-1"},"canonical":"https:\/\/www.hantulantaimi.fi\/?product=lonicera-caerulea-var-kamtschatica-atut-makeasinikuusama","og_locale":"fi_FI","og_type":"article","og_title":"LONICERA CAERULEA var. KAMTSCHATICA 'ATUT' -Makeasinikuusama Hunajamarja -","og_description":"Myyntikoko: astiataimi C3 K\u00e4ytet\u00e4\u00e4n my\u00f6s nimityst\u00e4 hunajamarja. Valkoiset kukat touko-kes\u00e4kuussa. Sinimustat kooltaan n.2-3cm mustikka-aromiset marjat sis\u00e4lt\u00e4v\u00e4t runsaasti C-ja D-vitamiinia. Syysv\u00e4ri loistavan keltainen. Korkeus: 1,5 m. Taimiv\u00e4li: aidanteeksi 0,8-1 m tai yksitt\u00e4ispensaaksi 1,5-2,5m Kasvupaikka: tarvitsee valoa kukkiakseen ja tuottaakseen marjoja, mutta kasvualustan suhteen se on hyvin vaatimaton se saa olla kalkittua tai hapanta, lannoitteeksi sopii marjapensaslannoitteet Vy\u00f6hyke: VIII","og_url":"https:\/\/www.hantulantaimi.fi\/?product=lonicera-caerulea-var-kamtschatica-atut-makeasinikuusama","article_modified_time":"2026-01-12T13:55:47+00:00","og_image":[{"width":1075,"height":1195,"url":"https:\/\/www.hantulantaimi.fi\/wp-content\/uploads\/2021\/01\/makeasinikuusama-duet_copy.jpeg","type":"image\/jpeg"}],"twitter_card":"summary_large_image","twitter_misc":{"Arvioitu lukuaika":"1 minuutti"},"schema":{"@context":"https:\/\/schema.org","@graph":[{"@type":"WebPage","@id":"https:\/\/www.hantulantaimi.fi\/?product=lonicera-caerulea-var-kamtschatica-atut-makeasinikuusama","url":"https:\/\/www.hantulantaimi.fi\/?product=lonicera-caerulea-var-kamtschatica-atut-makeasinikuusama","name":"LONICERA CAERULEA var. KAMTSCHATICA 'ATUT' -Makeasinikuusama Hunajamarja -","isPartOf":{"@id":"https:\/\/www.hantulantaimi.fi\/#website"},"primaryImageOfPage":{"@id":"https:\/\/www.hantulantaimi.fi\/?product=lonicera-caerulea-var-kamtschatica-atut-makeasinikuusama#primaryimage"},"image":{"@id":"https:\/\/www.hantulantaimi.fi\/?product=lonicera-caerulea-var-kamtschatica-atut-makeasinikuusama#primaryimage"},"thumbnailUrl":"https:\/\/www.hantulantaimi.fi\/wp-content\/uploads\/2021\/01\/makeasinikuusama-duet_copy.jpeg","datePublished":"2025-02-06T12:00:55+00:00","dateModified":"2026-01-12T13:55:47+00:00","breadcrumb":{"@id":"https:\/\/www.hantulantaimi.fi\/?product=lonicera-caerulea-var-kamtschatica-atut-makeasinikuusama#breadcrumb"},"inLanguage":"fi","potentialAction":[{"@type":"ReadAction","target":["https:\/\/www.hantulantaimi.fi\/?product=lonicera-caerulea-var-kamtschatica-atut-makeasinikuusama"]}]},{"@type":"ImageObject","inLanguage":"fi","@id":"https:\/\/www.hantulantaimi.fi\/?product=lonicera-caerulea-var-kamtschatica-atut-makeasinikuusama#primaryimage","url":"https:\/\/www.hantulantaimi.fi\/wp-content\/uploads\/2021\/01\/makeasinikuusama-duet_copy.jpeg","contentUrl":"https:\/\/www.hantulantaimi.fi\/wp-content\/uploads\/2021\/01\/makeasinikuusama-duet_copy.jpeg","width":1075,"height":1195},{"@type":"BreadcrumbList","@id":"https:\/\/www.hantulantaimi.fi\/?product=lonicera-caerulea-var-kamtschatica-atut-makeasinikuusama#breadcrumb","itemListElement":[{"@type":"ListItem","position":1,"name":"Home","item":"https:\/\/www.hantulantaimi.fi\/"},{"@type":"ListItem","position":2,"name":"Valikoima","item":"https:\/\/www.hantulantaimi.fi\/?page_id=768"},{"@type":"ListItem","position":3,"name":"LONICERA CAERULEA var. KAMTSCHATICA &#8217;ATUT&#8217; -Makeasinikuusama Hunajamarja"}]},{"@type":"WebSite","@id":"https:\/\/www.hantulantaimi.fi\/#website","url":"https:\/\/www.hantulantaimi.fi\/","name":"","description":"","potentialAction":[{"@type":"SearchAction","target":{"@type":"EntryPoint","urlTemplate":"https:\/\/www.hantulantaimi.fi\/?s={search_term_string}"},"query-input":{"@type":"PropertyValueSpecification","valueRequired":true,"valueName":"search_term_string"}}],"inLanguage":"fi"}]}},"_links":{"self":[{"href":"https:\/\/www.hantulantaimi.fi\/index.php?rest_route=\/wp\/v2\/product\/8045","targetHints":{"allow":["GET"]}}],"collection":[{"href":"https:\/\/www.hantulantaimi.fi\/index.php?rest_route=\/wp\/v2\/product"}],"about":[{"href":"https:\/\/www.hantulantaimi.fi\/index.php?rest_route=\/wp\/v2\/types\/product"}],"version-history":[{"count":4,"href":"https:\/\/www.hantulantaimi.fi\/index.php?rest_route=\/wp\/v2\/product\/8045\/revisions"}],"predecessor-version":[{"id":8244,"href":"https:\/\/www.hantulantaimi.fi\/index.php?rest_route=\/wp\/v2\/product\/8045\/revisions\/8244"}],"wp:featuredmedia":[{"embeddable":true,"href":"https:\/\/www.hantulantaimi.fi\/index.php?rest_route=\/wp\/v2\/media\/6767"}],"wp:attachment":[{"href":"https:\/\/www.hantulantaimi.fi\/index.php?rest_route=%2Fwp%2Fv2%2Fmedia&parent=8045"}],"wp:term":[{"taxonomy":"product_brand","embeddable":true,"href":"https:\/\/www.hantulantaimi.fi\/index.php?rest_route=%2Fwp%2Fv2%2Fproduct_brand&post=8045"},{"taxonomy":"product_cat","embeddable":true,"href":"https:\/\/www.hantulantaimi.fi\/index.php?rest_route=%2Fwp%2Fv2%2Fproduct_cat&post=8045"},{"taxonomy":"product_tag","embeddable":true,"href":"https:\/\/www.hantulantaimi.fi\/index.php?rest_route=%2Fwp%2Fv2%2Fproduct_tag&post=8045"}],"curies":[{"name":"wp","href":"https:\/\/api.w.org\/{rel}","templated":true}]}}