{"id":7176,"date":"2023-03-15T15:51:50","date_gmt":"2023-03-15T13:51:50","guid":{"rendered":"https:\/\/www.hantulantaimi.fi\/?post_type=product&#038;p=7176"},"modified":"2026-01-12T15:42:12","modified_gmt":"2026-01-12T13:42:12","slug":"pinus-parviflora-glauca-neidonmanty-uutuus","status":"publish","type":"product","link":"https:\/\/www.hantulantaimi.fi\/?product=pinus-parviflora-glauca-neidonmanty-uutuus","title":{"rendered":"PINUS PARVIFLORA &#8217;GLAUCA&#8217;  -Neidonm\u00e4nty"},"content":{"rendered":"","protected":false},"excerpt":{"rendered":"<p><span style=\"color: #ff3333;\"><b><br \/>\n<\/b><\/span>Myyntikoko: 60-80 cm<br \/>\nNuorena kartiomainen, vanhemmiten oksisto levenee.<br \/>\nPitk\u00e4t, pehme\u00e4t, hieman sinert\u00e4v\u00e4t neulaset.<br \/>\nKorkeus: saavuttaa 4-5 metrin korkeuden n. 10 vuodessa.<br \/>\nLeveys: 4-5 m<br \/>\nKasvupaikka: aurinkoinen tai puolivarjoinen paikka, tuore ja hyvin l\u00e4p\u00e4isev\u00e4 maa.<br \/>\nK\u00e4ytt\u00f6: yksitt\u00e4in tai havuryhmiss\u00e4.<br \/>\nVy\u00f6hyke: IV.<\/p>\n","protected":false},"featured_media":0,"template":"","meta":{"site-sidebar-layout":"default","site-content-layout":"default","ast-site-content-layout":"default","site-content-style":"default","site-sidebar-style":"default","ast-global-header-display":"","ast-banner-title-visibility":"","ast-main-header-display":"","ast-hfb-above-header-display":"","ast-hfb-below-header-display":"","ast-hfb-mobile-header-display":"","site-post-title":"","ast-breadcrumbs-content":"","ast-featured-img":"","footer-sml-layout":"","theme-transparent-header-meta":"default","adv-header-id-meta":"","stick-header-meta":"","header-above-stick-meta":"","header-main-stick-meta":"","header-below-stick-meta":"","astra-migrate-meta-layouts":"set","ast-page-background-enabled":"default","ast-page-background-meta":{"desktop":{"background-color":"","background-image":"","background-repeat":"repeat","background-position":"center center","background-size":"auto","background-attachment":"scroll","background-type":"","background-media":"","overlay-type":"","overlay-color":"","overlay-opacity":"","overlay-gradient":""},"tablet":{"background-color":"","background-image":"","background-repeat":"repeat","background-position":"center center","background-size":"auto","background-attachment":"scroll","background-type":"","background-media":"","overlay-type":"","overlay-color":"","overlay-opacity":"","overlay-gradient":""},"mobile":{"background-color":"","background-image":"","background-repeat":"repeat","background-position":"center center","background-size":"auto","background-attachment":"scroll","background-type":"","background-media":"","overlay-type":"","overlay-color":"","overlay-opacity":"","overlay-gradient":""}},"ast-content-background-meta":{"desktop":{"background-color":"var(--ast-global-color-5)","background-image":"","background-repeat":"repeat","background-position":"center center","background-size":"auto","background-attachment":"scroll","background-type":"","background-media":"","overlay-type":"","overlay-color":"","overlay-opacity":"","overlay-gradient":""},"tablet":{"background-color":"var(--ast-global-color-5)","background-image":"","background-repeat":"repeat","background-position":"center center","background-size":"auto","background-attachment":"scroll","background-type":"","background-media":"","overlay-type":"","overlay-color":"","overlay-opacity":"","overlay-gradient":""},"mobile":{"background-color":"var(--ast-global-color-5)","background-image":"","background-repeat":"repeat","background-position":"center center","background-size":"auto","background-attachment":"scroll","background-type":"","background-media":"","overlay-type":"","overlay-color":"","overlay-opacity":"","overlay-gradient":""}}},"product_brand":[],"product_cat":[54],"product_tag":[90],"class_list":{"0":"post-7176","1":"product","2":"type-product","3":"status-publish","5":"product_cat-havupuut","6":"product_tag-uusi-lajike","7":"desktop-align-left","8":"tablet-align-left","9":"mobile-align-left","11":"first","12":"instock","13":"shipping-taxable","14":"purchasable","15":"product-type-simple"},"yoast_head":"<!-- This site is optimized with the Yoast SEO plugin v26.9 - https:\/\/yoast.com\/product\/yoast-seo-wordpress\/ -->\n<title>PINUS PARVIFLORA &#039;GLAUCA&#039; -Neidonm\u00e4nty -<\/title>\n<meta name=\"robots\" content=\"index, follow, max-snippet:-1, max-image-preview:large, max-video-preview:-1\" \/>\n<link rel=\"canonical\" href=\"https:\/\/www.hantulantaimi.fi\/?product=pinus-parviflora-glauca-neidonmanty-uutuus\" \/>\n<meta property=\"og:locale\" content=\"fi_FI\" \/>\n<meta property=\"og:type\" content=\"article\" \/>\n<meta property=\"og:title\" content=\"PINUS PARVIFLORA &#039;GLAUCA&#039; -Neidonm\u00e4nty -\" \/>\n<meta property=\"og:description\" content=\"Myyntikoko: 60-80 cm Nuorena kartiomainen, vanhemmiten oksisto levenee. Pitk\u00e4t, pehme\u00e4t, hieman sinert\u00e4v\u00e4t neulaset. Korkeus: saavuttaa 4-5 metrin korkeuden n. 10 vuodessa. Leveys: 4-5 m Kasvupaikka: aurinkoinen tai puolivarjoinen paikka, tuore ja hyvin l\u00e4p\u00e4isev\u00e4 maa. K\u00e4ytt\u00f6: yksitt\u00e4in tai havuryhmiss\u00e4. Vy\u00f6hyke: IV.\" \/>\n<meta property=\"og:url\" content=\"https:\/\/www.hantulantaimi.fi\/?product=pinus-parviflora-glauca-neidonmanty-uutuus\" \/>\n<meta property=\"article:modified_time\" content=\"2026-01-12T13:42:12+00:00\" \/>\n<meta name=\"twitter:card\" content=\"summary_large_image\" \/>\n<script type=\"application\/ld+json\" class=\"yoast-schema-graph\">{\"@context\":\"https:\/\/schema.org\",\"@graph\":[{\"@type\":\"WebPage\",\"@id\":\"https:\/\/www.hantulantaimi.fi\/?product=pinus-parviflora-glauca-neidonmanty-uutuus\",\"url\":\"https:\/\/www.hantulantaimi.fi\/?product=pinus-parviflora-glauca-neidonmanty-uutuus\",\"name\":\"PINUS PARVIFLORA 'GLAUCA' -Neidonm\u00e4nty -\",\"isPartOf\":{\"@id\":\"https:\/\/www.hantulantaimi.fi\/#website\"},\"datePublished\":\"2023-03-15T13:51:50+00:00\",\"dateModified\":\"2026-01-12T13:42:12+00:00\",\"breadcrumb\":{\"@id\":\"https:\/\/www.hantulantaimi.fi\/?product=pinus-parviflora-glauca-neidonmanty-uutuus#breadcrumb\"},\"inLanguage\":\"fi\",\"potentialAction\":[{\"@type\":\"ReadAction\",\"target\":[\"https:\/\/www.hantulantaimi.fi\/?product=pinus-parviflora-glauca-neidonmanty-uutuus\"]}]},{\"@type\":\"BreadcrumbList\",\"@id\":\"https:\/\/www.hantulantaimi.fi\/?product=pinus-parviflora-glauca-neidonmanty-uutuus#breadcrumb\",\"itemListElement\":[{\"@type\":\"ListItem\",\"position\":1,\"name\":\"Home\",\"item\":\"https:\/\/www.hantulantaimi.fi\/\"},{\"@type\":\"ListItem\",\"position\":2,\"name\":\"Valikoima\",\"item\":\"https:\/\/www.hantulantaimi.fi\/?page_id=768\"},{\"@type\":\"ListItem\",\"position\":3,\"name\":\"PINUS PARVIFLORA &#8217;GLAUCA&#8217; -Neidonm\u00e4nty\"}]},{\"@type\":\"WebSite\",\"@id\":\"https:\/\/www.hantulantaimi.fi\/#website\",\"url\":\"https:\/\/www.hantulantaimi.fi\/\",\"name\":\"\",\"description\":\"\",\"potentialAction\":[{\"@type\":\"SearchAction\",\"target\":{\"@type\":\"EntryPoint\",\"urlTemplate\":\"https:\/\/www.hantulantaimi.fi\/?s={search_term_string}\"},\"query-input\":{\"@type\":\"PropertyValueSpecification\",\"valueRequired\":true,\"valueName\":\"search_term_string\"}}],\"inLanguage\":\"fi\"}]}<\/script>\n<!-- \/ Yoast SEO plugin. -->","yoast_head_json":{"title":"PINUS PARVIFLORA 'GLAUCA' -Neidonm\u00e4nty -","robots":{"index":"index","follow":"follow","max-snippet":"max-snippet:-1","max-image-preview":"max-image-preview:large","max-video-preview":"max-video-preview:-1"},"canonical":"https:\/\/www.hantulantaimi.fi\/?product=pinus-parviflora-glauca-neidonmanty-uutuus","og_locale":"fi_FI","og_type":"article","og_title":"PINUS PARVIFLORA 'GLAUCA' -Neidonm\u00e4nty -","og_description":"Myyntikoko: 60-80 cm Nuorena kartiomainen, vanhemmiten oksisto levenee. Pitk\u00e4t, pehme\u00e4t, hieman sinert\u00e4v\u00e4t neulaset. Korkeus: saavuttaa 4-5 metrin korkeuden n. 10 vuodessa. Leveys: 4-5 m Kasvupaikka: aurinkoinen tai puolivarjoinen paikka, tuore ja hyvin l\u00e4p\u00e4isev\u00e4 maa. K\u00e4ytt\u00f6: yksitt\u00e4in tai havuryhmiss\u00e4. Vy\u00f6hyke: IV.","og_url":"https:\/\/www.hantulantaimi.fi\/?product=pinus-parviflora-glauca-neidonmanty-uutuus","article_modified_time":"2026-01-12T13:42:12+00:00","twitter_card":"summary_large_image","schema":{"@context":"https:\/\/schema.org","@graph":[{"@type":"WebPage","@id":"https:\/\/www.hantulantaimi.fi\/?product=pinus-parviflora-glauca-neidonmanty-uutuus","url":"https:\/\/www.hantulantaimi.fi\/?product=pinus-parviflora-glauca-neidonmanty-uutuus","name":"PINUS PARVIFLORA 'GLAUCA' -Neidonm\u00e4nty -","isPartOf":{"@id":"https:\/\/www.hantulantaimi.fi\/#website"},"datePublished":"2023-03-15T13:51:50+00:00","dateModified":"2026-01-12T13:42:12+00:00","breadcrumb":{"@id":"https:\/\/www.hantulantaimi.fi\/?product=pinus-parviflora-glauca-neidonmanty-uutuus#breadcrumb"},"inLanguage":"fi","potentialAction":[{"@type":"ReadAction","target":["https:\/\/www.hantulantaimi.fi\/?product=pinus-parviflora-glauca-neidonmanty-uutuus"]}]},{"@type":"BreadcrumbList","@id":"https:\/\/www.hantulantaimi.fi\/?product=pinus-parviflora-glauca-neidonmanty-uutuus#breadcrumb","itemListElement":[{"@type":"ListItem","position":1,"name":"Home","item":"https:\/\/www.hantulantaimi.fi\/"},{"@type":"ListItem","position":2,"name":"Valikoima","item":"https:\/\/www.hantulantaimi.fi\/?page_id=768"},{"@type":"ListItem","position":3,"name":"PINUS PARVIFLORA &#8217;GLAUCA&#8217; -Neidonm\u00e4nty"}]},{"@type":"WebSite","@id":"https:\/\/www.hantulantaimi.fi\/#website","url":"https:\/\/www.hantulantaimi.fi\/","name":"","description":"","potentialAction":[{"@type":"SearchAction","target":{"@type":"EntryPoint","urlTemplate":"https:\/\/www.hantulantaimi.fi\/?s={search_term_string}"},"query-input":{"@type":"PropertyValueSpecification","valueRequired":true,"valueName":"search_term_string"}}],"inLanguage":"fi"}]}},"_links":{"self":[{"href":"https:\/\/www.hantulantaimi.fi\/index.php?rest_route=\/wp\/v2\/product\/7176","targetHints":{"allow":["GET"]}}],"collection":[{"href":"https:\/\/www.hantulantaimi.fi\/index.php?rest_route=\/wp\/v2\/product"}],"about":[{"href":"https:\/\/www.hantulantaimi.fi\/index.php?rest_route=\/wp\/v2\/types\/product"}],"version-history":[{"count":3,"href":"https:\/\/www.hantulantaimi.fi\/index.php?rest_route=\/wp\/v2\/product\/7176\/revisions"}],"predecessor-version":[{"id":8233,"href":"https:\/\/www.hantulantaimi.fi\/index.php?rest_route=\/wp\/v2\/product\/7176\/revisions\/8233"}],"wp:attachment":[{"href":"https:\/\/www.hantulantaimi.fi\/index.php?rest_route=%2Fwp%2Fv2%2Fmedia&parent=7176"}],"wp:term":[{"taxonomy":"product_brand","embeddable":true,"href":"https:\/\/www.hantulantaimi.fi\/index.php?rest_route=%2Fwp%2Fv2%2Fproduct_brand&post=7176"},{"taxonomy":"product_cat","embeddable":true,"href":"https:\/\/www.hantulantaimi.fi\/index.php?rest_route=%2Fwp%2Fv2%2Fproduct_cat&post=7176"},{"taxonomy":"product_tag","embeddable":true,"href":"https:\/\/www.hantulantaimi.fi\/index.php?rest_route=%2Fwp%2Fv2%2Fproduct_tag&post=7176"}],"curies":[{"name":"wp","href":"https:\/\/api.w.org\/{rel}","templated":true}]}}