{"id":7157,"date":"2023-03-15T14:38:51","date_gmt":"2023-03-15T12:38:51","guid":{"rendered":"https:\/\/www.hantulantaimi.fi\/?post_type=product&#038;p=7157"},"modified":"2026-01-12T15:57:03","modified_gmt":"2026-01-12T13:57:03","slug":"hydrangea-paniculata-quick-fire-fab-syyshortensia","status":"publish","type":"product","link":"https:\/\/www.hantulantaimi.fi\/?product=hydrangea-paniculata-quick-fire-fab-syyshortensia","title":{"rendered":"HYDRANGEA PANICULATA  &#8217;QUICK FIRE FAB\u00ae&#8217;  -Syyshortensia UUTUUS!!"},"content":{"rendered":"","protected":false},"excerpt":{"rendered":"<p><span style=\"color: #ff3333;\"><b>UUSI VALIKOIMISSAMME 2023 !!<\/b><\/span><br \/>\nVahvaversoinen aikainen, pitk\u00e4\u00e4n kukkiva ja pystykasvuinen syyshortensia-lajike.<br \/>\nJos katsot tarkasti rehevi\u00e4 kukintoja, huomaat ter\u00e4lehtien muodostavan ainutlaatuisen x-muodon.<br \/>\nKukintojen ik\u00e4\u00e4ntyess\u00e4 ne alkavat muuttua valkoisesta punertavan vaaleanpunaisiksi,<br \/>\nsitten kirkkaan vaaleanpunaisiksi ja sitten punaisiksi, jolloin jokainen niist\u00e4 n\u00e4ytt\u00e4\u00e4<br \/>\nisolta herkulliselta j\u00e4\u00e4tel\u00f6t\u00f6tter\u00f6lt\u00e4, joka muuttuu vaniljasta marjaiseksi kes\u00e4n edetess\u00e4.<br \/>\nKukinta kest\u00e4\u00e4 jopa 3 kuukautta.<br \/>\nN\u00e4ytt\u00e4v\u00e4 pensas sopii istutettavaksi yksitt\u00e4in, ryhmiin tai aidanteeksi.<br \/>\nKorkeus n. 1,5-1,8 m.<br \/>\nTaimiv\u00e4li: 1 m<br \/>\nKasvupaikka: aurinkoinen tai puolivarjoinen, tuore, ravinteikas, hapan<br \/>\nVy\u00f6hyke: IV<\/p>\n","protected":false},"featured_media":7158,"template":"","meta":{"site-sidebar-layout":"default","site-content-layout":"default","ast-site-content-layout":"default","site-content-style":"default","site-sidebar-style":"default","ast-global-header-display":"","ast-banner-title-visibility":"","ast-main-header-display":"","ast-hfb-above-header-display":"","ast-hfb-below-header-display":"","ast-hfb-mobile-header-display":"","site-post-title":"","ast-breadcrumbs-content":"","ast-featured-img":"","footer-sml-layout":"","theme-transparent-header-meta":"default","adv-header-id-meta":"","stick-header-meta":"","header-above-stick-meta":"","header-main-stick-meta":"","header-below-stick-meta":"","astra-migrate-meta-layouts":"default","ast-page-background-enabled":"default","ast-page-background-meta":{"desktop":{"background-color":"","background-image":"","background-repeat":"repeat","background-position":"center center","background-size":"auto","background-attachment":"scroll","background-type":"","background-media":"","overlay-type":"","overlay-color":"","overlay-opacity":"","overlay-gradient":""},"tablet":{"background-color":"","background-image":"","background-repeat":"repeat","background-position":"center center","background-size":"auto","background-attachment":"scroll","background-type":"","background-media":"","overlay-type":"","overlay-color":"","overlay-opacity":"","overlay-gradient":""},"mobile":{"background-color":"","background-image":"","background-repeat":"repeat","background-position":"center center","background-size":"auto","background-attachment":"scroll","background-type":"","background-media":"","overlay-type":"","overlay-color":"","overlay-opacity":"","overlay-gradient":""}},"ast-content-background-meta":{"desktop":{"background-color":"var(--ast-global-color-5)","background-image":"","background-repeat":"repeat","background-position":"center center","background-size":"auto","background-attachment":"scroll","background-type":"","background-media":"","overlay-type":"","overlay-color":"","overlay-opacity":"","overlay-gradient":""},"tablet":{"background-color":"var(--ast-global-color-5)","background-image":"","background-repeat":"repeat","background-position":"center center","background-size":"auto","background-attachment":"scroll","background-type":"","background-media":"","overlay-type":"","overlay-color":"","overlay-opacity":"","overlay-gradient":""},"mobile":{"background-color":"var(--ast-global-color-5)","background-image":"","background-repeat":"repeat","background-position":"center center","background-size":"auto","background-attachment":"scroll","background-type":"","background-media":"","overlay-type":"","overlay-color":"","overlay-opacity":"","overlay-gradient":""}}},"product_brand":[],"product_cat":[55],"product_tag":[93,90,109,88],"class_list":{"0":"post-7157","1":"product","2":"type-product","3":"status-publish","4":"has-post-thumbnail","6":"product_cat-koristepensaat","7":"product_tag-proven-winners","8":"product_tag-uusi-lajike","9":"product_tag-uutta","10":"product_tag-uutuus","11":"desktop-align-left","12":"tablet-align-left","13":"mobile-align-left","15":"first","16":"instock","17":"shipping-taxable","18":"purchasable","19":"product-type-simple"},"yoast_head":"<!-- This site is optimized with the Yoast SEO plugin v26.9 - https:\/\/yoast.com\/product\/yoast-seo-wordpress\/ -->\n<title>HYDRANGEA PANICULATA &#039;QUICK FIRE FAB\u00ae&#039; -Syyshortensia UUTUUS!! -<\/title>\n<meta name=\"robots\" content=\"index, follow, max-snippet:-1, max-image-preview:large, max-video-preview:-1\" \/>\n<link rel=\"canonical\" href=\"https:\/\/www.hantulantaimi.fi\/?product=hydrangea-paniculata-quick-fire-fab-syyshortensia\" \/>\n<meta property=\"og:locale\" content=\"fi_FI\" \/>\n<meta property=\"og:type\" content=\"article\" \/>\n<meta property=\"og:title\" content=\"HYDRANGEA PANICULATA &#039;QUICK FIRE FAB\u00ae&#039; -Syyshortensia UUTUUS!! -\" \/>\n<meta property=\"og:description\" content=\"UUSI VALIKOIMISSAMME 2023 !! Vahvaversoinen aikainen, pitk\u00e4\u00e4n kukkiva ja pystykasvuinen syyshortensia-lajike. Jos katsot tarkasti rehevi\u00e4 kukintoja, huomaat ter\u00e4lehtien muodostavan ainutlaatuisen x-muodon. Kukintojen ik\u00e4\u00e4ntyess\u00e4 ne alkavat muuttua valkoisesta punertavan vaaleanpunaisiksi, sitten kirkkaan vaaleanpunaisiksi ja sitten punaisiksi, jolloin jokainen niist\u00e4 n\u00e4ytt\u00e4\u00e4 isolta herkulliselta j\u00e4\u00e4tel\u00f6t\u00f6tter\u00f6lt\u00e4, joka muuttuu vaniljasta marjaiseksi kes\u00e4n edetess\u00e4. Kukinta kest\u00e4\u00e4 jopa 3 kuukautta. N\u00e4ytt\u00e4v\u00e4 pensas sopii istutettavaksi yksitt\u00e4in, ryhmiin tai aidanteeksi. Korkeus n. 1,5-1,8 m. Taimiv\u00e4li: 1 m Kasvupaikka: aurinkoinen tai puolivarjoinen, tuore, ravinteikas, hapan Vy\u00f6hyke: IV\" \/>\n<meta property=\"og:url\" content=\"https:\/\/www.hantulantaimi.fi\/?product=hydrangea-paniculata-quick-fire-fab-syyshortensia\" \/>\n<meta property=\"article:modified_time\" content=\"2026-01-12T13:57:03+00:00\" \/>\n<meta property=\"og:image\" content=\"https:\/\/www.hantulantaimi.fi\/wp-content\/uploads\/2023\/03\/firefab_.png\" \/>\n\t<meta property=\"og:image:width\" content=\"663\" \/>\n\t<meta property=\"og:image:height\" content=\"831\" \/>\n\t<meta property=\"og:image:type\" content=\"image\/png\" \/>\n<meta name=\"twitter:card\" content=\"summary_large_image\" \/>\n<script type=\"application\/ld+json\" class=\"yoast-schema-graph\">{\"@context\":\"https:\/\/schema.org\",\"@graph\":[{\"@type\":\"WebPage\",\"@id\":\"https:\/\/www.hantulantaimi.fi\/?product=hydrangea-paniculata-quick-fire-fab-syyshortensia\",\"url\":\"https:\/\/www.hantulantaimi.fi\/?product=hydrangea-paniculata-quick-fire-fab-syyshortensia\",\"name\":\"HYDRANGEA PANICULATA 'QUICK FIRE FAB\u00ae' -Syyshortensia UUTUUS!! -\",\"isPartOf\":{\"@id\":\"https:\/\/www.hantulantaimi.fi\/#website\"},\"primaryImageOfPage\":{\"@id\":\"https:\/\/www.hantulantaimi.fi\/?product=hydrangea-paniculata-quick-fire-fab-syyshortensia#primaryimage\"},\"image\":{\"@id\":\"https:\/\/www.hantulantaimi.fi\/?product=hydrangea-paniculata-quick-fire-fab-syyshortensia#primaryimage\"},\"thumbnailUrl\":\"https:\/\/www.hantulantaimi.fi\/wp-content\/uploads\/2023\/03\/firefab_.png\",\"datePublished\":\"2023-03-15T12:38:51+00:00\",\"dateModified\":\"2026-01-12T13:57:03+00:00\",\"breadcrumb\":{\"@id\":\"https:\/\/www.hantulantaimi.fi\/?product=hydrangea-paniculata-quick-fire-fab-syyshortensia#breadcrumb\"},\"inLanguage\":\"fi\",\"potentialAction\":[{\"@type\":\"ReadAction\",\"target\":[\"https:\/\/www.hantulantaimi.fi\/?product=hydrangea-paniculata-quick-fire-fab-syyshortensia\"]}]},{\"@type\":\"ImageObject\",\"inLanguage\":\"fi\",\"@id\":\"https:\/\/www.hantulantaimi.fi\/?product=hydrangea-paniculata-quick-fire-fab-syyshortensia#primaryimage\",\"url\":\"https:\/\/www.hantulantaimi.fi\/wp-content\/uploads\/2023\/03\/firefab_.png\",\"contentUrl\":\"https:\/\/www.hantulantaimi.fi\/wp-content\/uploads\/2023\/03\/firefab_.png\",\"width\":663,\"height\":831},{\"@type\":\"BreadcrumbList\",\"@id\":\"https:\/\/www.hantulantaimi.fi\/?product=hydrangea-paniculata-quick-fire-fab-syyshortensia#breadcrumb\",\"itemListElement\":[{\"@type\":\"ListItem\",\"position\":1,\"name\":\"Home\",\"item\":\"https:\/\/www.hantulantaimi.fi\/\"},{\"@type\":\"ListItem\",\"position\":2,\"name\":\"Valikoima\",\"item\":\"https:\/\/www.hantulantaimi.fi\/?page_id=768\"},{\"@type\":\"ListItem\",\"position\":3,\"name\":\"HYDRANGEA PANICULATA &#8217;QUICK FIRE FAB\u00ae&#8217; -Syyshortensia UUTUUS!!\"}]},{\"@type\":\"WebSite\",\"@id\":\"https:\/\/www.hantulantaimi.fi\/#website\",\"url\":\"https:\/\/www.hantulantaimi.fi\/\",\"name\":\"\",\"description\":\"\",\"potentialAction\":[{\"@type\":\"SearchAction\",\"target\":{\"@type\":\"EntryPoint\",\"urlTemplate\":\"https:\/\/www.hantulantaimi.fi\/?s={search_term_string}\"},\"query-input\":{\"@type\":\"PropertyValueSpecification\",\"valueRequired\":true,\"valueName\":\"search_term_string\"}}],\"inLanguage\":\"fi\"}]}<\/script>\n<!-- \/ Yoast SEO plugin. -->","yoast_head_json":{"title":"HYDRANGEA PANICULATA 'QUICK FIRE FAB\u00ae' -Syyshortensia UUTUUS!! -","robots":{"index":"index","follow":"follow","max-snippet":"max-snippet:-1","max-image-preview":"max-image-preview:large","max-video-preview":"max-video-preview:-1"},"canonical":"https:\/\/www.hantulantaimi.fi\/?product=hydrangea-paniculata-quick-fire-fab-syyshortensia","og_locale":"fi_FI","og_type":"article","og_title":"HYDRANGEA PANICULATA 'QUICK FIRE FAB\u00ae' -Syyshortensia UUTUUS!! -","og_description":"UUSI VALIKOIMISSAMME 2023 !! Vahvaversoinen aikainen, pitk\u00e4\u00e4n kukkiva ja pystykasvuinen syyshortensia-lajike. Jos katsot tarkasti rehevi\u00e4 kukintoja, huomaat ter\u00e4lehtien muodostavan ainutlaatuisen x-muodon. Kukintojen ik\u00e4\u00e4ntyess\u00e4 ne alkavat muuttua valkoisesta punertavan vaaleanpunaisiksi, sitten kirkkaan vaaleanpunaisiksi ja sitten punaisiksi, jolloin jokainen niist\u00e4 n\u00e4ytt\u00e4\u00e4 isolta herkulliselta j\u00e4\u00e4tel\u00f6t\u00f6tter\u00f6lt\u00e4, joka muuttuu vaniljasta marjaiseksi kes\u00e4n edetess\u00e4. Kukinta kest\u00e4\u00e4 jopa 3 kuukautta. N\u00e4ytt\u00e4v\u00e4 pensas sopii istutettavaksi yksitt\u00e4in, ryhmiin tai aidanteeksi. Korkeus n. 1,5-1,8 m. Taimiv\u00e4li: 1 m Kasvupaikka: aurinkoinen tai puolivarjoinen, tuore, ravinteikas, hapan Vy\u00f6hyke: IV","og_url":"https:\/\/www.hantulantaimi.fi\/?product=hydrangea-paniculata-quick-fire-fab-syyshortensia","article_modified_time":"2026-01-12T13:57:03+00:00","og_image":[{"width":663,"height":831,"url":"https:\/\/www.hantulantaimi.fi\/wp-content\/uploads\/2023\/03\/firefab_.png","type":"image\/png"}],"twitter_card":"summary_large_image","schema":{"@context":"https:\/\/schema.org","@graph":[{"@type":"WebPage","@id":"https:\/\/www.hantulantaimi.fi\/?product=hydrangea-paniculata-quick-fire-fab-syyshortensia","url":"https:\/\/www.hantulantaimi.fi\/?product=hydrangea-paniculata-quick-fire-fab-syyshortensia","name":"HYDRANGEA PANICULATA 'QUICK FIRE FAB\u00ae' -Syyshortensia UUTUUS!! -","isPartOf":{"@id":"https:\/\/www.hantulantaimi.fi\/#website"},"primaryImageOfPage":{"@id":"https:\/\/www.hantulantaimi.fi\/?product=hydrangea-paniculata-quick-fire-fab-syyshortensia#primaryimage"},"image":{"@id":"https:\/\/www.hantulantaimi.fi\/?product=hydrangea-paniculata-quick-fire-fab-syyshortensia#primaryimage"},"thumbnailUrl":"https:\/\/www.hantulantaimi.fi\/wp-content\/uploads\/2023\/03\/firefab_.png","datePublished":"2023-03-15T12:38:51+00:00","dateModified":"2026-01-12T13:57:03+00:00","breadcrumb":{"@id":"https:\/\/www.hantulantaimi.fi\/?product=hydrangea-paniculata-quick-fire-fab-syyshortensia#breadcrumb"},"inLanguage":"fi","potentialAction":[{"@type":"ReadAction","target":["https:\/\/www.hantulantaimi.fi\/?product=hydrangea-paniculata-quick-fire-fab-syyshortensia"]}]},{"@type":"ImageObject","inLanguage":"fi","@id":"https:\/\/www.hantulantaimi.fi\/?product=hydrangea-paniculata-quick-fire-fab-syyshortensia#primaryimage","url":"https:\/\/www.hantulantaimi.fi\/wp-content\/uploads\/2023\/03\/firefab_.png","contentUrl":"https:\/\/www.hantulantaimi.fi\/wp-content\/uploads\/2023\/03\/firefab_.png","width":663,"height":831},{"@type":"BreadcrumbList","@id":"https:\/\/www.hantulantaimi.fi\/?product=hydrangea-paniculata-quick-fire-fab-syyshortensia#breadcrumb","itemListElement":[{"@type":"ListItem","position":1,"name":"Home","item":"https:\/\/www.hantulantaimi.fi\/"},{"@type":"ListItem","position":2,"name":"Valikoima","item":"https:\/\/www.hantulantaimi.fi\/?page_id=768"},{"@type":"ListItem","position":3,"name":"HYDRANGEA PANICULATA &#8217;QUICK FIRE FAB\u00ae&#8217; -Syyshortensia UUTUUS!!"}]},{"@type":"WebSite","@id":"https:\/\/www.hantulantaimi.fi\/#website","url":"https:\/\/www.hantulantaimi.fi\/","name":"","description":"","potentialAction":[{"@type":"SearchAction","target":{"@type":"EntryPoint","urlTemplate":"https:\/\/www.hantulantaimi.fi\/?s={search_term_string}"},"query-input":{"@type":"PropertyValueSpecification","valueRequired":true,"valueName":"search_term_string"}}],"inLanguage":"fi"}]}},"_links":{"self":[{"href":"https:\/\/www.hantulantaimi.fi\/index.php?rest_route=\/wp\/v2\/product\/7157","targetHints":{"allow":["GET"]}}],"collection":[{"href":"https:\/\/www.hantulantaimi.fi\/index.php?rest_route=\/wp\/v2\/product"}],"about":[{"href":"https:\/\/www.hantulantaimi.fi\/index.php?rest_route=\/wp\/v2\/types\/product"}],"version-history":[{"count":7,"href":"https:\/\/www.hantulantaimi.fi\/index.php?rest_route=\/wp\/v2\/product\/7157\/revisions"}],"predecessor-version":[{"id":8245,"href":"https:\/\/www.hantulantaimi.fi\/index.php?rest_route=\/wp\/v2\/product\/7157\/revisions\/8245"}],"wp:featuredmedia":[{"embeddable":true,"href":"https:\/\/www.hantulantaimi.fi\/index.php?rest_route=\/wp\/v2\/media\/7158"}],"wp:attachment":[{"href":"https:\/\/www.hantulantaimi.fi\/index.php?rest_route=%2Fwp%2Fv2%2Fmedia&parent=7157"}],"wp:term":[{"taxonomy":"product_brand","embeddable":true,"href":"https:\/\/www.hantulantaimi.fi\/index.php?rest_route=%2Fwp%2Fv2%2Fproduct_brand&post=7157"},{"taxonomy":"product_cat","embeddable":true,"href":"https:\/\/www.hantulantaimi.fi\/index.php?rest_route=%2Fwp%2Fv2%2Fproduct_cat&post=7157"},{"taxonomy":"product_tag","embeddable":true,"href":"https:\/\/www.hantulantaimi.fi\/index.php?rest_route=%2Fwp%2Fv2%2Fproduct_tag&post=7157"}],"curies":[{"name":"wp","href":"https:\/\/api.w.org\/{rel}","templated":true}]}}