{"id":7149,"date":"2023-02-27T14:51:30","date_gmt":"2023-02-27T12:51:30","guid":{"rendered":"https:\/\/www.hantulantaimi.fi\/?post_type=product&#038;p=7149"},"modified":"2026-01-12T15:58:06","modified_gmt":"2026-01-12T13:58:06","slug":"cotoneaster-lucidus-kiiltotuhkapensas","status":"publish","type":"product","link":"https:\/\/www.hantulantaimi.fi\/?product=cotoneaster-lucidus-kiiltotuhkapensas","title":{"rendered":"COTONEASTER LUCIDUS  -Kiiltotuhkapensas"},"content":{"rendered":"","protected":false},"excerpt":{"rendered":"<p>Astiataimi C1,5<br \/>\nkoristearvo perustuu tihe\u00e4\u00e4n, peitt\u00e4v\u00e4\u00e4n, koristeelliseen kiilt\u00e4v\u00e4n vihre\u00e4\u00e4n lehdist\u00f6\u00f6n,<br \/>\nk\u00e4ytet\u00e4\u00e4n etenkin suojapensaana, pensasryhmiss\u00e4, leikattavissa aidoissa, kest\u00e4\u00e4 voimakastakin leikkausta<br \/>\nsek\u00e4 muotoilua sen laaja juuristo sitoo maan tiukasti.<br \/>\nKukinta: vaaleat vaatimattomat kukat kes\u00e4kuussa, mustat marjat sy\u00f6m\u00e4kelvottomat<br \/>\nKorkeus: 1-2 m<br \/>\nTaimiv\u00e4li: 0,6 m<br \/>\nKasvupaikka: siet\u00e4\u00e4 kuivuutta sek\u00e4 varjoa ja tuulta, mutta ei raskasta savimaata, eik\u00e4 edes lyhytaikaisesti seisovaa vett\u00e4<br \/>\nVy\u00f6hyke: VI<\/p>\n","protected":false},"featured_media":7150,"template":"","meta":{"site-sidebar-layout":"default","site-content-layout":"default","ast-site-content-layout":"default","site-content-style":"default","site-sidebar-style":"default","ast-global-header-display":"","ast-banner-title-visibility":"","ast-main-header-display":"","ast-hfb-above-header-display":"","ast-hfb-below-header-display":"","ast-hfb-mobile-header-display":"","site-post-title":"","ast-breadcrumbs-content":"","ast-featured-img":"","footer-sml-layout":"","theme-transparent-header-meta":"default","adv-header-id-meta":"","stick-header-meta":"","header-above-stick-meta":"","header-main-stick-meta":"","header-below-stick-meta":"","astra-migrate-meta-layouts":"default","ast-page-background-enabled":"default","ast-page-background-meta":{"desktop":{"background-color":"","background-image":"","background-repeat":"repeat","background-position":"center center","background-size":"auto","background-attachment":"scroll","background-type":"","background-media":"","overlay-type":"","overlay-color":"","overlay-opacity":"","overlay-gradient":""},"tablet":{"background-color":"","background-image":"","background-repeat":"repeat","background-position":"center center","background-size":"auto","background-attachment":"scroll","background-type":"","background-media":"","overlay-type":"","overlay-color":"","overlay-opacity":"","overlay-gradient":""},"mobile":{"background-color":"","background-image":"","background-repeat":"repeat","background-position":"center center","background-size":"auto","background-attachment":"scroll","background-type":"","background-media":"","overlay-type":"","overlay-color":"","overlay-opacity":"","overlay-gradient":""}},"ast-content-background-meta":{"desktop":{"background-color":"var(--ast-global-color-5)","background-image":"","background-repeat":"repeat","background-position":"center center","background-size":"auto","background-attachment":"scroll","background-type":"","background-media":"","overlay-type":"","overlay-color":"","overlay-opacity":"","overlay-gradient":""},"tablet":{"background-color":"var(--ast-global-color-5)","background-image":"","background-repeat":"repeat","background-position":"center center","background-size":"auto","background-attachment":"scroll","background-type":"","background-media":"","overlay-type":"","overlay-color":"","overlay-opacity":"","overlay-gradient":""},"mobile":{"background-color":"var(--ast-global-color-5)","background-image":"","background-repeat":"repeat","background-position":"center center","background-size":"auto","background-attachment":"scroll","background-type":"","background-media":"","overlay-type":"","overlay-color":"","overlay-opacity":"","overlay-gradient":""}}},"product_brand":[],"product_cat":[55],"product_tag":[114,113],"class_list":{"0":"post-7149","1":"product","2":"type-product","3":"status-publish","4":"has-post-thumbnail","6":"product_cat-koristepensaat","7":"product_tag-aitakasvi","8":"product_tag-aitapensas","9":"desktop-align-left","10":"tablet-align-left","11":"mobile-align-left","13":"first","14":"instock","15":"shipping-taxable","16":"purchasable","17":"product-type-simple"},"yoast_head":"<!-- This site is optimized with the Yoast SEO plugin v26.9 - https:\/\/yoast.com\/product\/yoast-seo-wordpress\/ -->\n<title>COTONEASTER LUCIDUS -Kiiltotuhkapensas -<\/title>\n<meta name=\"robots\" content=\"index, follow, max-snippet:-1, max-image-preview:large, max-video-preview:-1\" \/>\n<link rel=\"canonical\" href=\"https:\/\/www.hantulantaimi.fi\/?product=cotoneaster-lucidus-kiiltotuhkapensas\" \/>\n<meta property=\"og:locale\" content=\"fi_FI\" \/>\n<meta property=\"og:type\" content=\"article\" \/>\n<meta property=\"og:title\" content=\"COTONEASTER LUCIDUS -Kiiltotuhkapensas -\" \/>\n<meta property=\"og:description\" content=\"Astiataimi C1,5 koristearvo perustuu tihe\u00e4\u00e4n, peitt\u00e4v\u00e4\u00e4n, koristeelliseen kiilt\u00e4v\u00e4n vihre\u00e4\u00e4n lehdist\u00f6\u00f6n,  k\u00e4ytet\u00e4\u00e4n etenkin suojapensaana, pensasryhmiss\u00e4, leikattavissa aidoissa, kest\u00e4\u00e4 voimakastakin leikkausta  sek\u00e4 muotoilua sen laaja juuristo sitoo maan tiukasti. Kukinta: vaaleat vaatimattomat kukat kes\u00e4kuussa, mustat marjat sy\u00f6m\u00e4kelvottomat Korkeus: 1-2 m Taimiv\u00e4li: 0,6 m Kasvupaikka: siet\u00e4\u00e4 kuivuutta sek\u00e4 varjoa ja tuulta, mutta ei raskasta savimaata, eik\u00e4 edes lyhytaikaisesti seisovaa vett\u00e4  Vy\u00f6hyke: VI\" \/>\n<meta property=\"og:url\" content=\"https:\/\/www.hantulantaimi.fi\/?product=cotoneaster-lucidus-kiiltotuhkapensas\" \/>\n<meta property=\"article:modified_time\" content=\"2026-01-12T13:58:06+00:00\" \/>\n<meta property=\"og:image\" content=\"https:\/\/www.hantulantaimi.fi\/wp-content\/uploads\/2023\/02\/Cotoneaster-lucidus_pikkupensas-6.7.04._copyJPG.jpg\" \/>\n\t<meta property=\"og:image:width\" content=\"1067\" \/>\n\t<meta property=\"og:image:height\" content=\"800\" \/>\n\t<meta property=\"og:image:type\" content=\"image\/jpeg\" \/>\n<meta name=\"twitter:card\" content=\"summary_large_image\" \/>\n<script type=\"application\/ld+json\" class=\"yoast-schema-graph\">{\"@context\":\"https:\/\/schema.org\",\"@graph\":[{\"@type\":\"WebPage\",\"@id\":\"https:\/\/www.hantulantaimi.fi\/?product=cotoneaster-lucidus-kiiltotuhkapensas\",\"url\":\"https:\/\/www.hantulantaimi.fi\/?product=cotoneaster-lucidus-kiiltotuhkapensas\",\"name\":\"COTONEASTER LUCIDUS -Kiiltotuhkapensas -\",\"isPartOf\":{\"@id\":\"https:\/\/www.hantulantaimi.fi\/#website\"},\"primaryImageOfPage\":{\"@id\":\"https:\/\/www.hantulantaimi.fi\/?product=cotoneaster-lucidus-kiiltotuhkapensas#primaryimage\"},\"image\":{\"@id\":\"https:\/\/www.hantulantaimi.fi\/?product=cotoneaster-lucidus-kiiltotuhkapensas#primaryimage\"},\"thumbnailUrl\":\"https:\/\/www.hantulantaimi.fi\/wp-content\/uploads\/2023\/02\/Cotoneaster-lucidus_pikkupensas-6.7.04._copyJPG.jpg\",\"datePublished\":\"2023-02-27T12:51:30+00:00\",\"dateModified\":\"2026-01-12T13:58:06+00:00\",\"breadcrumb\":{\"@id\":\"https:\/\/www.hantulantaimi.fi\/?product=cotoneaster-lucidus-kiiltotuhkapensas#breadcrumb\"},\"inLanguage\":\"fi\",\"potentialAction\":[{\"@type\":\"ReadAction\",\"target\":[\"https:\/\/www.hantulantaimi.fi\/?product=cotoneaster-lucidus-kiiltotuhkapensas\"]}]},{\"@type\":\"ImageObject\",\"inLanguage\":\"fi\",\"@id\":\"https:\/\/www.hantulantaimi.fi\/?product=cotoneaster-lucidus-kiiltotuhkapensas#primaryimage\",\"url\":\"https:\/\/www.hantulantaimi.fi\/wp-content\/uploads\/2023\/02\/Cotoneaster-lucidus_pikkupensas-6.7.04._copyJPG.jpg\",\"contentUrl\":\"https:\/\/www.hantulantaimi.fi\/wp-content\/uploads\/2023\/02\/Cotoneaster-lucidus_pikkupensas-6.7.04._copyJPG.jpg\",\"width\":1067,\"height\":800,\"caption\":\"OLYMPUS DIGITAL CAMERA\"},{\"@type\":\"BreadcrumbList\",\"@id\":\"https:\/\/www.hantulantaimi.fi\/?product=cotoneaster-lucidus-kiiltotuhkapensas#breadcrumb\",\"itemListElement\":[{\"@type\":\"ListItem\",\"position\":1,\"name\":\"Home\",\"item\":\"https:\/\/www.hantulantaimi.fi\/\"},{\"@type\":\"ListItem\",\"position\":2,\"name\":\"Valikoima\",\"item\":\"https:\/\/www.hantulantaimi.fi\/?page_id=768\"},{\"@type\":\"ListItem\",\"position\":3,\"name\":\"COTONEASTER LUCIDUS -Kiiltotuhkapensas\"}]},{\"@type\":\"WebSite\",\"@id\":\"https:\/\/www.hantulantaimi.fi\/#website\",\"url\":\"https:\/\/www.hantulantaimi.fi\/\",\"name\":\"\",\"description\":\"\",\"potentialAction\":[{\"@type\":\"SearchAction\",\"target\":{\"@type\":\"EntryPoint\",\"urlTemplate\":\"https:\/\/www.hantulantaimi.fi\/?s={search_term_string}\"},\"query-input\":{\"@type\":\"PropertyValueSpecification\",\"valueRequired\":true,\"valueName\":\"search_term_string\"}}],\"inLanguage\":\"fi\"}]}<\/script>\n<!-- \/ Yoast SEO plugin. -->","yoast_head_json":{"title":"COTONEASTER LUCIDUS -Kiiltotuhkapensas -","robots":{"index":"index","follow":"follow","max-snippet":"max-snippet:-1","max-image-preview":"max-image-preview:large","max-video-preview":"max-video-preview:-1"},"canonical":"https:\/\/www.hantulantaimi.fi\/?product=cotoneaster-lucidus-kiiltotuhkapensas","og_locale":"fi_FI","og_type":"article","og_title":"COTONEASTER LUCIDUS -Kiiltotuhkapensas -","og_description":"Astiataimi C1,5 koristearvo perustuu tihe\u00e4\u00e4n, peitt\u00e4v\u00e4\u00e4n, koristeelliseen kiilt\u00e4v\u00e4n vihre\u00e4\u00e4n lehdist\u00f6\u00f6n,  k\u00e4ytet\u00e4\u00e4n etenkin suojapensaana, pensasryhmiss\u00e4, leikattavissa aidoissa, kest\u00e4\u00e4 voimakastakin leikkausta  sek\u00e4 muotoilua sen laaja juuristo sitoo maan tiukasti. Kukinta: vaaleat vaatimattomat kukat kes\u00e4kuussa, mustat marjat sy\u00f6m\u00e4kelvottomat Korkeus: 1-2 m Taimiv\u00e4li: 0,6 m Kasvupaikka: siet\u00e4\u00e4 kuivuutta sek\u00e4 varjoa ja tuulta, mutta ei raskasta savimaata, eik\u00e4 edes lyhytaikaisesti seisovaa vett\u00e4  Vy\u00f6hyke: VI","og_url":"https:\/\/www.hantulantaimi.fi\/?product=cotoneaster-lucidus-kiiltotuhkapensas","article_modified_time":"2026-01-12T13:58:06+00:00","og_image":[{"width":1067,"height":800,"url":"https:\/\/www.hantulantaimi.fi\/wp-content\/uploads\/2023\/02\/Cotoneaster-lucidus_pikkupensas-6.7.04._copyJPG.jpg","type":"image\/jpeg"}],"twitter_card":"summary_large_image","schema":{"@context":"https:\/\/schema.org","@graph":[{"@type":"WebPage","@id":"https:\/\/www.hantulantaimi.fi\/?product=cotoneaster-lucidus-kiiltotuhkapensas","url":"https:\/\/www.hantulantaimi.fi\/?product=cotoneaster-lucidus-kiiltotuhkapensas","name":"COTONEASTER LUCIDUS -Kiiltotuhkapensas -","isPartOf":{"@id":"https:\/\/www.hantulantaimi.fi\/#website"},"primaryImageOfPage":{"@id":"https:\/\/www.hantulantaimi.fi\/?product=cotoneaster-lucidus-kiiltotuhkapensas#primaryimage"},"image":{"@id":"https:\/\/www.hantulantaimi.fi\/?product=cotoneaster-lucidus-kiiltotuhkapensas#primaryimage"},"thumbnailUrl":"https:\/\/www.hantulantaimi.fi\/wp-content\/uploads\/2023\/02\/Cotoneaster-lucidus_pikkupensas-6.7.04._copyJPG.jpg","datePublished":"2023-02-27T12:51:30+00:00","dateModified":"2026-01-12T13:58:06+00:00","breadcrumb":{"@id":"https:\/\/www.hantulantaimi.fi\/?product=cotoneaster-lucidus-kiiltotuhkapensas#breadcrumb"},"inLanguage":"fi","potentialAction":[{"@type":"ReadAction","target":["https:\/\/www.hantulantaimi.fi\/?product=cotoneaster-lucidus-kiiltotuhkapensas"]}]},{"@type":"ImageObject","inLanguage":"fi","@id":"https:\/\/www.hantulantaimi.fi\/?product=cotoneaster-lucidus-kiiltotuhkapensas#primaryimage","url":"https:\/\/www.hantulantaimi.fi\/wp-content\/uploads\/2023\/02\/Cotoneaster-lucidus_pikkupensas-6.7.04._copyJPG.jpg","contentUrl":"https:\/\/www.hantulantaimi.fi\/wp-content\/uploads\/2023\/02\/Cotoneaster-lucidus_pikkupensas-6.7.04._copyJPG.jpg","width":1067,"height":800,"caption":"OLYMPUS DIGITAL CAMERA"},{"@type":"BreadcrumbList","@id":"https:\/\/www.hantulantaimi.fi\/?product=cotoneaster-lucidus-kiiltotuhkapensas#breadcrumb","itemListElement":[{"@type":"ListItem","position":1,"name":"Home","item":"https:\/\/www.hantulantaimi.fi\/"},{"@type":"ListItem","position":2,"name":"Valikoima","item":"https:\/\/www.hantulantaimi.fi\/?page_id=768"},{"@type":"ListItem","position":3,"name":"COTONEASTER LUCIDUS -Kiiltotuhkapensas"}]},{"@type":"WebSite","@id":"https:\/\/www.hantulantaimi.fi\/#website","url":"https:\/\/www.hantulantaimi.fi\/","name":"","description":"","potentialAction":[{"@type":"SearchAction","target":{"@type":"EntryPoint","urlTemplate":"https:\/\/www.hantulantaimi.fi\/?s={search_term_string}"},"query-input":{"@type":"PropertyValueSpecification","valueRequired":true,"valueName":"search_term_string"}}],"inLanguage":"fi"}]}},"_links":{"self":[{"href":"https:\/\/www.hantulantaimi.fi\/index.php?rest_route=\/wp\/v2\/product\/7149","targetHints":{"allow":["GET"]}}],"collection":[{"href":"https:\/\/www.hantulantaimi.fi\/index.php?rest_route=\/wp\/v2\/product"}],"about":[{"href":"https:\/\/www.hantulantaimi.fi\/index.php?rest_route=\/wp\/v2\/types\/product"}],"version-history":[{"count":2,"href":"https:\/\/www.hantulantaimi.fi\/index.php?rest_route=\/wp\/v2\/product\/7149\/revisions"}],"predecessor-version":[{"id":7154,"href":"https:\/\/www.hantulantaimi.fi\/index.php?rest_route=\/wp\/v2\/product\/7149\/revisions\/7154"}],"wp:featuredmedia":[{"embeddable":true,"href":"https:\/\/www.hantulantaimi.fi\/index.php?rest_route=\/wp\/v2\/media\/7150"}],"wp:attachment":[{"href":"https:\/\/www.hantulantaimi.fi\/index.php?rest_route=%2Fwp%2Fv2%2Fmedia&parent=7149"}],"wp:term":[{"taxonomy":"product_brand","embeddable":true,"href":"https:\/\/www.hantulantaimi.fi\/index.php?rest_route=%2Fwp%2Fv2%2Fproduct_brand&post=7149"},{"taxonomy":"product_cat","embeddable":true,"href":"https:\/\/www.hantulantaimi.fi\/index.php?rest_route=%2Fwp%2Fv2%2Fproduct_cat&post=7149"},{"taxonomy":"product_tag","embeddable":true,"href":"https:\/\/www.hantulantaimi.fi\/index.php?rest_route=%2Fwp%2Fv2%2Fproduct_tag&post=7149"}],"curies":[{"name":"wp","href":"https:\/\/api.w.org\/{rel}","templated":true}]}}