{"id":6847,"date":"2022-07-27T15:37:50","date_gmt":"2022-07-27T12:37:50","guid":{"rendered":"https:\/\/www.hantulantaimi.fi\/?post_type=product&#038;p=6847"},"modified":"2022-07-27T15:39:07","modified_gmt":"2022-07-27T12:39:07","slug":"kekkilan-kesakukkaravinne-200g","status":"publish","type":"product","link":"https:\/\/www.hantulantaimi.fi\/?product=kekkilan-kesakukkaravinne-200g","title":{"rendered":"Kekkil\u00e4n Kes\u00e4kukkaravinne 200g"},"content":{"rendered":"","protected":false},"excerpt":{"rendered":"<p>Kes\u00e4kukkaravinne soveltuu k\u00e4ytett\u00e4v\u00e4ksi kes\u00e4kukille niin ruukuissa, amppeleissa, parvekelaatikoissa kuin kukkapenkeiss\u00e4. Kasteluveteen sekoitettavalla ravinteella takaat runsaan kukinnan ja hyv\u00e4n kasvun. Tasapainoinen ravinnekoostumus sis\u00e4lt\u00e4\u00e4 kaikki kes\u00e4kukille t\u00e4rke\u00e4t<br \/>\nhivenravinteet. Lannoita 1 krt\/vko, saat runsaan kukinnan<\/p>\n<h3>K\u00e4ytt\u00f6kohteet:<\/h3>\n<p>\u2022 Kes\u00e4kukat<br \/>\n\u2022 Parveke- ja terassikasvit<\/p>\n","protected":false},"featured_media":6848,"template":"","meta":{"site-sidebar-layout":"default","site-content-layout":"default","ast-site-content-layout":"default","site-content-style":"default","site-sidebar-style":"default","ast-global-header-display":"","ast-banner-title-visibility":"","ast-main-header-display":"","ast-hfb-above-header-display":"","ast-hfb-below-header-display":"","ast-hfb-mobile-header-display":"","site-post-title":"","ast-breadcrumbs-content":"","ast-featured-img":"","footer-sml-layout":"","theme-transparent-header-meta":"default","adv-header-id-meta":"","stick-header-meta":"","header-above-stick-meta":"","header-main-stick-meta":"","header-below-stick-meta":"","astra-migrate-meta-layouts":"default","ast-page-background-enabled":"default","ast-page-background-meta":{"desktop":{"background-color":"","background-image":"","background-repeat":"repeat","background-position":"center center","background-size":"auto","background-attachment":"scroll","background-type":"","background-media":"","overlay-type":"","overlay-color":"","overlay-opacity":"","overlay-gradient":""},"tablet":{"background-color":"","background-image":"","background-repeat":"repeat","background-position":"center center","background-size":"auto","background-attachment":"scroll","background-type":"","background-media":"","overlay-type":"","overlay-color":"","overlay-opacity":"","overlay-gradient":""},"mobile":{"background-color":"","background-image":"","background-repeat":"repeat","background-position":"center center","background-size":"auto","background-attachment":"scroll","background-type":"","background-media":"","overlay-type":"","overlay-color":"","overlay-opacity":"","overlay-gradient":""}},"ast-content-background-meta":{"desktop":{"background-color":"var(--ast-global-color-5)","background-image":"","background-repeat":"repeat","background-position":"center center","background-size":"auto","background-attachment":"scroll","background-type":"","background-media":"","overlay-type":"","overlay-color":"","overlay-opacity":"","overlay-gradient":""},"tablet":{"background-color":"var(--ast-global-color-5)","background-image":"","background-repeat":"repeat","background-position":"center center","background-size":"auto","background-attachment":"scroll","background-type":"","background-media":"","overlay-type":"","overlay-color":"","overlay-opacity":"","overlay-gradient":""},"mobile":{"background-color":"var(--ast-global-color-5)","background-image":"","background-repeat":"repeat","background-position":"center center","background-size":"auto","background-attachment":"scroll","background-type":"","background-media":"","overlay-type":"","overlay-color":"","overlay-opacity":"","overlay-gradient":""}}},"product_brand":[],"product_cat":[106],"product_tag":[],"class_list":{"0":"post-6847","1":"product","2":"type-product","3":"status-publish","4":"has-post-thumbnail","6":"product_cat-puutarhatarvikkeet","7":"desktop-align-left","8":"tablet-align-left","9":"mobile-align-left","11":"first","12":"instock","13":"shipping-taxable","14":"product-type-simple"},"yoast_head":"<!-- This site is optimized with the Yoast SEO plugin v26.9 - https:\/\/yoast.com\/product\/yoast-seo-wordpress\/ -->\n<title>Kekkil\u00e4n Kes\u00e4kukkaravinne 200g -<\/title>\n<meta name=\"robots\" content=\"index, follow, max-snippet:-1, max-image-preview:large, max-video-preview:-1\" \/>\n<link rel=\"canonical\" href=\"https:\/\/www.hantulantaimi.fi\/?product=kekkilan-kesakukkaravinne-200g\" \/>\n<meta property=\"og:locale\" content=\"fi_FI\" \/>\n<meta property=\"og:type\" content=\"article\" \/>\n<meta property=\"og:title\" content=\"Kekkil\u00e4n Kes\u00e4kukkaravinne 200g -\" \/>\n<meta property=\"og:description\" content=\"Kes\u00e4kukkaravinne soveltuu k\u00e4ytett\u00e4v\u00e4ksi kes\u00e4kukille niin ruukuissa, amppeleissa, parvekelaatikoissa kuin kukkapenkeiss\u00e4. Kasteluveteen sekoitettavalla ravinteella takaat runsaan kukinnan ja hyv\u00e4n kasvun. Tasapainoinen ravinnekoostumus sis\u00e4lt\u00e4\u00e4 kaikki kes\u00e4kukille t\u00e4rke\u00e4t hivenravinteet. Lannoita 1 krt\/vko, saat runsaan kukinnan K\u00e4ytt\u00f6kohteet: \u2022 Kes\u00e4kukat \u2022 Parveke- ja terassikasvit\" \/>\n<meta property=\"og:url\" content=\"https:\/\/www.hantulantaimi.fi\/?product=kekkilan-kesakukkaravinne-200g\" \/>\n<meta property=\"article:modified_time\" content=\"2022-07-27T12:39:07+00:00\" \/>\n<meta property=\"og:image\" content=\"https:\/\/www.hantulantaimi.fi\/wp-content\/uploads\/2022\/07\/kesakukkaravinne.png\" \/>\n\t<meta property=\"og:image:width\" content=\"800\" \/>\n\t<meta property=\"og:image:height\" content=\"800\" \/>\n\t<meta property=\"og:image:type\" content=\"image\/png\" \/>\n<meta name=\"twitter:card\" content=\"summary_large_image\" \/>\n<script type=\"application\/ld+json\" class=\"yoast-schema-graph\">{\"@context\":\"https:\/\/schema.org\",\"@graph\":[{\"@type\":\"WebPage\",\"@id\":\"https:\/\/www.hantulantaimi.fi\/?product=kekkilan-kesakukkaravinne-200g\",\"url\":\"https:\/\/www.hantulantaimi.fi\/?product=kekkilan-kesakukkaravinne-200g\",\"name\":\"Kekkil\u00e4n Kes\u00e4kukkaravinne 200g -\",\"isPartOf\":{\"@id\":\"https:\/\/www.hantulantaimi.fi\/#website\"},\"primaryImageOfPage\":{\"@id\":\"https:\/\/www.hantulantaimi.fi\/?product=kekkilan-kesakukkaravinne-200g#primaryimage\"},\"image\":{\"@id\":\"https:\/\/www.hantulantaimi.fi\/?product=kekkilan-kesakukkaravinne-200g#primaryimage\"},\"thumbnailUrl\":\"https:\/\/www.hantulantaimi.fi\/wp-content\/uploads\/2022\/07\/kesakukkaravinne.png\",\"datePublished\":\"2022-07-27T12:37:50+00:00\",\"dateModified\":\"2022-07-27T12:39:07+00:00\",\"breadcrumb\":{\"@id\":\"https:\/\/www.hantulantaimi.fi\/?product=kekkilan-kesakukkaravinne-200g#breadcrumb\"},\"inLanguage\":\"fi\",\"potentialAction\":[{\"@type\":\"ReadAction\",\"target\":[\"https:\/\/www.hantulantaimi.fi\/?product=kekkilan-kesakukkaravinne-200g\"]}]},{\"@type\":\"ImageObject\",\"inLanguage\":\"fi\",\"@id\":\"https:\/\/www.hantulantaimi.fi\/?product=kekkilan-kesakukkaravinne-200g#primaryimage\",\"url\":\"https:\/\/www.hantulantaimi.fi\/wp-content\/uploads\/2022\/07\/kesakukkaravinne.png\",\"contentUrl\":\"https:\/\/www.hantulantaimi.fi\/wp-content\/uploads\/2022\/07\/kesakukkaravinne.png\",\"width\":800,\"height\":800},{\"@type\":\"BreadcrumbList\",\"@id\":\"https:\/\/www.hantulantaimi.fi\/?product=kekkilan-kesakukkaravinne-200g#breadcrumb\",\"itemListElement\":[{\"@type\":\"ListItem\",\"position\":1,\"name\":\"Home\",\"item\":\"https:\/\/www.hantulantaimi.fi\/\"},{\"@type\":\"ListItem\",\"position\":2,\"name\":\"Valikoima\",\"item\":\"https:\/\/www.hantulantaimi.fi\/?page_id=768\"},{\"@type\":\"ListItem\",\"position\":3,\"name\":\"Kekkil\u00e4n Kes\u00e4kukkaravinne 200g\"}]},{\"@type\":\"WebSite\",\"@id\":\"https:\/\/www.hantulantaimi.fi\/#website\",\"url\":\"https:\/\/www.hantulantaimi.fi\/\",\"name\":\"\",\"description\":\"\",\"potentialAction\":[{\"@type\":\"SearchAction\",\"target\":{\"@type\":\"EntryPoint\",\"urlTemplate\":\"https:\/\/www.hantulantaimi.fi\/?s={search_term_string}\"},\"query-input\":{\"@type\":\"PropertyValueSpecification\",\"valueRequired\":true,\"valueName\":\"search_term_string\"}}],\"inLanguage\":\"fi\"}]}<\/script>\n<!-- \/ Yoast SEO plugin. -->","yoast_head_json":{"title":"Kekkil\u00e4n Kes\u00e4kukkaravinne 200g -","robots":{"index":"index","follow":"follow","max-snippet":"max-snippet:-1","max-image-preview":"max-image-preview:large","max-video-preview":"max-video-preview:-1"},"canonical":"https:\/\/www.hantulantaimi.fi\/?product=kekkilan-kesakukkaravinne-200g","og_locale":"fi_FI","og_type":"article","og_title":"Kekkil\u00e4n Kes\u00e4kukkaravinne 200g -","og_description":"Kes\u00e4kukkaravinne soveltuu k\u00e4ytett\u00e4v\u00e4ksi kes\u00e4kukille niin ruukuissa, amppeleissa, parvekelaatikoissa kuin kukkapenkeiss\u00e4. Kasteluveteen sekoitettavalla ravinteella takaat runsaan kukinnan ja hyv\u00e4n kasvun. Tasapainoinen ravinnekoostumus sis\u00e4lt\u00e4\u00e4 kaikki kes\u00e4kukille t\u00e4rke\u00e4t hivenravinteet. Lannoita 1 krt\/vko, saat runsaan kukinnan K\u00e4ytt\u00f6kohteet: \u2022 Kes\u00e4kukat \u2022 Parveke- ja terassikasvit","og_url":"https:\/\/www.hantulantaimi.fi\/?product=kekkilan-kesakukkaravinne-200g","article_modified_time":"2022-07-27T12:39:07+00:00","og_image":[{"width":800,"height":800,"url":"https:\/\/www.hantulantaimi.fi\/wp-content\/uploads\/2022\/07\/kesakukkaravinne.png","type":"image\/png"}],"twitter_card":"summary_large_image","schema":{"@context":"https:\/\/schema.org","@graph":[{"@type":"WebPage","@id":"https:\/\/www.hantulantaimi.fi\/?product=kekkilan-kesakukkaravinne-200g","url":"https:\/\/www.hantulantaimi.fi\/?product=kekkilan-kesakukkaravinne-200g","name":"Kekkil\u00e4n Kes\u00e4kukkaravinne 200g -","isPartOf":{"@id":"https:\/\/www.hantulantaimi.fi\/#website"},"primaryImageOfPage":{"@id":"https:\/\/www.hantulantaimi.fi\/?product=kekkilan-kesakukkaravinne-200g#primaryimage"},"image":{"@id":"https:\/\/www.hantulantaimi.fi\/?product=kekkilan-kesakukkaravinne-200g#primaryimage"},"thumbnailUrl":"https:\/\/www.hantulantaimi.fi\/wp-content\/uploads\/2022\/07\/kesakukkaravinne.png","datePublished":"2022-07-27T12:37:50+00:00","dateModified":"2022-07-27T12:39:07+00:00","breadcrumb":{"@id":"https:\/\/www.hantulantaimi.fi\/?product=kekkilan-kesakukkaravinne-200g#breadcrumb"},"inLanguage":"fi","potentialAction":[{"@type":"ReadAction","target":["https:\/\/www.hantulantaimi.fi\/?product=kekkilan-kesakukkaravinne-200g"]}]},{"@type":"ImageObject","inLanguage":"fi","@id":"https:\/\/www.hantulantaimi.fi\/?product=kekkilan-kesakukkaravinne-200g#primaryimage","url":"https:\/\/www.hantulantaimi.fi\/wp-content\/uploads\/2022\/07\/kesakukkaravinne.png","contentUrl":"https:\/\/www.hantulantaimi.fi\/wp-content\/uploads\/2022\/07\/kesakukkaravinne.png","width":800,"height":800},{"@type":"BreadcrumbList","@id":"https:\/\/www.hantulantaimi.fi\/?product=kekkilan-kesakukkaravinne-200g#breadcrumb","itemListElement":[{"@type":"ListItem","position":1,"name":"Home","item":"https:\/\/www.hantulantaimi.fi\/"},{"@type":"ListItem","position":2,"name":"Valikoima","item":"https:\/\/www.hantulantaimi.fi\/?page_id=768"},{"@type":"ListItem","position":3,"name":"Kekkil\u00e4n Kes\u00e4kukkaravinne 200g"}]},{"@type":"WebSite","@id":"https:\/\/www.hantulantaimi.fi\/#website","url":"https:\/\/www.hantulantaimi.fi\/","name":"","description":"","potentialAction":[{"@type":"SearchAction","target":{"@type":"EntryPoint","urlTemplate":"https:\/\/www.hantulantaimi.fi\/?s={search_term_string}"},"query-input":{"@type":"PropertyValueSpecification","valueRequired":true,"valueName":"search_term_string"}}],"inLanguage":"fi"}]}},"_links":{"self":[{"href":"https:\/\/www.hantulantaimi.fi\/index.php?rest_route=\/wp\/v2\/product\/6847","targetHints":{"allow":["GET"]}}],"collection":[{"href":"https:\/\/www.hantulantaimi.fi\/index.php?rest_route=\/wp\/v2\/product"}],"about":[{"href":"https:\/\/www.hantulantaimi.fi\/index.php?rest_route=\/wp\/v2\/types\/product"}],"version-history":[{"count":1,"href":"https:\/\/www.hantulantaimi.fi\/index.php?rest_route=\/wp\/v2\/product\/6847\/revisions"}],"predecessor-version":[{"id":6849,"href":"https:\/\/www.hantulantaimi.fi\/index.php?rest_route=\/wp\/v2\/product\/6847\/revisions\/6849"}],"wp:featuredmedia":[{"embeddable":true,"href":"https:\/\/www.hantulantaimi.fi\/index.php?rest_route=\/wp\/v2\/media\/6848"}],"wp:attachment":[{"href":"https:\/\/www.hantulantaimi.fi\/index.php?rest_route=%2Fwp%2Fv2%2Fmedia&parent=6847"}],"wp:term":[{"taxonomy":"product_brand","embeddable":true,"href":"https:\/\/www.hantulantaimi.fi\/index.php?rest_route=%2Fwp%2Fv2%2Fproduct_brand&post=6847"},{"taxonomy":"product_cat","embeddable":true,"href":"https:\/\/www.hantulantaimi.fi\/index.php?rest_route=%2Fwp%2Fv2%2Fproduct_cat&post=6847"},{"taxonomy":"product_tag","embeddable":true,"href":"https:\/\/www.hantulantaimi.fi\/index.php?rest_route=%2Fwp%2Fv2%2Fproduct_tag&post=6847"}],"curies":[{"name":"wp","href":"https:\/\/api.w.org\/{rel}","templated":true}]}}