{"id":6838,"date":"2022-07-27T15:30:35","date_gmt":"2022-07-27T12:30:35","guid":{"rendered":"https:\/\/www.hantulantaimi.fi\/?post_type=product&#038;p=6838"},"modified":"2022-07-27T15:32:41","modified_gmt":"2022-07-27T12:32:41","slug":"kekkilan-kasvimaalannoite-luonnonmukainen-3l","status":"publish","type":"product","link":"https:\/\/www.hantulantaimi.fi\/?product=kekkilan-kasvimaalannoite-luonnonmukainen-3l","title":{"rendered":"Kekkil\u00e4n Kasvimaalannoite luonnonmukainen 3l"},"content":{"rendered":"","protected":false},"excerpt":{"rendered":"<p>Kekkil\u00e4 Kasvimaalannoite sis\u00e4lt\u00e4\u00e4 kaikki tarvittavat ravinteet ja hivenaineet, joiden ansiosta vihannekset ja juurekset kasvavat elinvoimaisesti ja tuottavat hyv\u00e4n sadon.<\/p>\n<p>Luonnonmukaiset, hitaasti vapautuvat ravinteet antavat kasveille kasvuvoimaa pitk\u00e4\u00e4n ja parantavat samalla maan pieneli\u00f6toimintaa. Murumaista lannoitetta on helppo annostella ja levitt\u00e4\u00e4.<\/p>\n<p>Kekkil\u00e4 Kasvimaalannoite on luontoa s\u00e4\u00e4st\u00e4v\u00e4 kierr\u00e4tyslannoite. Sen raaka-aineet ovat ruokatuotannon sivutuotteita, ja niiden sis\u00e4lt\u00e4m\u00e4t ravinteet saadaan n\u00e4in palaamaan maahan luonnollisella ja ymp\u00e4rist\u00f6yst\u00e4v\u00e4llisell\u00e4 tavalla. Kekkil\u00e4 Kasvimaalannoite soveltuu luonnonmukaiseen viljelyyn (EU asetusten 834\/2007 ja 889\/2008 mukaisesti) ja on listattu Ruokaviraston yll\u00e4pit\u00e4m\u00e4\u00e4n luomulannoiteluetteloon.<\/p>\n<p>Luonnonmukainen Kasvimaalannoite on osa Kekkil\u00e4n luomulannoitesarjaa, johon kuuluvat my\u00f6s\u00a0Perunalannoite\u00a0ja\u00a0Marjalannoite. Ne on pakattu 100 % kierr\u00e4tysmuovipakkauksiin, jotka on tehty t\u00e4ysin kierr\u00e4tetyst\u00e4, kuluttajilta ker\u00e4tyst\u00e4 pakkausmuovista.<\/p>\n","protected":false},"featured_media":6839,"template":"","meta":{"site-sidebar-layout":"default","site-content-layout":"default","ast-site-content-layout":"default","site-content-style":"default","site-sidebar-style":"default","ast-global-header-display":"","ast-banner-title-visibility":"","ast-main-header-display":"","ast-hfb-above-header-display":"","ast-hfb-below-header-display":"","ast-hfb-mobile-header-display":"","site-post-title":"","ast-breadcrumbs-content":"","ast-featured-img":"","footer-sml-layout":"","theme-transparent-header-meta":"default","adv-header-id-meta":"","stick-header-meta":"","header-above-stick-meta":"","header-main-stick-meta":"","header-below-stick-meta":"","astra-migrate-meta-layouts":"default","ast-page-background-enabled":"default","ast-page-background-meta":{"desktop":{"background-color":"","background-image":"","background-repeat":"repeat","background-position":"center center","background-size":"auto","background-attachment":"scroll","background-type":"","background-media":"","overlay-type":"","overlay-color":"","overlay-opacity":"","overlay-gradient":""},"tablet":{"background-color":"","background-image":"","background-repeat":"repeat","background-position":"center center","background-size":"auto","background-attachment":"scroll","background-type":"","background-media":"","overlay-type":"","overlay-color":"","overlay-opacity":"","overlay-gradient":""},"mobile":{"background-color":"","background-image":"","background-repeat":"repeat","background-position":"center center","background-size":"auto","background-attachment":"scroll","background-type":"","background-media":"","overlay-type":"","overlay-color":"","overlay-opacity":"","overlay-gradient":""}},"ast-content-background-meta":{"desktop":{"background-color":"var(--ast-global-color-5)","background-image":"","background-repeat":"repeat","background-position":"center center","background-size":"auto","background-attachment":"scroll","background-type":"","background-media":"","overlay-type":"","overlay-color":"","overlay-opacity":"","overlay-gradient":""},"tablet":{"background-color":"var(--ast-global-color-5)","background-image":"","background-repeat":"repeat","background-position":"center center","background-size":"auto","background-attachment":"scroll","background-type":"","background-media":"","overlay-type":"","overlay-color":"","overlay-opacity":"","overlay-gradient":""},"mobile":{"background-color":"var(--ast-global-color-5)","background-image":"","background-repeat":"repeat","background-position":"center center","background-size":"auto","background-attachment":"scroll","background-type":"","background-media":"","overlay-type":"","overlay-color":"","overlay-opacity":"","overlay-gradient":""}}},"product_brand":[],"product_cat":[106],"product_tag":[],"class_list":{"0":"post-6838","1":"product","2":"type-product","3":"status-publish","4":"has-post-thumbnail","6":"product_cat-puutarhatarvikkeet","7":"desktop-align-left","8":"tablet-align-left","9":"mobile-align-left","11":"first","12":"instock","13":"shipping-taxable","14":"product-type-simple"},"yoast_head":"<!-- This site is optimized with the Yoast SEO plugin v26.9 - https:\/\/yoast.com\/product\/yoast-seo-wordpress\/ -->\n<title>Kekkil\u00e4n Kasvimaalannoite luonnonmukainen 3l -<\/title>\n<meta name=\"robots\" content=\"index, follow, max-snippet:-1, max-image-preview:large, max-video-preview:-1\" \/>\n<link rel=\"canonical\" href=\"https:\/\/www.hantulantaimi.fi\/?product=kekkilan-kasvimaalannoite-luonnonmukainen-3l\" \/>\n<meta property=\"og:locale\" content=\"fi_FI\" \/>\n<meta property=\"og:type\" content=\"article\" \/>\n<meta property=\"og:title\" content=\"Kekkil\u00e4n Kasvimaalannoite luonnonmukainen 3l -\" \/>\n<meta property=\"og:description\" content=\"Kekkil\u00e4 Kasvimaalannoite sis\u00e4lt\u00e4\u00e4 kaikki tarvittavat ravinteet ja hivenaineet, joiden ansiosta vihannekset ja juurekset kasvavat elinvoimaisesti ja tuottavat hyv\u00e4n sadon.  Luonnonmukaiset, hitaasti vapautuvat ravinteet antavat kasveille kasvuvoimaa pitk\u00e4\u00e4n ja parantavat samalla maan pieneli\u00f6toimintaa. Murumaista lannoitetta on helppo annostella ja levitt\u00e4\u00e4.  Kekkil\u00e4 Kasvimaalannoite on luontoa s\u00e4\u00e4st\u00e4v\u00e4 kierr\u00e4tyslannoite. Sen raaka-aineet ovat ruokatuotannon sivutuotteita, ja niiden sis\u00e4lt\u00e4m\u00e4t ravinteet saadaan n\u00e4in palaamaan maahan luonnollisella ja ymp\u00e4rist\u00f6yst\u00e4v\u00e4llisell\u00e4 tavalla. Kekkil\u00e4 Kasvimaalannoite soveltuu luonnonmukaiseen viljelyyn (EU asetusten 834\/2007 ja 889\/2008 mukaisesti) ja on listattu Ruokaviraston yll\u00e4pit\u00e4m\u00e4\u00e4n luomulannoiteluetteloon.  Luonnonmukainen Kasvimaalannoite on osa Kekkil\u00e4n luomulannoitesarjaa, johon kuuluvat my\u00f6s\u00a0Perunalannoite\u00a0ja\u00a0Marjalannoite. Ne on pakattu 100 % kierr\u00e4tysmuovipakkauksiin, jotka on tehty t\u00e4ysin kierr\u00e4tetyst\u00e4, kuluttajilta ker\u00e4tyst\u00e4 pakkausmuovista.\" \/>\n<meta property=\"og:url\" content=\"https:\/\/www.hantulantaimi.fi\/?product=kekkilan-kasvimaalannoite-luonnonmukainen-3l\" \/>\n<meta property=\"article:modified_time\" content=\"2022-07-27T12:32:41+00:00\" \/>\n<meta property=\"og:image\" content=\"https:\/\/www.hantulantaimi.fi\/wp-content\/uploads\/2022\/07\/kasvimaalannoite.jpg\" \/>\n\t<meta property=\"og:image:width\" content=\"800\" \/>\n\t<meta property=\"og:image:height\" content=\"800\" \/>\n\t<meta property=\"og:image:type\" content=\"image\/jpeg\" \/>\n<meta name=\"twitter:card\" content=\"summary_large_image\" \/>\n<script type=\"application\/ld+json\" class=\"yoast-schema-graph\">{\"@context\":\"https:\/\/schema.org\",\"@graph\":[{\"@type\":\"WebPage\",\"@id\":\"https:\/\/www.hantulantaimi.fi\/?product=kekkilan-kasvimaalannoite-luonnonmukainen-3l\",\"url\":\"https:\/\/www.hantulantaimi.fi\/?product=kekkilan-kasvimaalannoite-luonnonmukainen-3l\",\"name\":\"Kekkil\u00e4n Kasvimaalannoite luonnonmukainen 3l -\",\"isPartOf\":{\"@id\":\"https:\/\/www.hantulantaimi.fi\/#website\"},\"primaryImageOfPage\":{\"@id\":\"https:\/\/www.hantulantaimi.fi\/?product=kekkilan-kasvimaalannoite-luonnonmukainen-3l#primaryimage\"},\"image\":{\"@id\":\"https:\/\/www.hantulantaimi.fi\/?product=kekkilan-kasvimaalannoite-luonnonmukainen-3l#primaryimage\"},\"thumbnailUrl\":\"https:\/\/www.hantulantaimi.fi\/wp-content\/uploads\/2022\/07\/kasvimaalannoite.jpg\",\"datePublished\":\"2022-07-27T12:30:35+00:00\",\"dateModified\":\"2022-07-27T12:32:41+00:00\",\"breadcrumb\":{\"@id\":\"https:\/\/www.hantulantaimi.fi\/?product=kekkilan-kasvimaalannoite-luonnonmukainen-3l#breadcrumb\"},\"inLanguage\":\"fi\",\"potentialAction\":[{\"@type\":\"ReadAction\",\"target\":[\"https:\/\/www.hantulantaimi.fi\/?product=kekkilan-kasvimaalannoite-luonnonmukainen-3l\"]}]},{\"@type\":\"ImageObject\",\"inLanguage\":\"fi\",\"@id\":\"https:\/\/www.hantulantaimi.fi\/?product=kekkilan-kasvimaalannoite-luonnonmukainen-3l#primaryimage\",\"url\":\"https:\/\/www.hantulantaimi.fi\/wp-content\/uploads\/2022\/07\/kasvimaalannoite.jpg\",\"contentUrl\":\"https:\/\/www.hantulantaimi.fi\/wp-content\/uploads\/2022\/07\/kasvimaalannoite.jpg\",\"width\":800,\"height\":800},{\"@type\":\"BreadcrumbList\",\"@id\":\"https:\/\/www.hantulantaimi.fi\/?product=kekkilan-kasvimaalannoite-luonnonmukainen-3l#breadcrumb\",\"itemListElement\":[{\"@type\":\"ListItem\",\"position\":1,\"name\":\"Home\",\"item\":\"https:\/\/www.hantulantaimi.fi\/\"},{\"@type\":\"ListItem\",\"position\":2,\"name\":\"Valikoima\",\"item\":\"https:\/\/www.hantulantaimi.fi\/?page_id=768\"},{\"@type\":\"ListItem\",\"position\":3,\"name\":\"Kekkil\u00e4n Kasvimaalannoite luonnonmukainen 3l\"}]},{\"@type\":\"WebSite\",\"@id\":\"https:\/\/www.hantulantaimi.fi\/#website\",\"url\":\"https:\/\/www.hantulantaimi.fi\/\",\"name\":\"\",\"description\":\"\",\"potentialAction\":[{\"@type\":\"SearchAction\",\"target\":{\"@type\":\"EntryPoint\",\"urlTemplate\":\"https:\/\/www.hantulantaimi.fi\/?s={search_term_string}\"},\"query-input\":{\"@type\":\"PropertyValueSpecification\",\"valueRequired\":true,\"valueName\":\"search_term_string\"}}],\"inLanguage\":\"fi\"}]}<\/script>\n<!-- \/ Yoast SEO plugin. -->","yoast_head_json":{"title":"Kekkil\u00e4n Kasvimaalannoite luonnonmukainen 3l -","robots":{"index":"index","follow":"follow","max-snippet":"max-snippet:-1","max-image-preview":"max-image-preview:large","max-video-preview":"max-video-preview:-1"},"canonical":"https:\/\/www.hantulantaimi.fi\/?product=kekkilan-kasvimaalannoite-luonnonmukainen-3l","og_locale":"fi_FI","og_type":"article","og_title":"Kekkil\u00e4n Kasvimaalannoite luonnonmukainen 3l -","og_description":"Kekkil\u00e4 Kasvimaalannoite sis\u00e4lt\u00e4\u00e4 kaikki tarvittavat ravinteet ja hivenaineet, joiden ansiosta vihannekset ja juurekset kasvavat elinvoimaisesti ja tuottavat hyv\u00e4n sadon.  Luonnonmukaiset, hitaasti vapautuvat ravinteet antavat kasveille kasvuvoimaa pitk\u00e4\u00e4n ja parantavat samalla maan pieneli\u00f6toimintaa. Murumaista lannoitetta on helppo annostella ja levitt\u00e4\u00e4.  Kekkil\u00e4 Kasvimaalannoite on luontoa s\u00e4\u00e4st\u00e4v\u00e4 kierr\u00e4tyslannoite. Sen raaka-aineet ovat ruokatuotannon sivutuotteita, ja niiden sis\u00e4lt\u00e4m\u00e4t ravinteet saadaan n\u00e4in palaamaan maahan luonnollisella ja ymp\u00e4rist\u00f6yst\u00e4v\u00e4llisell\u00e4 tavalla. Kekkil\u00e4 Kasvimaalannoite soveltuu luonnonmukaiseen viljelyyn (EU asetusten 834\/2007 ja 889\/2008 mukaisesti) ja on listattu Ruokaviraston yll\u00e4pit\u00e4m\u00e4\u00e4n luomulannoiteluetteloon.  Luonnonmukainen Kasvimaalannoite on osa Kekkil\u00e4n luomulannoitesarjaa, johon kuuluvat my\u00f6s\u00a0Perunalannoite\u00a0ja\u00a0Marjalannoite. Ne on pakattu 100 % kierr\u00e4tysmuovipakkauksiin, jotka on tehty t\u00e4ysin kierr\u00e4tetyst\u00e4, kuluttajilta ker\u00e4tyst\u00e4 pakkausmuovista.","og_url":"https:\/\/www.hantulantaimi.fi\/?product=kekkilan-kasvimaalannoite-luonnonmukainen-3l","article_modified_time":"2022-07-27T12:32:41+00:00","og_image":[{"width":800,"height":800,"url":"https:\/\/www.hantulantaimi.fi\/wp-content\/uploads\/2022\/07\/kasvimaalannoite.jpg","type":"image\/jpeg"}],"twitter_card":"summary_large_image","schema":{"@context":"https:\/\/schema.org","@graph":[{"@type":"WebPage","@id":"https:\/\/www.hantulantaimi.fi\/?product=kekkilan-kasvimaalannoite-luonnonmukainen-3l","url":"https:\/\/www.hantulantaimi.fi\/?product=kekkilan-kasvimaalannoite-luonnonmukainen-3l","name":"Kekkil\u00e4n Kasvimaalannoite luonnonmukainen 3l -","isPartOf":{"@id":"https:\/\/www.hantulantaimi.fi\/#website"},"primaryImageOfPage":{"@id":"https:\/\/www.hantulantaimi.fi\/?product=kekkilan-kasvimaalannoite-luonnonmukainen-3l#primaryimage"},"image":{"@id":"https:\/\/www.hantulantaimi.fi\/?product=kekkilan-kasvimaalannoite-luonnonmukainen-3l#primaryimage"},"thumbnailUrl":"https:\/\/www.hantulantaimi.fi\/wp-content\/uploads\/2022\/07\/kasvimaalannoite.jpg","datePublished":"2022-07-27T12:30:35+00:00","dateModified":"2022-07-27T12:32:41+00:00","breadcrumb":{"@id":"https:\/\/www.hantulantaimi.fi\/?product=kekkilan-kasvimaalannoite-luonnonmukainen-3l#breadcrumb"},"inLanguage":"fi","potentialAction":[{"@type":"ReadAction","target":["https:\/\/www.hantulantaimi.fi\/?product=kekkilan-kasvimaalannoite-luonnonmukainen-3l"]}]},{"@type":"ImageObject","inLanguage":"fi","@id":"https:\/\/www.hantulantaimi.fi\/?product=kekkilan-kasvimaalannoite-luonnonmukainen-3l#primaryimage","url":"https:\/\/www.hantulantaimi.fi\/wp-content\/uploads\/2022\/07\/kasvimaalannoite.jpg","contentUrl":"https:\/\/www.hantulantaimi.fi\/wp-content\/uploads\/2022\/07\/kasvimaalannoite.jpg","width":800,"height":800},{"@type":"BreadcrumbList","@id":"https:\/\/www.hantulantaimi.fi\/?product=kekkilan-kasvimaalannoite-luonnonmukainen-3l#breadcrumb","itemListElement":[{"@type":"ListItem","position":1,"name":"Home","item":"https:\/\/www.hantulantaimi.fi\/"},{"@type":"ListItem","position":2,"name":"Valikoima","item":"https:\/\/www.hantulantaimi.fi\/?page_id=768"},{"@type":"ListItem","position":3,"name":"Kekkil\u00e4n Kasvimaalannoite luonnonmukainen 3l"}]},{"@type":"WebSite","@id":"https:\/\/www.hantulantaimi.fi\/#website","url":"https:\/\/www.hantulantaimi.fi\/","name":"","description":"","potentialAction":[{"@type":"SearchAction","target":{"@type":"EntryPoint","urlTemplate":"https:\/\/www.hantulantaimi.fi\/?s={search_term_string}"},"query-input":{"@type":"PropertyValueSpecification","valueRequired":true,"valueName":"search_term_string"}}],"inLanguage":"fi"}]}},"_links":{"self":[{"href":"https:\/\/www.hantulantaimi.fi\/index.php?rest_route=\/wp\/v2\/product\/6838","targetHints":{"allow":["GET"]}}],"collection":[{"href":"https:\/\/www.hantulantaimi.fi\/index.php?rest_route=\/wp\/v2\/product"}],"about":[{"href":"https:\/\/www.hantulantaimi.fi\/index.php?rest_route=\/wp\/v2\/types\/product"}],"version-history":[{"count":1,"href":"https:\/\/www.hantulantaimi.fi\/index.php?rest_route=\/wp\/v2\/product\/6838\/revisions"}],"predecessor-version":[{"id":6840,"href":"https:\/\/www.hantulantaimi.fi\/index.php?rest_route=\/wp\/v2\/product\/6838\/revisions\/6840"}],"wp:featuredmedia":[{"embeddable":true,"href":"https:\/\/www.hantulantaimi.fi\/index.php?rest_route=\/wp\/v2\/media\/6839"}],"wp:attachment":[{"href":"https:\/\/www.hantulantaimi.fi\/index.php?rest_route=%2Fwp%2Fv2%2Fmedia&parent=6838"}],"wp:term":[{"taxonomy":"product_brand","embeddable":true,"href":"https:\/\/www.hantulantaimi.fi\/index.php?rest_route=%2Fwp%2Fv2%2Fproduct_brand&post=6838"},{"taxonomy":"product_cat","embeddable":true,"href":"https:\/\/www.hantulantaimi.fi\/index.php?rest_route=%2Fwp%2Fv2%2Fproduct_cat&post=6838"},{"taxonomy":"product_tag","embeddable":true,"href":"https:\/\/www.hantulantaimi.fi\/index.php?rest_route=%2Fwp%2Fv2%2Fproduct_tag&post=6838"}],"curies":[{"name":"wp","href":"https:\/\/api.w.org\/{rel}","templated":true}]}}