{"id":6834,"date":"2022-07-27T15:26:12","date_gmt":"2022-07-27T12:26:12","guid":{"rendered":"https:\/\/www.hantulantaimi.fi\/?post_type=product&#038;p=6834"},"modified":"2026-01-13T14:17:52","modified_gmt":"2026-01-13T12:17:52","slug":"kekkilan-kastelulannoite-800g-25kg-punainen-lannoite","status":"publish","type":"product","link":"https:\/\/www.hantulantaimi.fi\/?product=kekkilan-kastelulannoite-800g-25kg-punainen-lannoite","title":{"rendered":"Kekkil\u00e4n Kastelulannoite 800g \/ 2,5kg (&#8221;punainen lannoite&#8221;)"},"content":{"rendered":"","protected":false},"excerpt":{"rendered":"<p>Kastelulannoite on kaikkien kotipuutarhan kasvien hoitolannoite.\u00a0 Se liukenee nopeasti veteen, joten lannoitteen antaminen esim. kastelukannulla k\u00e4y vaivattomasti. Veden mukana ravinteet tulevat v\u00e4litt\u00f6m\u00e4sti kasvien k\u00e4ytt\u00f6\u00f6n antamaan uutta elinvoimaa<\/p>\n<p>Kastelulannoitetta annetaan pihan kasveille touko-elokuussa, jolloin ravinteiden ja kastelun tarve on suurimmillaan. Yksivuotisten kes\u00e4kukkien lannoitusta kannattaa jatkaa pitk\u00e4lle syksyyn saakka, jotta kukinta jatkuisi runsaana mahdollisimman pitk\u00e4\u00e4n. Kasvihuoneissa lannoitetaan viljelt\u00e4vien kasvien ravinnetarpeen mukaan joka kastelukerta.<\/p>\n<p>Sis\u00e4lt\u00e4\u00e4 sopivasti typpe\u00e4, runsas kaliumpitoisuus parantaa kukintaa ja satoa. My\u00f6s hivenravinteet.<\/p>\n<p>Pihan, parvekkeen ja kasvihuoneen kasveille.<\/p>\n","protected":false},"featured_media":6835,"template":"","meta":{"site-sidebar-layout":"default","site-content-layout":"default","ast-site-content-layout":"default","site-content-style":"default","site-sidebar-style":"default","ast-global-header-display":"","ast-banner-title-visibility":"","ast-main-header-display":"","ast-hfb-above-header-display":"","ast-hfb-below-header-display":"","ast-hfb-mobile-header-display":"","site-post-title":"","ast-breadcrumbs-content":"","ast-featured-img":"","footer-sml-layout":"","theme-transparent-header-meta":"default","adv-header-id-meta":"","stick-header-meta":"","header-above-stick-meta":"","header-main-stick-meta":"","header-below-stick-meta":"","astra-migrate-meta-layouts":"default","ast-page-background-enabled":"default","ast-page-background-meta":{"desktop":{"background-color":"","background-image":"","background-repeat":"repeat","background-position":"center center","background-size":"auto","background-attachment":"scroll","background-type":"","background-media":"","overlay-type":"","overlay-color":"","overlay-opacity":"","overlay-gradient":""},"tablet":{"background-color":"","background-image":"","background-repeat":"repeat","background-position":"center center","background-size":"auto","background-attachment":"scroll","background-type":"","background-media":"","overlay-type":"","overlay-color":"","overlay-opacity":"","overlay-gradient":""},"mobile":{"background-color":"","background-image":"","background-repeat":"repeat","background-position":"center center","background-size":"auto","background-attachment":"scroll","background-type":"","background-media":"","overlay-type":"","overlay-color":"","overlay-opacity":"","overlay-gradient":""}},"ast-content-background-meta":{"desktop":{"background-color":"var(--ast-global-color-5)","background-image":"","background-repeat":"repeat","background-position":"center center","background-size":"auto","background-attachment":"scroll","background-type":"","background-media":"","overlay-type":"","overlay-color":"","overlay-opacity":"","overlay-gradient":""},"tablet":{"background-color":"var(--ast-global-color-5)","background-image":"","background-repeat":"repeat","background-position":"center center","background-size":"auto","background-attachment":"scroll","background-type":"","background-media":"","overlay-type":"","overlay-color":"","overlay-opacity":"","overlay-gradient":""},"mobile":{"background-color":"var(--ast-global-color-5)","background-image":"","background-repeat":"repeat","background-position":"center center","background-size":"auto","background-attachment":"scroll","background-type":"","background-media":"","overlay-type":"","overlay-color":"","overlay-opacity":"","overlay-gradient":""}}},"product_brand":[],"product_cat":[106],"product_tag":[],"class_list":{"0":"post-6834","1":"product","2":"type-product","3":"status-publish","4":"has-post-thumbnail","6":"product_cat-puutarhatarvikkeet","7":"desktop-align-left","8":"tablet-align-left","9":"mobile-align-left","11":"first","12":"instock","13":"shipping-taxable","14":"product-type-simple"},"yoast_head":"<!-- This site is optimized with the Yoast SEO plugin v26.9 - https:\/\/yoast.com\/product\/yoast-seo-wordpress\/ -->\n<title>Kekkil\u00e4n Kastelulannoite 800g \/ 2,5kg (&quot;punainen lannoite&quot;) -<\/title>\n<meta name=\"robots\" content=\"index, follow, max-snippet:-1, max-image-preview:large, max-video-preview:-1\" \/>\n<link rel=\"canonical\" href=\"https:\/\/www.hantulantaimi.fi\/?product=kekkilan-kastelulannoite-800g-25kg-punainen-lannoite\" \/>\n<meta property=\"og:locale\" content=\"fi_FI\" \/>\n<meta property=\"og:type\" content=\"article\" \/>\n<meta property=\"og:title\" content=\"Kekkil\u00e4n Kastelulannoite 800g \/ 2,5kg (&quot;punainen lannoite&quot;) -\" \/>\n<meta property=\"og:description\" content=\"Kastelulannoite on kaikkien kotipuutarhan kasvien hoitolannoite.\u00a0 Se liukenee nopeasti veteen, joten lannoitteen antaminen esim. kastelukannulla k\u00e4y vaivattomasti. Veden mukana ravinteet tulevat v\u00e4litt\u00f6m\u00e4sti kasvien k\u00e4ytt\u00f6\u00f6n antamaan uutta elinvoimaa  Kastelulannoitetta annetaan pihan kasveille touko-elokuussa, jolloin ravinteiden ja kastelun tarve on suurimmillaan. Yksivuotisten kes\u00e4kukkien lannoitusta kannattaa jatkaa pitk\u00e4lle syksyyn saakka, jotta kukinta jatkuisi runsaana mahdollisimman pitk\u00e4\u00e4n. Kasvihuoneissa lannoitetaan viljelt\u00e4vien kasvien ravinnetarpeen mukaan joka kastelukerta.  Sis\u00e4lt\u00e4\u00e4 sopivasti typpe\u00e4, runsas kaliumpitoisuus parantaa kukintaa ja satoa. My\u00f6s hivenravinteet.  Pihan, parvekkeen ja kasvihuoneen kasveille.\" \/>\n<meta property=\"og:url\" content=\"https:\/\/www.hantulantaimi.fi\/?product=kekkilan-kastelulannoite-800g-25kg-punainen-lannoite\" \/>\n<meta property=\"article:modified_time\" content=\"2026-01-13T12:17:52+00:00\" \/>\n<meta property=\"og:image\" content=\"https:\/\/www.hantulantaimi.fi\/wp-content\/uploads\/2022\/07\/kastelulannoite-800g.jpg\" \/>\n\t<meta property=\"og:image:width\" content=\"800\" \/>\n\t<meta property=\"og:image:height\" content=\"800\" \/>\n\t<meta property=\"og:image:type\" content=\"image\/jpeg\" \/>\n<meta name=\"twitter:card\" content=\"summary_large_image\" \/>\n<script type=\"application\/ld+json\" class=\"yoast-schema-graph\">{\"@context\":\"https:\/\/schema.org\",\"@graph\":[{\"@type\":\"WebPage\",\"@id\":\"https:\/\/www.hantulantaimi.fi\/?product=kekkilan-kastelulannoite-800g-25kg-punainen-lannoite\",\"url\":\"https:\/\/www.hantulantaimi.fi\/?product=kekkilan-kastelulannoite-800g-25kg-punainen-lannoite\",\"name\":\"Kekkil\u00e4n Kastelulannoite 800g \/ 2,5kg (\\\"punainen lannoite\\\") -\",\"isPartOf\":{\"@id\":\"https:\/\/www.hantulantaimi.fi\/#website\"},\"primaryImageOfPage\":{\"@id\":\"https:\/\/www.hantulantaimi.fi\/?product=kekkilan-kastelulannoite-800g-25kg-punainen-lannoite#primaryimage\"},\"image\":{\"@id\":\"https:\/\/www.hantulantaimi.fi\/?product=kekkilan-kastelulannoite-800g-25kg-punainen-lannoite#primaryimage\"},\"thumbnailUrl\":\"https:\/\/www.hantulantaimi.fi\/wp-content\/uploads\/2022\/07\/kastelulannoite-800g.jpg\",\"datePublished\":\"2022-07-27T12:26:12+00:00\",\"dateModified\":\"2026-01-13T12:17:52+00:00\",\"breadcrumb\":{\"@id\":\"https:\/\/www.hantulantaimi.fi\/?product=kekkilan-kastelulannoite-800g-25kg-punainen-lannoite#breadcrumb\"},\"inLanguage\":\"fi\",\"potentialAction\":[{\"@type\":\"ReadAction\",\"target\":[\"https:\/\/www.hantulantaimi.fi\/?product=kekkilan-kastelulannoite-800g-25kg-punainen-lannoite\"]}]},{\"@type\":\"ImageObject\",\"inLanguage\":\"fi\",\"@id\":\"https:\/\/www.hantulantaimi.fi\/?product=kekkilan-kastelulannoite-800g-25kg-punainen-lannoite#primaryimage\",\"url\":\"https:\/\/www.hantulantaimi.fi\/wp-content\/uploads\/2022\/07\/kastelulannoite-800g.jpg\",\"contentUrl\":\"https:\/\/www.hantulantaimi.fi\/wp-content\/uploads\/2022\/07\/kastelulannoite-800g.jpg\",\"width\":800,\"height\":800},{\"@type\":\"BreadcrumbList\",\"@id\":\"https:\/\/www.hantulantaimi.fi\/?product=kekkilan-kastelulannoite-800g-25kg-punainen-lannoite#breadcrumb\",\"itemListElement\":[{\"@type\":\"ListItem\",\"position\":1,\"name\":\"Home\",\"item\":\"https:\/\/www.hantulantaimi.fi\/\"},{\"@type\":\"ListItem\",\"position\":2,\"name\":\"Valikoima\",\"item\":\"https:\/\/www.hantulantaimi.fi\/?page_id=768\"},{\"@type\":\"ListItem\",\"position\":3,\"name\":\"Kekkil\u00e4n Kastelulannoite 800g \/ 2,5kg (&#8221;punainen lannoite&#8221;)\"}]},{\"@type\":\"WebSite\",\"@id\":\"https:\/\/www.hantulantaimi.fi\/#website\",\"url\":\"https:\/\/www.hantulantaimi.fi\/\",\"name\":\"\",\"description\":\"\",\"potentialAction\":[{\"@type\":\"SearchAction\",\"target\":{\"@type\":\"EntryPoint\",\"urlTemplate\":\"https:\/\/www.hantulantaimi.fi\/?s={search_term_string}\"},\"query-input\":{\"@type\":\"PropertyValueSpecification\",\"valueRequired\":true,\"valueName\":\"search_term_string\"}}],\"inLanguage\":\"fi\"}]}<\/script>\n<!-- \/ Yoast SEO plugin. -->","yoast_head_json":{"title":"Kekkil\u00e4n Kastelulannoite 800g \/ 2,5kg (\"punainen lannoite\") -","robots":{"index":"index","follow":"follow","max-snippet":"max-snippet:-1","max-image-preview":"max-image-preview:large","max-video-preview":"max-video-preview:-1"},"canonical":"https:\/\/www.hantulantaimi.fi\/?product=kekkilan-kastelulannoite-800g-25kg-punainen-lannoite","og_locale":"fi_FI","og_type":"article","og_title":"Kekkil\u00e4n Kastelulannoite 800g \/ 2,5kg (\"punainen lannoite\") -","og_description":"Kastelulannoite on kaikkien kotipuutarhan kasvien hoitolannoite.\u00a0 Se liukenee nopeasti veteen, joten lannoitteen antaminen esim. kastelukannulla k\u00e4y vaivattomasti. Veden mukana ravinteet tulevat v\u00e4litt\u00f6m\u00e4sti kasvien k\u00e4ytt\u00f6\u00f6n antamaan uutta elinvoimaa  Kastelulannoitetta annetaan pihan kasveille touko-elokuussa, jolloin ravinteiden ja kastelun tarve on suurimmillaan. Yksivuotisten kes\u00e4kukkien lannoitusta kannattaa jatkaa pitk\u00e4lle syksyyn saakka, jotta kukinta jatkuisi runsaana mahdollisimman pitk\u00e4\u00e4n. Kasvihuoneissa lannoitetaan viljelt\u00e4vien kasvien ravinnetarpeen mukaan joka kastelukerta.  Sis\u00e4lt\u00e4\u00e4 sopivasti typpe\u00e4, runsas kaliumpitoisuus parantaa kukintaa ja satoa. My\u00f6s hivenravinteet.  Pihan, parvekkeen ja kasvihuoneen kasveille.","og_url":"https:\/\/www.hantulantaimi.fi\/?product=kekkilan-kastelulannoite-800g-25kg-punainen-lannoite","article_modified_time":"2026-01-13T12:17:52+00:00","og_image":[{"width":800,"height":800,"url":"https:\/\/www.hantulantaimi.fi\/wp-content\/uploads\/2022\/07\/kastelulannoite-800g.jpg","type":"image\/jpeg"}],"twitter_card":"summary_large_image","schema":{"@context":"https:\/\/schema.org","@graph":[{"@type":"WebPage","@id":"https:\/\/www.hantulantaimi.fi\/?product=kekkilan-kastelulannoite-800g-25kg-punainen-lannoite","url":"https:\/\/www.hantulantaimi.fi\/?product=kekkilan-kastelulannoite-800g-25kg-punainen-lannoite","name":"Kekkil\u00e4n Kastelulannoite 800g \/ 2,5kg (\"punainen lannoite\") -","isPartOf":{"@id":"https:\/\/www.hantulantaimi.fi\/#website"},"primaryImageOfPage":{"@id":"https:\/\/www.hantulantaimi.fi\/?product=kekkilan-kastelulannoite-800g-25kg-punainen-lannoite#primaryimage"},"image":{"@id":"https:\/\/www.hantulantaimi.fi\/?product=kekkilan-kastelulannoite-800g-25kg-punainen-lannoite#primaryimage"},"thumbnailUrl":"https:\/\/www.hantulantaimi.fi\/wp-content\/uploads\/2022\/07\/kastelulannoite-800g.jpg","datePublished":"2022-07-27T12:26:12+00:00","dateModified":"2026-01-13T12:17:52+00:00","breadcrumb":{"@id":"https:\/\/www.hantulantaimi.fi\/?product=kekkilan-kastelulannoite-800g-25kg-punainen-lannoite#breadcrumb"},"inLanguage":"fi","potentialAction":[{"@type":"ReadAction","target":["https:\/\/www.hantulantaimi.fi\/?product=kekkilan-kastelulannoite-800g-25kg-punainen-lannoite"]}]},{"@type":"ImageObject","inLanguage":"fi","@id":"https:\/\/www.hantulantaimi.fi\/?product=kekkilan-kastelulannoite-800g-25kg-punainen-lannoite#primaryimage","url":"https:\/\/www.hantulantaimi.fi\/wp-content\/uploads\/2022\/07\/kastelulannoite-800g.jpg","contentUrl":"https:\/\/www.hantulantaimi.fi\/wp-content\/uploads\/2022\/07\/kastelulannoite-800g.jpg","width":800,"height":800},{"@type":"BreadcrumbList","@id":"https:\/\/www.hantulantaimi.fi\/?product=kekkilan-kastelulannoite-800g-25kg-punainen-lannoite#breadcrumb","itemListElement":[{"@type":"ListItem","position":1,"name":"Home","item":"https:\/\/www.hantulantaimi.fi\/"},{"@type":"ListItem","position":2,"name":"Valikoima","item":"https:\/\/www.hantulantaimi.fi\/?page_id=768"},{"@type":"ListItem","position":3,"name":"Kekkil\u00e4n Kastelulannoite 800g \/ 2,5kg (&#8221;punainen lannoite&#8221;)"}]},{"@type":"WebSite","@id":"https:\/\/www.hantulantaimi.fi\/#website","url":"https:\/\/www.hantulantaimi.fi\/","name":"","description":"","potentialAction":[{"@type":"SearchAction","target":{"@type":"EntryPoint","urlTemplate":"https:\/\/www.hantulantaimi.fi\/?s={search_term_string}"},"query-input":{"@type":"PropertyValueSpecification","valueRequired":true,"valueName":"search_term_string"}}],"inLanguage":"fi"}]}},"_links":{"self":[{"href":"https:\/\/www.hantulantaimi.fi\/index.php?rest_route=\/wp\/v2\/product\/6834","targetHints":{"allow":["GET"]}}],"collection":[{"href":"https:\/\/www.hantulantaimi.fi\/index.php?rest_route=\/wp\/v2\/product"}],"about":[{"href":"https:\/\/www.hantulantaimi.fi\/index.php?rest_route=\/wp\/v2\/types\/product"}],"version-history":[{"count":2,"href":"https:\/\/www.hantulantaimi.fi\/index.php?rest_route=\/wp\/v2\/product\/6834\/revisions"}],"predecessor-version":[{"id":8306,"href":"https:\/\/www.hantulantaimi.fi\/index.php?rest_route=\/wp\/v2\/product\/6834\/revisions\/8306"}],"wp:featuredmedia":[{"embeddable":true,"href":"https:\/\/www.hantulantaimi.fi\/index.php?rest_route=\/wp\/v2\/media\/6835"}],"wp:attachment":[{"href":"https:\/\/www.hantulantaimi.fi\/index.php?rest_route=%2Fwp%2Fv2%2Fmedia&parent=6834"}],"wp:term":[{"taxonomy":"product_brand","embeddable":true,"href":"https:\/\/www.hantulantaimi.fi\/index.php?rest_route=%2Fwp%2Fv2%2Fproduct_brand&post=6834"},{"taxonomy":"product_cat","embeddable":true,"href":"https:\/\/www.hantulantaimi.fi\/index.php?rest_route=%2Fwp%2Fv2%2Fproduct_cat&post=6834"},{"taxonomy":"product_tag","embeddable":true,"href":"https:\/\/www.hantulantaimi.fi\/index.php?rest_route=%2Fwp%2Fv2%2Fproduct_tag&post=6834"}],"curies":[{"name":"wp","href":"https:\/\/api.w.org\/{rel}","templated":true}]}}