{"id":6829,"date":"2022-07-27T15:21:40","date_gmt":"2022-07-27T12:21:40","guid":{"rendered":"https:\/\/www.hantulantaimi.fi\/?post_type=product&#038;p=6829"},"modified":"2022-07-27T15:24:49","modified_gmt":"2022-07-27T12:24:49","slug":"kekkilan-kanankakka-1l","status":"publish","type":"product","link":"https:\/\/www.hantulantaimi.fi\/?product=kekkilan-kanankakka-1l","title":{"rendered":"Kekkil\u00e4n Kanankakka 1l \/ 6l"},"content":{"rendered":"","protected":false},"excerpt":{"rendered":"<p>Kanankakka on aito luonnonravinne kotipuutarhurille, joka haluaa nauttia puutarhan sadosta ja kukoistuksesta luontoa s\u00e4\u00e4st\u00e4en ja sen elinehtoja parantaen. Kanankakka on huolellisesti kompostoitu, kuivattu ja rakeistettu, joten se on siisti\u00e4 k\u00e4ytt\u00e4\u00e4.<\/p>\n<p>Kekkil\u00e4n kanankakka on GMO-vapaata. Kanojen ravitsemuksessa t\u00e4rke\u00e4 soija on usein GMO-soijaa. Sit\u00e4 on muunneltu niin, ett\u00e4 suurempien satojen saamiseksi soija siet\u00e4\u00e4 rikkakasvin torjunta-ainetta, glyfosaattia. Kun GMO- soijaa k\u00e4ytet\u00e4\u00e4n kanojen rehuna, siit\u00e4 j\u00e4\u00e4 j\u00e4\u00e4mi\u00e4 glyfosaattia eli rikkakasvien torjunta-ainetta kanojen lantaan. K\u00e4ytett\u00e4ess\u00e4 t\u00e4llaista kananlantaa lannoitteena, voi kasvien normaali kasvu heikenty\u00e4 niiden sis\u00e4lt\u00e4m\u00e4n glyfosaatin vuoksi. Uusi Kekkil\u00e4 Kanankakka on per\u00e4isin kotimaisista kanoista, jotka eiv\u00e4t ole sy\u00f6neet GMO- rehua. Samaa tuotetta myyd\u00e4\u00e4n my\u00f6s ammattimaisille luomuviljelij\u00f6ille.<\/p>\n<p>Kanankakka soveltuu koko puutarhan kes\u00e4lannoitukseen ja on erinomainen voimanl\u00e4hde esimerkiksi nopeakasvuisille kes\u00e4kukille. Kanankakkaa voi sekoittaa kasvualustaan niin kasvihuoneissa kuin parvekkeella kes\u00e4n aikaiseksi ravinnevarastoksi. Lannoitteen luonnolliset ravinteet vapautuvat tasaisesti kasvien k\u00e4ytt\u00f6\u00f6n.<\/p>\n<p>Sopii my\u00f6s kompostoriin v\u00e4h\u00e4ravinteisemman puutarhaj\u00e4tteen sekaan kompostoitumista edist\u00e4m\u00e4\u00e4n.<\/p>\n<p>Valikoimissamme on kaksi eri pakkauskokoa erikokoisten puutarhojen tarpeisiin. Yhden litran Kanankakkapurkki riitt\u00e4\u00e4 kes\u00e4kukkien ja huonekasvien hoitolannoitukseen. Isommat pakkauskoot riitt\u00e4v\u00e4t koko puutarhan kev\u00e4t- ja kes\u00e4lannoitukseen.<\/p>\n","protected":false},"featured_media":6830,"template":"","meta":{"site-sidebar-layout":"default","site-content-layout":"default","ast-site-content-layout":"default","site-content-style":"default","site-sidebar-style":"default","ast-global-header-display":"","ast-banner-title-visibility":"","ast-main-header-display":"","ast-hfb-above-header-display":"","ast-hfb-below-header-display":"","ast-hfb-mobile-header-display":"","site-post-title":"","ast-breadcrumbs-content":"","ast-featured-img":"","footer-sml-layout":"","theme-transparent-header-meta":"default","adv-header-id-meta":"","stick-header-meta":"","header-above-stick-meta":"","header-main-stick-meta":"","header-below-stick-meta":"","astra-migrate-meta-layouts":"default","ast-page-background-enabled":"default","ast-page-background-meta":{"desktop":{"background-color":"","background-image":"","background-repeat":"repeat","background-position":"center center","background-size":"auto","background-attachment":"scroll","background-type":"","background-media":"","overlay-type":"","overlay-color":"","overlay-opacity":"","overlay-gradient":""},"tablet":{"background-color":"","background-image":"","background-repeat":"repeat","background-position":"center center","background-size":"auto","background-attachment":"scroll","background-type":"","background-media":"","overlay-type":"","overlay-color":"","overlay-opacity":"","overlay-gradient":""},"mobile":{"background-color":"","background-image":"","background-repeat":"repeat","background-position":"center center","background-size":"auto","background-attachment":"scroll","background-type":"","background-media":"","overlay-type":"","overlay-color":"","overlay-opacity":"","overlay-gradient":""}},"ast-content-background-meta":{"desktop":{"background-color":"var(--ast-global-color-5)","background-image":"","background-repeat":"repeat","background-position":"center center","background-size":"auto","background-attachment":"scroll","background-type":"","background-media":"","overlay-type":"","overlay-color":"","overlay-opacity":"","overlay-gradient":""},"tablet":{"background-color":"var(--ast-global-color-5)","background-image":"","background-repeat":"repeat","background-position":"center center","background-size":"auto","background-attachment":"scroll","background-type":"","background-media":"","overlay-type":"","overlay-color":"","overlay-opacity":"","overlay-gradient":""},"mobile":{"background-color":"var(--ast-global-color-5)","background-image":"","background-repeat":"repeat","background-position":"center center","background-size":"auto","background-attachment":"scroll","background-type":"","background-media":"","overlay-type":"","overlay-color":"","overlay-opacity":"","overlay-gradient":""}}},"product_brand":[],"product_cat":[106],"product_tag":[],"class_list":{"0":"post-6829","1":"product","2":"type-product","3":"status-publish","4":"has-post-thumbnail","6":"product_cat-puutarhatarvikkeet","7":"desktop-align-left","8":"tablet-align-left","9":"mobile-align-left","11":"first","12":"instock","13":"shipping-taxable","14":"product-type-simple"},"yoast_head":"<!-- This site is optimized with the Yoast SEO plugin v26.9 - https:\/\/yoast.com\/product\/yoast-seo-wordpress\/ -->\n<title>Kekkil\u00e4n Kanankakka 1l \/ 6l -<\/title>\n<meta name=\"robots\" content=\"index, follow, max-snippet:-1, max-image-preview:large, max-video-preview:-1\" \/>\n<link rel=\"canonical\" href=\"https:\/\/www.hantulantaimi.fi\/?product=kekkilan-kanankakka-1l\" \/>\n<meta property=\"og:locale\" content=\"fi_FI\" \/>\n<meta property=\"og:type\" content=\"article\" \/>\n<meta property=\"og:title\" content=\"Kekkil\u00e4n Kanankakka 1l \/ 6l -\" \/>\n<meta property=\"og:description\" content=\"Kanankakka on aito luonnonravinne kotipuutarhurille, joka haluaa nauttia puutarhan sadosta ja kukoistuksesta luontoa s\u00e4\u00e4st\u00e4en ja sen elinehtoja parantaen. Kanankakka on huolellisesti kompostoitu, kuivattu ja rakeistettu, joten se on siisti\u00e4 k\u00e4ytt\u00e4\u00e4.  Kekkil\u00e4n kanankakka on GMO-vapaata. Kanojen ravitsemuksessa t\u00e4rke\u00e4 soija on usein GMO-soijaa. Sit\u00e4 on muunneltu niin, ett\u00e4 suurempien satojen saamiseksi soija siet\u00e4\u00e4 rikkakasvin torjunta-ainetta, glyfosaattia. Kun GMO- soijaa k\u00e4ytet\u00e4\u00e4n kanojen rehuna, siit\u00e4 j\u00e4\u00e4 j\u00e4\u00e4mi\u00e4 glyfosaattia eli rikkakasvien torjunta-ainetta kanojen lantaan. K\u00e4ytett\u00e4ess\u00e4 t\u00e4llaista kananlantaa lannoitteena, voi kasvien normaali kasvu heikenty\u00e4 niiden sis\u00e4lt\u00e4m\u00e4n glyfosaatin vuoksi. Uusi Kekkil\u00e4 Kanankakka on per\u00e4isin kotimaisista kanoista, jotka eiv\u00e4t ole sy\u00f6neet GMO- rehua. Samaa tuotetta myyd\u00e4\u00e4n my\u00f6s ammattimaisille luomuviljelij\u00f6ille.  Kanankakka soveltuu koko puutarhan kes\u00e4lannoitukseen ja on erinomainen voimanl\u00e4hde esimerkiksi nopeakasvuisille kes\u00e4kukille. Kanankakkaa voi sekoittaa kasvualustaan niin kasvihuoneissa kuin parvekkeella kes\u00e4n aikaiseksi ravinnevarastoksi. Lannoitteen luonnolliset ravinteet vapautuvat tasaisesti kasvien k\u00e4ytt\u00f6\u00f6n.  Sopii my\u00f6s kompostoriin v\u00e4h\u00e4ravinteisemman puutarhaj\u00e4tteen sekaan kompostoitumista edist\u00e4m\u00e4\u00e4n.  Valikoimissamme on kaksi eri pakkauskokoa erikokoisten puutarhojen tarpeisiin. Yhden litran Kanankakkapurkki riitt\u00e4\u00e4 kes\u00e4kukkien ja huonekasvien hoitolannoitukseen. Isommat pakkauskoot riitt\u00e4v\u00e4t koko puutarhan kev\u00e4t- ja kes\u00e4lannoitukseen.\" \/>\n<meta property=\"og:url\" content=\"https:\/\/www.hantulantaimi.fi\/?product=kekkilan-kanankakka-1l\" \/>\n<meta property=\"article:modified_time\" content=\"2022-07-27T12:24:49+00:00\" \/>\n<meta property=\"og:image\" content=\"https:\/\/www.hantulantaimi.fi\/wp-content\/uploads\/2022\/07\/kanankakka-1l.png\" \/>\n\t<meta property=\"og:image:width\" content=\"600\" \/>\n\t<meta property=\"og:image:height\" content=\"600\" \/>\n\t<meta property=\"og:image:type\" content=\"image\/png\" \/>\n<meta name=\"twitter:card\" content=\"summary_large_image\" \/>\n<script type=\"application\/ld+json\" class=\"yoast-schema-graph\">{\"@context\":\"https:\/\/schema.org\",\"@graph\":[{\"@type\":\"WebPage\",\"@id\":\"https:\/\/www.hantulantaimi.fi\/?product=kekkilan-kanankakka-1l\",\"url\":\"https:\/\/www.hantulantaimi.fi\/?product=kekkilan-kanankakka-1l\",\"name\":\"Kekkil\u00e4n Kanankakka 1l \/ 6l -\",\"isPartOf\":{\"@id\":\"https:\/\/www.hantulantaimi.fi\/#website\"},\"primaryImageOfPage\":{\"@id\":\"https:\/\/www.hantulantaimi.fi\/?product=kekkilan-kanankakka-1l#primaryimage\"},\"image\":{\"@id\":\"https:\/\/www.hantulantaimi.fi\/?product=kekkilan-kanankakka-1l#primaryimage\"},\"thumbnailUrl\":\"https:\/\/www.hantulantaimi.fi\/wp-content\/uploads\/2022\/07\/kanankakka-1l.png\",\"datePublished\":\"2022-07-27T12:21:40+00:00\",\"dateModified\":\"2022-07-27T12:24:49+00:00\",\"breadcrumb\":{\"@id\":\"https:\/\/www.hantulantaimi.fi\/?product=kekkilan-kanankakka-1l#breadcrumb\"},\"inLanguage\":\"fi\",\"potentialAction\":[{\"@type\":\"ReadAction\",\"target\":[\"https:\/\/www.hantulantaimi.fi\/?product=kekkilan-kanankakka-1l\"]}]},{\"@type\":\"ImageObject\",\"inLanguage\":\"fi\",\"@id\":\"https:\/\/www.hantulantaimi.fi\/?product=kekkilan-kanankakka-1l#primaryimage\",\"url\":\"https:\/\/www.hantulantaimi.fi\/wp-content\/uploads\/2022\/07\/kanankakka-1l.png\",\"contentUrl\":\"https:\/\/www.hantulantaimi.fi\/wp-content\/uploads\/2022\/07\/kanankakka-1l.png\",\"width\":600,\"height\":600},{\"@type\":\"BreadcrumbList\",\"@id\":\"https:\/\/www.hantulantaimi.fi\/?product=kekkilan-kanankakka-1l#breadcrumb\",\"itemListElement\":[{\"@type\":\"ListItem\",\"position\":1,\"name\":\"Home\",\"item\":\"https:\/\/www.hantulantaimi.fi\/\"},{\"@type\":\"ListItem\",\"position\":2,\"name\":\"Valikoima\",\"item\":\"https:\/\/www.hantulantaimi.fi\/?page_id=768\"},{\"@type\":\"ListItem\",\"position\":3,\"name\":\"Kekkil\u00e4n Kanankakka 1l \/ 6l\"}]},{\"@type\":\"WebSite\",\"@id\":\"https:\/\/www.hantulantaimi.fi\/#website\",\"url\":\"https:\/\/www.hantulantaimi.fi\/\",\"name\":\"\",\"description\":\"\",\"potentialAction\":[{\"@type\":\"SearchAction\",\"target\":{\"@type\":\"EntryPoint\",\"urlTemplate\":\"https:\/\/www.hantulantaimi.fi\/?s={search_term_string}\"},\"query-input\":{\"@type\":\"PropertyValueSpecification\",\"valueRequired\":true,\"valueName\":\"search_term_string\"}}],\"inLanguage\":\"fi\"}]}<\/script>\n<!-- \/ Yoast SEO plugin. -->","yoast_head_json":{"title":"Kekkil\u00e4n Kanankakka 1l \/ 6l -","robots":{"index":"index","follow":"follow","max-snippet":"max-snippet:-1","max-image-preview":"max-image-preview:large","max-video-preview":"max-video-preview:-1"},"canonical":"https:\/\/www.hantulantaimi.fi\/?product=kekkilan-kanankakka-1l","og_locale":"fi_FI","og_type":"article","og_title":"Kekkil\u00e4n Kanankakka 1l \/ 6l -","og_description":"Kanankakka on aito luonnonravinne kotipuutarhurille, joka haluaa nauttia puutarhan sadosta ja kukoistuksesta luontoa s\u00e4\u00e4st\u00e4en ja sen elinehtoja parantaen. Kanankakka on huolellisesti kompostoitu, kuivattu ja rakeistettu, joten se on siisti\u00e4 k\u00e4ytt\u00e4\u00e4.  Kekkil\u00e4n kanankakka on GMO-vapaata. Kanojen ravitsemuksessa t\u00e4rke\u00e4 soija on usein GMO-soijaa. Sit\u00e4 on muunneltu niin, ett\u00e4 suurempien satojen saamiseksi soija siet\u00e4\u00e4 rikkakasvin torjunta-ainetta, glyfosaattia. Kun GMO- soijaa k\u00e4ytet\u00e4\u00e4n kanojen rehuna, siit\u00e4 j\u00e4\u00e4 j\u00e4\u00e4mi\u00e4 glyfosaattia eli rikkakasvien torjunta-ainetta kanojen lantaan. K\u00e4ytett\u00e4ess\u00e4 t\u00e4llaista kananlantaa lannoitteena, voi kasvien normaali kasvu heikenty\u00e4 niiden sis\u00e4lt\u00e4m\u00e4n glyfosaatin vuoksi. Uusi Kekkil\u00e4 Kanankakka on per\u00e4isin kotimaisista kanoista, jotka eiv\u00e4t ole sy\u00f6neet GMO- rehua. Samaa tuotetta myyd\u00e4\u00e4n my\u00f6s ammattimaisille luomuviljelij\u00f6ille.  Kanankakka soveltuu koko puutarhan kes\u00e4lannoitukseen ja on erinomainen voimanl\u00e4hde esimerkiksi nopeakasvuisille kes\u00e4kukille. Kanankakkaa voi sekoittaa kasvualustaan niin kasvihuoneissa kuin parvekkeella kes\u00e4n aikaiseksi ravinnevarastoksi. Lannoitteen luonnolliset ravinteet vapautuvat tasaisesti kasvien k\u00e4ytt\u00f6\u00f6n.  Sopii my\u00f6s kompostoriin v\u00e4h\u00e4ravinteisemman puutarhaj\u00e4tteen sekaan kompostoitumista edist\u00e4m\u00e4\u00e4n.  Valikoimissamme on kaksi eri pakkauskokoa erikokoisten puutarhojen tarpeisiin. Yhden litran Kanankakkapurkki riitt\u00e4\u00e4 kes\u00e4kukkien ja huonekasvien hoitolannoitukseen. Isommat pakkauskoot riitt\u00e4v\u00e4t koko puutarhan kev\u00e4t- ja kes\u00e4lannoitukseen.","og_url":"https:\/\/www.hantulantaimi.fi\/?product=kekkilan-kanankakka-1l","article_modified_time":"2022-07-27T12:24:49+00:00","og_image":[{"width":600,"height":600,"url":"https:\/\/www.hantulantaimi.fi\/wp-content\/uploads\/2022\/07\/kanankakka-1l.png","type":"image\/png"}],"twitter_card":"summary_large_image","schema":{"@context":"https:\/\/schema.org","@graph":[{"@type":"WebPage","@id":"https:\/\/www.hantulantaimi.fi\/?product=kekkilan-kanankakka-1l","url":"https:\/\/www.hantulantaimi.fi\/?product=kekkilan-kanankakka-1l","name":"Kekkil\u00e4n Kanankakka 1l \/ 6l -","isPartOf":{"@id":"https:\/\/www.hantulantaimi.fi\/#website"},"primaryImageOfPage":{"@id":"https:\/\/www.hantulantaimi.fi\/?product=kekkilan-kanankakka-1l#primaryimage"},"image":{"@id":"https:\/\/www.hantulantaimi.fi\/?product=kekkilan-kanankakka-1l#primaryimage"},"thumbnailUrl":"https:\/\/www.hantulantaimi.fi\/wp-content\/uploads\/2022\/07\/kanankakka-1l.png","datePublished":"2022-07-27T12:21:40+00:00","dateModified":"2022-07-27T12:24:49+00:00","breadcrumb":{"@id":"https:\/\/www.hantulantaimi.fi\/?product=kekkilan-kanankakka-1l#breadcrumb"},"inLanguage":"fi","potentialAction":[{"@type":"ReadAction","target":["https:\/\/www.hantulantaimi.fi\/?product=kekkilan-kanankakka-1l"]}]},{"@type":"ImageObject","inLanguage":"fi","@id":"https:\/\/www.hantulantaimi.fi\/?product=kekkilan-kanankakka-1l#primaryimage","url":"https:\/\/www.hantulantaimi.fi\/wp-content\/uploads\/2022\/07\/kanankakka-1l.png","contentUrl":"https:\/\/www.hantulantaimi.fi\/wp-content\/uploads\/2022\/07\/kanankakka-1l.png","width":600,"height":600},{"@type":"BreadcrumbList","@id":"https:\/\/www.hantulantaimi.fi\/?product=kekkilan-kanankakka-1l#breadcrumb","itemListElement":[{"@type":"ListItem","position":1,"name":"Home","item":"https:\/\/www.hantulantaimi.fi\/"},{"@type":"ListItem","position":2,"name":"Valikoima","item":"https:\/\/www.hantulantaimi.fi\/?page_id=768"},{"@type":"ListItem","position":3,"name":"Kekkil\u00e4n Kanankakka 1l \/ 6l"}]},{"@type":"WebSite","@id":"https:\/\/www.hantulantaimi.fi\/#website","url":"https:\/\/www.hantulantaimi.fi\/","name":"","description":"","potentialAction":[{"@type":"SearchAction","target":{"@type":"EntryPoint","urlTemplate":"https:\/\/www.hantulantaimi.fi\/?s={search_term_string}"},"query-input":{"@type":"PropertyValueSpecification","valueRequired":true,"valueName":"search_term_string"}}],"inLanguage":"fi"}]}},"_links":{"self":[{"href":"https:\/\/www.hantulantaimi.fi\/index.php?rest_route=\/wp\/v2\/product\/6829","targetHints":{"allow":["GET"]}}],"collection":[{"href":"https:\/\/www.hantulantaimi.fi\/index.php?rest_route=\/wp\/v2\/product"}],"about":[{"href":"https:\/\/www.hantulantaimi.fi\/index.php?rest_route=\/wp\/v2\/types\/product"}],"version-history":[{"count":2,"href":"https:\/\/www.hantulantaimi.fi\/index.php?rest_route=\/wp\/v2\/product\/6829\/revisions"}],"predecessor-version":[{"id":6833,"href":"https:\/\/www.hantulantaimi.fi\/index.php?rest_route=\/wp\/v2\/product\/6829\/revisions\/6833"}],"wp:featuredmedia":[{"embeddable":true,"href":"https:\/\/www.hantulantaimi.fi\/index.php?rest_route=\/wp\/v2\/media\/6830"}],"wp:attachment":[{"href":"https:\/\/www.hantulantaimi.fi\/index.php?rest_route=%2Fwp%2Fv2%2Fmedia&parent=6829"}],"wp:term":[{"taxonomy":"product_brand","embeddable":true,"href":"https:\/\/www.hantulantaimi.fi\/index.php?rest_route=%2Fwp%2Fv2%2Fproduct_brand&post=6829"},{"taxonomy":"product_cat","embeddable":true,"href":"https:\/\/www.hantulantaimi.fi\/index.php?rest_route=%2Fwp%2Fv2%2Fproduct_cat&post=6829"},{"taxonomy":"product_tag","embeddable":true,"href":"https:\/\/www.hantulantaimi.fi\/index.php?rest_route=%2Fwp%2Fv2%2Fproduct_tag&post=6829"}],"curies":[{"name":"wp","href":"https:\/\/api.w.org\/{rel}","templated":true}]}}