{"id":6819,"date":"2022-07-27T15:06:00","date_gmt":"2022-07-27T12:06:00","guid":{"rendered":"https:\/\/www.hantulantaimi.fi\/?post_type=product&#038;p=6819"},"modified":"2022-07-27T15:07:50","modified_gmt":"2022-07-27T12:07:50","slug":"kekkilan-nurmikkolannoite-plus-5l","status":"publish","type":"product","link":"https:\/\/www.hantulantaimi.fi\/?product=kekkilan-nurmikkolannoite-plus-5l","title":{"rendered":"Kekkil\u00e4n Nurmikkolannoite Plus+ 5l"},"content":{"rendered":"","protected":false},"excerpt":{"rendered":"<p>Kekkil\u00e4 Nurmikkolannoite Plus+ on tehokas erikoislannoite, joka sis\u00e4lt\u00e4\u00e4 oikean m\u00e4\u00e4r\u00e4n ravinteita ja hivenaineita hyv\u00e4\u00e4 kasvuun. Raaka-aineet ovat luonnollisia ja kasviper\u00e4isi\u00e4, ja niihin on lis\u00e4tty mineraalilannoitetta tehostamaan vaikutusta. Lannoite on turvallinen kasveille, lapsille ja lemmikeille.<\/p>\n<p>Tasaista kasvua ajatellen lannoitteen typpi liukenee koko kes\u00e4kauden ajan, eik\u00e4 aiheuta polttovioituksia. Tumma rae on huomaamaton ja helppo levitt\u00e4\u00e4.<\/p>\n<p>Lannoitettu nurmikko kest\u00e4\u00e4 hyvin kulutusta ja vaihtelevia s\u00e4\u00e4olosuhteita. Tuuhea nurmikko on vastustuskykyisempi sammalelle ja rikkaruohoille.<\/p>\n<p>Kekkil\u00e4 Plus+ lannoitteet ovat monivaikutteisia. Orgaanisten kivenn\u00e4islannoitteiden sis\u00e4lt\u00e4m\u00e4t kivenn\u00e4isravinteet vaikuttavat nopeasti ja k\u00e4ynnist\u00e4v\u00e4t kasvien kasvun. Orgaaniset ravinteet vapautuvat hitaammin eiv\u00e4t huuhtoudu, ja siten yll\u00e4pit\u00e4v\u00e4t kasvua pitk\u00e4\u00e4n. Lis\u00e4ksi orgaaniset ainesosat vilkastuttavat maaper\u00e4n pieneli\u00f6toimintaa, ja parantavat maan luonnollista kasvukuntoa. Orgaaniset raaka-aineet ovat kiertotaloudesta saatuja, ruokatuotannon sivutuotteita, jotka palaavat n\u00e4in hy\u00f6tyk\u00e4ytt\u00f6\u00f6n ymp\u00e4rist\u00f6yst\u00e4v\u00e4llisell\u00e4 tavalla.<\/p>\n<p>&nbsp;<\/p>\n","protected":false},"featured_media":6820,"template":"","meta":{"site-sidebar-layout":"default","site-content-layout":"default","ast-site-content-layout":"default","site-content-style":"default","site-sidebar-style":"default","ast-global-header-display":"","ast-banner-title-visibility":"","ast-main-header-display":"","ast-hfb-above-header-display":"","ast-hfb-below-header-display":"","ast-hfb-mobile-header-display":"","site-post-title":"","ast-breadcrumbs-content":"","ast-featured-img":"","footer-sml-layout":"","theme-transparent-header-meta":"default","adv-header-id-meta":"","stick-header-meta":"","header-above-stick-meta":"","header-main-stick-meta":"","header-below-stick-meta":"","astra-migrate-meta-layouts":"default","ast-page-background-enabled":"default","ast-page-background-meta":{"desktop":{"background-color":"","background-image":"","background-repeat":"repeat","background-position":"center center","background-size":"auto","background-attachment":"scroll","background-type":"","background-media":"","overlay-type":"","overlay-color":"","overlay-opacity":"","overlay-gradient":""},"tablet":{"background-color":"","background-image":"","background-repeat":"repeat","background-position":"center center","background-size":"auto","background-attachment":"scroll","background-type":"","background-media":"","overlay-type":"","overlay-color":"","overlay-opacity":"","overlay-gradient":""},"mobile":{"background-color":"","background-image":"","background-repeat":"repeat","background-position":"center center","background-size":"auto","background-attachment":"scroll","background-type":"","background-media":"","overlay-type":"","overlay-color":"","overlay-opacity":"","overlay-gradient":""}},"ast-content-background-meta":{"desktop":{"background-color":"var(--ast-global-color-5)","background-image":"","background-repeat":"repeat","background-position":"center center","background-size":"auto","background-attachment":"scroll","background-type":"","background-media":"","overlay-type":"","overlay-color":"","overlay-opacity":"","overlay-gradient":""},"tablet":{"background-color":"var(--ast-global-color-5)","background-image":"","background-repeat":"repeat","background-position":"center center","background-size":"auto","background-attachment":"scroll","background-type":"","background-media":"","overlay-type":"","overlay-color":"","overlay-opacity":"","overlay-gradient":""},"mobile":{"background-color":"var(--ast-global-color-5)","background-image":"","background-repeat":"repeat","background-position":"center center","background-size":"auto","background-attachment":"scroll","background-type":"","background-media":"","overlay-type":"","overlay-color":"","overlay-opacity":"","overlay-gradient":""}}},"product_brand":[],"product_cat":[106],"product_tag":[],"class_list":{"0":"post-6819","1":"product","2":"type-product","3":"status-publish","4":"has-post-thumbnail","6":"product_cat-puutarhatarvikkeet","7":"desktop-align-left","8":"tablet-align-left","9":"mobile-align-left","11":"first","12":"instock","13":"shipping-taxable","14":"product-type-simple"},"yoast_head":"<!-- This site is optimized with the Yoast SEO plugin v26.9 - https:\/\/yoast.com\/product\/yoast-seo-wordpress\/ -->\n<title>Kekkil\u00e4n Nurmikkolannoite Plus+ 5l -<\/title>\n<meta name=\"robots\" content=\"index, follow, max-snippet:-1, max-image-preview:large, max-video-preview:-1\" \/>\n<link rel=\"canonical\" href=\"https:\/\/www.hantulantaimi.fi\/?product=kekkilan-nurmikkolannoite-plus-5l\" \/>\n<meta property=\"og:locale\" content=\"fi_FI\" \/>\n<meta property=\"og:type\" content=\"article\" \/>\n<meta property=\"og:title\" content=\"Kekkil\u00e4n Nurmikkolannoite Plus+ 5l -\" \/>\n<meta property=\"og:description\" content=\"Kekkil\u00e4 Nurmikkolannoite Plus+ on tehokas erikoislannoite, joka sis\u00e4lt\u00e4\u00e4 oikean m\u00e4\u00e4r\u00e4n ravinteita ja hivenaineita hyv\u00e4\u00e4 kasvuun. Raaka-aineet ovat luonnollisia ja kasviper\u00e4isi\u00e4, ja niihin on lis\u00e4tty mineraalilannoitetta tehostamaan vaikutusta. Lannoite on turvallinen kasveille, lapsille ja lemmikeille.  Tasaista kasvua ajatellen lannoitteen typpi liukenee koko kes\u00e4kauden ajan, eik\u00e4 aiheuta polttovioituksia. Tumma rae on huomaamaton ja helppo levitt\u00e4\u00e4.  Lannoitettu nurmikko kest\u00e4\u00e4 hyvin kulutusta ja vaihtelevia s\u00e4\u00e4olosuhteita. Tuuhea nurmikko on vastustuskykyisempi sammalelle ja rikkaruohoille.  Kekkil\u00e4 Plus+ lannoitteet ovat monivaikutteisia. Orgaanisten kivenn\u00e4islannoitteiden sis\u00e4lt\u00e4m\u00e4t kivenn\u00e4isravinteet vaikuttavat nopeasti ja k\u00e4ynnist\u00e4v\u00e4t kasvien kasvun. Orgaaniset ravinteet vapautuvat hitaammin eiv\u00e4t huuhtoudu, ja siten yll\u00e4pit\u00e4v\u00e4t kasvua pitk\u00e4\u00e4n. Lis\u00e4ksi orgaaniset ainesosat vilkastuttavat maaper\u00e4n pieneli\u00f6toimintaa, ja parantavat maan luonnollista kasvukuntoa. Orgaaniset raaka-aineet ovat kiertotaloudesta saatuja, ruokatuotannon sivutuotteita, jotka palaavat n\u00e4in hy\u00f6tyk\u00e4ytt\u00f6\u00f6n ymp\u00e4rist\u00f6yst\u00e4v\u00e4llisell\u00e4 tavalla.  &nbsp;\" \/>\n<meta property=\"og:url\" content=\"https:\/\/www.hantulantaimi.fi\/?product=kekkilan-nurmikkolannoite-plus-5l\" \/>\n<meta property=\"article:modified_time\" content=\"2022-07-27T12:07:50+00:00\" \/>\n<meta property=\"og:image\" content=\"https:\/\/www.hantulantaimi.fi\/wp-content\/uploads\/2022\/07\/nurmikkolannoite.jpg\" \/>\n\t<meta property=\"og:image:width\" content=\"800\" \/>\n\t<meta property=\"og:image:height\" content=\"800\" \/>\n\t<meta property=\"og:image:type\" content=\"image\/jpeg\" \/>\n<meta name=\"twitter:card\" content=\"summary_large_image\" \/>\n<script type=\"application\/ld+json\" class=\"yoast-schema-graph\">{\"@context\":\"https:\/\/schema.org\",\"@graph\":[{\"@type\":\"WebPage\",\"@id\":\"https:\/\/www.hantulantaimi.fi\/?product=kekkilan-nurmikkolannoite-plus-5l\",\"url\":\"https:\/\/www.hantulantaimi.fi\/?product=kekkilan-nurmikkolannoite-plus-5l\",\"name\":\"Kekkil\u00e4n Nurmikkolannoite Plus+ 5l -\",\"isPartOf\":{\"@id\":\"https:\/\/www.hantulantaimi.fi\/#website\"},\"primaryImageOfPage\":{\"@id\":\"https:\/\/www.hantulantaimi.fi\/?product=kekkilan-nurmikkolannoite-plus-5l#primaryimage\"},\"image\":{\"@id\":\"https:\/\/www.hantulantaimi.fi\/?product=kekkilan-nurmikkolannoite-plus-5l#primaryimage\"},\"thumbnailUrl\":\"https:\/\/www.hantulantaimi.fi\/wp-content\/uploads\/2022\/07\/nurmikkolannoite.jpg\",\"datePublished\":\"2022-07-27T12:06:00+00:00\",\"dateModified\":\"2022-07-27T12:07:50+00:00\",\"breadcrumb\":{\"@id\":\"https:\/\/www.hantulantaimi.fi\/?product=kekkilan-nurmikkolannoite-plus-5l#breadcrumb\"},\"inLanguage\":\"fi\",\"potentialAction\":[{\"@type\":\"ReadAction\",\"target\":[\"https:\/\/www.hantulantaimi.fi\/?product=kekkilan-nurmikkolannoite-plus-5l\"]}]},{\"@type\":\"ImageObject\",\"inLanguage\":\"fi\",\"@id\":\"https:\/\/www.hantulantaimi.fi\/?product=kekkilan-nurmikkolannoite-plus-5l#primaryimage\",\"url\":\"https:\/\/www.hantulantaimi.fi\/wp-content\/uploads\/2022\/07\/nurmikkolannoite.jpg\",\"contentUrl\":\"https:\/\/www.hantulantaimi.fi\/wp-content\/uploads\/2022\/07\/nurmikkolannoite.jpg\",\"width\":800,\"height\":800},{\"@type\":\"BreadcrumbList\",\"@id\":\"https:\/\/www.hantulantaimi.fi\/?product=kekkilan-nurmikkolannoite-plus-5l#breadcrumb\",\"itemListElement\":[{\"@type\":\"ListItem\",\"position\":1,\"name\":\"Home\",\"item\":\"https:\/\/www.hantulantaimi.fi\/\"},{\"@type\":\"ListItem\",\"position\":2,\"name\":\"Valikoima\",\"item\":\"https:\/\/www.hantulantaimi.fi\/?page_id=768\"},{\"@type\":\"ListItem\",\"position\":3,\"name\":\"Kekkil\u00e4n Nurmikkolannoite Plus+ 5l\"}]},{\"@type\":\"WebSite\",\"@id\":\"https:\/\/www.hantulantaimi.fi\/#website\",\"url\":\"https:\/\/www.hantulantaimi.fi\/\",\"name\":\"\",\"description\":\"\",\"potentialAction\":[{\"@type\":\"SearchAction\",\"target\":{\"@type\":\"EntryPoint\",\"urlTemplate\":\"https:\/\/www.hantulantaimi.fi\/?s={search_term_string}\"},\"query-input\":{\"@type\":\"PropertyValueSpecification\",\"valueRequired\":true,\"valueName\":\"search_term_string\"}}],\"inLanguage\":\"fi\"}]}<\/script>\n<!-- \/ Yoast SEO plugin. -->","yoast_head_json":{"title":"Kekkil\u00e4n Nurmikkolannoite Plus+ 5l -","robots":{"index":"index","follow":"follow","max-snippet":"max-snippet:-1","max-image-preview":"max-image-preview:large","max-video-preview":"max-video-preview:-1"},"canonical":"https:\/\/www.hantulantaimi.fi\/?product=kekkilan-nurmikkolannoite-plus-5l","og_locale":"fi_FI","og_type":"article","og_title":"Kekkil\u00e4n Nurmikkolannoite Plus+ 5l -","og_description":"Kekkil\u00e4 Nurmikkolannoite Plus+ on tehokas erikoislannoite, joka sis\u00e4lt\u00e4\u00e4 oikean m\u00e4\u00e4r\u00e4n ravinteita ja hivenaineita hyv\u00e4\u00e4 kasvuun. Raaka-aineet ovat luonnollisia ja kasviper\u00e4isi\u00e4, ja niihin on lis\u00e4tty mineraalilannoitetta tehostamaan vaikutusta. Lannoite on turvallinen kasveille, lapsille ja lemmikeille.  Tasaista kasvua ajatellen lannoitteen typpi liukenee koko kes\u00e4kauden ajan, eik\u00e4 aiheuta polttovioituksia. Tumma rae on huomaamaton ja helppo levitt\u00e4\u00e4.  Lannoitettu nurmikko kest\u00e4\u00e4 hyvin kulutusta ja vaihtelevia s\u00e4\u00e4olosuhteita. Tuuhea nurmikko on vastustuskykyisempi sammalelle ja rikkaruohoille.  Kekkil\u00e4 Plus+ lannoitteet ovat monivaikutteisia. Orgaanisten kivenn\u00e4islannoitteiden sis\u00e4lt\u00e4m\u00e4t kivenn\u00e4isravinteet vaikuttavat nopeasti ja k\u00e4ynnist\u00e4v\u00e4t kasvien kasvun. Orgaaniset ravinteet vapautuvat hitaammin eiv\u00e4t huuhtoudu, ja siten yll\u00e4pit\u00e4v\u00e4t kasvua pitk\u00e4\u00e4n. Lis\u00e4ksi orgaaniset ainesosat vilkastuttavat maaper\u00e4n pieneli\u00f6toimintaa, ja parantavat maan luonnollista kasvukuntoa. Orgaaniset raaka-aineet ovat kiertotaloudesta saatuja, ruokatuotannon sivutuotteita, jotka palaavat n\u00e4in hy\u00f6tyk\u00e4ytt\u00f6\u00f6n ymp\u00e4rist\u00f6yst\u00e4v\u00e4llisell\u00e4 tavalla.  &nbsp;","og_url":"https:\/\/www.hantulantaimi.fi\/?product=kekkilan-nurmikkolannoite-plus-5l","article_modified_time":"2022-07-27T12:07:50+00:00","og_image":[{"width":800,"height":800,"url":"https:\/\/www.hantulantaimi.fi\/wp-content\/uploads\/2022\/07\/nurmikkolannoite.jpg","type":"image\/jpeg"}],"twitter_card":"summary_large_image","schema":{"@context":"https:\/\/schema.org","@graph":[{"@type":"WebPage","@id":"https:\/\/www.hantulantaimi.fi\/?product=kekkilan-nurmikkolannoite-plus-5l","url":"https:\/\/www.hantulantaimi.fi\/?product=kekkilan-nurmikkolannoite-plus-5l","name":"Kekkil\u00e4n Nurmikkolannoite Plus+ 5l -","isPartOf":{"@id":"https:\/\/www.hantulantaimi.fi\/#website"},"primaryImageOfPage":{"@id":"https:\/\/www.hantulantaimi.fi\/?product=kekkilan-nurmikkolannoite-plus-5l#primaryimage"},"image":{"@id":"https:\/\/www.hantulantaimi.fi\/?product=kekkilan-nurmikkolannoite-plus-5l#primaryimage"},"thumbnailUrl":"https:\/\/www.hantulantaimi.fi\/wp-content\/uploads\/2022\/07\/nurmikkolannoite.jpg","datePublished":"2022-07-27T12:06:00+00:00","dateModified":"2022-07-27T12:07:50+00:00","breadcrumb":{"@id":"https:\/\/www.hantulantaimi.fi\/?product=kekkilan-nurmikkolannoite-plus-5l#breadcrumb"},"inLanguage":"fi","potentialAction":[{"@type":"ReadAction","target":["https:\/\/www.hantulantaimi.fi\/?product=kekkilan-nurmikkolannoite-plus-5l"]}]},{"@type":"ImageObject","inLanguage":"fi","@id":"https:\/\/www.hantulantaimi.fi\/?product=kekkilan-nurmikkolannoite-plus-5l#primaryimage","url":"https:\/\/www.hantulantaimi.fi\/wp-content\/uploads\/2022\/07\/nurmikkolannoite.jpg","contentUrl":"https:\/\/www.hantulantaimi.fi\/wp-content\/uploads\/2022\/07\/nurmikkolannoite.jpg","width":800,"height":800},{"@type":"BreadcrumbList","@id":"https:\/\/www.hantulantaimi.fi\/?product=kekkilan-nurmikkolannoite-plus-5l#breadcrumb","itemListElement":[{"@type":"ListItem","position":1,"name":"Home","item":"https:\/\/www.hantulantaimi.fi\/"},{"@type":"ListItem","position":2,"name":"Valikoima","item":"https:\/\/www.hantulantaimi.fi\/?page_id=768"},{"@type":"ListItem","position":3,"name":"Kekkil\u00e4n Nurmikkolannoite Plus+ 5l"}]},{"@type":"WebSite","@id":"https:\/\/www.hantulantaimi.fi\/#website","url":"https:\/\/www.hantulantaimi.fi\/","name":"","description":"","potentialAction":[{"@type":"SearchAction","target":{"@type":"EntryPoint","urlTemplate":"https:\/\/www.hantulantaimi.fi\/?s={search_term_string}"},"query-input":{"@type":"PropertyValueSpecification","valueRequired":true,"valueName":"search_term_string"}}],"inLanguage":"fi"}]}},"_links":{"self":[{"href":"https:\/\/www.hantulantaimi.fi\/index.php?rest_route=\/wp\/v2\/product\/6819","targetHints":{"allow":["GET"]}}],"collection":[{"href":"https:\/\/www.hantulantaimi.fi\/index.php?rest_route=\/wp\/v2\/product"}],"about":[{"href":"https:\/\/www.hantulantaimi.fi\/index.php?rest_route=\/wp\/v2\/types\/product"}],"version-history":[{"count":1,"href":"https:\/\/www.hantulantaimi.fi\/index.php?rest_route=\/wp\/v2\/product\/6819\/revisions"}],"predecessor-version":[{"id":6821,"href":"https:\/\/www.hantulantaimi.fi\/index.php?rest_route=\/wp\/v2\/product\/6819\/revisions\/6821"}],"wp:featuredmedia":[{"embeddable":true,"href":"https:\/\/www.hantulantaimi.fi\/index.php?rest_route=\/wp\/v2\/media\/6820"}],"wp:attachment":[{"href":"https:\/\/www.hantulantaimi.fi\/index.php?rest_route=%2Fwp%2Fv2%2Fmedia&parent=6819"}],"wp:term":[{"taxonomy":"product_brand","embeddable":true,"href":"https:\/\/www.hantulantaimi.fi\/index.php?rest_route=%2Fwp%2Fv2%2Fproduct_brand&post=6819"},{"taxonomy":"product_cat","embeddable":true,"href":"https:\/\/www.hantulantaimi.fi\/index.php?rest_route=%2Fwp%2Fv2%2Fproduct_cat&post=6819"},{"taxonomy":"product_tag","embeddable":true,"href":"https:\/\/www.hantulantaimi.fi\/index.php?rest_route=%2Fwp%2Fv2%2Fproduct_tag&post=6819"}],"curies":[{"name":"wp","href":"https:\/\/api.w.org\/{rel}","templated":true}]}}