{"id":6815,"date":"2022-07-27T15:01:25","date_gmt":"2022-07-27T12:01:25","guid":{"rendered":"https:\/\/www.hantulantaimi.fi\/?post_type=product&#038;p=6815"},"modified":"2022-07-27T15:03:39","modified_gmt":"2022-07-27T12:03:39","slug":"kekkilan-kevatlannoite-plus-5l","status":"publish","type":"product","link":"https:\/\/www.hantulantaimi.fi\/?product=kekkilan-kevatlannoite-plus-5l","title":{"rendered":"Kekkil\u00e4n Kev\u00e4tlannoite Plus+ 5l"},"content":{"rendered":"","protected":false},"excerpt":{"rendered":"<p>Kekkil\u00e4 Kev\u00e4tlannoite PLUS+ on puutarhan monivaikutteinen yleislannoite. Se k\u00e4ynnist\u00e4\u00e4 kev\u00e4isen kasvun sek\u00e4 antaa elinvoimaa ja kest\u00e4vyytt\u00e4 kaikille puutarhan kasveille. Kev\u00e4tlannoite PLUS+ on p\u00f6ly\u00e4m\u00e4t\u00f6n, rakeinen seos, joka on helppo levitt\u00e4\u00e4.<\/p>\n<p>Kekkil\u00e4 PLUS+ lannoitteet ovat monivaikutteisia. Orgaanisten kivenn\u00e4islannoitteiden sis\u00e4lt\u00e4m\u00e4t kivenn\u00e4isravinteet vaikuttavat nopeasti ja k\u00e4ynnist\u00e4v\u00e4t kasvien kasvun. Orgaaniset ravinteet vapautuvat hitaammin eiv\u00e4t huuhtoudu, ja siten yll\u00e4pit\u00e4v\u00e4t kasvua pitk\u00e4\u00e4n. Lis\u00e4ksi orgaaniset ainesosat vilkastuttavat maaper\u00e4n pieneli\u00f6toimintaa, ja parantavat maan luonnollista kasvukuntoa.<\/p>\n<p>Orgaaniset raaka-aineet ovat kiertotaloudesta saatuja, ruokatuotannon sivutuotteita, jotka palaavat n\u00e4in hy\u00f6tyk\u00e4ytt\u00f6\u00f6n ymp\u00e4rist\u00f6yst\u00e4v\u00e4llisell\u00e4 tavalla.<\/p>\n","protected":false},"featured_media":6817,"template":"","meta":{"site-sidebar-layout":"default","site-content-layout":"default","ast-site-content-layout":"default","site-content-style":"default","site-sidebar-style":"default","ast-global-header-display":"","ast-banner-title-visibility":"","ast-main-header-display":"","ast-hfb-above-header-display":"","ast-hfb-below-header-display":"","ast-hfb-mobile-header-display":"","site-post-title":"","ast-breadcrumbs-content":"","ast-featured-img":"","footer-sml-layout":"","theme-transparent-header-meta":"default","adv-header-id-meta":"","stick-header-meta":"","header-above-stick-meta":"","header-main-stick-meta":"","header-below-stick-meta":"","astra-migrate-meta-layouts":"default","ast-page-background-enabled":"default","ast-page-background-meta":{"desktop":{"background-color":"","background-image":"","background-repeat":"repeat","background-position":"center center","background-size":"auto","background-attachment":"scroll","background-type":"","background-media":"","overlay-type":"","overlay-color":"","overlay-opacity":"","overlay-gradient":""},"tablet":{"background-color":"","background-image":"","background-repeat":"repeat","background-position":"center center","background-size":"auto","background-attachment":"scroll","background-type":"","background-media":"","overlay-type":"","overlay-color":"","overlay-opacity":"","overlay-gradient":""},"mobile":{"background-color":"","background-image":"","background-repeat":"repeat","background-position":"center center","background-size":"auto","background-attachment":"scroll","background-type":"","background-media":"","overlay-type":"","overlay-color":"","overlay-opacity":"","overlay-gradient":""}},"ast-content-background-meta":{"desktop":{"background-color":"var(--ast-global-color-5)","background-image":"","background-repeat":"repeat","background-position":"center center","background-size":"auto","background-attachment":"scroll","background-type":"","background-media":"","overlay-type":"","overlay-color":"","overlay-opacity":"","overlay-gradient":""},"tablet":{"background-color":"var(--ast-global-color-5)","background-image":"","background-repeat":"repeat","background-position":"center center","background-size":"auto","background-attachment":"scroll","background-type":"","background-media":"","overlay-type":"","overlay-color":"","overlay-opacity":"","overlay-gradient":""},"mobile":{"background-color":"var(--ast-global-color-5)","background-image":"","background-repeat":"repeat","background-position":"center center","background-size":"auto","background-attachment":"scroll","background-type":"","background-media":"","overlay-type":"","overlay-color":"","overlay-opacity":"","overlay-gradient":""}}},"product_brand":[],"product_cat":[106],"product_tag":[],"class_list":{"0":"post-6815","1":"product","2":"type-product","3":"status-publish","4":"has-post-thumbnail","6":"product_cat-puutarhatarvikkeet","7":"desktop-align-left","8":"tablet-align-left","9":"mobile-align-left","11":"first","12":"instock","13":"shipping-taxable","14":"product-type-simple"},"yoast_head":"<!-- This site is optimized with the Yoast SEO plugin v26.9 - https:\/\/yoast.com\/product\/yoast-seo-wordpress\/ -->\n<title>Kekkil\u00e4n Kev\u00e4tlannoite Plus+ 5l -<\/title>\n<meta name=\"robots\" content=\"index, follow, max-snippet:-1, max-image-preview:large, max-video-preview:-1\" \/>\n<link rel=\"canonical\" href=\"https:\/\/www.hantulantaimi.fi\/?product=kekkilan-kevatlannoite-plus-5l\" \/>\n<meta property=\"og:locale\" content=\"fi_FI\" \/>\n<meta property=\"og:type\" content=\"article\" \/>\n<meta property=\"og:title\" content=\"Kekkil\u00e4n Kev\u00e4tlannoite Plus+ 5l -\" \/>\n<meta property=\"og:description\" content=\"Kekkil\u00e4 Kev\u00e4tlannoite PLUS+ on puutarhan monivaikutteinen yleislannoite. Se k\u00e4ynnist\u00e4\u00e4 kev\u00e4isen kasvun sek\u00e4 antaa elinvoimaa ja kest\u00e4vyytt\u00e4 kaikille puutarhan kasveille. Kev\u00e4tlannoite PLUS+ on p\u00f6ly\u00e4m\u00e4t\u00f6n, rakeinen seos, joka on helppo levitt\u00e4\u00e4.  Kekkil\u00e4 PLUS+ lannoitteet ovat monivaikutteisia. Orgaanisten kivenn\u00e4islannoitteiden sis\u00e4lt\u00e4m\u00e4t kivenn\u00e4isravinteet vaikuttavat nopeasti ja k\u00e4ynnist\u00e4v\u00e4t kasvien kasvun. Orgaaniset ravinteet vapautuvat hitaammin eiv\u00e4t huuhtoudu, ja siten yll\u00e4pit\u00e4v\u00e4t kasvua pitk\u00e4\u00e4n. Lis\u00e4ksi orgaaniset ainesosat vilkastuttavat maaper\u00e4n pieneli\u00f6toimintaa, ja parantavat maan luonnollista kasvukuntoa.  Orgaaniset raaka-aineet ovat kiertotaloudesta saatuja, ruokatuotannon sivutuotteita, jotka palaavat n\u00e4in hy\u00f6tyk\u00e4ytt\u00f6\u00f6n ymp\u00e4rist\u00f6yst\u00e4v\u00e4llisell\u00e4 tavalla.\" \/>\n<meta property=\"og:url\" content=\"https:\/\/www.hantulantaimi.fi\/?product=kekkilan-kevatlannoite-plus-5l\" \/>\n<meta property=\"article:modified_time\" content=\"2022-07-27T12:03:39+00:00\" \/>\n<meta property=\"og:image\" content=\"https:\/\/www.hantulantaimi.fi\/wp-content\/uploads\/2022\/07\/kevatlannoite-plus.png\" \/>\n\t<meta property=\"og:image:width\" content=\"1024\" \/>\n\t<meta property=\"og:image:height\" content=\"1024\" \/>\n\t<meta property=\"og:image:type\" content=\"image\/png\" \/>\n<meta name=\"twitter:card\" content=\"summary_large_image\" \/>\n<script type=\"application\/ld+json\" class=\"yoast-schema-graph\">{\"@context\":\"https:\/\/schema.org\",\"@graph\":[{\"@type\":\"WebPage\",\"@id\":\"https:\/\/www.hantulantaimi.fi\/?product=kekkilan-kevatlannoite-plus-5l\",\"url\":\"https:\/\/www.hantulantaimi.fi\/?product=kekkilan-kevatlannoite-plus-5l\",\"name\":\"Kekkil\u00e4n Kev\u00e4tlannoite Plus+ 5l -\",\"isPartOf\":{\"@id\":\"https:\/\/www.hantulantaimi.fi\/#website\"},\"primaryImageOfPage\":{\"@id\":\"https:\/\/www.hantulantaimi.fi\/?product=kekkilan-kevatlannoite-plus-5l#primaryimage\"},\"image\":{\"@id\":\"https:\/\/www.hantulantaimi.fi\/?product=kekkilan-kevatlannoite-plus-5l#primaryimage\"},\"thumbnailUrl\":\"https:\/\/www.hantulantaimi.fi\/wp-content\/uploads\/2022\/07\/kevatlannoite-plus.png\",\"datePublished\":\"2022-07-27T12:01:25+00:00\",\"dateModified\":\"2022-07-27T12:03:39+00:00\",\"breadcrumb\":{\"@id\":\"https:\/\/www.hantulantaimi.fi\/?product=kekkilan-kevatlannoite-plus-5l#breadcrumb\"},\"inLanguage\":\"fi\",\"potentialAction\":[{\"@type\":\"ReadAction\",\"target\":[\"https:\/\/www.hantulantaimi.fi\/?product=kekkilan-kevatlannoite-plus-5l\"]}]},{\"@type\":\"ImageObject\",\"inLanguage\":\"fi\",\"@id\":\"https:\/\/www.hantulantaimi.fi\/?product=kekkilan-kevatlannoite-plus-5l#primaryimage\",\"url\":\"https:\/\/www.hantulantaimi.fi\/wp-content\/uploads\/2022\/07\/kevatlannoite-plus.png\",\"contentUrl\":\"https:\/\/www.hantulantaimi.fi\/wp-content\/uploads\/2022\/07\/kevatlannoite-plus.png\",\"width\":1024,\"height\":1024},{\"@type\":\"BreadcrumbList\",\"@id\":\"https:\/\/www.hantulantaimi.fi\/?product=kekkilan-kevatlannoite-plus-5l#breadcrumb\",\"itemListElement\":[{\"@type\":\"ListItem\",\"position\":1,\"name\":\"Home\",\"item\":\"https:\/\/www.hantulantaimi.fi\/\"},{\"@type\":\"ListItem\",\"position\":2,\"name\":\"Valikoima\",\"item\":\"https:\/\/www.hantulantaimi.fi\/?page_id=768\"},{\"@type\":\"ListItem\",\"position\":3,\"name\":\"Kekkil\u00e4n Kev\u00e4tlannoite Plus+ 5l\"}]},{\"@type\":\"WebSite\",\"@id\":\"https:\/\/www.hantulantaimi.fi\/#website\",\"url\":\"https:\/\/www.hantulantaimi.fi\/\",\"name\":\"\",\"description\":\"\",\"potentialAction\":[{\"@type\":\"SearchAction\",\"target\":{\"@type\":\"EntryPoint\",\"urlTemplate\":\"https:\/\/www.hantulantaimi.fi\/?s={search_term_string}\"},\"query-input\":{\"@type\":\"PropertyValueSpecification\",\"valueRequired\":true,\"valueName\":\"search_term_string\"}}],\"inLanguage\":\"fi\"}]}<\/script>\n<!-- \/ Yoast SEO plugin. -->","yoast_head_json":{"title":"Kekkil\u00e4n Kev\u00e4tlannoite Plus+ 5l -","robots":{"index":"index","follow":"follow","max-snippet":"max-snippet:-1","max-image-preview":"max-image-preview:large","max-video-preview":"max-video-preview:-1"},"canonical":"https:\/\/www.hantulantaimi.fi\/?product=kekkilan-kevatlannoite-plus-5l","og_locale":"fi_FI","og_type":"article","og_title":"Kekkil\u00e4n Kev\u00e4tlannoite Plus+ 5l -","og_description":"Kekkil\u00e4 Kev\u00e4tlannoite PLUS+ on puutarhan monivaikutteinen yleislannoite. Se k\u00e4ynnist\u00e4\u00e4 kev\u00e4isen kasvun sek\u00e4 antaa elinvoimaa ja kest\u00e4vyytt\u00e4 kaikille puutarhan kasveille. Kev\u00e4tlannoite PLUS+ on p\u00f6ly\u00e4m\u00e4t\u00f6n, rakeinen seos, joka on helppo levitt\u00e4\u00e4.  Kekkil\u00e4 PLUS+ lannoitteet ovat monivaikutteisia. Orgaanisten kivenn\u00e4islannoitteiden sis\u00e4lt\u00e4m\u00e4t kivenn\u00e4isravinteet vaikuttavat nopeasti ja k\u00e4ynnist\u00e4v\u00e4t kasvien kasvun. Orgaaniset ravinteet vapautuvat hitaammin eiv\u00e4t huuhtoudu, ja siten yll\u00e4pit\u00e4v\u00e4t kasvua pitk\u00e4\u00e4n. Lis\u00e4ksi orgaaniset ainesosat vilkastuttavat maaper\u00e4n pieneli\u00f6toimintaa, ja parantavat maan luonnollista kasvukuntoa.  Orgaaniset raaka-aineet ovat kiertotaloudesta saatuja, ruokatuotannon sivutuotteita, jotka palaavat n\u00e4in hy\u00f6tyk\u00e4ytt\u00f6\u00f6n ymp\u00e4rist\u00f6yst\u00e4v\u00e4llisell\u00e4 tavalla.","og_url":"https:\/\/www.hantulantaimi.fi\/?product=kekkilan-kevatlannoite-plus-5l","article_modified_time":"2022-07-27T12:03:39+00:00","og_image":[{"width":1024,"height":1024,"url":"https:\/\/www.hantulantaimi.fi\/wp-content\/uploads\/2022\/07\/kevatlannoite-plus.png","type":"image\/png"}],"twitter_card":"summary_large_image","schema":{"@context":"https:\/\/schema.org","@graph":[{"@type":"WebPage","@id":"https:\/\/www.hantulantaimi.fi\/?product=kekkilan-kevatlannoite-plus-5l","url":"https:\/\/www.hantulantaimi.fi\/?product=kekkilan-kevatlannoite-plus-5l","name":"Kekkil\u00e4n Kev\u00e4tlannoite Plus+ 5l -","isPartOf":{"@id":"https:\/\/www.hantulantaimi.fi\/#website"},"primaryImageOfPage":{"@id":"https:\/\/www.hantulantaimi.fi\/?product=kekkilan-kevatlannoite-plus-5l#primaryimage"},"image":{"@id":"https:\/\/www.hantulantaimi.fi\/?product=kekkilan-kevatlannoite-plus-5l#primaryimage"},"thumbnailUrl":"https:\/\/www.hantulantaimi.fi\/wp-content\/uploads\/2022\/07\/kevatlannoite-plus.png","datePublished":"2022-07-27T12:01:25+00:00","dateModified":"2022-07-27T12:03:39+00:00","breadcrumb":{"@id":"https:\/\/www.hantulantaimi.fi\/?product=kekkilan-kevatlannoite-plus-5l#breadcrumb"},"inLanguage":"fi","potentialAction":[{"@type":"ReadAction","target":["https:\/\/www.hantulantaimi.fi\/?product=kekkilan-kevatlannoite-plus-5l"]}]},{"@type":"ImageObject","inLanguage":"fi","@id":"https:\/\/www.hantulantaimi.fi\/?product=kekkilan-kevatlannoite-plus-5l#primaryimage","url":"https:\/\/www.hantulantaimi.fi\/wp-content\/uploads\/2022\/07\/kevatlannoite-plus.png","contentUrl":"https:\/\/www.hantulantaimi.fi\/wp-content\/uploads\/2022\/07\/kevatlannoite-plus.png","width":1024,"height":1024},{"@type":"BreadcrumbList","@id":"https:\/\/www.hantulantaimi.fi\/?product=kekkilan-kevatlannoite-plus-5l#breadcrumb","itemListElement":[{"@type":"ListItem","position":1,"name":"Home","item":"https:\/\/www.hantulantaimi.fi\/"},{"@type":"ListItem","position":2,"name":"Valikoima","item":"https:\/\/www.hantulantaimi.fi\/?page_id=768"},{"@type":"ListItem","position":3,"name":"Kekkil\u00e4n Kev\u00e4tlannoite Plus+ 5l"}]},{"@type":"WebSite","@id":"https:\/\/www.hantulantaimi.fi\/#website","url":"https:\/\/www.hantulantaimi.fi\/","name":"","description":"","potentialAction":[{"@type":"SearchAction","target":{"@type":"EntryPoint","urlTemplate":"https:\/\/www.hantulantaimi.fi\/?s={search_term_string}"},"query-input":{"@type":"PropertyValueSpecification","valueRequired":true,"valueName":"search_term_string"}}],"inLanguage":"fi"}]}},"_links":{"self":[{"href":"https:\/\/www.hantulantaimi.fi\/index.php?rest_route=\/wp\/v2\/product\/6815","targetHints":{"allow":["GET"]}}],"collection":[{"href":"https:\/\/www.hantulantaimi.fi\/index.php?rest_route=\/wp\/v2\/product"}],"about":[{"href":"https:\/\/www.hantulantaimi.fi\/index.php?rest_route=\/wp\/v2\/types\/product"}],"version-history":[{"count":1,"href":"https:\/\/www.hantulantaimi.fi\/index.php?rest_route=\/wp\/v2\/product\/6815\/revisions"}],"predecessor-version":[{"id":6818,"href":"https:\/\/www.hantulantaimi.fi\/index.php?rest_route=\/wp\/v2\/product\/6815\/revisions\/6818"}],"wp:featuredmedia":[{"embeddable":true,"href":"https:\/\/www.hantulantaimi.fi\/index.php?rest_route=\/wp\/v2\/media\/6817"}],"wp:attachment":[{"href":"https:\/\/www.hantulantaimi.fi\/index.php?rest_route=%2Fwp%2Fv2%2Fmedia&parent=6815"}],"wp:term":[{"taxonomy":"product_brand","embeddable":true,"href":"https:\/\/www.hantulantaimi.fi\/index.php?rest_route=%2Fwp%2Fv2%2Fproduct_brand&post=6815"},{"taxonomy":"product_cat","embeddable":true,"href":"https:\/\/www.hantulantaimi.fi\/index.php?rest_route=%2Fwp%2Fv2%2Fproduct_cat&post=6815"},{"taxonomy":"product_tag","embeddable":true,"href":"https:\/\/www.hantulantaimi.fi\/index.php?rest_route=%2Fwp%2Fv2%2Fproduct_tag&post=6815"}],"curies":[{"name":"wp","href":"https:\/\/api.w.org\/{rel}","templated":true}]}}