{"id":6812,"date":"2022-07-27T14:56:01","date_gmt":"2022-07-27T11:56:01","guid":{"rendered":"https:\/\/www.hantulantaimi.fi\/?post_type=product&#038;p=6812"},"modified":"2022-07-27T14:58:19","modified_gmt":"2022-07-27T11:58:19","slug":"kekkilan-viherkasvimulta-10l-30l","status":"publish","type":"product","link":"https:\/\/www.hantulantaimi.fi\/?product=kekkilan-viherkasvimulta-10l-30l","title":{"rendered":"Kekkil\u00e4n Viherkasvimulta 10l \/ 30l"},"content":{"rendered":"","protected":false},"excerpt":{"rendered":"<p>Viherkasvimulta on aiemmalta nimelt\u00e4\u00e4n\u00a0Kestomulta. Uusi nimi kertoo paremmin mullan k\u00e4ytt\u00f6tarkoituksesta.<\/p>\n<p>Viherkasvimullan raaka-aineet on valittu siten, ett\u00e4 multa pysyy ilmavana mahdollisimman pitk\u00e4\u00e4n ja vesi ja ravinteet levi\u00e4v\u00e4t tasaisesti isommassakin multatilassa. Ihanteellisella hiekkam\u00e4\u00e4r\u00e4ll\u00e4 on v\u00e4hennetty ylikastelun riski\u00e4 ja saatu aikaan eritt\u00e4in kest\u00e4v\u00e4 rakenne.<\/p>\n<p>Viherkasvimultaan lis\u00e4tyn kostutusaineen ansiosta mullanvaihto on nyt entist\u00e4kin siistimp\u00e4\u00e4 ja kastelu helpompaa. Kasteluvesi imeytyy nopeasti multaan, n\u00e4in on helpompaa kastella reilummin kerrallaan.\u00a0 Mullan on hyv\u00e4 antaa kuivahtaa kevyesti kasteluiden v\u00e4lill\u00e4, sill\u00e4 liian m\u00e4r\u00e4ss\u00e4 mullassa kasvien juuristo ei saa tarvitsemaansa happea.<\/p>\n<p>Viherkasvimulta on vihersisustamisen ammattilaisten suosima multa altakasteluruukkuihin. Se k\u00e4y hyvin my\u00f6s monivuotisiin ruukkuistutuksiin esim. parvekkeille ja terasseille.<\/p>\n","protected":false},"featured_media":6813,"template":"","meta":{"site-sidebar-layout":"default","site-content-layout":"default","ast-site-content-layout":"default","site-content-style":"default","site-sidebar-style":"default","ast-global-header-display":"","ast-banner-title-visibility":"","ast-main-header-display":"","ast-hfb-above-header-display":"","ast-hfb-below-header-display":"","ast-hfb-mobile-header-display":"","site-post-title":"","ast-breadcrumbs-content":"","ast-featured-img":"","footer-sml-layout":"","theme-transparent-header-meta":"default","adv-header-id-meta":"","stick-header-meta":"","header-above-stick-meta":"","header-main-stick-meta":"","header-below-stick-meta":"","astra-migrate-meta-layouts":"default","ast-page-background-enabled":"default","ast-page-background-meta":{"desktop":{"background-color":"","background-image":"","background-repeat":"repeat","background-position":"center center","background-size":"auto","background-attachment":"scroll","background-type":"","background-media":"","overlay-type":"","overlay-color":"","overlay-opacity":"","overlay-gradient":""},"tablet":{"background-color":"","background-image":"","background-repeat":"repeat","background-position":"center center","background-size":"auto","background-attachment":"scroll","background-type":"","background-media":"","overlay-type":"","overlay-color":"","overlay-opacity":"","overlay-gradient":""},"mobile":{"background-color":"","background-image":"","background-repeat":"repeat","background-position":"center center","background-size":"auto","background-attachment":"scroll","background-type":"","background-media":"","overlay-type":"","overlay-color":"","overlay-opacity":"","overlay-gradient":""}},"ast-content-background-meta":{"desktop":{"background-color":"var(--ast-global-color-5)","background-image":"","background-repeat":"repeat","background-position":"center center","background-size":"auto","background-attachment":"scroll","background-type":"","background-media":"","overlay-type":"","overlay-color":"","overlay-opacity":"","overlay-gradient":""},"tablet":{"background-color":"var(--ast-global-color-5)","background-image":"","background-repeat":"repeat","background-position":"center center","background-size":"auto","background-attachment":"scroll","background-type":"","background-media":"","overlay-type":"","overlay-color":"","overlay-opacity":"","overlay-gradient":""},"mobile":{"background-color":"var(--ast-global-color-5)","background-image":"","background-repeat":"repeat","background-position":"center center","background-size":"auto","background-attachment":"scroll","background-type":"","background-media":"","overlay-type":"","overlay-color":"","overlay-opacity":"","overlay-gradient":""}}},"product_brand":[],"product_cat":[106],"product_tag":[],"class_list":{"0":"post-6812","1":"product","2":"type-product","3":"status-publish","4":"has-post-thumbnail","6":"product_cat-puutarhatarvikkeet","7":"desktop-align-left","8":"tablet-align-left","9":"mobile-align-left","11":"first","12":"instock","13":"shipping-taxable","14":"product-type-simple"},"yoast_head":"<!-- This site is optimized with the Yoast SEO plugin v26.9 - https:\/\/yoast.com\/product\/yoast-seo-wordpress\/ -->\n<title>Kekkil\u00e4n Viherkasvimulta 10l \/ 30l -<\/title>\n<meta name=\"robots\" content=\"index, follow, max-snippet:-1, max-image-preview:large, max-video-preview:-1\" \/>\n<link rel=\"canonical\" href=\"https:\/\/www.hantulantaimi.fi\/?product=kekkilan-viherkasvimulta-10l-30l\" \/>\n<meta property=\"og:locale\" content=\"fi_FI\" \/>\n<meta property=\"og:type\" content=\"article\" \/>\n<meta property=\"og:title\" content=\"Kekkil\u00e4n Viherkasvimulta 10l \/ 30l -\" \/>\n<meta property=\"og:description\" content=\"Viherkasvimulta on aiemmalta nimelt\u00e4\u00e4n\u00a0Kestomulta. Uusi nimi kertoo paremmin mullan k\u00e4ytt\u00f6tarkoituksesta.  Viherkasvimullan raaka-aineet on valittu siten, ett\u00e4 multa pysyy ilmavana mahdollisimman pitk\u00e4\u00e4n ja vesi ja ravinteet levi\u00e4v\u00e4t tasaisesti isommassakin multatilassa. Ihanteellisella hiekkam\u00e4\u00e4r\u00e4ll\u00e4 on v\u00e4hennetty ylikastelun riski\u00e4 ja saatu aikaan eritt\u00e4in kest\u00e4v\u00e4 rakenne.  Viherkasvimultaan lis\u00e4tyn kostutusaineen ansiosta mullanvaihto on nyt entist\u00e4kin siistimp\u00e4\u00e4 ja kastelu helpompaa. Kasteluvesi imeytyy nopeasti multaan, n\u00e4in on helpompaa kastella reilummin kerrallaan.\u00a0 Mullan on hyv\u00e4 antaa kuivahtaa kevyesti kasteluiden v\u00e4lill\u00e4, sill\u00e4 liian m\u00e4r\u00e4ss\u00e4 mullassa kasvien juuristo ei saa tarvitsemaansa happea.  Viherkasvimulta on vihersisustamisen ammattilaisten suosima multa altakasteluruukkuihin. Se k\u00e4y hyvin my\u00f6s monivuotisiin ruukkuistutuksiin esim. parvekkeille ja terasseille.\" \/>\n<meta property=\"og:url\" content=\"https:\/\/www.hantulantaimi.fi\/?product=kekkilan-viherkasvimulta-10l-30l\" \/>\n<meta property=\"article:modified_time\" content=\"2022-07-27T11:58:19+00:00\" \/>\n<meta property=\"og:image\" content=\"https:\/\/www.hantulantaimi.fi\/wp-content\/uploads\/2022\/07\/viherkasvimulta.png\" \/>\n\t<meta property=\"og:image:width\" content=\"800\" \/>\n\t<meta property=\"og:image:height\" content=\"800\" \/>\n\t<meta property=\"og:image:type\" content=\"image\/png\" \/>\n<meta name=\"twitter:card\" content=\"summary_large_image\" \/>\n<script type=\"application\/ld+json\" class=\"yoast-schema-graph\">{\"@context\":\"https:\/\/schema.org\",\"@graph\":[{\"@type\":\"WebPage\",\"@id\":\"https:\/\/www.hantulantaimi.fi\/?product=kekkilan-viherkasvimulta-10l-30l\",\"url\":\"https:\/\/www.hantulantaimi.fi\/?product=kekkilan-viherkasvimulta-10l-30l\",\"name\":\"Kekkil\u00e4n Viherkasvimulta 10l \/ 30l -\",\"isPartOf\":{\"@id\":\"https:\/\/www.hantulantaimi.fi\/#website\"},\"primaryImageOfPage\":{\"@id\":\"https:\/\/www.hantulantaimi.fi\/?product=kekkilan-viherkasvimulta-10l-30l#primaryimage\"},\"image\":{\"@id\":\"https:\/\/www.hantulantaimi.fi\/?product=kekkilan-viherkasvimulta-10l-30l#primaryimage\"},\"thumbnailUrl\":\"https:\/\/www.hantulantaimi.fi\/wp-content\/uploads\/2022\/07\/viherkasvimulta.png\",\"datePublished\":\"2022-07-27T11:56:01+00:00\",\"dateModified\":\"2022-07-27T11:58:19+00:00\",\"breadcrumb\":{\"@id\":\"https:\/\/www.hantulantaimi.fi\/?product=kekkilan-viherkasvimulta-10l-30l#breadcrumb\"},\"inLanguage\":\"fi\",\"potentialAction\":[{\"@type\":\"ReadAction\",\"target\":[\"https:\/\/www.hantulantaimi.fi\/?product=kekkilan-viherkasvimulta-10l-30l\"]}]},{\"@type\":\"ImageObject\",\"inLanguage\":\"fi\",\"@id\":\"https:\/\/www.hantulantaimi.fi\/?product=kekkilan-viherkasvimulta-10l-30l#primaryimage\",\"url\":\"https:\/\/www.hantulantaimi.fi\/wp-content\/uploads\/2022\/07\/viherkasvimulta.png\",\"contentUrl\":\"https:\/\/www.hantulantaimi.fi\/wp-content\/uploads\/2022\/07\/viherkasvimulta.png\",\"width\":800,\"height\":800},{\"@type\":\"BreadcrumbList\",\"@id\":\"https:\/\/www.hantulantaimi.fi\/?product=kekkilan-viherkasvimulta-10l-30l#breadcrumb\",\"itemListElement\":[{\"@type\":\"ListItem\",\"position\":1,\"name\":\"Home\",\"item\":\"https:\/\/www.hantulantaimi.fi\/\"},{\"@type\":\"ListItem\",\"position\":2,\"name\":\"Valikoima\",\"item\":\"https:\/\/www.hantulantaimi.fi\/?page_id=768\"},{\"@type\":\"ListItem\",\"position\":3,\"name\":\"Kekkil\u00e4n Viherkasvimulta 10l \/ 30l\"}]},{\"@type\":\"WebSite\",\"@id\":\"https:\/\/www.hantulantaimi.fi\/#website\",\"url\":\"https:\/\/www.hantulantaimi.fi\/\",\"name\":\"\",\"description\":\"\",\"potentialAction\":[{\"@type\":\"SearchAction\",\"target\":{\"@type\":\"EntryPoint\",\"urlTemplate\":\"https:\/\/www.hantulantaimi.fi\/?s={search_term_string}\"},\"query-input\":{\"@type\":\"PropertyValueSpecification\",\"valueRequired\":true,\"valueName\":\"search_term_string\"}}],\"inLanguage\":\"fi\"}]}<\/script>\n<!-- \/ Yoast SEO plugin. -->","yoast_head_json":{"title":"Kekkil\u00e4n Viherkasvimulta 10l \/ 30l -","robots":{"index":"index","follow":"follow","max-snippet":"max-snippet:-1","max-image-preview":"max-image-preview:large","max-video-preview":"max-video-preview:-1"},"canonical":"https:\/\/www.hantulantaimi.fi\/?product=kekkilan-viherkasvimulta-10l-30l","og_locale":"fi_FI","og_type":"article","og_title":"Kekkil\u00e4n Viherkasvimulta 10l \/ 30l -","og_description":"Viherkasvimulta on aiemmalta nimelt\u00e4\u00e4n\u00a0Kestomulta. Uusi nimi kertoo paremmin mullan k\u00e4ytt\u00f6tarkoituksesta.  Viherkasvimullan raaka-aineet on valittu siten, ett\u00e4 multa pysyy ilmavana mahdollisimman pitk\u00e4\u00e4n ja vesi ja ravinteet levi\u00e4v\u00e4t tasaisesti isommassakin multatilassa. Ihanteellisella hiekkam\u00e4\u00e4r\u00e4ll\u00e4 on v\u00e4hennetty ylikastelun riski\u00e4 ja saatu aikaan eritt\u00e4in kest\u00e4v\u00e4 rakenne.  Viherkasvimultaan lis\u00e4tyn kostutusaineen ansiosta mullanvaihto on nyt entist\u00e4kin siistimp\u00e4\u00e4 ja kastelu helpompaa. Kasteluvesi imeytyy nopeasti multaan, n\u00e4in on helpompaa kastella reilummin kerrallaan.\u00a0 Mullan on hyv\u00e4 antaa kuivahtaa kevyesti kasteluiden v\u00e4lill\u00e4, sill\u00e4 liian m\u00e4r\u00e4ss\u00e4 mullassa kasvien juuristo ei saa tarvitsemaansa happea.  Viherkasvimulta on vihersisustamisen ammattilaisten suosima multa altakasteluruukkuihin. Se k\u00e4y hyvin my\u00f6s monivuotisiin ruukkuistutuksiin esim. parvekkeille ja terasseille.","og_url":"https:\/\/www.hantulantaimi.fi\/?product=kekkilan-viherkasvimulta-10l-30l","article_modified_time":"2022-07-27T11:58:19+00:00","og_image":[{"width":800,"height":800,"url":"https:\/\/www.hantulantaimi.fi\/wp-content\/uploads\/2022\/07\/viherkasvimulta.png","type":"image\/png"}],"twitter_card":"summary_large_image","schema":{"@context":"https:\/\/schema.org","@graph":[{"@type":"WebPage","@id":"https:\/\/www.hantulantaimi.fi\/?product=kekkilan-viherkasvimulta-10l-30l","url":"https:\/\/www.hantulantaimi.fi\/?product=kekkilan-viherkasvimulta-10l-30l","name":"Kekkil\u00e4n Viherkasvimulta 10l \/ 30l -","isPartOf":{"@id":"https:\/\/www.hantulantaimi.fi\/#website"},"primaryImageOfPage":{"@id":"https:\/\/www.hantulantaimi.fi\/?product=kekkilan-viherkasvimulta-10l-30l#primaryimage"},"image":{"@id":"https:\/\/www.hantulantaimi.fi\/?product=kekkilan-viherkasvimulta-10l-30l#primaryimage"},"thumbnailUrl":"https:\/\/www.hantulantaimi.fi\/wp-content\/uploads\/2022\/07\/viherkasvimulta.png","datePublished":"2022-07-27T11:56:01+00:00","dateModified":"2022-07-27T11:58:19+00:00","breadcrumb":{"@id":"https:\/\/www.hantulantaimi.fi\/?product=kekkilan-viherkasvimulta-10l-30l#breadcrumb"},"inLanguage":"fi","potentialAction":[{"@type":"ReadAction","target":["https:\/\/www.hantulantaimi.fi\/?product=kekkilan-viherkasvimulta-10l-30l"]}]},{"@type":"ImageObject","inLanguage":"fi","@id":"https:\/\/www.hantulantaimi.fi\/?product=kekkilan-viherkasvimulta-10l-30l#primaryimage","url":"https:\/\/www.hantulantaimi.fi\/wp-content\/uploads\/2022\/07\/viherkasvimulta.png","contentUrl":"https:\/\/www.hantulantaimi.fi\/wp-content\/uploads\/2022\/07\/viherkasvimulta.png","width":800,"height":800},{"@type":"BreadcrumbList","@id":"https:\/\/www.hantulantaimi.fi\/?product=kekkilan-viherkasvimulta-10l-30l#breadcrumb","itemListElement":[{"@type":"ListItem","position":1,"name":"Home","item":"https:\/\/www.hantulantaimi.fi\/"},{"@type":"ListItem","position":2,"name":"Valikoima","item":"https:\/\/www.hantulantaimi.fi\/?page_id=768"},{"@type":"ListItem","position":3,"name":"Kekkil\u00e4n Viherkasvimulta 10l \/ 30l"}]},{"@type":"WebSite","@id":"https:\/\/www.hantulantaimi.fi\/#website","url":"https:\/\/www.hantulantaimi.fi\/","name":"","description":"","potentialAction":[{"@type":"SearchAction","target":{"@type":"EntryPoint","urlTemplate":"https:\/\/www.hantulantaimi.fi\/?s={search_term_string}"},"query-input":{"@type":"PropertyValueSpecification","valueRequired":true,"valueName":"search_term_string"}}],"inLanguage":"fi"}]}},"_links":{"self":[{"href":"https:\/\/www.hantulantaimi.fi\/index.php?rest_route=\/wp\/v2\/product\/6812","targetHints":{"allow":["GET"]}}],"collection":[{"href":"https:\/\/www.hantulantaimi.fi\/index.php?rest_route=\/wp\/v2\/product"}],"about":[{"href":"https:\/\/www.hantulantaimi.fi\/index.php?rest_route=\/wp\/v2\/types\/product"}],"version-history":[{"count":2,"href":"https:\/\/www.hantulantaimi.fi\/index.php?rest_route=\/wp\/v2\/product\/6812\/revisions"}],"predecessor-version":[{"id":6816,"href":"https:\/\/www.hantulantaimi.fi\/index.php?rest_route=\/wp\/v2\/product\/6812\/revisions\/6816"}],"wp:featuredmedia":[{"embeddable":true,"href":"https:\/\/www.hantulantaimi.fi\/index.php?rest_route=\/wp\/v2\/media\/6813"}],"wp:attachment":[{"href":"https:\/\/www.hantulantaimi.fi\/index.php?rest_route=%2Fwp%2Fv2%2Fmedia&parent=6812"}],"wp:term":[{"taxonomy":"product_brand","embeddable":true,"href":"https:\/\/www.hantulantaimi.fi\/index.php?rest_route=%2Fwp%2Fv2%2Fproduct_brand&post=6812"},{"taxonomy":"product_cat","embeddable":true,"href":"https:\/\/www.hantulantaimi.fi\/index.php?rest_route=%2Fwp%2Fv2%2Fproduct_cat&post=6812"},{"taxonomy":"product_tag","embeddable":true,"href":"https:\/\/www.hantulantaimi.fi\/index.php?rest_route=%2Fwp%2Fv2%2Fproduct_tag&post=6812"}],"curies":[{"name":"wp","href":"https:\/\/api.w.org\/{rel}","templated":true}]}}