{"id":6809,"date":"2022-07-27T14:53:21","date_gmt":"2022-07-27T11:53:21","guid":{"rendered":"https:\/\/www.hantulantaimi.fi\/?post_type=product&#038;p=6809"},"modified":"2022-07-27T14:55:38","modified_gmt":"2022-07-27T11:55:38","slug":"kekkilan-ruukkuviljelymulta-luonnonmukainen-15l","status":"publish","type":"product","link":"https:\/\/www.hantulantaimi.fi\/?product=kekkilan-ruukkuviljelymulta-luonnonmukainen-15l","title":{"rendered":"Kekkil\u00e4n Ruukkuviljelymulta luonnonmukainen 15l"},"content":{"rendered":"","protected":false},"excerpt":{"rendered":"<p>Multaan sekoitettu sammal lis\u00e4\u00e4 ilmavuutta, ja sammalen hyv\u00e4 vedenpid\u00e4tyskyky helpottaa kastelua. Biohiili toimii ravintovarastona ja lis\u00e4\u00e4 hy\u00f6dyllisen pieneli\u00f6st\u00f6n m\u00e4\u00e4r\u00e4\u00e4 mullassa. Ruukkuviljelymultaan on lis\u00e4tty lis\u00e4ksi kasvien juurtumista ja ravinteiden ottoa parantavaa Kekkil\u00e4 Juurivoima\u2122 -humusyhdistett\u00e4. Ruukkuviljelymulta on luonnonmukaisesti lannoitettu ja 100% kasviper\u00e4inen.<\/p>\n<h3>K\u00e4ytt\u00f6kohteet<\/h3>\n<p>Kaikki sy\u00f6t\u00e4v\u00e4t kasvit ja koristekasvit ruukuissa ja laatikoissa parvekkeilla ja terasseilla, kodin kukat ja viherkasvit.<br \/>\nHelppoon parveke- ja ruukkuviljelyyn.<\/p>\n","protected":false},"featured_media":6810,"template":"","meta":{"site-sidebar-layout":"default","site-content-layout":"default","ast-site-content-layout":"default","site-content-style":"default","site-sidebar-style":"default","ast-global-header-display":"","ast-banner-title-visibility":"","ast-main-header-display":"","ast-hfb-above-header-display":"","ast-hfb-below-header-display":"","ast-hfb-mobile-header-display":"","site-post-title":"","ast-breadcrumbs-content":"","ast-featured-img":"","footer-sml-layout":"","theme-transparent-header-meta":"default","adv-header-id-meta":"","stick-header-meta":"","header-above-stick-meta":"","header-main-stick-meta":"","header-below-stick-meta":"","astra-migrate-meta-layouts":"default","ast-page-background-enabled":"default","ast-page-background-meta":{"desktop":{"background-color":"","background-image":"","background-repeat":"repeat","background-position":"center center","background-size":"auto","background-attachment":"scroll","background-type":"","background-media":"","overlay-type":"","overlay-color":"","overlay-opacity":"","overlay-gradient":""},"tablet":{"background-color":"","background-image":"","background-repeat":"repeat","background-position":"center center","background-size":"auto","background-attachment":"scroll","background-type":"","background-media":"","overlay-type":"","overlay-color":"","overlay-opacity":"","overlay-gradient":""},"mobile":{"background-color":"","background-image":"","background-repeat":"repeat","background-position":"center center","background-size":"auto","background-attachment":"scroll","background-type":"","background-media":"","overlay-type":"","overlay-color":"","overlay-opacity":"","overlay-gradient":""}},"ast-content-background-meta":{"desktop":{"background-color":"var(--ast-global-color-5)","background-image":"","background-repeat":"repeat","background-position":"center center","background-size":"auto","background-attachment":"scroll","background-type":"","background-media":"","overlay-type":"","overlay-color":"","overlay-opacity":"","overlay-gradient":""},"tablet":{"background-color":"var(--ast-global-color-5)","background-image":"","background-repeat":"repeat","background-position":"center center","background-size":"auto","background-attachment":"scroll","background-type":"","background-media":"","overlay-type":"","overlay-color":"","overlay-opacity":"","overlay-gradient":""},"mobile":{"background-color":"var(--ast-global-color-5)","background-image":"","background-repeat":"repeat","background-position":"center center","background-size":"auto","background-attachment":"scroll","background-type":"","background-media":"","overlay-type":"","overlay-color":"","overlay-opacity":"","overlay-gradient":""}}},"product_brand":[],"product_cat":[106],"product_tag":[],"class_list":{"0":"post-6809","1":"product","2":"type-product","3":"status-publish","4":"has-post-thumbnail","6":"product_cat-puutarhatarvikkeet","7":"desktop-align-left","8":"tablet-align-left","9":"mobile-align-left","11":"first","12":"instock","13":"shipping-taxable","14":"product-type-simple"},"yoast_head":"<!-- This site is optimized with the Yoast SEO plugin v26.9 - https:\/\/yoast.com\/product\/yoast-seo-wordpress\/ -->\n<title>Kekkil\u00e4n Ruukkuviljelymulta luonnonmukainen 15l -<\/title>\n<meta name=\"robots\" content=\"index, follow, max-snippet:-1, max-image-preview:large, max-video-preview:-1\" \/>\n<link rel=\"canonical\" href=\"https:\/\/www.hantulantaimi.fi\/?product=kekkilan-ruukkuviljelymulta-luonnonmukainen-15l\" \/>\n<meta property=\"og:locale\" content=\"fi_FI\" \/>\n<meta property=\"og:type\" content=\"article\" \/>\n<meta property=\"og:title\" content=\"Kekkil\u00e4n Ruukkuviljelymulta luonnonmukainen 15l -\" \/>\n<meta property=\"og:description\" content=\"Multaan sekoitettu sammal lis\u00e4\u00e4 ilmavuutta, ja sammalen hyv\u00e4 vedenpid\u00e4tyskyky helpottaa kastelua. Biohiili toimii ravintovarastona ja lis\u00e4\u00e4 hy\u00f6dyllisen pieneli\u00f6st\u00f6n m\u00e4\u00e4r\u00e4\u00e4 mullassa. Ruukkuviljelymultaan on lis\u00e4tty lis\u00e4ksi kasvien juurtumista ja ravinteiden ottoa parantavaa Kekkil\u00e4 Juurivoima\u2122 -humusyhdistett\u00e4. Ruukkuviljelymulta on luonnonmukaisesti lannoitettu ja 100% kasviper\u00e4inen. K\u00e4ytt\u00f6kohteet Kaikki sy\u00f6t\u00e4v\u00e4t kasvit ja koristekasvit ruukuissa ja laatikoissa parvekkeilla ja terasseilla, kodin kukat ja viherkasvit. Helppoon parveke- ja ruukkuviljelyyn.\" \/>\n<meta property=\"og:url\" content=\"https:\/\/www.hantulantaimi.fi\/?product=kekkilan-ruukkuviljelymulta-luonnonmukainen-15l\" \/>\n<meta property=\"article:modified_time\" content=\"2022-07-27T11:55:38+00:00\" \/>\n<meta property=\"og:image\" content=\"https:\/\/www.hantulantaimi.fi\/wp-content\/uploads\/2022\/07\/ruukkuviljelymulta.png\" \/>\n\t<meta property=\"og:image:width\" content=\"800\" \/>\n\t<meta property=\"og:image:height\" content=\"800\" \/>\n\t<meta property=\"og:image:type\" content=\"image\/png\" \/>\n<meta name=\"twitter:card\" content=\"summary_large_image\" \/>\n<script type=\"application\/ld+json\" class=\"yoast-schema-graph\">{\"@context\":\"https:\/\/schema.org\",\"@graph\":[{\"@type\":\"WebPage\",\"@id\":\"https:\/\/www.hantulantaimi.fi\/?product=kekkilan-ruukkuviljelymulta-luonnonmukainen-15l\",\"url\":\"https:\/\/www.hantulantaimi.fi\/?product=kekkilan-ruukkuviljelymulta-luonnonmukainen-15l\",\"name\":\"Kekkil\u00e4n Ruukkuviljelymulta luonnonmukainen 15l -\",\"isPartOf\":{\"@id\":\"https:\/\/www.hantulantaimi.fi\/#website\"},\"primaryImageOfPage\":{\"@id\":\"https:\/\/www.hantulantaimi.fi\/?product=kekkilan-ruukkuviljelymulta-luonnonmukainen-15l#primaryimage\"},\"image\":{\"@id\":\"https:\/\/www.hantulantaimi.fi\/?product=kekkilan-ruukkuviljelymulta-luonnonmukainen-15l#primaryimage\"},\"thumbnailUrl\":\"https:\/\/www.hantulantaimi.fi\/wp-content\/uploads\/2022\/07\/ruukkuviljelymulta.png\",\"datePublished\":\"2022-07-27T11:53:21+00:00\",\"dateModified\":\"2022-07-27T11:55:38+00:00\",\"breadcrumb\":{\"@id\":\"https:\/\/www.hantulantaimi.fi\/?product=kekkilan-ruukkuviljelymulta-luonnonmukainen-15l#breadcrumb\"},\"inLanguage\":\"fi\",\"potentialAction\":[{\"@type\":\"ReadAction\",\"target\":[\"https:\/\/www.hantulantaimi.fi\/?product=kekkilan-ruukkuviljelymulta-luonnonmukainen-15l\"]}]},{\"@type\":\"ImageObject\",\"inLanguage\":\"fi\",\"@id\":\"https:\/\/www.hantulantaimi.fi\/?product=kekkilan-ruukkuviljelymulta-luonnonmukainen-15l#primaryimage\",\"url\":\"https:\/\/www.hantulantaimi.fi\/wp-content\/uploads\/2022\/07\/ruukkuviljelymulta.png\",\"contentUrl\":\"https:\/\/www.hantulantaimi.fi\/wp-content\/uploads\/2022\/07\/ruukkuviljelymulta.png\",\"width\":800,\"height\":800},{\"@type\":\"BreadcrumbList\",\"@id\":\"https:\/\/www.hantulantaimi.fi\/?product=kekkilan-ruukkuviljelymulta-luonnonmukainen-15l#breadcrumb\",\"itemListElement\":[{\"@type\":\"ListItem\",\"position\":1,\"name\":\"Home\",\"item\":\"https:\/\/www.hantulantaimi.fi\/\"},{\"@type\":\"ListItem\",\"position\":2,\"name\":\"Valikoima\",\"item\":\"https:\/\/www.hantulantaimi.fi\/?page_id=768\"},{\"@type\":\"ListItem\",\"position\":3,\"name\":\"Kekkil\u00e4n Ruukkuviljelymulta luonnonmukainen 15l\"}]},{\"@type\":\"WebSite\",\"@id\":\"https:\/\/www.hantulantaimi.fi\/#website\",\"url\":\"https:\/\/www.hantulantaimi.fi\/\",\"name\":\"\",\"description\":\"\",\"potentialAction\":[{\"@type\":\"SearchAction\",\"target\":{\"@type\":\"EntryPoint\",\"urlTemplate\":\"https:\/\/www.hantulantaimi.fi\/?s={search_term_string}\"},\"query-input\":{\"@type\":\"PropertyValueSpecification\",\"valueRequired\":true,\"valueName\":\"search_term_string\"}}],\"inLanguage\":\"fi\"}]}<\/script>\n<!-- \/ Yoast SEO plugin. -->","yoast_head_json":{"title":"Kekkil\u00e4n Ruukkuviljelymulta luonnonmukainen 15l -","robots":{"index":"index","follow":"follow","max-snippet":"max-snippet:-1","max-image-preview":"max-image-preview:large","max-video-preview":"max-video-preview:-1"},"canonical":"https:\/\/www.hantulantaimi.fi\/?product=kekkilan-ruukkuviljelymulta-luonnonmukainen-15l","og_locale":"fi_FI","og_type":"article","og_title":"Kekkil\u00e4n Ruukkuviljelymulta luonnonmukainen 15l -","og_description":"Multaan sekoitettu sammal lis\u00e4\u00e4 ilmavuutta, ja sammalen hyv\u00e4 vedenpid\u00e4tyskyky helpottaa kastelua. Biohiili toimii ravintovarastona ja lis\u00e4\u00e4 hy\u00f6dyllisen pieneli\u00f6st\u00f6n m\u00e4\u00e4r\u00e4\u00e4 mullassa. Ruukkuviljelymultaan on lis\u00e4tty lis\u00e4ksi kasvien juurtumista ja ravinteiden ottoa parantavaa Kekkil\u00e4 Juurivoima\u2122 -humusyhdistett\u00e4. Ruukkuviljelymulta on luonnonmukaisesti lannoitettu ja 100% kasviper\u00e4inen. K\u00e4ytt\u00f6kohteet Kaikki sy\u00f6t\u00e4v\u00e4t kasvit ja koristekasvit ruukuissa ja laatikoissa parvekkeilla ja terasseilla, kodin kukat ja viherkasvit. Helppoon parveke- ja ruukkuviljelyyn.","og_url":"https:\/\/www.hantulantaimi.fi\/?product=kekkilan-ruukkuviljelymulta-luonnonmukainen-15l","article_modified_time":"2022-07-27T11:55:38+00:00","og_image":[{"width":800,"height":800,"url":"https:\/\/www.hantulantaimi.fi\/wp-content\/uploads\/2022\/07\/ruukkuviljelymulta.png","type":"image\/png"}],"twitter_card":"summary_large_image","schema":{"@context":"https:\/\/schema.org","@graph":[{"@type":"WebPage","@id":"https:\/\/www.hantulantaimi.fi\/?product=kekkilan-ruukkuviljelymulta-luonnonmukainen-15l","url":"https:\/\/www.hantulantaimi.fi\/?product=kekkilan-ruukkuviljelymulta-luonnonmukainen-15l","name":"Kekkil\u00e4n Ruukkuviljelymulta luonnonmukainen 15l -","isPartOf":{"@id":"https:\/\/www.hantulantaimi.fi\/#website"},"primaryImageOfPage":{"@id":"https:\/\/www.hantulantaimi.fi\/?product=kekkilan-ruukkuviljelymulta-luonnonmukainen-15l#primaryimage"},"image":{"@id":"https:\/\/www.hantulantaimi.fi\/?product=kekkilan-ruukkuviljelymulta-luonnonmukainen-15l#primaryimage"},"thumbnailUrl":"https:\/\/www.hantulantaimi.fi\/wp-content\/uploads\/2022\/07\/ruukkuviljelymulta.png","datePublished":"2022-07-27T11:53:21+00:00","dateModified":"2022-07-27T11:55:38+00:00","breadcrumb":{"@id":"https:\/\/www.hantulantaimi.fi\/?product=kekkilan-ruukkuviljelymulta-luonnonmukainen-15l#breadcrumb"},"inLanguage":"fi","potentialAction":[{"@type":"ReadAction","target":["https:\/\/www.hantulantaimi.fi\/?product=kekkilan-ruukkuviljelymulta-luonnonmukainen-15l"]}]},{"@type":"ImageObject","inLanguage":"fi","@id":"https:\/\/www.hantulantaimi.fi\/?product=kekkilan-ruukkuviljelymulta-luonnonmukainen-15l#primaryimage","url":"https:\/\/www.hantulantaimi.fi\/wp-content\/uploads\/2022\/07\/ruukkuviljelymulta.png","contentUrl":"https:\/\/www.hantulantaimi.fi\/wp-content\/uploads\/2022\/07\/ruukkuviljelymulta.png","width":800,"height":800},{"@type":"BreadcrumbList","@id":"https:\/\/www.hantulantaimi.fi\/?product=kekkilan-ruukkuviljelymulta-luonnonmukainen-15l#breadcrumb","itemListElement":[{"@type":"ListItem","position":1,"name":"Home","item":"https:\/\/www.hantulantaimi.fi\/"},{"@type":"ListItem","position":2,"name":"Valikoima","item":"https:\/\/www.hantulantaimi.fi\/?page_id=768"},{"@type":"ListItem","position":3,"name":"Kekkil\u00e4n Ruukkuviljelymulta luonnonmukainen 15l"}]},{"@type":"WebSite","@id":"https:\/\/www.hantulantaimi.fi\/#website","url":"https:\/\/www.hantulantaimi.fi\/","name":"","description":"","potentialAction":[{"@type":"SearchAction","target":{"@type":"EntryPoint","urlTemplate":"https:\/\/www.hantulantaimi.fi\/?s={search_term_string}"},"query-input":{"@type":"PropertyValueSpecification","valueRequired":true,"valueName":"search_term_string"}}],"inLanguage":"fi"}]}},"_links":{"self":[{"href":"https:\/\/www.hantulantaimi.fi\/index.php?rest_route=\/wp\/v2\/product\/6809","targetHints":{"allow":["GET"]}}],"collection":[{"href":"https:\/\/www.hantulantaimi.fi\/index.php?rest_route=\/wp\/v2\/product"}],"about":[{"href":"https:\/\/www.hantulantaimi.fi\/index.php?rest_route=\/wp\/v2\/types\/product"}],"version-history":[{"count":1,"href":"https:\/\/www.hantulantaimi.fi\/index.php?rest_route=\/wp\/v2\/product\/6809\/revisions"}],"predecessor-version":[{"id":6811,"href":"https:\/\/www.hantulantaimi.fi\/index.php?rest_route=\/wp\/v2\/product\/6809\/revisions\/6811"}],"wp:featuredmedia":[{"embeddable":true,"href":"https:\/\/www.hantulantaimi.fi\/index.php?rest_route=\/wp\/v2\/media\/6810"}],"wp:attachment":[{"href":"https:\/\/www.hantulantaimi.fi\/index.php?rest_route=%2Fwp%2Fv2%2Fmedia&parent=6809"}],"wp:term":[{"taxonomy":"product_brand","embeddable":true,"href":"https:\/\/www.hantulantaimi.fi\/index.php?rest_route=%2Fwp%2Fv2%2Fproduct_brand&post=6809"},{"taxonomy":"product_cat","embeddable":true,"href":"https:\/\/www.hantulantaimi.fi\/index.php?rest_route=%2Fwp%2Fv2%2Fproduct_cat&post=6809"},{"taxonomy":"product_tag","embeddable":true,"href":"https:\/\/www.hantulantaimi.fi\/index.php?rest_route=%2Fwp%2Fv2%2Fproduct_tag&post=6809"}],"curies":[{"name":"wp","href":"https:\/\/api.w.org\/{rel}","templated":true}]}}