{"id":6796,"date":"2022-07-27T14:27:53","date_gmt":"2022-07-27T11:27:53","guid":{"rendered":"https:\/\/www.hantulantaimi.fi\/?post_type=product&#038;p=6796"},"modified":"2022-07-27T14:43:57","modified_gmt":"2022-07-27T11:43:57","slug":"kekkilan-kesakukkamulta-10l-30l","status":"publish","type":"product","link":"https:\/\/www.hantulantaimi.fi\/?product=kekkilan-kesakukkamulta-10l-30l","title":{"rendered":"Kekkil\u00e4n Kes\u00e4kukkamulta 10l \/ 30l"},"content":{"rendered":"","protected":false},"excerpt":{"rendered":"<p>Kekkil\u00e4 Kes\u00e4kukkamulta on kalkittu ja alkulannoitettu taimien nopeaa kasvuun l\u00e4ht\u00f6\u00e4 ajatellen, ja pitk\u00e4vaikutteisen lannoitteen ravinteet turvaavat tasaisen kasvun kes\u00e4n aikana. Kes\u00e4kukkamultaan on lis\u00e4tty kasvien juurtumista ja ravinteiden ottoa parantavaa humusyhdistett\u00e4 Kekkil\u00e4 Juurivoimaa, sek\u00e4 kastelukiteit\u00e4 kasteluv\u00e4lin pident\u00e4miseksi.<\/p>\n<h3>K\u00e4ytt\u00f6kohteet<\/h3>\n<p>Kes\u00e4kukat ruukuissa, amppeleissa, parveke- ja terassilaatikoissa.<\/p>\n<p>Anna lis\u00e4lannoitusta koko kes\u00e4n ajan.<\/p>\n<p>Kes\u00e4n aikaiseen lannoittamiseen sopii\u00a0Kekkil\u00e4 Kes\u00e4kukkaravinne.<\/p>\n","protected":false},"featured_media":6797,"template":"","meta":{"site-sidebar-layout":"default","site-content-layout":"default","ast-site-content-layout":"default","site-content-style":"default","site-sidebar-style":"default","ast-global-header-display":"","ast-banner-title-visibility":"","ast-main-header-display":"","ast-hfb-above-header-display":"","ast-hfb-below-header-display":"","ast-hfb-mobile-header-display":"","site-post-title":"","ast-breadcrumbs-content":"","ast-featured-img":"","footer-sml-layout":"","theme-transparent-header-meta":"default","adv-header-id-meta":"","stick-header-meta":"","header-above-stick-meta":"","header-main-stick-meta":"","header-below-stick-meta":"","astra-migrate-meta-layouts":"default","ast-page-background-enabled":"default","ast-page-background-meta":{"desktop":{"background-color":"","background-image":"","background-repeat":"repeat","background-position":"center center","background-size":"auto","background-attachment":"scroll","background-type":"","background-media":"","overlay-type":"","overlay-color":"","overlay-opacity":"","overlay-gradient":""},"tablet":{"background-color":"","background-image":"","background-repeat":"repeat","background-position":"center center","background-size":"auto","background-attachment":"scroll","background-type":"","background-media":"","overlay-type":"","overlay-color":"","overlay-opacity":"","overlay-gradient":""},"mobile":{"background-color":"","background-image":"","background-repeat":"repeat","background-position":"center center","background-size":"auto","background-attachment":"scroll","background-type":"","background-media":"","overlay-type":"","overlay-color":"","overlay-opacity":"","overlay-gradient":""}},"ast-content-background-meta":{"desktop":{"background-color":"var(--ast-global-color-5)","background-image":"","background-repeat":"repeat","background-position":"center center","background-size":"auto","background-attachment":"scroll","background-type":"","background-media":"","overlay-type":"","overlay-color":"","overlay-opacity":"","overlay-gradient":""},"tablet":{"background-color":"var(--ast-global-color-5)","background-image":"","background-repeat":"repeat","background-position":"center center","background-size":"auto","background-attachment":"scroll","background-type":"","background-media":"","overlay-type":"","overlay-color":"","overlay-opacity":"","overlay-gradient":""},"mobile":{"background-color":"var(--ast-global-color-5)","background-image":"","background-repeat":"repeat","background-position":"center center","background-size":"auto","background-attachment":"scroll","background-type":"","background-media":"","overlay-type":"","overlay-color":"","overlay-opacity":"","overlay-gradient":""}}},"product_brand":[],"product_cat":[106],"product_tag":[],"class_list":{"0":"post-6796","1":"product","2":"type-product","3":"status-publish","4":"has-post-thumbnail","6":"product_cat-puutarhatarvikkeet","7":"desktop-align-left","8":"tablet-align-left","9":"mobile-align-left","11":"first","12":"instock","13":"shipping-taxable","14":"product-type-simple"},"yoast_head":"<!-- This site is optimized with the Yoast SEO plugin v26.9 - https:\/\/yoast.com\/product\/yoast-seo-wordpress\/ -->\n<title>Kekkil\u00e4n Kes\u00e4kukkamulta 10l \/ 30l -<\/title>\n<meta name=\"robots\" content=\"index, follow, max-snippet:-1, max-image-preview:large, max-video-preview:-1\" \/>\n<link rel=\"canonical\" href=\"https:\/\/www.hantulantaimi.fi\/?product=kekkilan-kesakukkamulta-10l-30l\" \/>\n<meta property=\"og:locale\" content=\"fi_FI\" \/>\n<meta property=\"og:type\" content=\"article\" \/>\n<meta property=\"og:title\" content=\"Kekkil\u00e4n Kes\u00e4kukkamulta 10l \/ 30l -\" \/>\n<meta property=\"og:description\" content=\"Kekkil\u00e4 Kes\u00e4kukkamulta on kalkittu ja alkulannoitettu taimien nopeaa kasvuun l\u00e4ht\u00f6\u00e4 ajatellen, ja pitk\u00e4vaikutteisen lannoitteen ravinteet turvaavat tasaisen kasvun kes\u00e4n aikana. Kes\u00e4kukkamultaan on lis\u00e4tty kasvien juurtumista ja ravinteiden ottoa parantavaa humusyhdistett\u00e4 Kekkil\u00e4 Juurivoimaa, sek\u00e4 kastelukiteit\u00e4 kasteluv\u00e4lin pident\u00e4miseksi. K\u00e4ytt\u00f6kohteet Kes\u00e4kukat ruukuissa, amppeleissa, parveke- ja terassilaatikoissa.  Anna lis\u00e4lannoitusta koko kes\u00e4n ajan.  Kes\u00e4n aikaiseen lannoittamiseen sopii\u00a0Kekkil\u00e4 Kes\u00e4kukkaravinne.\" \/>\n<meta property=\"og:url\" content=\"https:\/\/www.hantulantaimi.fi\/?product=kekkilan-kesakukkamulta-10l-30l\" \/>\n<meta property=\"article:modified_time\" content=\"2022-07-27T11:43:57+00:00\" \/>\n<meta property=\"og:image\" content=\"https:\/\/www.hantulantaimi.fi\/wp-content\/uploads\/2022\/07\/kesakukkamulta.png\" \/>\n\t<meta property=\"og:image:width\" content=\"800\" \/>\n\t<meta property=\"og:image:height\" content=\"800\" \/>\n\t<meta property=\"og:image:type\" content=\"image\/png\" \/>\n<meta name=\"twitter:card\" content=\"summary_large_image\" \/>\n<script type=\"application\/ld+json\" class=\"yoast-schema-graph\">{\"@context\":\"https:\/\/schema.org\",\"@graph\":[{\"@type\":\"WebPage\",\"@id\":\"https:\/\/www.hantulantaimi.fi\/?product=kekkilan-kesakukkamulta-10l-30l\",\"url\":\"https:\/\/www.hantulantaimi.fi\/?product=kekkilan-kesakukkamulta-10l-30l\",\"name\":\"Kekkil\u00e4n Kes\u00e4kukkamulta 10l \/ 30l -\",\"isPartOf\":{\"@id\":\"https:\/\/www.hantulantaimi.fi\/#website\"},\"primaryImageOfPage\":{\"@id\":\"https:\/\/www.hantulantaimi.fi\/?product=kekkilan-kesakukkamulta-10l-30l#primaryimage\"},\"image\":{\"@id\":\"https:\/\/www.hantulantaimi.fi\/?product=kekkilan-kesakukkamulta-10l-30l#primaryimage\"},\"thumbnailUrl\":\"https:\/\/www.hantulantaimi.fi\/wp-content\/uploads\/2022\/07\/kesakukkamulta.png\",\"datePublished\":\"2022-07-27T11:27:53+00:00\",\"dateModified\":\"2022-07-27T11:43:57+00:00\",\"breadcrumb\":{\"@id\":\"https:\/\/www.hantulantaimi.fi\/?product=kekkilan-kesakukkamulta-10l-30l#breadcrumb\"},\"inLanguage\":\"fi\",\"potentialAction\":[{\"@type\":\"ReadAction\",\"target\":[\"https:\/\/www.hantulantaimi.fi\/?product=kekkilan-kesakukkamulta-10l-30l\"]}]},{\"@type\":\"ImageObject\",\"inLanguage\":\"fi\",\"@id\":\"https:\/\/www.hantulantaimi.fi\/?product=kekkilan-kesakukkamulta-10l-30l#primaryimage\",\"url\":\"https:\/\/www.hantulantaimi.fi\/wp-content\/uploads\/2022\/07\/kesakukkamulta.png\",\"contentUrl\":\"https:\/\/www.hantulantaimi.fi\/wp-content\/uploads\/2022\/07\/kesakukkamulta.png\",\"width\":800,\"height\":800},{\"@type\":\"BreadcrumbList\",\"@id\":\"https:\/\/www.hantulantaimi.fi\/?product=kekkilan-kesakukkamulta-10l-30l#breadcrumb\",\"itemListElement\":[{\"@type\":\"ListItem\",\"position\":1,\"name\":\"Home\",\"item\":\"https:\/\/www.hantulantaimi.fi\/\"},{\"@type\":\"ListItem\",\"position\":2,\"name\":\"Valikoima\",\"item\":\"https:\/\/www.hantulantaimi.fi\/?page_id=768\"},{\"@type\":\"ListItem\",\"position\":3,\"name\":\"Kekkil\u00e4n Kes\u00e4kukkamulta 10l \/ 30l\"}]},{\"@type\":\"WebSite\",\"@id\":\"https:\/\/www.hantulantaimi.fi\/#website\",\"url\":\"https:\/\/www.hantulantaimi.fi\/\",\"name\":\"\",\"description\":\"\",\"potentialAction\":[{\"@type\":\"SearchAction\",\"target\":{\"@type\":\"EntryPoint\",\"urlTemplate\":\"https:\/\/www.hantulantaimi.fi\/?s={search_term_string}\"},\"query-input\":{\"@type\":\"PropertyValueSpecification\",\"valueRequired\":true,\"valueName\":\"search_term_string\"}}],\"inLanguage\":\"fi\"}]}<\/script>\n<!-- \/ Yoast SEO plugin. -->","yoast_head_json":{"title":"Kekkil\u00e4n Kes\u00e4kukkamulta 10l \/ 30l -","robots":{"index":"index","follow":"follow","max-snippet":"max-snippet:-1","max-image-preview":"max-image-preview:large","max-video-preview":"max-video-preview:-1"},"canonical":"https:\/\/www.hantulantaimi.fi\/?product=kekkilan-kesakukkamulta-10l-30l","og_locale":"fi_FI","og_type":"article","og_title":"Kekkil\u00e4n Kes\u00e4kukkamulta 10l \/ 30l -","og_description":"Kekkil\u00e4 Kes\u00e4kukkamulta on kalkittu ja alkulannoitettu taimien nopeaa kasvuun l\u00e4ht\u00f6\u00e4 ajatellen, ja pitk\u00e4vaikutteisen lannoitteen ravinteet turvaavat tasaisen kasvun kes\u00e4n aikana. Kes\u00e4kukkamultaan on lis\u00e4tty kasvien juurtumista ja ravinteiden ottoa parantavaa humusyhdistett\u00e4 Kekkil\u00e4 Juurivoimaa, sek\u00e4 kastelukiteit\u00e4 kasteluv\u00e4lin pident\u00e4miseksi. K\u00e4ytt\u00f6kohteet Kes\u00e4kukat ruukuissa, amppeleissa, parveke- ja terassilaatikoissa.  Anna lis\u00e4lannoitusta koko kes\u00e4n ajan.  Kes\u00e4n aikaiseen lannoittamiseen sopii\u00a0Kekkil\u00e4 Kes\u00e4kukkaravinne.","og_url":"https:\/\/www.hantulantaimi.fi\/?product=kekkilan-kesakukkamulta-10l-30l","article_modified_time":"2022-07-27T11:43:57+00:00","og_image":[{"width":800,"height":800,"url":"https:\/\/www.hantulantaimi.fi\/wp-content\/uploads\/2022\/07\/kesakukkamulta.png","type":"image\/png"}],"twitter_card":"summary_large_image","schema":{"@context":"https:\/\/schema.org","@graph":[{"@type":"WebPage","@id":"https:\/\/www.hantulantaimi.fi\/?product=kekkilan-kesakukkamulta-10l-30l","url":"https:\/\/www.hantulantaimi.fi\/?product=kekkilan-kesakukkamulta-10l-30l","name":"Kekkil\u00e4n Kes\u00e4kukkamulta 10l \/ 30l -","isPartOf":{"@id":"https:\/\/www.hantulantaimi.fi\/#website"},"primaryImageOfPage":{"@id":"https:\/\/www.hantulantaimi.fi\/?product=kekkilan-kesakukkamulta-10l-30l#primaryimage"},"image":{"@id":"https:\/\/www.hantulantaimi.fi\/?product=kekkilan-kesakukkamulta-10l-30l#primaryimage"},"thumbnailUrl":"https:\/\/www.hantulantaimi.fi\/wp-content\/uploads\/2022\/07\/kesakukkamulta.png","datePublished":"2022-07-27T11:27:53+00:00","dateModified":"2022-07-27T11:43:57+00:00","breadcrumb":{"@id":"https:\/\/www.hantulantaimi.fi\/?product=kekkilan-kesakukkamulta-10l-30l#breadcrumb"},"inLanguage":"fi","potentialAction":[{"@type":"ReadAction","target":["https:\/\/www.hantulantaimi.fi\/?product=kekkilan-kesakukkamulta-10l-30l"]}]},{"@type":"ImageObject","inLanguage":"fi","@id":"https:\/\/www.hantulantaimi.fi\/?product=kekkilan-kesakukkamulta-10l-30l#primaryimage","url":"https:\/\/www.hantulantaimi.fi\/wp-content\/uploads\/2022\/07\/kesakukkamulta.png","contentUrl":"https:\/\/www.hantulantaimi.fi\/wp-content\/uploads\/2022\/07\/kesakukkamulta.png","width":800,"height":800},{"@type":"BreadcrumbList","@id":"https:\/\/www.hantulantaimi.fi\/?product=kekkilan-kesakukkamulta-10l-30l#breadcrumb","itemListElement":[{"@type":"ListItem","position":1,"name":"Home","item":"https:\/\/www.hantulantaimi.fi\/"},{"@type":"ListItem","position":2,"name":"Valikoima","item":"https:\/\/www.hantulantaimi.fi\/?page_id=768"},{"@type":"ListItem","position":3,"name":"Kekkil\u00e4n Kes\u00e4kukkamulta 10l \/ 30l"}]},{"@type":"WebSite","@id":"https:\/\/www.hantulantaimi.fi\/#website","url":"https:\/\/www.hantulantaimi.fi\/","name":"","description":"","potentialAction":[{"@type":"SearchAction","target":{"@type":"EntryPoint","urlTemplate":"https:\/\/www.hantulantaimi.fi\/?s={search_term_string}"},"query-input":{"@type":"PropertyValueSpecification","valueRequired":true,"valueName":"search_term_string"}}],"inLanguage":"fi"}]}},"_links":{"self":[{"href":"https:\/\/www.hantulantaimi.fi\/index.php?rest_route=\/wp\/v2\/product\/6796","targetHints":{"allow":["GET"]}}],"collection":[{"href":"https:\/\/www.hantulantaimi.fi\/index.php?rest_route=\/wp\/v2\/product"}],"about":[{"href":"https:\/\/www.hantulantaimi.fi\/index.php?rest_route=\/wp\/v2\/types\/product"}],"version-history":[{"count":2,"href":"https:\/\/www.hantulantaimi.fi\/index.php?rest_route=\/wp\/v2\/product\/6796\/revisions"}],"predecessor-version":[{"id":6802,"href":"https:\/\/www.hantulantaimi.fi\/index.php?rest_route=\/wp\/v2\/product\/6796\/revisions\/6802"}],"wp:featuredmedia":[{"embeddable":true,"href":"https:\/\/www.hantulantaimi.fi\/index.php?rest_route=\/wp\/v2\/media\/6797"}],"wp:attachment":[{"href":"https:\/\/www.hantulantaimi.fi\/index.php?rest_route=%2Fwp%2Fv2%2Fmedia&parent=6796"}],"wp:term":[{"taxonomy":"product_brand","embeddable":true,"href":"https:\/\/www.hantulantaimi.fi\/index.php?rest_route=%2Fwp%2Fv2%2Fproduct_brand&post=6796"},{"taxonomy":"product_cat","embeddable":true,"href":"https:\/\/www.hantulantaimi.fi\/index.php?rest_route=%2Fwp%2Fv2%2Fproduct_cat&post=6796"},{"taxonomy":"product_tag","embeddable":true,"href":"https:\/\/www.hantulantaimi.fi\/index.php?rest_route=%2Fwp%2Fv2%2Fproduct_tag&post=6796"}],"curies":[{"name":"wp","href":"https:\/\/api.w.org\/{rel}","templated":true}]}}