{"id":6235,"date":"2021-11-23T14:41:41","date_gmt":"2021-11-23T12:41:41","guid":{"rendered":"https:\/\/www.hantulantaimi.fi\/?post_type=product&#038;p=6235"},"modified":"2022-07-27T14:18:34","modified_gmt":"2022-07-27T11:18:34","slug":"lahjakortti","status":"publish","type":"product","link":"https:\/\/www.hantulantaimi.fi\/?product=lahjakortti","title":{"rendered":"Lahjakortti"},"content":{"rendered":"","protected":false},"excerpt":{"rendered":"<p>LAHJAKORTIN VOIT OSTAA HALUAMALLESI SUMMALLE TAIMISTOLTAMME TAI KUKKAKAUPASTAMME.<br \/>\nLAHJAKORTTI ON VOIMASSA 1 VUODEN OSTOHETKEST\u00c4 L\u00c4HTIEN JA LAHJAKORTINSAAJA VOI K\u00c4YTT\u00c4\u00c4 SEN MOLEMMISSA LIIKKEISS\u00c4MME:<br \/>\nHANTULAN KUKKAKAUPPA Ullankatu 2, 62100 Lapua<br \/>\nHANTULAN TAIMI OY H\u00e4rsil\u00e4ntie 162, 62100 Lapua<\/p>\n","protected":false},"featured_media":6236,"template":"","meta":{"site-sidebar-layout":"default","site-content-layout":"default","ast-site-content-layout":"default","site-content-style":"default","site-sidebar-style":"default","ast-global-header-display":"","ast-banner-title-visibility":"","ast-main-header-display":"","ast-hfb-above-header-display":"","ast-hfb-below-header-display":"","ast-hfb-mobile-header-display":"","site-post-title":"","ast-breadcrumbs-content":"","ast-featured-img":"","footer-sml-layout":"","theme-transparent-header-meta":"default","adv-header-id-meta":"","stick-header-meta":"","header-above-stick-meta":"","header-main-stick-meta":"","header-below-stick-meta":"","astra-migrate-meta-layouts":"default","ast-page-background-enabled":"default","ast-page-background-meta":{"desktop":{"background-color":"","background-image":"","background-repeat":"repeat","background-position":"center center","background-size":"auto","background-attachment":"scroll","background-type":"","background-media":"","overlay-type":"","overlay-color":"","overlay-opacity":"","overlay-gradient":""},"tablet":{"background-color":"","background-image":"","background-repeat":"repeat","background-position":"center center","background-size":"auto","background-attachment":"scroll","background-type":"","background-media":"","overlay-type":"","overlay-color":"","overlay-opacity":"","overlay-gradient":""},"mobile":{"background-color":"","background-image":"","background-repeat":"repeat","background-position":"center center","background-size":"auto","background-attachment":"scroll","background-type":"","background-media":"","overlay-type":"","overlay-color":"","overlay-opacity":"","overlay-gradient":""}},"ast-content-background-meta":{"desktop":{"background-color":"var(--ast-global-color-5)","background-image":"","background-repeat":"repeat","background-position":"center center","background-size":"auto","background-attachment":"scroll","background-type":"","background-media":"","overlay-type":"","overlay-color":"","overlay-opacity":"","overlay-gradient":""},"tablet":{"background-color":"var(--ast-global-color-5)","background-image":"","background-repeat":"repeat","background-position":"center center","background-size":"auto","background-attachment":"scroll","background-type":"","background-media":"","overlay-type":"","overlay-color":"","overlay-opacity":"","overlay-gradient":""},"mobile":{"background-color":"var(--ast-global-color-5)","background-image":"","background-repeat":"repeat","background-position":"center center","background-size":"auto","background-attachment":"scroll","background-type":"","background-media":"","overlay-type":"","overlay-color":"","overlay-opacity":"","overlay-gradient":""}}},"product_brand":[],"product_cat":[17,102],"product_tag":[],"class_list":{"0":"post-6235","1":"product","2":"type-product","3":"status-publish","4":"has-post-thumbnail","6":"product_cat-valikoima","7":"product_cat-lahjakortti","8":"desktop-align-left","9":"tablet-align-left","10":"mobile-align-left","12":"first","13":"instock","14":"shipping-taxable","15":"product-type-simple"},"yoast_head":"<!-- This site is optimized with the Yoast SEO plugin v26.9 - https:\/\/yoast.com\/product\/yoast-seo-wordpress\/ -->\n<title>Lahjakortti -<\/title>\n<meta name=\"robots\" content=\"index, follow, max-snippet:-1, max-image-preview:large, max-video-preview:-1\" \/>\n<link rel=\"canonical\" href=\"https:\/\/www.hantulantaimi.fi\/?product=lahjakortti\" \/>\n<meta property=\"og:locale\" content=\"fi_FI\" \/>\n<meta property=\"og:type\" content=\"article\" \/>\n<meta property=\"og:title\" content=\"Lahjakortti -\" \/>\n<meta property=\"og:description\" content=\"LAHJAKORTIN VOIT OSTAA HALUAMALLESI SUMMALLE TAIMISTOLTAMME TAI KUKKAKAUPASTAMME. LAHJAKORTTI ON VOIMASSA 1 VUODEN OSTOHETKEST\u00c4 L\u00c4HTIEN JA LAHJAKORTINSAAJA VOI K\u00c4YTT\u00c4\u00c4 SEN MOLEMMISSA LIIKKEISS\u00c4MME: HANTULAN KUKKAKAUPPA Ullankatu 2, 62100 Lapua HANTULAN TAIMI OY H\u00e4rsil\u00e4ntie 162, 62100 Lapua\" \/>\n<meta property=\"og:url\" content=\"https:\/\/www.hantulantaimi.fi\/?product=lahjakortti\" \/>\n<meta property=\"article:modified_time\" content=\"2022-07-27T11:18:34+00:00\" \/>\n<meta property=\"og:image\" content=\"https:\/\/www.hantulantaimi.fi\/wp-content\/uploads\/2021\/11\/lahjakortit-t.png\" \/>\n\t<meta property=\"og:image:width\" content=\"660\" \/>\n\t<meta property=\"og:image:height\" content=\"577\" \/>\n\t<meta property=\"og:image:type\" content=\"image\/png\" \/>\n<meta name=\"twitter:card\" content=\"summary_large_image\" \/>\n<script type=\"application\/ld+json\" class=\"yoast-schema-graph\">{\"@context\":\"https:\/\/schema.org\",\"@graph\":[{\"@type\":\"WebPage\",\"@id\":\"https:\/\/www.hantulantaimi.fi\/?product=lahjakortti\",\"url\":\"https:\/\/www.hantulantaimi.fi\/?product=lahjakortti\",\"name\":\"Lahjakortti -\",\"isPartOf\":{\"@id\":\"https:\/\/www.hantulantaimi.fi\/#website\"},\"primaryImageOfPage\":{\"@id\":\"https:\/\/www.hantulantaimi.fi\/?product=lahjakortti#primaryimage\"},\"image\":{\"@id\":\"https:\/\/www.hantulantaimi.fi\/?product=lahjakortti#primaryimage\"},\"thumbnailUrl\":\"https:\/\/www.hantulantaimi.fi\/wp-content\/uploads\/2021\/11\/lahjakortit-t.png\",\"datePublished\":\"2021-11-23T12:41:41+00:00\",\"dateModified\":\"2022-07-27T11:18:34+00:00\",\"breadcrumb\":{\"@id\":\"https:\/\/www.hantulantaimi.fi\/?product=lahjakortti#breadcrumb\"},\"inLanguage\":\"fi\",\"potentialAction\":[{\"@type\":\"ReadAction\",\"target\":[\"https:\/\/www.hantulantaimi.fi\/?product=lahjakortti\"]}]},{\"@type\":\"ImageObject\",\"inLanguage\":\"fi\",\"@id\":\"https:\/\/www.hantulantaimi.fi\/?product=lahjakortti#primaryimage\",\"url\":\"https:\/\/www.hantulantaimi.fi\/wp-content\/uploads\/2021\/11\/lahjakortit-t.png\",\"contentUrl\":\"https:\/\/www.hantulantaimi.fi\/wp-content\/uploads\/2021\/11\/lahjakortit-t.png\",\"width\":660,\"height\":577},{\"@type\":\"BreadcrumbList\",\"@id\":\"https:\/\/www.hantulantaimi.fi\/?product=lahjakortti#breadcrumb\",\"itemListElement\":[{\"@type\":\"ListItem\",\"position\":1,\"name\":\"Home\",\"item\":\"https:\/\/www.hantulantaimi.fi\/\"},{\"@type\":\"ListItem\",\"position\":2,\"name\":\"Valikoima\",\"item\":\"https:\/\/www.hantulantaimi.fi\/?page_id=768\"},{\"@type\":\"ListItem\",\"position\":3,\"name\":\"Lahjakortti\"}]},{\"@type\":\"WebSite\",\"@id\":\"https:\/\/www.hantulantaimi.fi\/#website\",\"url\":\"https:\/\/www.hantulantaimi.fi\/\",\"name\":\"\",\"description\":\"\",\"potentialAction\":[{\"@type\":\"SearchAction\",\"target\":{\"@type\":\"EntryPoint\",\"urlTemplate\":\"https:\/\/www.hantulantaimi.fi\/?s={search_term_string}\"},\"query-input\":{\"@type\":\"PropertyValueSpecification\",\"valueRequired\":true,\"valueName\":\"search_term_string\"}}],\"inLanguage\":\"fi\"}]}<\/script>\n<!-- \/ Yoast SEO plugin. -->","yoast_head_json":{"title":"Lahjakortti -","robots":{"index":"index","follow":"follow","max-snippet":"max-snippet:-1","max-image-preview":"max-image-preview:large","max-video-preview":"max-video-preview:-1"},"canonical":"https:\/\/www.hantulantaimi.fi\/?product=lahjakortti","og_locale":"fi_FI","og_type":"article","og_title":"Lahjakortti -","og_description":"LAHJAKORTIN VOIT OSTAA HALUAMALLESI SUMMALLE TAIMISTOLTAMME TAI KUKKAKAUPASTAMME. LAHJAKORTTI ON VOIMASSA 1 VUODEN OSTOHETKEST\u00c4 L\u00c4HTIEN JA LAHJAKORTINSAAJA VOI K\u00c4YTT\u00c4\u00c4 SEN MOLEMMISSA LIIKKEISS\u00c4MME: HANTULAN KUKKAKAUPPA Ullankatu 2, 62100 Lapua HANTULAN TAIMI OY H\u00e4rsil\u00e4ntie 162, 62100 Lapua","og_url":"https:\/\/www.hantulantaimi.fi\/?product=lahjakortti","article_modified_time":"2022-07-27T11:18:34+00:00","og_image":[{"width":660,"height":577,"url":"https:\/\/www.hantulantaimi.fi\/wp-content\/uploads\/2021\/11\/lahjakortit-t.png","type":"image\/png"}],"twitter_card":"summary_large_image","schema":{"@context":"https:\/\/schema.org","@graph":[{"@type":"WebPage","@id":"https:\/\/www.hantulantaimi.fi\/?product=lahjakortti","url":"https:\/\/www.hantulantaimi.fi\/?product=lahjakortti","name":"Lahjakortti -","isPartOf":{"@id":"https:\/\/www.hantulantaimi.fi\/#website"},"primaryImageOfPage":{"@id":"https:\/\/www.hantulantaimi.fi\/?product=lahjakortti#primaryimage"},"image":{"@id":"https:\/\/www.hantulantaimi.fi\/?product=lahjakortti#primaryimage"},"thumbnailUrl":"https:\/\/www.hantulantaimi.fi\/wp-content\/uploads\/2021\/11\/lahjakortit-t.png","datePublished":"2021-11-23T12:41:41+00:00","dateModified":"2022-07-27T11:18:34+00:00","breadcrumb":{"@id":"https:\/\/www.hantulantaimi.fi\/?product=lahjakortti#breadcrumb"},"inLanguage":"fi","potentialAction":[{"@type":"ReadAction","target":["https:\/\/www.hantulantaimi.fi\/?product=lahjakortti"]}]},{"@type":"ImageObject","inLanguage":"fi","@id":"https:\/\/www.hantulantaimi.fi\/?product=lahjakortti#primaryimage","url":"https:\/\/www.hantulantaimi.fi\/wp-content\/uploads\/2021\/11\/lahjakortit-t.png","contentUrl":"https:\/\/www.hantulantaimi.fi\/wp-content\/uploads\/2021\/11\/lahjakortit-t.png","width":660,"height":577},{"@type":"BreadcrumbList","@id":"https:\/\/www.hantulantaimi.fi\/?product=lahjakortti#breadcrumb","itemListElement":[{"@type":"ListItem","position":1,"name":"Home","item":"https:\/\/www.hantulantaimi.fi\/"},{"@type":"ListItem","position":2,"name":"Valikoima","item":"https:\/\/www.hantulantaimi.fi\/?page_id=768"},{"@type":"ListItem","position":3,"name":"Lahjakortti"}]},{"@type":"WebSite","@id":"https:\/\/www.hantulantaimi.fi\/#website","url":"https:\/\/www.hantulantaimi.fi\/","name":"","description":"","potentialAction":[{"@type":"SearchAction","target":{"@type":"EntryPoint","urlTemplate":"https:\/\/www.hantulantaimi.fi\/?s={search_term_string}"},"query-input":{"@type":"PropertyValueSpecification","valueRequired":true,"valueName":"search_term_string"}}],"inLanguage":"fi"}]}},"_links":{"self":[{"href":"https:\/\/www.hantulantaimi.fi\/index.php?rest_route=\/wp\/v2\/product\/6235","targetHints":{"allow":["GET"]}}],"collection":[{"href":"https:\/\/www.hantulantaimi.fi\/index.php?rest_route=\/wp\/v2\/product"}],"about":[{"href":"https:\/\/www.hantulantaimi.fi\/index.php?rest_route=\/wp\/v2\/types\/product"}],"version-history":[{"count":2,"href":"https:\/\/www.hantulantaimi.fi\/index.php?rest_route=\/wp\/v2\/product\/6235\/revisions"}],"predecessor-version":[{"id":6787,"href":"https:\/\/www.hantulantaimi.fi\/index.php?rest_route=\/wp\/v2\/product\/6235\/revisions\/6787"}],"wp:featuredmedia":[{"embeddable":true,"href":"https:\/\/www.hantulantaimi.fi\/index.php?rest_route=\/wp\/v2\/media\/6236"}],"wp:attachment":[{"href":"https:\/\/www.hantulantaimi.fi\/index.php?rest_route=%2Fwp%2Fv2%2Fmedia&parent=6235"}],"wp:term":[{"taxonomy":"product_brand","embeddable":true,"href":"https:\/\/www.hantulantaimi.fi\/index.php?rest_route=%2Fwp%2Fv2%2Fproduct_brand&post=6235"},{"taxonomy":"product_cat","embeddable":true,"href":"https:\/\/www.hantulantaimi.fi\/index.php?rest_route=%2Fwp%2Fv2%2Fproduct_cat&post=6235"},{"taxonomy":"product_tag","embeddable":true,"href":"https:\/\/www.hantulantaimi.fi\/index.php?rest_route=%2Fwp%2Fv2%2Fproduct_tag&post=6235"}],"curies":[{"name":"wp","href":"https:\/\/api.w.org\/{rel}","templated":true}]}}