{"id":5568,"date":"2021-01-13T12:03:18","date_gmt":"2021-01-13T10:03:18","guid":{"rendered":"https:\/\/www.hantulantaimi.fi\/?post_type=product&#038;p=5568"},"modified":"2026-01-12T17:00:50","modified_gmt":"2026-01-12T15:00:50","slug":"vaccinium-corymbosum-north-country-pensasmustikka-2","status":"publish","type":"product","link":"https:\/\/www.hantulantaimi.fi\/?product=vaccinium-corymbosum-north-country-pensasmustikka-2","title":{"rendered":"VACCINIUM CORYMBOSUM &#8217;NORTH COUNTRY&#8217;  -Pensasmustikka"},"content":{"rendered":"","protected":false},"excerpt":{"rendered":"<p>Astiataimi C3<br \/>\nItsep\u00f6lytteinen, mutta ristip\u00f6lytyksell\u00e4 saadaan n. 20% isompi sato. Marjat makeat, miedot, keskisuuret, taivaansiniset, joissa h\u00e4iv\u00e4hdys mets\u00e4mustikan aromia, eiv\u00e4t v\u00e4rj\u00e4\u00e4 suuta siniseksi, pakastetut marjat s\u00e4ilytt\u00e4v\u00e4t sulaessaan muotonsa, pensaalla kaunis syysv\u00e4ritys. Keskisatoinen lajike. Matala, py\u00f6re\u00e4hk\u00f6 pensas. Hyv\u00e4 p\u00f6lytt\u00e4j\u00e4.<br \/>\nKorkeus: 0,8-1 m<br \/>\nTaimiv\u00e4li: n. 1 m<br \/>\nKasvupaikka: aurinkoinen ja tuulensuojainen, tasaisen kostea, kuohkea sek\u00e4 hapan maa, joten maata ei kalkita vaan siihen sekoitetaan karkeaa, kalkitsematonta turvetta.<br \/>\nVy\u00f6hyke: IV (V).<\/p>\n","protected":false},"featured_media":5569,"template":"","meta":{"site-sidebar-layout":"default","site-content-layout":"default","ast-site-content-layout":"default","site-content-style":"default","site-sidebar-style":"default","ast-global-header-display":"","ast-banner-title-visibility":"","ast-main-header-display":"","ast-hfb-above-header-display":"","ast-hfb-below-header-display":"","ast-hfb-mobile-header-display":"","site-post-title":"","ast-breadcrumbs-content":"","ast-featured-img":"","footer-sml-layout":"","theme-transparent-header-meta":"default","adv-header-id-meta":"","stick-header-meta":"","header-above-stick-meta":"","header-main-stick-meta":"","header-below-stick-meta":"","astra-migrate-meta-layouts":"default","ast-page-background-enabled":"default","ast-page-background-meta":{"desktop":{"background-color":"","background-image":"","background-repeat":"repeat","background-position":"center center","background-size":"auto","background-attachment":"scroll","background-type":"","background-media":"","overlay-type":"","overlay-color":"","overlay-opacity":"","overlay-gradient":""},"tablet":{"background-color":"","background-image":"","background-repeat":"repeat","background-position":"center center","background-size":"auto","background-attachment":"scroll","background-type":"","background-media":"","overlay-type":"","overlay-color":"","overlay-opacity":"","overlay-gradient":""},"mobile":{"background-color":"","background-image":"","background-repeat":"repeat","background-position":"center center","background-size":"auto","background-attachment":"scroll","background-type":"","background-media":"","overlay-type":"","overlay-color":"","overlay-opacity":"","overlay-gradient":""}},"ast-content-background-meta":{"desktop":{"background-color":"var(--ast-global-color-5)","background-image":"","background-repeat":"repeat","background-position":"center center","background-size":"auto","background-attachment":"scroll","background-type":"","background-media":"","overlay-type":"","overlay-color":"","overlay-opacity":"","overlay-gradient":""},"tablet":{"background-color":"var(--ast-global-color-5)","background-image":"","background-repeat":"repeat","background-position":"center center","background-size":"auto","background-attachment":"scroll","background-type":"","background-media":"","overlay-type":"","overlay-color":"","overlay-opacity":"","overlay-gradient":""},"mobile":{"background-color":"var(--ast-global-color-5)","background-image":"","background-repeat":"repeat","background-position":"center center","background-size":"auto","background-attachment":"scroll","background-type":"","background-media":"","overlay-type":"","overlay-color":"","overlay-opacity":"","overlay-gradient":""}}},"product_brand":[],"product_cat":[57],"product_tag":[],"class_list":{"0":"post-5568","1":"product","2":"type-product","3":"status-publish","4":"has-post-thumbnail","6":"product_cat-marjahedelma","7":"desktop-align-left","8":"tablet-align-left","9":"mobile-align-left","11":"first","12":"instock","13":"shipping-taxable","14":"purchasable","15":"product-type-simple"},"yoast_head":"<!-- This site is optimized with the Yoast SEO plugin v26.9 - https:\/\/yoast.com\/product\/yoast-seo-wordpress\/ -->\n<title>VACCINIUM CORYMBOSUM &#039;NORTH COUNTRY&#039; -Pensasmustikka -<\/title>\n<meta name=\"robots\" content=\"index, follow, max-snippet:-1, max-image-preview:large, max-video-preview:-1\" \/>\n<link rel=\"canonical\" href=\"https:\/\/www.hantulantaimi.fi\/?product=vaccinium-corymbosum-north-country-pensasmustikka-2\" \/>\n<meta property=\"og:locale\" content=\"fi_FI\" \/>\n<meta property=\"og:type\" content=\"article\" \/>\n<meta property=\"og:title\" content=\"VACCINIUM CORYMBOSUM &#039;NORTH COUNTRY&#039; -Pensasmustikka -\" \/>\n<meta property=\"og:description\" content=\"Astiataimi C3 Itsep\u00f6lytteinen, mutta ristip\u00f6lytyksell\u00e4 saadaan n. 20% isompi sato. Marjat makeat, miedot, keskisuuret, taivaansiniset, joissa h\u00e4iv\u00e4hdys mets\u00e4mustikan aromia, eiv\u00e4t v\u00e4rj\u00e4\u00e4 suuta siniseksi, pakastetut marjat s\u00e4ilytt\u00e4v\u00e4t sulaessaan muotonsa, pensaalla kaunis syysv\u00e4ritys. Keskisatoinen lajike. Matala, py\u00f6re\u00e4hk\u00f6 pensas. Hyv\u00e4 p\u00f6lytt\u00e4j\u00e4. Korkeus: 0,8-1 m Taimiv\u00e4li: n. 1 m Kasvupaikka: aurinkoinen ja tuulensuojainen, tasaisen kostea, kuohkea sek\u00e4 hapan maa, joten maata ei kalkita vaan siihen sekoitetaan karkeaa, kalkitsematonta turvetta. Vy\u00f6hyke: IV (V).\" \/>\n<meta property=\"og:url\" content=\"https:\/\/www.hantulantaimi.fi\/?product=vaccinium-corymbosum-north-country-pensasmustikka-2\" \/>\n<meta property=\"article:modified_time\" content=\"2026-01-12T15:00:50+00:00\" \/>\n<meta property=\"og:image\" content=\"https:\/\/www.hantulantaimi.fi\/wp-content\/uploads\/2021\/01\/north-country-copy.jpg\" \/>\n\t<meta property=\"og:image:width\" content=\"1100\" \/>\n\t<meta property=\"og:image:height\" content=\"736\" \/>\n\t<meta property=\"og:image:type\" content=\"image\/jpeg\" \/>\n<meta name=\"twitter:card\" content=\"summary_large_image\" \/>\n<script type=\"application\/ld+json\" class=\"yoast-schema-graph\">{\"@context\":\"https:\/\/schema.org\",\"@graph\":[{\"@type\":\"WebPage\",\"@id\":\"https:\/\/www.hantulantaimi.fi\/?product=vaccinium-corymbosum-north-country-pensasmustikka-2\",\"url\":\"https:\/\/www.hantulantaimi.fi\/?product=vaccinium-corymbosum-north-country-pensasmustikka-2\",\"name\":\"VACCINIUM CORYMBOSUM 'NORTH COUNTRY' -Pensasmustikka -\",\"isPartOf\":{\"@id\":\"https:\/\/www.hantulantaimi.fi\/#website\"},\"primaryImageOfPage\":{\"@id\":\"https:\/\/www.hantulantaimi.fi\/?product=vaccinium-corymbosum-north-country-pensasmustikka-2#primaryimage\"},\"image\":{\"@id\":\"https:\/\/www.hantulantaimi.fi\/?product=vaccinium-corymbosum-north-country-pensasmustikka-2#primaryimage\"},\"thumbnailUrl\":\"https:\/\/www.hantulantaimi.fi\/wp-content\/uploads\/2021\/01\/north-country-copy.jpg\",\"datePublished\":\"2021-01-13T10:03:18+00:00\",\"dateModified\":\"2026-01-12T15:00:50+00:00\",\"breadcrumb\":{\"@id\":\"https:\/\/www.hantulantaimi.fi\/?product=vaccinium-corymbosum-north-country-pensasmustikka-2#breadcrumb\"},\"inLanguage\":\"fi\",\"potentialAction\":[{\"@type\":\"ReadAction\",\"target\":[\"https:\/\/www.hantulantaimi.fi\/?product=vaccinium-corymbosum-north-country-pensasmustikka-2\"]}]},{\"@type\":\"ImageObject\",\"inLanguage\":\"fi\",\"@id\":\"https:\/\/www.hantulantaimi.fi\/?product=vaccinium-corymbosum-north-country-pensasmustikka-2#primaryimage\",\"url\":\"https:\/\/www.hantulantaimi.fi\/wp-content\/uploads\/2021\/01\/north-country-copy.jpg\",\"contentUrl\":\"https:\/\/www.hantulantaimi.fi\/wp-content\/uploads\/2021\/01\/north-country-copy.jpg\",\"width\":1100,\"height\":736},{\"@type\":\"BreadcrumbList\",\"@id\":\"https:\/\/www.hantulantaimi.fi\/?product=vaccinium-corymbosum-north-country-pensasmustikka-2#breadcrumb\",\"itemListElement\":[{\"@type\":\"ListItem\",\"position\":1,\"name\":\"Home\",\"item\":\"https:\/\/www.hantulantaimi.fi\/\"},{\"@type\":\"ListItem\",\"position\":2,\"name\":\"Valikoima\",\"item\":\"https:\/\/www.hantulantaimi.fi\/?page_id=768\"},{\"@type\":\"ListItem\",\"position\":3,\"name\":\"VACCINIUM CORYMBOSUM &#8217;NORTH COUNTRY&#8217; -Pensasmustikka\"}]},{\"@type\":\"WebSite\",\"@id\":\"https:\/\/www.hantulantaimi.fi\/#website\",\"url\":\"https:\/\/www.hantulantaimi.fi\/\",\"name\":\"\",\"description\":\"\",\"potentialAction\":[{\"@type\":\"SearchAction\",\"target\":{\"@type\":\"EntryPoint\",\"urlTemplate\":\"https:\/\/www.hantulantaimi.fi\/?s={search_term_string}\"},\"query-input\":{\"@type\":\"PropertyValueSpecification\",\"valueRequired\":true,\"valueName\":\"search_term_string\"}}],\"inLanguage\":\"fi\"}]}<\/script>\n<!-- \/ Yoast SEO plugin. -->","yoast_head_json":{"title":"VACCINIUM CORYMBOSUM 'NORTH COUNTRY' -Pensasmustikka -","robots":{"index":"index","follow":"follow","max-snippet":"max-snippet:-1","max-image-preview":"max-image-preview:large","max-video-preview":"max-video-preview:-1"},"canonical":"https:\/\/www.hantulantaimi.fi\/?product=vaccinium-corymbosum-north-country-pensasmustikka-2","og_locale":"fi_FI","og_type":"article","og_title":"VACCINIUM CORYMBOSUM 'NORTH COUNTRY' -Pensasmustikka -","og_description":"Astiataimi C3 Itsep\u00f6lytteinen, mutta ristip\u00f6lytyksell\u00e4 saadaan n. 20% isompi sato. Marjat makeat, miedot, keskisuuret, taivaansiniset, joissa h\u00e4iv\u00e4hdys mets\u00e4mustikan aromia, eiv\u00e4t v\u00e4rj\u00e4\u00e4 suuta siniseksi, pakastetut marjat s\u00e4ilytt\u00e4v\u00e4t sulaessaan muotonsa, pensaalla kaunis syysv\u00e4ritys. Keskisatoinen lajike. Matala, py\u00f6re\u00e4hk\u00f6 pensas. Hyv\u00e4 p\u00f6lytt\u00e4j\u00e4. Korkeus: 0,8-1 m Taimiv\u00e4li: n. 1 m Kasvupaikka: aurinkoinen ja tuulensuojainen, tasaisen kostea, kuohkea sek\u00e4 hapan maa, joten maata ei kalkita vaan siihen sekoitetaan karkeaa, kalkitsematonta turvetta. Vy\u00f6hyke: IV (V).","og_url":"https:\/\/www.hantulantaimi.fi\/?product=vaccinium-corymbosum-north-country-pensasmustikka-2","article_modified_time":"2026-01-12T15:00:50+00:00","og_image":[{"width":1100,"height":736,"url":"https:\/\/www.hantulantaimi.fi\/wp-content\/uploads\/2021\/01\/north-country-copy.jpg","type":"image\/jpeg"}],"twitter_card":"summary_large_image","schema":{"@context":"https:\/\/schema.org","@graph":[{"@type":"WebPage","@id":"https:\/\/www.hantulantaimi.fi\/?product=vaccinium-corymbosum-north-country-pensasmustikka-2","url":"https:\/\/www.hantulantaimi.fi\/?product=vaccinium-corymbosum-north-country-pensasmustikka-2","name":"VACCINIUM CORYMBOSUM 'NORTH COUNTRY' -Pensasmustikka -","isPartOf":{"@id":"https:\/\/www.hantulantaimi.fi\/#website"},"primaryImageOfPage":{"@id":"https:\/\/www.hantulantaimi.fi\/?product=vaccinium-corymbosum-north-country-pensasmustikka-2#primaryimage"},"image":{"@id":"https:\/\/www.hantulantaimi.fi\/?product=vaccinium-corymbosum-north-country-pensasmustikka-2#primaryimage"},"thumbnailUrl":"https:\/\/www.hantulantaimi.fi\/wp-content\/uploads\/2021\/01\/north-country-copy.jpg","datePublished":"2021-01-13T10:03:18+00:00","dateModified":"2026-01-12T15:00:50+00:00","breadcrumb":{"@id":"https:\/\/www.hantulantaimi.fi\/?product=vaccinium-corymbosum-north-country-pensasmustikka-2#breadcrumb"},"inLanguage":"fi","potentialAction":[{"@type":"ReadAction","target":["https:\/\/www.hantulantaimi.fi\/?product=vaccinium-corymbosum-north-country-pensasmustikka-2"]}]},{"@type":"ImageObject","inLanguage":"fi","@id":"https:\/\/www.hantulantaimi.fi\/?product=vaccinium-corymbosum-north-country-pensasmustikka-2#primaryimage","url":"https:\/\/www.hantulantaimi.fi\/wp-content\/uploads\/2021\/01\/north-country-copy.jpg","contentUrl":"https:\/\/www.hantulantaimi.fi\/wp-content\/uploads\/2021\/01\/north-country-copy.jpg","width":1100,"height":736},{"@type":"BreadcrumbList","@id":"https:\/\/www.hantulantaimi.fi\/?product=vaccinium-corymbosum-north-country-pensasmustikka-2#breadcrumb","itemListElement":[{"@type":"ListItem","position":1,"name":"Home","item":"https:\/\/www.hantulantaimi.fi\/"},{"@type":"ListItem","position":2,"name":"Valikoima","item":"https:\/\/www.hantulantaimi.fi\/?page_id=768"},{"@type":"ListItem","position":3,"name":"VACCINIUM CORYMBOSUM &#8217;NORTH COUNTRY&#8217; -Pensasmustikka"}]},{"@type":"WebSite","@id":"https:\/\/www.hantulantaimi.fi\/#website","url":"https:\/\/www.hantulantaimi.fi\/","name":"","description":"","potentialAction":[{"@type":"SearchAction","target":{"@type":"EntryPoint","urlTemplate":"https:\/\/www.hantulantaimi.fi\/?s={search_term_string}"},"query-input":{"@type":"PropertyValueSpecification","valueRequired":true,"valueName":"search_term_string"}}],"inLanguage":"fi"}]}},"_links":{"self":[{"href":"https:\/\/www.hantulantaimi.fi\/index.php?rest_route=\/wp\/v2\/product\/5568","targetHints":{"allow":["GET"]}}],"collection":[{"href":"https:\/\/www.hantulantaimi.fi\/index.php?rest_route=\/wp\/v2\/product"}],"about":[{"href":"https:\/\/www.hantulantaimi.fi\/index.php?rest_route=\/wp\/v2\/types\/product"}],"version-history":[{"count":8,"href":"https:\/\/www.hantulantaimi.fi\/index.php?rest_route=\/wp\/v2\/product\/5568\/revisions"}],"predecessor-version":[{"id":8273,"href":"https:\/\/www.hantulantaimi.fi\/index.php?rest_route=\/wp\/v2\/product\/5568\/revisions\/8273"}],"wp:featuredmedia":[{"embeddable":true,"href":"https:\/\/www.hantulantaimi.fi\/index.php?rest_route=\/wp\/v2\/media\/5569"}],"wp:attachment":[{"href":"https:\/\/www.hantulantaimi.fi\/index.php?rest_route=%2Fwp%2Fv2%2Fmedia&parent=5568"}],"wp:term":[{"taxonomy":"product_brand","embeddable":true,"href":"https:\/\/www.hantulantaimi.fi\/index.php?rest_route=%2Fwp%2Fv2%2Fproduct_brand&post=5568"},{"taxonomy":"product_cat","embeddable":true,"href":"https:\/\/www.hantulantaimi.fi\/index.php?rest_route=%2Fwp%2Fv2%2Fproduct_cat&post=5568"},{"taxonomy":"product_tag","embeddable":true,"href":"https:\/\/www.hantulantaimi.fi\/index.php?rest_route=%2Fwp%2Fv2%2Fproduct_tag&post=5568"}],"curies":[{"name":"wp","href":"https:\/\/api.w.org\/{rel}","templated":true}]}}