{"id":5550,"date":"2021-01-13T10:47:43","date_gmt":"2021-01-13T08:47:43","guid":{"rendered":"https:\/\/www.hantulantaimi.fi\/?post_type=product&#038;p=5550"},"modified":"2026-01-12T16:25:55","modified_gmt":"2026-01-12T14:25:55","slug":"clematis-patens-ryhma-piilu-jalo-loistokarho","status":"publish","type":"product","link":"https:\/\/www.hantulantaimi.fi\/?product=clematis-patens-ryhma-piilu-jalo-loistokarho","title":{"rendered":"CLEMATIS PATENS-ryhm\u00e4 &#8217;PIILU&#8217;  -Jalo\/Loistok\u00e4rh\u00f6"},"content":{"rendered":"","protected":false},"excerpt":{"rendered":"<p>Astiataimi C2\/C3<br \/>\nJalok\u00e4rh\u00f6t vaativat runsaasti valoa sek\u00e4 tuoreen, runsasravinteisen, kalkitun, salaojitetun kasvualustan, tyvell\u00e4 maa tulisi olla kuitenkin hiekkapitoista, mik\u00e4 ehk\u00e4isee versotaudin levi\u00e4mist\u00e4, ei pid\u00e4 kuivuudesta eik\u00e4 m\u00e4rkyydest\u00e4 eik\u00e4 etenk\u00e4\u00e4n j\u00e4\u00e4st\u00e4, juuriston tulisi pysy\u00e4 viile\u00e4n\u00e4, mink\u00e4 vuoksi taimien eteen istutetaan pieni\u00e4 pensaita tai perennoja, paksujuuriset jalok\u00e4rh\u00f6t talvehtivat oikullisesti ja saattavat lev\u00e4t\u00e4 kolmekin vuotta maan alla, mit\u00e4 vanhemmiksi ne tulevat sit\u00e4 paremmin ne alkavat menesty\u00e4, juuripaakku istutetaan 15-20 cm maanpinnan alle, kasvusto leikataan syksyll\u00e4 tai kev\u00e4\u00e4ll\u00e4 15 sentin korkeudelta.<br \/>\nKukinta: suurehkot (6-12 cm) kaksiv\u00e4riset ruusunpunas\u00e4vyiset\/liilat kukat hein\u00e4-kuussa, kukkii vanhoihin ja uusiin versoihin, kukat voivat olla osittain kerrattuja<br \/>\nKorkeus: 1-2 m<br \/>\nKasvupaikka: aurinko-puolivarjo, tuore, runsasravinteinen<br \/>\nVy\u00f6hyke: IV<\/p>\n","protected":false},"featured_media":5551,"template":"","meta":{"site-sidebar-layout":"default","site-content-layout":"default","ast-site-content-layout":"default","site-content-style":"default","site-sidebar-style":"default","ast-global-header-display":"","ast-banner-title-visibility":"","ast-main-header-display":"","ast-hfb-above-header-display":"","ast-hfb-below-header-display":"","ast-hfb-mobile-header-display":"","site-post-title":"","ast-breadcrumbs-content":"","ast-featured-img":"","footer-sml-layout":"","theme-transparent-header-meta":"default","adv-header-id-meta":"","stick-header-meta":"","header-above-stick-meta":"","header-main-stick-meta":"","header-below-stick-meta":"","astra-migrate-meta-layouts":"default","ast-page-background-enabled":"default","ast-page-background-meta":{"desktop":{"background-color":"","background-image":"","background-repeat":"repeat","background-position":"center center","background-size":"auto","background-attachment":"scroll","background-type":"","background-media":"","overlay-type":"","overlay-color":"","overlay-opacity":"","overlay-gradient":""},"tablet":{"background-color":"","background-image":"","background-repeat":"repeat","background-position":"center center","background-size":"auto","background-attachment":"scroll","background-type":"","background-media":"","overlay-type":"","overlay-color":"","overlay-opacity":"","overlay-gradient":""},"mobile":{"background-color":"","background-image":"","background-repeat":"repeat","background-position":"center center","background-size":"auto","background-attachment":"scroll","background-type":"","background-media":"","overlay-type":"","overlay-color":"","overlay-opacity":"","overlay-gradient":""}},"ast-content-background-meta":{"desktop":{"background-color":"var(--ast-global-color-5)","background-image":"","background-repeat":"repeat","background-position":"center center","background-size":"auto","background-attachment":"scroll","background-type":"","background-media":"","overlay-type":"","overlay-color":"","overlay-opacity":"","overlay-gradient":""},"tablet":{"background-color":"var(--ast-global-color-5)","background-image":"","background-repeat":"repeat","background-position":"center center","background-size":"auto","background-attachment":"scroll","background-type":"","background-media":"","overlay-type":"","overlay-color":"","overlay-opacity":"","overlay-gradient":""},"mobile":{"background-color":"var(--ast-global-color-5)","background-image":"","background-repeat":"repeat","background-position":"center center","background-size":"auto","background-attachment":"scroll","background-type":"","background-media":"","overlay-type":"","overlay-color":"","overlay-opacity":"","overlay-gradient":""}}},"product_brand":[],"product_cat":[56],"product_tag":[74,73],"class_list":{"0":"post-5550","1":"product","2":"type-product","3":"status-publish","4":"has-post-thumbnail","6":"product_cat-koynnokset","7":"product_tag-jalokarho","8":"product_tag-loistokarho","9":"desktop-align-left","10":"tablet-align-left","11":"mobile-align-left","13":"first","14":"instock","15":"shipping-taxable","16":"purchasable","17":"product-type-simple"},"yoast_head":"<!-- This site is optimized with the Yoast SEO plugin v26.9 - https:\/\/yoast.com\/product\/yoast-seo-wordpress\/ -->\n<title>CLEMATIS PATENS-ryhm\u00e4 &#039;PIILU&#039; -Jalo\/Loistok\u00e4rh\u00f6 -<\/title>\n<meta name=\"robots\" content=\"index, follow, max-snippet:-1, max-image-preview:large, max-video-preview:-1\" \/>\n<link rel=\"canonical\" href=\"https:\/\/www.hantulantaimi.fi\/?product=clematis-patens-ryhma-piilu-jalo-loistokarho\" \/>\n<meta property=\"og:locale\" content=\"fi_FI\" \/>\n<meta property=\"og:type\" content=\"article\" \/>\n<meta property=\"og:title\" content=\"CLEMATIS PATENS-ryhm\u00e4 &#039;PIILU&#039; -Jalo\/Loistok\u00e4rh\u00f6 -\" \/>\n<meta property=\"og:description\" content=\"Astiataimi C2\/C3 Jalok\u00e4rh\u00f6t vaativat runsaasti valoa sek\u00e4 tuoreen, runsasravinteisen, kalkitun, salaojitetun kasvualustan, tyvell\u00e4 maa tulisi olla kuitenkin hiekkapitoista, mik\u00e4 ehk\u00e4isee versotaudin levi\u00e4mist\u00e4, ei pid\u00e4 kuivuudesta eik\u00e4 m\u00e4rkyydest\u00e4 eik\u00e4 etenk\u00e4\u00e4n j\u00e4\u00e4st\u00e4, juuriston tulisi pysy\u00e4 viile\u00e4n\u00e4, mink\u00e4 vuoksi taimien eteen istutetaan pieni\u00e4 pensaita tai perennoja, paksujuuriset jalok\u00e4rh\u00f6t talvehtivat oikullisesti ja saattavat lev\u00e4t\u00e4 kolmekin vuotta maan alla, mit\u00e4 vanhemmiksi ne tulevat sit\u00e4 paremmin ne alkavat menesty\u00e4, juuripaakku istutetaan 15-20 cm maanpinnan alle, kasvusto leikataan syksyll\u00e4 tai kev\u00e4\u00e4ll\u00e4 15 sentin korkeudelta. Kukinta: suurehkot (6-12 cm) kaksiv\u00e4riset ruusunpunas\u00e4vyiset\/liilat kukat hein\u00e4-kuussa, kukkii vanhoihin ja uusiin versoihin, kukat voivat olla osittain kerrattuja Korkeus: 1-2 m Kasvupaikka: aurinko-puolivarjo, tuore, runsasravinteinen Vy\u00f6hyke: IV\" \/>\n<meta property=\"og:url\" content=\"https:\/\/www.hantulantaimi.fi\/?product=clematis-patens-ryhma-piilu-jalo-loistokarho\" \/>\n<meta property=\"article:modified_time\" content=\"2026-01-12T14:25:55+00:00\" \/>\n<meta property=\"og:image\" content=\"https:\/\/www.hantulantaimi.fi\/wp-content\/uploads\/2021\/01\/piilu-copy.jpg\" \/>\n\t<meta property=\"og:image:width\" content=\"1100\" \/>\n\t<meta property=\"og:image:height\" content=\"825\" \/>\n\t<meta property=\"og:image:type\" content=\"image\/jpeg\" \/>\n<meta name=\"twitter:card\" content=\"summary_large_image\" \/>\n<script type=\"application\/ld+json\" class=\"yoast-schema-graph\">{\"@context\":\"https:\/\/schema.org\",\"@graph\":[{\"@type\":\"WebPage\",\"@id\":\"https:\/\/www.hantulantaimi.fi\/?product=clematis-patens-ryhma-piilu-jalo-loistokarho\",\"url\":\"https:\/\/www.hantulantaimi.fi\/?product=clematis-patens-ryhma-piilu-jalo-loistokarho\",\"name\":\"CLEMATIS PATENS-ryhm\u00e4 'PIILU' -Jalo\/Loistok\u00e4rh\u00f6 -\",\"isPartOf\":{\"@id\":\"https:\/\/www.hantulantaimi.fi\/#website\"},\"primaryImageOfPage\":{\"@id\":\"https:\/\/www.hantulantaimi.fi\/?product=clematis-patens-ryhma-piilu-jalo-loistokarho#primaryimage\"},\"image\":{\"@id\":\"https:\/\/www.hantulantaimi.fi\/?product=clematis-patens-ryhma-piilu-jalo-loistokarho#primaryimage\"},\"thumbnailUrl\":\"https:\/\/www.hantulantaimi.fi\/wp-content\/uploads\/2021\/01\/piilu-copy.jpg\",\"datePublished\":\"2021-01-13T08:47:43+00:00\",\"dateModified\":\"2026-01-12T14:25:55+00:00\",\"breadcrumb\":{\"@id\":\"https:\/\/www.hantulantaimi.fi\/?product=clematis-patens-ryhma-piilu-jalo-loistokarho#breadcrumb\"},\"inLanguage\":\"fi\",\"potentialAction\":[{\"@type\":\"ReadAction\",\"target\":[\"https:\/\/www.hantulantaimi.fi\/?product=clematis-patens-ryhma-piilu-jalo-loistokarho\"]}]},{\"@type\":\"ImageObject\",\"inLanguage\":\"fi\",\"@id\":\"https:\/\/www.hantulantaimi.fi\/?product=clematis-patens-ryhma-piilu-jalo-loistokarho#primaryimage\",\"url\":\"https:\/\/www.hantulantaimi.fi\/wp-content\/uploads\/2021\/01\/piilu-copy.jpg\",\"contentUrl\":\"https:\/\/www.hantulantaimi.fi\/wp-content\/uploads\/2021\/01\/piilu-copy.jpg\",\"width\":1100,\"height\":825},{\"@type\":\"BreadcrumbList\",\"@id\":\"https:\/\/www.hantulantaimi.fi\/?product=clematis-patens-ryhma-piilu-jalo-loistokarho#breadcrumb\",\"itemListElement\":[{\"@type\":\"ListItem\",\"position\":1,\"name\":\"Home\",\"item\":\"https:\/\/www.hantulantaimi.fi\/\"},{\"@type\":\"ListItem\",\"position\":2,\"name\":\"Valikoima\",\"item\":\"https:\/\/www.hantulantaimi.fi\/?page_id=768\"},{\"@type\":\"ListItem\",\"position\":3,\"name\":\"CLEMATIS PATENS-ryhm\u00e4 &#8217;PIILU&#8217; -Jalo\/Loistok\u00e4rh\u00f6\"}]},{\"@type\":\"WebSite\",\"@id\":\"https:\/\/www.hantulantaimi.fi\/#website\",\"url\":\"https:\/\/www.hantulantaimi.fi\/\",\"name\":\"\",\"description\":\"\",\"potentialAction\":[{\"@type\":\"SearchAction\",\"target\":{\"@type\":\"EntryPoint\",\"urlTemplate\":\"https:\/\/www.hantulantaimi.fi\/?s={search_term_string}\"},\"query-input\":{\"@type\":\"PropertyValueSpecification\",\"valueRequired\":true,\"valueName\":\"search_term_string\"}}],\"inLanguage\":\"fi\"}]}<\/script>\n<!-- \/ Yoast SEO plugin. -->","yoast_head_json":{"title":"CLEMATIS PATENS-ryhm\u00e4 'PIILU' -Jalo\/Loistok\u00e4rh\u00f6 -","robots":{"index":"index","follow":"follow","max-snippet":"max-snippet:-1","max-image-preview":"max-image-preview:large","max-video-preview":"max-video-preview:-1"},"canonical":"https:\/\/www.hantulantaimi.fi\/?product=clematis-patens-ryhma-piilu-jalo-loistokarho","og_locale":"fi_FI","og_type":"article","og_title":"CLEMATIS PATENS-ryhm\u00e4 'PIILU' -Jalo\/Loistok\u00e4rh\u00f6 -","og_description":"Astiataimi C2\/C3 Jalok\u00e4rh\u00f6t vaativat runsaasti valoa sek\u00e4 tuoreen, runsasravinteisen, kalkitun, salaojitetun kasvualustan, tyvell\u00e4 maa tulisi olla kuitenkin hiekkapitoista, mik\u00e4 ehk\u00e4isee versotaudin levi\u00e4mist\u00e4, ei pid\u00e4 kuivuudesta eik\u00e4 m\u00e4rkyydest\u00e4 eik\u00e4 etenk\u00e4\u00e4n j\u00e4\u00e4st\u00e4, juuriston tulisi pysy\u00e4 viile\u00e4n\u00e4, mink\u00e4 vuoksi taimien eteen istutetaan pieni\u00e4 pensaita tai perennoja, paksujuuriset jalok\u00e4rh\u00f6t talvehtivat oikullisesti ja saattavat lev\u00e4t\u00e4 kolmekin vuotta maan alla, mit\u00e4 vanhemmiksi ne tulevat sit\u00e4 paremmin ne alkavat menesty\u00e4, juuripaakku istutetaan 15-20 cm maanpinnan alle, kasvusto leikataan syksyll\u00e4 tai kev\u00e4\u00e4ll\u00e4 15 sentin korkeudelta. Kukinta: suurehkot (6-12 cm) kaksiv\u00e4riset ruusunpunas\u00e4vyiset\/liilat kukat hein\u00e4-kuussa, kukkii vanhoihin ja uusiin versoihin, kukat voivat olla osittain kerrattuja Korkeus: 1-2 m Kasvupaikka: aurinko-puolivarjo, tuore, runsasravinteinen Vy\u00f6hyke: IV","og_url":"https:\/\/www.hantulantaimi.fi\/?product=clematis-patens-ryhma-piilu-jalo-loistokarho","article_modified_time":"2026-01-12T14:25:55+00:00","og_image":[{"width":1100,"height":825,"url":"https:\/\/www.hantulantaimi.fi\/wp-content\/uploads\/2021\/01\/piilu-copy.jpg","type":"image\/jpeg"}],"twitter_card":"summary_large_image","schema":{"@context":"https:\/\/schema.org","@graph":[{"@type":"WebPage","@id":"https:\/\/www.hantulantaimi.fi\/?product=clematis-patens-ryhma-piilu-jalo-loistokarho","url":"https:\/\/www.hantulantaimi.fi\/?product=clematis-patens-ryhma-piilu-jalo-loistokarho","name":"CLEMATIS PATENS-ryhm\u00e4 'PIILU' -Jalo\/Loistok\u00e4rh\u00f6 -","isPartOf":{"@id":"https:\/\/www.hantulantaimi.fi\/#website"},"primaryImageOfPage":{"@id":"https:\/\/www.hantulantaimi.fi\/?product=clematis-patens-ryhma-piilu-jalo-loistokarho#primaryimage"},"image":{"@id":"https:\/\/www.hantulantaimi.fi\/?product=clematis-patens-ryhma-piilu-jalo-loistokarho#primaryimage"},"thumbnailUrl":"https:\/\/www.hantulantaimi.fi\/wp-content\/uploads\/2021\/01\/piilu-copy.jpg","datePublished":"2021-01-13T08:47:43+00:00","dateModified":"2026-01-12T14:25:55+00:00","breadcrumb":{"@id":"https:\/\/www.hantulantaimi.fi\/?product=clematis-patens-ryhma-piilu-jalo-loistokarho#breadcrumb"},"inLanguage":"fi","potentialAction":[{"@type":"ReadAction","target":["https:\/\/www.hantulantaimi.fi\/?product=clematis-patens-ryhma-piilu-jalo-loistokarho"]}]},{"@type":"ImageObject","inLanguage":"fi","@id":"https:\/\/www.hantulantaimi.fi\/?product=clematis-patens-ryhma-piilu-jalo-loistokarho#primaryimage","url":"https:\/\/www.hantulantaimi.fi\/wp-content\/uploads\/2021\/01\/piilu-copy.jpg","contentUrl":"https:\/\/www.hantulantaimi.fi\/wp-content\/uploads\/2021\/01\/piilu-copy.jpg","width":1100,"height":825},{"@type":"BreadcrumbList","@id":"https:\/\/www.hantulantaimi.fi\/?product=clematis-patens-ryhma-piilu-jalo-loistokarho#breadcrumb","itemListElement":[{"@type":"ListItem","position":1,"name":"Home","item":"https:\/\/www.hantulantaimi.fi\/"},{"@type":"ListItem","position":2,"name":"Valikoima","item":"https:\/\/www.hantulantaimi.fi\/?page_id=768"},{"@type":"ListItem","position":3,"name":"CLEMATIS PATENS-ryhm\u00e4 &#8217;PIILU&#8217; -Jalo\/Loistok\u00e4rh\u00f6"}]},{"@type":"WebSite","@id":"https:\/\/www.hantulantaimi.fi\/#website","url":"https:\/\/www.hantulantaimi.fi\/","name":"","description":"","potentialAction":[{"@type":"SearchAction","target":{"@type":"EntryPoint","urlTemplate":"https:\/\/www.hantulantaimi.fi\/?s={search_term_string}"},"query-input":{"@type":"PropertyValueSpecification","valueRequired":true,"valueName":"search_term_string"}}],"inLanguage":"fi"}]}},"_links":{"self":[{"href":"https:\/\/www.hantulantaimi.fi\/index.php?rest_route=\/wp\/v2\/product\/5550","targetHints":{"allow":["GET"]}}],"collection":[{"href":"https:\/\/www.hantulantaimi.fi\/index.php?rest_route=\/wp\/v2\/product"}],"about":[{"href":"https:\/\/www.hantulantaimi.fi\/index.php?rest_route=\/wp\/v2\/types\/product"}],"version-history":[{"count":8,"href":"https:\/\/www.hantulantaimi.fi\/index.php?rest_route=\/wp\/v2\/product\/5550\/revisions"}],"predecessor-version":[{"id":8259,"href":"https:\/\/www.hantulantaimi.fi\/index.php?rest_route=\/wp\/v2\/product\/5550\/revisions\/8259"}],"wp:featuredmedia":[{"embeddable":true,"href":"https:\/\/www.hantulantaimi.fi\/index.php?rest_route=\/wp\/v2\/media\/5551"}],"wp:attachment":[{"href":"https:\/\/www.hantulantaimi.fi\/index.php?rest_route=%2Fwp%2Fv2%2Fmedia&parent=5550"}],"wp:term":[{"taxonomy":"product_brand","embeddable":true,"href":"https:\/\/www.hantulantaimi.fi\/index.php?rest_route=%2Fwp%2Fv2%2Fproduct_brand&post=5550"},{"taxonomy":"product_cat","embeddable":true,"href":"https:\/\/www.hantulantaimi.fi\/index.php?rest_route=%2Fwp%2Fv2%2Fproduct_cat&post=5550"},{"taxonomy":"product_tag","embeddable":true,"href":"https:\/\/www.hantulantaimi.fi\/index.php?rest_route=%2Fwp%2Fv2%2Fproduct_tag&post=5550"}],"curies":[{"name":"wp","href":"https:\/\/api.w.org\/{rel}","templated":true}]}}