{"id":5535,"date":"2021-01-13T09:48:53","date_gmt":"2021-01-13T07:48:53","guid":{"rendered":"https:\/\/www.hantulantaimi.fi\/?post_type=product&#038;p=5535"},"modified":"2025-02-06T14:17:01","modified_gmt":"2025-02-06T12:17:01","slug":"sorbaria-sorbifolia-levgreen-matcha-ball-pihlaja-angervo","status":"publish","type":"product","link":"https:\/\/www.hantulantaimi.fi\/?product=sorbaria-sorbifolia-levgreen-matcha-ball-pihlaja-angervo","title":{"rendered":"SORBARIA SORBIFOLIA &#8217;LEVGREEN&#8217; MATCHA BALL\u00ae  -Pihlaja-angervo  UUTUUS!!                                                 MATALA LAJIKE!!"},"content":{"rendered":"","protected":false},"excerpt":{"rendered":"<p><span style=\"color: #ff3333;\"><b>UUTUUS !!<br \/>\n<\/b><\/span>Astiataimi C2<br \/>\nMatala, kasvutavaltaan kauniin pallomainen lajike, lehdet saniaismaiset, uusi kasvu oranssins\u00e4vyinen, kes\u00e4ll\u00e4 v\u00e4ri on raikkaan vihre\u00e4, syysv\u00e4ri keltainen, ei muodosta juurivesoja. Soveltuu havu- ja kukkaryhmiin.<br \/>\nKukinta: kukkii harvoin<br \/>\nKorkeus 0,6-0,9 m.<br \/>\nKasvupaikka: aurinko-puolivarjo, kuiva-kostea, vaatimaton kasvualustan suhteen<br \/>\nVy\u00f6hyke: IV<\/p>\n","protected":false},"featured_media":5536,"template":"","meta":{"site-sidebar-layout":"default","site-content-layout":"default","ast-site-content-layout":"default","site-content-style":"default","site-sidebar-style":"default","ast-global-header-display":"","ast-banner-title-visibility":"","ast-main-header-display":"","ast-hfb-above-header-display":"","ast-hfb-below-header-display":"","ast-hfb-mobile-header-display":"","site-post-title":"","ast-breadcrumbs-content":"","ast-featured-img":"","footer-sml-layout":"","theme-transparent-header-meta":"default","adv-header-id-meta":"","stick-header-meta":"","header-above-stick-meta":"","header-main-stick-meta":"","header-below-stick-meta":"","astra-migrate-meta-layouts":"default","ast-page-background-enabled":"default","ast-page-background-meta":{"desktop":{"background-color":"","background-image":"","background-repeat":"repeat","background-position":"center center","background-size":"auto","background-attachment":"scroll","background-type":"","background-media":"","overlay-type":"","overlay-color":"","overlay-opacity":"","overlay-gradient":""},"tablet":{"background-color":"","background-image":"","background-repeat":"repeat","background-position":"center center","background-size":"auto","background-attachment":"scroll","background-type":"","background-media":"","overlay-type":"","overlay-color":"","overlay-opacity":"","overlay-gradient":""},"mobile":{"background-color":"","background-image":"","background-repeat":"repeat","background-position":"center center","background-size":"auto","background-attachment":"scroll","background-type":"","background-media":"","overlay-type":"","overlay-color":"","overlay-opacity":"","overlay-gradient":""}},"ast-content-background-meta":{"desktop":{"background-color":"var(--ast-global-color-5)","background-image":"","background-repeat":"repeat","background-position":"center center","background-size":"auto","background-attachment":"scroll","background-type":"","background-media":"","overlay-type":"","overlay-color":"","overlay-opacity":"","overlay-gradient":""},"tablet":{"background-color":"var(--ast-global-color-5)","background-image":"","background-repeat":"repeat","background-position":"center center","background-size":"auto","background-attachment":"scroll","background-type":"","background-media":"","overlay-type":"","overlay-color":"","overlay-opacity":"","overlay-gradient":""},"mobile":{"background-color":"var(--ast-global-color-5)","background-image":"","background-repeat":"repeat","background-position":"center center","background-size":"auto","background-attachment":"scroll","background-type":"","background-media":"","overlay-type":"","overlay-color":"","overlay-opacity":"","overlay-gradient":""}}},"product_brand":[],"product_cat":[55],"product_tag":[90,92],"class_list":{"0":"post-5535","1":"product","2":"type-product","3":"status-publish","4":"has-post-thumbnail","6":"product_cat-koristepensaat","7":"product_tag-uusi-lajike","8":"product_tag-uutta-2021","9":"desktop-align-left","10":"tablet-align-left","11":"mobile-align-left","13":"first","14":"instock","15":"shipping-taxable","16":"purchasable","17":"product-type-simple"},"yoast_head":"<!-- This site is optimized with the Yoast SEO plugin v26.9 - https:\/\/yoast.com\/product\/yoast-seo-wordpress\/ -->\n<title>SORBARIA SORBIFOLIA &#039;LEVGREEN&#039; MATCHA BALL\u00ae -Pihlaja-angervo UUTUUS!!                         MATALA LAJIKE!! -<\/title>\n<meta name=\"robots\" content=\"index, follow, max-snippet:-1, max-image-preview:large, max-video-preview:-1\" \/>\n<link rel=\"canonical\" href=\"https:\/\/www.hantulantaimi.fi\/?product=sorbaria-sorbifolia-levgreen-matcha-ball-pihlaja-angervo\" \/>\n<meta property=\"og:locale\" content=\"fi_FI\" \/>\n<meta property=\"og:type\" content=\"article\" \/>\n<meta property=\"og:title\" content=\"SORBARIA SORBIFOLIA &#039;LEVGREEN&#039; MATCHA BALL\u00ae -Pihlaja-angervo UUTUUS!!                         MATALA LAJIKE!! -\" \/>\n<meta property=\"og:description\" content=\"UUTUUS !! Astiataimi C2 Matala, kasvutavaltaan kauniin pallomainen lajike, lehdet saniaismaiset, uusi kasvu oranssins\u00e4vyinen, kes\u00e4ll\u00e4 v\u00e4ri on raikkaan vihre\u00e4, syysv\u00e4ri keltainen, ei muodosta juurivesoja. Soveltuu havu- ja kukkaryhmiin. Kukinta: kukkii harvoin Korkeus 0,6-0,9 m. Kasvupaikka: aurinko-puolivarjo, kuiva-kostea, vaatimaton kasvualustan suhteen Vy\u00f6hyke: IV\" \/>\n<meta property=\"og:url\" content=\"https:\/\/www.hantulantaimi.fi\/?product=sorbaria-sorbifolia-levgreen-matcha-ball-pihlaja-angervo\" \/>\n<meta property=\"article:modified_time\" content=\"2025-02-06T12:17:01+00:00\" \/>\n<meta property=\"og:image\" content=\"https:\/\/www.hantulantaimi.fi\/wp-content\/uploads\/2021\/01\/matcha_ball_pihlaja_angervo.jpg\" \/>\n\t<meta property=\"og:image:width\" content=\"270\" \/>\n\t<meta property=\"og:image:height\" content=\"335\" \/>\n\t<meta property=\"og:image:type\" content=\"image\/jpeg\" \/>\n<meta name=\"twitter:card\" content=\"summary_large_image\" \/>\n<script type=\"application\/ld+json\" class=\"yoast-schema-graph\">{\"@context\":\"https:\/\/schema.org\",\"@graph\":[{\"@type\":\"WebPage\",\"@id\":\"https:\/\/www.hantulantaimi.fi\/?product=sorbaria-sorbifolia-levgreen-matcha-ball-pihlaja-angervo\",\"url\":\"https:\/\/www.hantulantaimi.fi\/?product=sorbaria-sorbifolia-levgreen-matcha-ball-pihlaja-angervo\",\"name\":\"SORBARIA SORBIFOLIA 'LEVGREEN' MATCHA BALL\u00ae -Pihlaja-angervo UUTUUS!! MATALA LAJIKE!! -\",\"isPartOf\":{\"@id\":\"https:\/\/www.hantulantaimi.fi\/#website\"},\"primaryImageOfPage\":{\"@id\":\"https:\/\/www.hantulantaimi.fi\/?product=sorbaria-sorbifolia-levgreen-matcha-ball-pihlaja-angervo#primaryimage\"},\"image\":{\"@id\":\"https:\/\/www.hantulantaimi.fi\/?product=sorbaria-sorbifolia-levgreen-matcha-ball-pihlaja-angervo#primaryimage\"},\"thumbnailUrl\":\"https:\/\/www.hantulantaimi.fi\/wp-content\/uploads\/2021\/01\/matcha_ball_pihlaja_angervo.jpg\",\"datePublished\":\"2021-01-13T07:48:53+00:00\",\"dateModified\":\"2025-02-06T12:17:01+00:00\",\"breadcrumb\":{\"@id\":\"https:\/\/www.hantulantaimi.fi\/?product=sorbaria-sorbifolia-levgreen-matcha-ball-pihlaja-angervo#breadcrumb\"},\"inLanguage\":\"fi\",\"potentialAction\":[{\"@type\":\"ReadAction\",\"target\":[\"https:\/\/www.hantulantaimi.fi\/?product=sorbaria-sorbifolia-levgreen-matcha-ball-pihlaja-angervo\"]}]},{\"@type\":\"ImageObject\",\"inLanguage\":\"fi\",\"@id\":\"https:\/\/www.hantulantaimi.fi\/?product=sorbaria-sorbifolia-levgreen-matcha-ball-pihlaja-angervo#primaryimage\",\"url\":\"https:\/\/www.hantulantaimi.fi\/wp-content\/uploads\/2021\/01\/matcha_ball_pihlaja_angervo.jpg\",\"contentUrl\":\"https:\/\/www.hantulantaimi.fi\/wp-content\/uploads\/2021\/01\/matcha_ball_pihlaja_angervo.jpg\",\"width\":270,\"height\":335},{\"@type\":\"BreadcrumbList\",\"@id\":\"https:\/\/www.hantulantaimi.fi\/?product=sorbaria-sorbifolia-levgreen-matcha-ball-pihlaja-angervo#breadcrumb\",\"itemListElement\":[{\"@type\":\"ListItem\",\"position\":1,\"name\":\"Home\",\"item\":\"https:\/\/www.hantulantaimi.fi\/\"},{\"@type\":\"ListItem\",\"position\":2,\"name\":\"Valikoima\",\"item\":\"https:\/\/www.hantulantaimi.fi\/?page_id=768\"},{\"@type\":\"ListItem\",\"position\":3,\"name\":\"SORBARIA SORBIFOLIA &#8217;LEVGREEN&#8217; MATCHA BALL\u00ae -Pihlaja-angervo UUTUUS!! MATALA LAJIKE!!\"}]},{\"@type\":\"WebSite\",\"@id\":\"https:\/\/www.hantulantaimi.fi\/#website\",\"url\":\"https:\/\/www.hantulantaimi.fi\/\",\"name\":\"\",\"description\":\"\",\"potentialAction\":[{\"@type\":\"SearchAction\",\"target\":{\"@type\":\"EntryPoint\",\"urlTemplate\":\"https:\/\/www.hantulantaimi.fi\/?s={search_term_string}\"},\"query-input\":{\"@type\":\"PropertyValueSpecification\",\"valueRequired\":true,\"valueName\":\"search_term_string\"}}],\"inLanguage\":\"fi\"}]}<\/script>\n<!-- \/ Yoast SEO plugin. -->","yoast_head_json":{"title":"SORBARIA SORBIFOLIA 'LEVGREEN' MATCHA BALL\u00ae -Pihlaja-angervo UUTUUS!!                         MATALA LAJIKE!! -","robots":{"index":"index","follow":"follow","max-snippet":"max-snippet:-1","max-image-preview":"max-image-preview:large","max-video-preview":"max-video-preview:-1"},"canonical":"https:\/\/www.hantulantaimi.fi\/?product=sorbaria-sorbifolia-levgreen-matcha-ball-pihlaja-angervo","og_locale":"fi_FI","og_type":"article","og_title":"SORBARIA SORBIFOLIA 'LEVGREEN' MATCHA BALL\u00ae -Pihlaja-angervo UUTUUS!!                         MATALA LAJIKE!! -","og_description":"UUTUUS !! Astiataimi C2 Matala, kasvutavaltaan kauniin pallomainen lajike, lehdet saniaismaiset, uusi kasvu oranssins\u00e4vyinen, kes\u00e4ll\u00e4 v\u00e4ri on raikkaan vihre\u00e4, syysv\u00e4ri keltainen, ei muodosta juurivesoja. Soveltuu havu- ja kukkaryhmiin. Kukinta: kukkii harvoin Korkeus 0,6-0,9 m. Kasvupaikka: aurinko-puolivarjo, kuiva-kostea, vaatimaton kasvualustan suhteen Vy\u00f6hyke: IV","og_url":"https:\/\/www.hantulantaimi.fi\/?product=sorbaria-sorbifolia-levgreen-matcha-ball-pihlaja-angervo","article_modified_time":"2025-02-06T12:17:01+00:00","og_image":[{"width":270,"height":335,"url":"https:\/\/www.hantulantaimi.fi\/wp-content\/uploads\/2021\/01\/matcha_ball_pihlaja_angervo.jpg","type":"image\/jpeg"}],"twitter_card":"summary_large_image","schema":{"@context":"https:\/\/schema.org","@graph":[{"@type":"WebPage","@id":"https:\/\/www.hantulantaimi.fi\/?product=sorbaria-sorbifolia-levgreen-matcha-ball-pihlaja-angervo","url":"https:\/\/www.hantulantaimi.fi\/?product=sorbaria-sorbifolia-levgreen-matcha-ball-pihlaja-angervo","name":"SORBARIA SORBIFOLIA 'LEVGREEN' MATCHA BALL\u00ae -Pihlaja-angervo UUTUUS!! MATALA LAJIKE!! -","isPartOf":{"@id":"https:\/\/www.hantulantaimi.fi\/#website"},"primaryImageOfPage":{"@id":"https:\/\/www.hantulantaimi.fi\/?product=sorbaria-sorbifolia-levgreen-matcha-ball-pihlaja-angervo#primaryimage"},"image":{"@id":"https:\/\/www.hantulantaimi.fi\/?product=sorbaria-sorbifolia-levgreen-matcha-ball-pihlaja-angervo#primaryimage"},"thumbnailUrl":"https:\/\/www.hantulantaimi.fi\/wp-content\/uploads\/2021\/01\/matcha_ball_pihlaja_angervo.jpg","datePublished":"2021-01-13T07:48:53+00:00","dateModified":"2025-02-06T12:17:01+00:00","breadcrumb":{"@id":"https:\/\/www.hantulantaimi.fi\/?product=sorbaria-sorbifolia-levgreen-matcha-ball-pihlaja-angervo#breadcrumb"},"inLanguage":"fi","potentialAction":[{"@type":"ReadAction","target":["https:\/\/www.hantulantaimi.fi\/?product=sorbaria-sorbifolia-levgreen-matcha-ball-pihlaja-angervo"]}]},{"@type":"ImageObject","inLanguage":"fi","@id":"https:\/\/www.hantulantaimi.fi\/?product=sorbaria-sorbifolia-levgreen-matcha-ball-pihlaja-angervo#primaryimage","url":"https:\/\/www.hantulantaimi.fi\/wp-content\/uploads\/2021\/01\/matcha_ball_pihlaja_angervo.jpg","contentUrl":"https:\/\/www.hantulantaimi.fi\/wp-content\/uploads\/2021\/01\/matcha_ball_pihlaja_angervo.jpg","width":270,"height":335},{"@type":"BreadcrumbList","@id":"https:\/\/www.hantulantaimi.fi\/?product=sorbaria-sorbifolia-levgreen-matcha-ball-pihlaja-angervo#breadcrumb","itemListElement":[{"@type":"ListItem","position":1,"name":"Home","item":"https:\/\/www.hantulantaimi.fi\/"},{"@type":"ListItem","position":2,"name":"Valikoima","item":"https:\/\/www.hantulantaimi.fi\/?page_id=768"},{"@type":"ListItem","position":3,"name":"SORBARIA SORBIFOLIA &#8217;LEVGREEN&#8217; MATCHA BALL\u00ae -Pihlaja-angervo UUTUUS!! MATALA LAJIKE!!"}]},{"@type":"WebSite","@id":"https:\/\/www.hantulantaimi.fi\/#website","url":"https:\/\/www.hantulantaimi.fi\/","name":"","description":"","potentialAction":[{"@type":"SearchAction","target":{"@type":"EntryPoint","urlTemplate":"https:\/\/www.hantulantaimi.fi\/?s={search_term_string}"},"query-input":{"@type":"PropertyValueSpecification","valueRequired":true,"valueName":"search_term_string"}}],"inLanguage":"fi"}]}},"_links":{"self":[{"href":"https:\/\/www.hantulantaimi.fi\/index.php?rest_route=\/wp\/v2\/product\/5535","targetHints":{"allow":["GET"]}}],"collection":[{"href":"https:\/\/www.hantulantaimi.fi\/index.php?rest_route=\/wp\/v2\/product"}],"about":[{"href":"https:\/\/www.hantulantaimi.fi\/index.php?rest_route=\/wp\/v2\/types\/product"}],"version-history":[{"count":3,"href":"https:\/\/www.hantulantaimi.fi\/index.php?rest_route=\/wp\/v2\/product\/5535\/revisions"}],"predecessor-version":[{"id":8053,"href":"https:\/\/www.hantulantaimi.fi\/index.php?rest_route=\/wp\/v2\/product\/5535\/revisions\/8053"}],"wp:featuredmedia":[{"embeddable":true,"href":"https:\/\/www.hantulantaimi.fi\/index.php?rest_route=\/wp\/v2\/media\/5536"}],"wp:attachment":[{"href":"https:\/\/www.hantulantaimi.fi\/index.php?rest_route=%2Fwp%2Fv2%2Fmedia&parent=5535"}],"wp:term":[{"taxonomy":"product_brand","embeddable":true,"href":"https:\/\/www.hantulantaimi.fi\/index.php?rest_route=%2Fwp%2Fv2%2Fproduct_brand&post=5535"},{"taxonomy":"product_cat","embeddable":true,"href":"https:\/\/www.hantulantaimi.fi\/index.php?rest_route=%2Fwp%2Fv2%2Fproduct_cat&post=5535"},{"taxonomy":"product_tag","embeddable":true,"href":"https:\/\/www.hantulantaimi.fi\/index.php?rest_route=%2Fwp%2Fv2%2Fproduct_tag&post=5535"}],"curies":[{"name":"wp","href":"https:\/\/api.w.org\/{rel}","templated":true}]}}