{"id":5471,"date":"2021-01-12T09:58:15","date_gmt":"2021-01-12T07:58:15","guid":{"rendered":"https:\/\/www.hantulantaimi.fi\/?post_type=product&#038;p=5471"},"modified":"2025-01-16T18:06:20","modified_gmt":"2025-01-16T16:06:20","slug":"acer-platanoides-metsavaahtera","status":"publish","type":"product","link":"https:\/\/www.hantulantaimi.fi\/?product=acer-platanoides-metsavaahtera","title":{"rendered":"ACER PLATANOIDES  -Mets\u00e4vaahtera"},"content":{"rendered":"","protected":false},"excerpt":{"rendered":"<p>Myyntikoko: 150-200 cm<br \/>\nIsolehtinen ja leve\u00e4latvainen mets\u00e4vaahtera varjostaa ja suojaa melulta tehokkaasti. Se kest\u00e4\u00e4 tuulta ja ilmansaasteita kohtalaisesti. Koska laji on taimivaiheessa arka kev\u00e4thalloille, k\u00e4rkikasvu paleltuu herk\u00e4sti ja puusta tulee monilatvainen. Kauneinta vaahteroissa on liuskoittuneet lehdet ja upea syysv\u00e4ri.<br \/>\nKorkeus: 15 m.<br \/>\nTaimiv\u00e4li: 5-7 m<br \/>\nKasvupaikka: aurinkoinen-puolivarjoinen, taimia ei kannata istuttaa niukkaravinteiseen eik\u00e4\u00a0 m\u00e4rk\u00e4\u00e4n maahan, menestyy parhaiten tuoreella, l\u00e4p\u00e4isev\u00e4ll\u00e4 ja keski- tai runsasravinteisella maalla<br \/>\nVy\u00f6hyke: IV<\/p>\n","protected":false},"featured_media":5473,"template":"","meta":{"site-sidebar-layout":"default","site-content-layout":"default","ast-site-content-layout":"default","site-content-style":"default","site-sidebar-style":"default","ast-global-header-display":"","ast-banner-title-visibility":"","ast-main-header-display":"","ast-hfb-above-header-display":"","ast-hfb-below-header-display":"","ast-hfb-mobile-header-display":"","site-post-title":"","ast-breadcrumbs-content":"","ast-featured-img":"","footer-sml-layout":"","theme-transparent-header-meta":"default","adv-header-id-meta":"","stick-header-meta":"","header-above-stick-meta":"","header-main-stick-meta":"","header-below-stick-meta":"","astra-migrate-meta-layouts":"default","ast-page-background-enabled":"default","ast-page-background-meta":{"desktop":{"background-color":"","background-image":"","background-repeat":"repeat","background-position":"center center","background-size":"auto","background-attachment":"scroll","background-type":"","background-media":"","overlay-type":"","overlay-color":"","overlay-opacity":"","overlay-gradient":""},"tablet":{"background-color":"","background-image":"","background-repeat":"repeat","background-position":"center center","background-size":"auto","background-attachment":"scroll","background-type":"","background-media":"","overlay-type":"","overlay-color":"","overlay-opacity":"","overlay-gradient":""},"mobile":{"background-color":"","background-image":"","background-repeat":"repeat","background-position":"center center","background-size":"auto","background-attachment":"scroll","background-type":"","background-media":"","overlay-type":"","overlay-color":"","overlay-opacity":"","overlay-gradient":""}},"ast-content-background-meta":{"desktop":{"background-color":"var(--ast-global-color-5)","background-image":"","background-repeat":"repeat","background-position":"center center","background-size":"auto","background-attachment":"scroll","background-type":"","background-media":"","overlay-type":"","overlay-color":"","overlay-opacity":"","overlay-gradient":""},"tablet":{"background-color":"var(--ast-global-color-5)","background-image":"","background-repeat":"repeat","background-position":"center center","background-size":"auto","background-attachment":"scroll","background-type":"","background-media":"","overlay-type":"","overlay-color":"","overlay-opacity":"","overlay-gradient":""},"mobile":{"background-color":"var(--ast-global-color-5)","background-image":"","background-repeat":"repeat","background-position":"center center","background-size":"auto","background-attachment":"scroll","background-type":"","background-media":"","overlay-type":"","overlay-color":"","overlay-opacity":"","overlay-gradient":""}}},"product_brand":[],"product_cat":[52],"product_tag":[],"class_list":{"0":"post-5471","1":"product","2":"type-product","3":"status-publish","4":"has-post-thumbnail","6":"product_cat-lehtipuut","7":"desktop-align-left","8":"tablet-align-left","9":"mobile-align-left","11":"first","12":"instock","13":"shipping-taxable","14":"purchasable","15":"product-type-simple"},"yoast_head":"<!-- This site is optimized with the Yoast SEO plugin v26.9 - https:\/\/yoast.com\/product\/yoast-seo-wordpress\/ -->\n<title>ACER PLATANOIDES -Mets\u00e4vaahtera -<\/title>\n<meta name=\"robots\" content=\"index, follow, max-snippet:-1, max-image-preview:large, max-video-preview:-1\" \/>\n<link rel=\"canonical\" href=\"https:\/\/www.hantulantaimi.fi\/?product=acer-platanoides-metsavaahtera\" \/>\n<meta property=\"og:locale\" content=\"fi_FI\" \/>\n<meta property=\"og:type\" content=\"article\" \/>\n<meta property=\"og:title\" content=\"ACER PLATANOIDES -Mets\u00e4vaahtera -\" \/>\n<meta property=\"og:description\" content=\"Myyntikoko: 150-200 cm Isolehtinen ja leve\u00e4latvainen mets\u00e4vaahtera varjostaa ja suojaa melulta tehokkaasti. Se kest\u00e4\u00e4 tuulta ja ilmansaasteita kohtalaisesti. Koska laji on taimivaiheessa arka kev\u00e4thalloille, k\u00e4rkikasvu paleltuu herk\u00e4sti ja puusta tulee monilatvainen. Kauneinta vaahteroissa on liuskoittuneet lehdet ja upea syysv\u00e4ri. Korkeus: 15 m. Taimiv\u00e4li: 5-7 m Kasvupaikka: aurinkoinen-puolivarjoinen, taimia ei kannata istuttaa niukkaravinteiseen eik\u00e4\u00a0 m\u00e4rk\u00e4\u00e4n maahan, menestyy parhaiten tuoreella, l\u00e4p\u00e4isev\u00e4ll\u00e4 ja keski- tai runsasravinteisella maalla Vy\u00f6hyke: IV\" \/>\n<meta property=\"og:url\" content=\"https:\/\/www.hantulantaimi.fi\/?product=acer-platanoides-metsavaahtera\" \/>\n<meta property=\"article:modified_time\" content=\"2025-01-16T16:06:20+00:00\" \/>\n<meta property=\"og:image\" content=\"https:\/\/www.hantulantaimi.fi\/wp-content\/uploads\/2021\/01\/Acer-platanoides_ER-copy.jpg\" \/>\n\t<meta property=\"og:image:width\" content=\"930\" \/>\n\t<meta property=\"og:image:height\" content=\"1240\" \/>\n\t<meta property=\"og:image:type\" content=\"image\/jpeg\" \/>\n<meta name=\"twitter:card\" content=\"summary_large_image\" \/>\n<script type=\"application\/ld+json\" class=\"yoast-schema-graph\">{\"@context\":\"https:\/\/schema.org\",\"@graph\":[{\"@type\":\"WebPage\",\"@id\":\"https:\/\/www.hantulantaimi.fi\/?product=acer-platanoides-metsavaahtera\",\"url\":\"https:\/\/www.hantulantaimi.fi\/?product=acer-platanoides-metsavaahtera\",\"name\":\"ACER PLATANOIDES -Mets\u00e4vaahtera -\",\"isPartOf\":{\"@id\":\"https:\/\/www.hantulantaimi.fi\/#website\"},\"primaryImageOfPage\":{\"@id\":\"https:\/\/www.hantulantaimi.fi\/?product=acer-platanoides-metsavaahtera#primaryimage\"},\"image\":{\"@id\":\"https:\/\/www.hantulantaimi.fi\/?product=acer-platanoides-metsavaahtera#primaryimage\"},\"thumbnailUrl\":\"https:\/\/www.hantulantaimi.fi\/wp-content\/uploads\/2021\/01\/Acer-platanoides_ER-copy.jpg\",\"datePublished\":\"2021-01-12T07:58:15+00:00\",\"dateModified\":\"2025-01-16T16:06:20+00:00\",\"breadcrumb\":{\"@id\":\"https:\/\/www.hantulantaimi.fi\/?product=acer-platanoides-metsavaahtera#breadcrumb\"},\"inLanguage\":\"fi\",\"potentialAction\":[{\"@type\":\"ReadAction\",\"target\":[\"https:\/\/www.hantulantaimi.fi\/?product=acer-platanoides-metsavaahtera\"]}]},{\"@type\":\"ImageObject\",\"inLanguage\":\"fi\",\"@id\":\"https:\/\/www.hantulantaimi.fi\/?product=acer-platanoides-metsavaahtera#primaryimage\",\"url\":\"https:\/\/www.hantulantaimi.fi\/wp-content\/uploads\/2021\/01\/Acer-platanoides_ER-copy.jpg\",\"contentUrl\":\"https:\/\/www.hantulantaimi.fi\/wp-content\/uploads\/2021\/01\/Acer-platanoides_ER-copy.jpg\",\"width\":930,\"height\":1240,\"caption\":\"OLYMPUS DIGITAL CAMERA\"},{\"@type\":\"BreadcrumbList\",\"@id\":\"https:\/\/www.hantulantaimi.fi\/?product=acer-platanoides-metsavaahtera#breadcrumb\",\"itemListElement\":[{\"@type\":\"ListItem\",\"position\":1,\"name\":\"Home\",\"item\":\"https:\/\/www.hantulantaimi.fi\/\"},{\"@type\":\"ListItem\",\"position\":2,\"name\":\"Valikoima\",\"item\":\"https:\/\/www.hantulantaimi.fi\/?page_id=768\"},{\"@type\":\"ListItem\",\"position\":3,\"name\":\"ACER PLATANOIDES -Mets\u00e4vaahtera\"}]},{\"@type\":\"WebSite\",\"@id\":\"https:\/\/www.hantulantaimi.fi\/#website\",\"url\":\"https:\/\/www.hantulantaimi.fi\/\",\"name\":\"\",\"description\":\"\",\"potentialAction\":[{\"@type\":\"SearchAction\",\"target\":{\"@type\":\"EntryPoint\",\"urlTemplate\":\"https:\/\/www.hantulantaimi.fi\/?s={search_term_string}\"},\"query-input\":{\"@type\":\"PropertyValueSpecification\",\"valueRequired\":true,\"valueName\":\"search_term_string\"}}],\"inLanguage\":\"fi\"}]}<\/script>\n<!-- \/ Yoast SEO plugin. -->","yoast_head_json":{"title":"ACER PLATANOIDES -Mets\u00e4vaahtera -","robots":{"index":"index","follow":"follow","max-snippet":"max-snippet:-1","max-image-preview":"max-image-preview:large","max-video-preview":"max-video-preview:-1"},"canonical":"https:\/\/www.hantulantaimi.fi\/?product=acer-platanoides-metsavaahtera","og_locale":"fi_FI","og_type":"article","og_title":"ACER PLATANOIDES -Mets\u00e4vaahtera -","og_description":"Myyntikoko: 150-200 cm Isolehtinen ja leve\u00e4latvainen mets\u00e4vaahtera varjostaa ja suojaa melulta tehokkaasti. Se kest\u00e4\u00e4 tuulta ja ilmansaasteita kohtalaisesti. Koska laji on taimivaiheessa arka kev\u00e4thalloille, k\u00e4rkikasvu paleltuu herk\u00e4sti ja puusta tulee monilatvainen. Kauneinta vaahteroissa on liuskoittuneet lehdet ja upea syysv\u00e4ri. Korkeus: 15 m. Taimiv\u00e4li: 5-7 m Kasvupaikka: aurinkoinen-puolivarjoinen, taimia ei kannata istuttaa niukkaravinteiseen eik\u00e4\u00a0 m\u00e4rk\u00e4\u00e4n maahan, menestyy parhaiten tuoreella, l\u00e4p\u00e4isev\u00e4ll\u00e4 ja keski- tai runsasravinteisella maalla Vy\u00f6hyke: IV","og_url":"https:\/\/www.hantulantaimi.fi\/?product=acer-platanoides-metsavaahtera","article_modified_time":"2025-01-16T16:06:20+00:00","og_image":[{"width":930,"height":1240,"url":"https:\/\/www.hantulantaimi.fi\/wp-content\/uploads\/2021\/01\/Acer-platanoides_ER-copy.jpg","type":"image\/jpeg"}],"twitter_card":"summary_large_image","schema":{"@context":"https:\/\/schema.org","@graph":[{"@type":"WebPage","@id":"https:\/\/www.hantulantaimi.fi\/?product=acer-platanoides-metsavaahtera","url":"https:\/\/www.hantulantaimi.fi\/?product=acer-platanoides-metsavaahtera","name":"ACER PLATANOIDES -Mets\u00e4vaahtera -","isPartOf":{"@id":"https:\/\/www.hantulantaimi.fi\/#website"},"primaryImageOfPage":{"@id":"https:\/\/www.hantulantaimi.fi\/?product=acer-platanoides-metsavaahtera#primaryimage"},"image":{"@id":"https:\/\/www.hantulantaimi.fi\/?product=acer-platanoides-metsavaahtera#primaryimage"},"thumbnailUrl":"https:\/\/www.hantulantaimi.fi\/wp-content\/uploads\/2021\/01\/Acer-platanoides_ER-copy.jpg","datePublished":"2021-01-12T07:58:15+00:00","dateModified":"2025-01-16T16:06:20+00:00","breadcrumb":{"@id":"https:\/\/www.hantulantaimi.fi\/?product=acer-platanoides-metsavaahtera#breadcrumb"},"inLanguage":"fi","potentialAction":[{"@type":"ReadAction","target":["https:\/\/www.hantulantaimi.fi\/?product=acer-platanoides-metsavaahtera"]}]},{"@type":"ImageObject","inLanguage":"fi","@id":"https:\/\/www.hantulantaimi.fi\/?product=acer-platanoides-metsavaahtera#primaryimage","url":"https:\/\/www.hantulantaimi.fi\/wp-content\/uploads\/2021\/01\/Acer-platanoides_ER-copy.jpg","contentUrl":"https:\/\/www.hantulantaimi.fi\/wp-content\/uploads\/2021\/01\/Acer-platanoides_ER-copy.jpg","width":930,"height":1240,"caption":"OLYMPUS DIGITAL CAMERA"},{"@type":"BreadcrumbList","@id":"https:\/\/www.hantulantaimi.fi\/?product=acer-platanoides-metsavaahtera#breadcrumb","itemListElement":[{"@type":"ListItem","position":1,"name":"Home","item":"https:\/\/www.hantulantaimi.fi\/"},{"@type":"ListItem","position":2,"name":"Valikoima","item":"https:\/\/www.hantulantaimi.fi\/?page_id=768"},{"@type":"ListItem","position":3,"name":"ACER PLATANOIDES -Mets\u00e4vaahtera"}]},{"@type":"WebSite","@id":"https:\/\/www.hantulantaimi.fi\/#website","url":"https:\/\/www.hantulantaimi.fi\/","name":"","description":"","potentialAction":[{"@type":"SearchAction","target":{"@type":"EntryPoint","urlTemplate":"https:\/\/www.hantulantaimi.fi\/?s={search_term_string}"},"query-input":{"@type":"PropertyValueSpecification","valueRequired":true,"valueName":"search_term_string"}}],"inLanguage":"fi"}]}},"_links":{"self":[{"href":"https:\/\/www.hantulantaimi.fi\/index.php?rest_route=\/wp\/v2\/product\/5471","targetHints":{"allow":["GET"]}}],"collection":[{"href":"https:\/\/www.hantulantaimi.fi\/index.php?rest_route=\/wp\/v2\/product"}],"about":[{"href":"https:\/\/www.hantulantaimi.fi\/index.php?rest_route=\/wp\/v2\/types\/product"}],"version-history":[{"count":2,"href":"https:\/\/www.hantulantaimi.fi\/index.php?rest_route=\/wp\/v2\/product\/5471\/revisions"}],"predecessor-version":[{"id":6312,"href":"https:\/\/www.hantulantaimi.fi\/index.php?rest_route=\/wp\/v2\/product\/5471\/revisions\/6312"}],"wp:featuredmedia":[{"embeddable":true,"href":"https:\/\/www.hantulantaimi.fi\/index.php?rest_route=\/wp\/v2\/media\/5473"}],"wp:attachment":[{"href":"https:\/\/www.hantulantaimi.fi\/index.php?rest_route=%2Fwp%2Fv2%2Fmedia&parent=5471"}],"wp:term":[{"taxonomy":"product_brand","embeddable":true,"href":"https:\/\/www.hantulantaimi.fi\/index.php?rest_route=%2Fwp%2Fv2%2Fproduct_brand&post=5471"},{"taxonomy":"product_cat","embeddable":true,"href":"https:\/\/www.hantulantaimi.fi\/index.php?rest_route=%2Fwp%2Fv2%2Fproduct_cat&post=5471"},{"taxonomy":"product_tag","embeddable":true,"href":"https:\/\/www.hantulantaimi.fi\/index.php?rest_route=%2Fwp%2Fv2%2Fproduct_tag&post=5471"}],"curies":[{"name":"wp","href":"https:\/\/api.w.org\/{rel}","templated":true}]}}