{"id":5352,"date":"2021-01-07T14:27:09","date_gmt":"2021-01-07T12:27:09","guid":{"rendered":"https:\/\/www.hantulantaimi.fi\/?post_type=product&#038;p=5352"},"modified":"2026-01-12T15:43:51","modified_gmt":"2026-01-12T13:43:51","slug":"picea-omorika-serbiankuusi-2","status":"publish","type":"product","link":"https:\/\/www.hantulantaimi.fi\/?product=picea-omorika-serbiankuusi-2","title":{"rendered":"PICEA OMORIKA  -Serbiankuusi"},"content":{"rendered":"","protected":false},"excerpt":{"rendered":"<p>Myyntikoko: 100-120 cm<br \/>\nPylv\u00e4sm\u00e4isen kapealatvainen, yleisimpi\u00e4 kotipihojen sek\u00e4 puistojen koristepuita, kest\u00e4\u00e4 hyvin ilmansaasteita, k\u00e4rjist\u00e4\u00e4n yl\u00f6sp\u00e4in kaartuvat oksat ovat lyhyit\u00e4, neulaset alta kauniisti hopeanhohtoiset, sinimustat k\u00e4vyt syntyv\u00e4t jo nuoreen puuhun.<br \/>\nKorkeus: 15-20m<br \/>\nLeveys: 2-4m<br \/>\nKasvupaikka: melko vaatimaton kasvupaikan ravinteiden ja pH:n suhteen, mutta viihtyy parhaiten auringossa tai puolivarjossa tuoreessa, runsasravinteisessa maassa<br \/>\nVy\u00f6hyke: V<\/p>\n","protected":false},"featured_media":3206,"template":"","meta":{"site-sidebar-layout":"default","site-content-layout":"default","ast-site-content-layout":"default","site-content-style":"default","site-sidebar-style":"default","ast-global-header-display":"","ast-banner-title-visibility":"","ast-main-header-display":"","ast-hfb-above-header-display":"","ast-hfb-below-header-display":"","ast-hfb-mobile-header-display":"","site-post-title":"","ast-breadcrumbs-content":"","ast-featured-img":"","footer-sml-layout":"","theme-transparent-header-meta":"default","adv-header-id-meta":"","stick-header-meta":"","header-above-stick-meta":"","header-main-stick-meta":"","header-below-stick-meta":"","astra-migrate-meta-layouts":"set","ast-page-background-enabled":"default","ast-page-background-meta":{"desktop":{"background-color":"","background-image":"","background-repeat":"repeat","background-position":"center center","background-size":"auto","background-attachment":"scroll","background-type":"","background-media":"","overlay-type":"","overlay-color":"","overlay-opacity":"","overlay-gradient":""},"tablet":{"background-color":"","background-image":"","background-repeat":"repeat","background-position":"center center","background-size":"auto","background-attachment":"scroll","background-type":"","background-media":"","overlay-type":"","overlay-color":"","overlay-opacity":"","overlay-gradient":""},"mobile":{"background-color":"","background-image":"","background-repeat":"repeat","background-position":"center center","background-size":"auto","background-attachment":"scroll","background-type":"","background-media":"","overlay-type":"","overlay-color":"","overlay-opacity":"","overlay-gradient":""}},"ast-content-background-meta":{"desktop":{"background-color":"var(--ast-global-color-5)","background-image":"","background-repeat":"repeat","background-position":"center center","background-size":"auto","background-attachment":"scroll","background-type":"","background-media":"","overlay-type":"","overlay-color":"","overlay-opacity":"","overlay-gradient":""},"tablet":{"background-color":"var(--ast-global-color-5)","background-image":"","background-repeat":"repeat","background-position":"center center","background-size":"auto","background-attachment":"scroll","background-type":"","background-media":"","overlay-type":"","overlay-color":"","overlay-opacity":"","overlay-gradient":""},"mobile":{"background-color":"var(--ast-global-color-5)","background-image":"","background-repeat":"repeat","background-position":"center center","background-size":"auto","background-attachment":"scroll","background-type":"","background-media":"","overlay-type":"","overlay-color":"","overlay-opacity":"","overlay-gradient":""}}},"product_brand":[],"product_cat":[54],"product_tag":[],"class_list":{"0":"post-5352","1":"product","2":"type-product","3":"status-publish","4":"has-post-thumbnail","6":"product_cat-havupuut","7":"desktop-align-left","8":"tablet-align-left","9":"mobile-align-left","11":"first","12":"instock","13":"shipping-taxable","14":"purchasable","15":"product-type-simple"},"yoast_head":"<!-- This site is optimized with the Yoast SEO plugin v26.9 - https:\/\/yoast.com\/product\/yoast-seo-wordpress\/ -->\n<title>PICEA OMORIKA -Serbiankuusi -<\/title>\n<meta name=\"robots\" content=\"index, follow, max-snippet:-1, max-image-preview:large, max-video-preview:-1\" \/>\n<link rel=\"canonical\" href=\"https:\/\/www.hantulantaimi.fi\/?product=picea-omorika-serbiankuusi-2\" \/>\n<meta property=\"og:locale\" content=\"fi_FI\" \/>\n<meta property=\"og:type\" content=\"article\" \/>\n<meta property=\"og:title\" content=\"PICEA OMORIKA -Serbiankuusi -\" \/>\n<meta property=\"og:description\" content=\"Myyntikoko: 100-120 cm Pylv\u00e4sm\u00e4isen kapealatvainen, yleisimpi\u00e4 kotipihojen sek\u00e4 puistojen koristepuita, kest\u00e4\u00e4 hyvin ilmansaasteita, k\u00e4rjist\u00e4\u00e4n yl\u00f6sp\u00e4in kaartuvat oksat ovat lyhyit\u00e4, neulaset alta kauniisti hopeanhohtoiset, sinimustat k\u00e4vyt syntyv\u00e4t jo nuoreen puuhun. Korkeus: 15-20m Leveys: 2-4m Kasvupaikka: melko vaatimaton kasvupaikan ravinteiden ja pH:n suhteen, mutta viihtyy parhaiten auringossa tai puolivarjossa tuoreessa, runsasravinteisessa maassa Vy\u00f6hyke: V\" \/>\n<meta property=\"og:url\" content=\"https:\/\/www.hantulantaimi.fi\/?product=picea-omorika-serbiankuusi-2\" \/>\n<meta property=\"article:modified_time\" content=\"2026-01-12T13:43:51+00:00\" \/>\n<meta property=\"og:image\" content=\"https:\/\/www.hantulantaimi.fi\/wp-content\/uploads\/2019\/03\/Picea-omorika2_AW-copy-e1582539433751.jpg\" \/>\n\t<meta property=\"og:image:width\" content=\"1500\" \/>\n\t<meta property=\"og:image:height\" content=\"2019\" \/>\n\t<meta property=\"og:image:type\" content=\"image\/jpeg\" \/>\n<meta name=\"twitter:card\" content=\"summary_large_image\" \/>\n<meta name=\"twitter:label1\" content=\"Arvioitu lukuaika\" \/>\n\t<meta name=\"twitter:data1\" content=\"1 minuutti\" \/>\n<script type=\"application\/ld+json\" class=\"yoast-schema-graph\">{\"@context\":\"https:\/\/schema.org\",\"@graph\":[{\"@type\":\"WebPage\",\"@id\":\"https:\/\/www.hantulantaimi.fi\/?product=picea-omorika-serbiankuusi-2\",\"url\":\"https:\/\/www.hantulantaimi.fi\/?product=picea-omorika-serbiankuusi-2\",\"name\":\"PICEA OMORIKA -Serbiankuusi -\",\"isPartOf\":{\"@id\":\"https:\/\/www.hantulantaimi.fi\/#website\"},\"primaryImageOfPage\":{\"@id\":\"https:\/\/www.hantulantaimi.fi\/?product=picea-omorika-serbiankuusi-2#primaryimage\"},\"image\":{\"@id\":\"https:\/\/www.hantulantaimi.fi\/?product=picea-omorika-serbiankuusi-2#primaryimage\"},\"thumbnailUrl\":\"https:\/\/www.hantulantaimi.fi\/wp-content\/uploads\/2019\/03\/Picea-omorika2_AW-copy-e1582539433751.jpg\",\"datePublished\":\"2021-01-07T12:27:09+00:00\",\"dateModified\":\"2026-01-12T13:43:51+00:00\",\"breadcrumb\":{\"@id\":\"https:\/\/www.hantulantaimi.fi\/?product=picea-omorika-serbiankuusi-2#breadcrumb\"},\"inLanguage\":\"fi\",\"potentialAction\":[{\"@type\":\"ReadAction\",\"target\":[\"https:\/\/www.hantulantaimi.fi\/?product=picea-omorika-serbiankuusi-2\"]}]},{\"@type\":\"ImageObject\",\"inLanguage\":\"fi\",\"@id\":\"https:\/\/www.hantulantaimi.fi\/?product=picea-omorika-serbiankuusi-2#primaryimage\",\"url\":\"https:\/\/www.hantulantaimi.fi\/wp-content\/uploads\/2019\/03\/Picea-omorika2_AW-copy-e1582539433751.jpg\",\"contentUrl\":\"https:\/\/www.hantulantaimi.fi\/wp-content\/uploads\/2019\/03\/Picea-omorika2_AW-copy-e1582539433751.jpg\",\"width\":1500,\"height\":2019},{\"@type\":\"BreadcrumbList\",\"@id\":\"https:\/\/www.hantulantaimi.fi\/?product=picea-omorika-serbiankuusi-2#breadcrumb\",\"itemListElement\":[{\"@type\":\"ListItem\",\"position\":1,\"name\":\"Home\",\"item\":\"https:\/\/www.hantulantaimi.fi\/\"},{\"@type\":\"ListItem\",\"position\":2,\"name\":\"Valikoima\",\"item\":\"https:\/\/www.hantulantaimi.fi\/?page_id=768\"},{\"@type\":\"ListItem\",\"position\":3,\"name\":\"PICEA OMORIKA -Serbiankuusi\"}]},{\"@type\":\"WebSite\",\"@id\":\"https:\/\/www.hantulantaimi.fi\/#website\",\"url\":\"https:\/\/www.hantulantaimi.fi\/\",\"name\":\"\",\"description\":\"\",\"potentialAction\":[{\"@type\":\"SearchAction\",\"target\":{\"@type\":\"EntryPoint\",\"urlTemplate\":\"https:\/\/www.hantulantaimi.fi\/?s={search_term_string}\"},\"query-input\":{\"@type\":\"PropertyValueSpecification\",\"valueRequired\":true,\"valueName\":\"search_term_string\"}}],\"inLanguage\":\"fi\"}]}<\/script>\n<!-- \/ Yoast SEO plugin. -->","yoast_head_json":{"title":"PICEA OMORIKA -Serbiankuusi -","robots":{"index":"index","follow":"follow","max-snippet":"max-snippet:-1","max-image-preview":"max-image-preview:large","max-video-preview":"max-video-preview:-1"},"canonical":"https:\/\/www.hantulantaimi.fi\/?product=picea-omorika-serbiankuusi-2","og_locale":"fi_FI","og_type":"article","og_title":"PICEA OMORIKA -Serbiankuusi -","og_description":"Myyntikoko: 100-120 cm Pylv\u00e4sm\u00e4isen kapealatvainen, yleisimpi\u00e4 kotipihojen sek\u00e4 puistojen koristepuita, kest\u00e4\u00e4 hyvin ilmansaasteita, k\u00e4rjist\u00e4\u00e4n yl\u00f6sp\u00e4in kaartuvat oksat ovat lyhyit\u00e4, neulaset alta kauniisti hopeanhohtoiset, sinimustat k\u00e4vyt syntyv\u00e4t jo nuoreen puuhun. Korkeus: 15-20m Leveys: 2-4m Kasvupaikka: melko vaatimaton kasvupaikan ravinteiden ja pH:n suhteen, mutta viihtyy parhaiten auringossa tai puolivarjossa tuoreessa, runsasravinteisessa maassa Vy\u00f6hyke: V","og_url":"https:\/\/www.hantulantaimi.fi\/?product=picea-omorika-serbiankuusi-2","article_modified_time":"2026-01-12T13:43:51+00:00","og_image":[{"width":1500,"height":2019,"url":"https:\/\/www.hantulantaimi.fi\/wp-content\/uploads\/2019\/03\/Picea-omorika2_AW-copy-e1582539433751.jpg","type":"image\/jpeg"}],"twitter_card":"summary_large_image","twitter_misc":{"Arvioitu lukuaika":"1 minuutti"},"schema":{"@context":"https:\/\/schema.org","@graph":[{"@type":"WebPage","@id":"https:\/\/www.hantulantaimi.fi\/?product=picea-omorika-serbiankuusi-2","url":"https:\/\/www.hantulantaimi.fi\/?product=picea-omorika-serbiankuusi-2","name":"PICEA OMORIKA -Serbiankuusi -","isPartOf":{"@id":"https:\/\/www.hantulantaimi.fi\/#website"},"primaryImageOfPage":{"@id":"https:\/\/www.hantulantaimi.fi\/?product=picea-omorika-serbiankuusi-2#primaryimage"},"image":{"@id":"https:\/\/www.hantulantaimi.fi\/?product=picea-omorika-serbiankuusi-2#primaryimage"},"thumbnailUrl":"https:\/\/www.hantulantaimi.fi\/wp-content\/uploads\/2019\/03\/Picea-omorika2_AW-copy-e1582539433751.jpg","datePublished":"2021-01-07T12:27:09+00:00","dateModified":"2026-01-12T13:43:51+00:00","breadcrumb":{"@id":"https:\/\/www.hantulantaimi.fi\/?product=picea-omorika-serbiankuusi-2#breadcrumb"},"inLanguage":"fi","potentialAction":[{"@type":"ReadAction","target":["https:\/\/www.hantulantaimi.fi\/?product=picea-omorika-serbiankuusi-2"]}]},{"@type":"ImageObject","inLanguage":"fi","@id":"https:\/\/www.hantulantaimi.fi\/?product=picea-omorika-serbiankuusi-2#primaryimage","url":"https:\/\/www.hantulantaimi.fi\/wp-content\/uploads\/2019\/03\/Picea-omorika2_AW-copy-e1582539433751.jpg","contentUrl":"https:\/\/www.hantulantaimi.fi\/wp-content\/uploads\/2019\/03\/Picea-omorika2_AW-copy-e1582539433751.jpg","width":1500,"height":2019},{"@type":"BreadcrumbList","@id":"https:\/\/www.hantulantaimi.fi\/?product=picea-omorika-serbiankuusi-2#breadcrumb","itemListElement":[{"@type":"ListItem","position":1,"name":"Home","item":"https:\/\/www.hantulantaimi.fi\/"},{"@type":"ListItem","position":2,"name":"Valikoima","item":"https:\/\/www.hantulantaimi.fi\/?page_id=768"},{"@type":"ListItem","position":3,"name":"PICEA OMORIKA -Serbiankuusi"}]},{"@type":"WebSite","@id":"https:\/\/www.hantulantaimi.fi\/#website","url":"https:\/\/www.hantulantaimi.fi\/","name":"","description":"","potentialAction":[{"@type":"SearchAction","target":{"@type":"EntryPoint","urlTemplate":"https:\/\/www.hantulantaimi.fi\/?s={search_term_string}"},"query-input":{"@type":"PropertyValueSpecification","valueRequired":true,"valueName":"search_term_string"}}],"inLanguage":"fi"}]}},"_links":{"self":[{"href":"https:\/\/www.hantulantaimi.fi\/index.php?rest_route=\/wp\/v2\/product\/5352","targetHints":{"allow":["GET"]}}],"collection":[{"href":"https:\/\/www.hantulantaimi.fi\/index.php?rest_route=\/wp\/v2\/product"}],"about":[{"href":"https:\/\/www.hantulantaimi.fi\/index.php?rest_route=\/wp\/v2\/types\/product"}],"version-history":[{"count":13,"href":"https:\/\/www.hantulantaimi.fi\/index.php?rest_route=\/wp\/v2\/product\/5352\/revisions"}],"predecessor-version":[{"id":8235,"href":"https:\/\/www.hantulantaimi.fi\/index.php?rest_route=\/wp\/v2\/product\/5352\/revisions\/8235"}],"wp:featuredmedia":[{"embeddable":true,"href":"https:\/\/www.hantulantaimi.fi\/index.php?rest_route=\/wp\/v2\/media\/3206"}],"wp:attachment":[{"href":"https:\/\/www.hantulantaimi.fi\/index.php?rest_route=%2Fwp%2Fv2%2Fmedia&parent=5352"}],"wp:term":[{"taxonomy":"product_brand","embeddable":true,"href":"https:\/\/www.hantulantaimi.fi\/index.php?rest_route=%2Fwp%2Fv2%2Fproduct_brand&post=5352"},{"taxonomy":"product_cat","embeddable":true,"href":"https:\/\/www.hantulantaimi.fi\/index.php?rest_route=%2Fwp%2Fv2%2Fproduct_cat&post=5352"},{"taxonomy":"product_tag","embeddable":true,"href":"https:\/\/www.hantulantaimi.fi\/index.php?rest_route=%2Fwp%2Fv2%2Fproduct_tag&post=5352"}],"curies":[{"name":"wp","href":"https:\/\/api.w.org\/{rel}","templated":true}]}}