{"id":2957,"date":"2019-03-26T08:00:44","date_gmt":"2019-03-26T06:00:44","guid":{"rendered":"https:\/\/www.hantulantaimi.fi\/?post_type=product&#038;p=2957"},"modified":"2023-01-25T12:57:52","modified_gmt":"2023-01-25T10:57:52","slug":"rubux-binatus-heisa-mesivadelma","status":"publish","type":"product","link":"https:\/\/www.hantulantaimi.fi\/?product=rubux-binatus-heisa-mesivadelma","title":{"rendered":"RUBUS\u00d7 BINATUS &#8217;HEISA&#8217;  -Mesivadelma"},"content":{"rendered":"","protected":false},"excerpt":{"rendered":"<p>Astiataimi C2<br \/>\nHapahkot, keskikokoiset, kekomaiset marjat, joissa on t\u00e4ysin kypsin\u00e4 aurinkoisella s\u00e4\u00e4ll\u00e4 havaittavissa liev\u00e4 mesimarjan aromi. Marja pysyy hyvin koossa. Kasvutavaltaan &#8217;Heisa&#8217; muistuttaa tavallista vadelmaa. Versot ovat pystyt ja tanakat, sivuversot lyhyit\u00e4. L\u00e4hes parimetrisi\u00e4 versoja muodostuu kohtuullisesti ja niiss\u00e4 on kovia, kolmiomaisia piikkej\u00e4. Satoisuudeltaan &#8217;Heisa&#8217; on &#8217;Ottawan&#8217; kanssa samaa luokkaa, joinakin vuosina jopa sit\u00e4 parempi. Sato alkaa varhain ja satokausi on tavallista vadelmaa selv\u00e4sti lyhyempi &#8211; l\u00e4hes koko sato voidaan poimia parissa viikossa. Talvenkest\u00e4vyys on varsin hyv\u00e4.<br \/>\nTaimiv\u00e4li: 40-60 cm<br \/>\nRiviv\u00e4li: 2,5 m<br \/>\nKasvupaikka: l\u00e4mmin ja aurinkoinen paikka, runsasmultainen, tuore, kuohkea ja hyvin kalkittu maa, kohopenkki tai viett\u00e4v\u00e4 rinne on eduksi<br \/>\nVy\u00f6hyke: IV<\/p>\n","protected":false},"featured_media":2958,"template":"","meta":{"site-sidebar-layout":"default","site-content-layout":"default","ast-site-content-layout":"default","site-content-style":"default","site-sidebar-style":"default","ast-global-header-display":"","ast-banner-title-visibility":"","ast-main-header-display":"","ast-hfb-above-header-display":"","ast-hfb-below-header-display":"","ast-hfb-mobile-header-display":"","site-post-title":"","ast-breadcrumbs-content":"","ast-featured-img":"","footer-sml-layout":"","theme-transparent-header-meta":"default","adv-header-id-meta":"","stick-header-meta":"","header-above-stick-meta":"","header-main-stick-meta":"","header-below-stick-meta":"","astra-migrate-meta-layouts":"default","ast-page-background-enabled":"default","ast-page-background-meta":{"desktop":{"background-color":"","background-image":"","background-repeat":"repeat","background-position":"center center","background-size":"auto","background-attachment":"scroll","background-type":"","background-media":"","overlay-type":"","overlay-color":"","overlay-opacity":"","overlay-gradient":""},"tablet":{"background-color":"","background-image":"","background-repeat":"repeat","background-position":"center center","background-size":"auto","background-attachment":"scroll","background-type":"","background-media":"","overlay-type":"","overlay-color":"","overlay-opacity":"","overlay-gradient":""},"mobile":{"background-color":"","background-image":"","background-repeat":"repeat","background-position":"center center","background-size":"auto","background-attachment":"scroll","background-type":"","background-media":"","overlay-type":"","overlay-color":"","overlay-opacity":"","overlay-gradient":""}},"ast-content-background-meta":{"desktop":{"background-color":"var(--ast-global-color-5)","background-image":"","background-repeat":"repeat","background-position":"center center","background-size":"auto","background-attachment":"scroll","background-type":"","background-media":"","overlay-type":"","overlay-color":"","overlay-opacity":"","overlay-gradient":""},"tablet":{"background-color":"var(--ast-global-color-5)","background-image":"","background-repeat":"repeat","background-position":"center center","background-size":"auto","background-attachment":"scroll","background-type":"","background-media":"","overlay-type":"","overlay-color":"","overlay-opacity":"","overlay-gradient":""},"mobile":{"background-color":"var(--ast-global-color-5)","background-image":"","background-repeat":"repeat","background-position":"center center","background-size":"auto","background-attachment":"scroll","background-type":"","background-media":"","overlay-type":"","overlay-color":"","overlay-opacity":"","overlay-gradient":""}}},"product_brand":[],"product_cat":[57],"product_tag":[],"class_list":{"0":"post-2957","1":"product","2":"type-product","3":"status-publish","4":"has-post-thumbnail","6":"product_cat-marjahedelma","7":"desktop-align-left","8":"tablet-align-left","9":"mobile-align-left","11":"first","12":"instock","13":"shipping-taxable","14":"purchasable","15":"product-type-simple"},"yoast_head":"<!-- This site is optimized with the Yoast SEO plugin v26.9 - https:\/\/yoast.com\/product\/yoast-seo-wordpress\/ -->\n<title>RUBUS\u00d7 BINATUS &#039;HEISA&#039; -Mesivadelma -<\/title>\n<meta name=\"robots\" content=\"index, follow, max-snippet:-1, max-image-preview:large, max-video-preview:-1\" \/>\n<link rel=\"canonical\" href=\"https:\/\/www.hantulantaimi.fi\/?product=rubux-binatus-heisa-mesivadelma\" \/>\n<meta property=\"og:locale\" content=\"fi_FI\" \/>\n<meta property=\"og:type\" content=\"article\" \/>\n<meta property=\"og:title\" content=\"RUBUS\u00d7 BINATUS &#039;HEISA&#039; -Mesivadelma -\" \/>\n<meta property=\"og:description\" content=\"Astiataimi C2 Hapahkot, keskikokoiset, kekomaiset marjat, joissa on t\u00e4ysin kypsin\u00e4 aurinkoisella s\u00e4\u00e4ll\u00e4 havaittavissa liev\u00e4 mesimarjan aromi. Marja pysyy hyvin koossa. Kasvutavaltaan &#039;Heisa&#039; muistuttaa tavallista vadelmaa. Versot ovat pystyt ja tanakat, sivuversot lyhyit\u00e4. L\u00e4hes parimetrisi\u00e4 versoja muodostuu kohtuullisesti ja niiss\u00e4 on kovia, kolmiomaisia piikkej\u00e4. Satoisuudeltaan &#039;Heisa&#039; on &#039;Ottawan&#039; kanssa samaa luokkaa, joinakin vuosina jopa sit\u00e4 parempi. Sato alkaa varhain ja satokausi on tavallista vadelmaa selv\u00e4sti lyhyempi - l\u00e4hes koko sato voidaan poimia parissa viikossa. Talvenkest\u00e4vyys on varsin hyv\u00e4. Taimiv\u00e4li: 40-60 cm Riviv\u00e4li: 2,5 m Kasvupaikka: l\u00e4mmin ja aurinkoinen paikka, runsasmultainen, tuore, kuohkea ja hyvin kalkittu maa, kohopenkki tai viett\u00e4v\u00e4 rinne on eduksi  Vy\u00f6hyke: IV\" \/>\n<meta property=\"og:url\" content=\"https:\/\/www.hantulantaimi.fi\/?product=rubux-binatus-heisa-mesivadelma\" \/>\n<meta property=\"article:modified_time\" content=\"2023-01-25T10:57:52+00:00\" \/>\n<meta property=\"og:image\" content=\"https:\/\/www.hantulantaimi.fi\/wp-content\/uploads\/2019\/03\/heisa-copy.jpg\" \/>\n\t<meta property=\"og:image:width\" content=\"540\" \/>\n\t<meta property=\"og:image:height\" content=\"960\" \/>\n\t<meta property=\"og:image:type\" content=\"image\/jpeg\" \/>\n<meta name=\"twitter:card\" content=\"summary_large_image\" \/>\n<script type=\"application\/ld+json\" class=\"yoast-schema-graph\">{\"@context\":\"https:\/\/schema.org\",\"@graph\":[{\"@type\":\"WebPage\",\"@id\":\"https:\/\/www.hantulantaimi.fi\/?product=rubux-binatus-heisa-mesivadelma\",\"url\":\"https:\/\/www.hantulantaimi.fi\/?product=rubux-binatus-heisa-mesivadelma\",\"name\":\"RUBUS\u00d7 BINATUS 'HEISA' -Mesivadelma -\",\"isPartOf\":{\"@id\":\"https:\/\/www.hantulantaimi.fi\/#website\"},\"primaryImageOfPage\":{\"@id\":\"https:\/\/www.hantulantaimi.fi\/?product=rubux-binatus-heisa-mesivadelma#primaryimage\"},\"image\":{\"@id\":\"https:\/\/www.hantulantaimi.fi\/?product=rubux-binatus-heisa-mesivadelma#primaryimage\"},\"thumbnailUrl\":\"https:\/\/www.hantulantaimi.fi\/wp-content\/uploads\/2019\/03\/heisa-copy.jpg\",\"datePublished\":\"2019-03-26T06:00:44+00:00\",\"dateModified\":\"2023-01-25T10:57:52+00:00\",\"breadcrumb\":{\"@id\":\"https:\/\/www.hantulantaimi.fi\/?product=rubux-binatus-heisa-mesivadelma#breadcrumb\"},\"inLanguage\":\"fi\",\"potentialAction\":[{\"@type\":\"ReadAction\",\"target\":[\"https:\/\/www.hantulantaimi.fi\/?product=rubux-binatus-heisa-mesivadelma\"]}]},{\"@type\":\"ImageObject\",\"inLanguage\":\"fi\",\"@id\":\"https:\/\/www.hantulantaimi.fi\/?product=rubux-binatus-heisa-mesivadelma#primaryimage\",\"url\":\"https:\/\/www.hantulantaimi.fi\/wp-content\/uploads\/2019\/03\/heisa-copy.jpg\",\"contentUrl\":\"https:\/\/www.hantulantaimi.fi\/wp-content\/uploads\/2019\/03\/heisa-copy.jpg\",\"width\":540,\"height\":960},{\"@type\":\"BreadcrumbList\",\"@id\":\"https:\/\/www.hantulantaimi.fi\/?product=rubux-binatus-heisa-mesivadelma#breadcrumb\",\"itemListElement\":[{\"@type\":\"ListItem\",\"position\":1,\"name\":\"Home\",\"item\":\"https:\/\/www.hantulantaimi.fi\/\"},{\"@type\":\"ListItem\",\"position\":2,\"name\":\"Valikoima\",\"item\":\"https:\/\/www.hantulantaimi.fi\/?page_id=768\"},{\"@type\":\"ListItem\",\"position\":3,\"name\":\"RUBUS\u00d7 BINATUS &#8217;HEISA&#8217; -Mesivadelma\"}]},{\"@type\":\"WebSite\",\"@id\":\"https:\/\/www.hantulantaimi.fi\/#website\",\"url\":\"https:\/\/www.hantulantaimi.fi\/\",\"name\":\"\",\"description\":\"\",\"potentialAction\":[{\"@type\":\"SearchAction\",\"target\":{\"@type\":\"EntryPoint\",\"urlTemplate\":\"https:\/\/www.hantulantaimi.fi\/?s={search_term_string}\"},\"query-input\":{\"@type\":\"PropertyValueSpecification\",\"valueRequired\":true,\"valueName\":\"search_term_string\"}}],\"inLanguage\":\"fi\"}]}<\/script>\n<!-- \/ Yoast SEO plugin. -->","yoast_head_json":{"title":"RUBUS\u00d7 BINATUS 'HEISA' -Mesivadelma -","robots":{"index":"index","follow":"follow","max-snippet":"max-snippet:-1","max-image-preview":"max-image-preview:large","max-video-preview":"max-video-preview:-1"},"canonical":"https:\/\/www.hantulantaimi.fi\/?product=rubux-binatus-heisa-mesivadelma","og_locale":"fi_FI","og_type":"article","og_title":"RUBUS\u00d7 BINATUS 'HEISA' -Mesivadelma -","og_description":"Astiataimi C2 Hapahkot, keskikokoiset, kekomaiset marjat, joissa on t\u00e4ysin kypsin\u00e4 aurinkoisella s\u00e4\u00e4ll\u00e4 havaittavissa liev\u00e4 mesimarjan aromi. Marja pysyy hyvin koossa. Kasvutavaltaan 'Heisa' muistuttaa tavallista vadelmaa. Versot ovat pystyt ja tanakat, sivuversot lyhyit\u00e4. L\u00e4hes parimetrisi\u00e4 versoja muodostuu kohtuullisesti ja niiss\u00e4 on kovia, kolmiomaisia piikkej\u00e4. Satoisuudeltaan 'Heisa' on 'Ottawan' kanssa samaa luokkaa, joinakin vuosina jopa sit\u00e4 parempi. Sato alkaa varhain ja satokausi on tavallista vadelmaa selv\u00e4sti lyhyempi - l\u00e4hes koko sato voidaan poimia parissa viikossa. Talvenkest\u00e4vyys on varsin hyv\u00e4. Taimiv\u00e4li: 40-60 cm Riviv\u00e4li: 2,5 m Kasvupaikka: l\u00e4mmin ja aurinkoinen paikka, runsasmultainen, tuore, kuohkea ja hyvin kalkittu maa, kohopenkki tai viett\u00e4v\u00e4 rinne on eduksi  Vy\u00f6hyke: IV","og_url":"https:\/\/www.hantulantaimi.fi\/?product=rubux-binatus-heisa-mesivadelma","article_modified_time":"2023-01-25T10:57:52+00:00","og_image":[{"width":540,"height":960,"url":"https:\/\/www.hantulantaimi.fi\/wp-content\/uploads\/2019\/03\/heisa-copy.jpg","type":"image\/jpeg"}],"twitter_card":"summary_large_image","schema":{"@context":"https:\/\/schema.org","@graph":[{"@type":"WebPage","@id":"https:\/\/www.hantulantaimi.fi\/?product=rubux-binatus-heisa-mesivadelma","url":"https:\/\/www.hantulantaimi.fi\/?product=rubux-binatus-heisa-mesivadelma","name":"RUBUS\u00d7 BINATUS 'HEISA' -Mesivadelma -","isPartOf":{"@id":"https:\/\/www.hantulantaimi.fi\/#website"},"primaryImageOfPage":{"@id":"https:\/\/www.hantulantaimi.fi\/?product=rubux-binatus-heisa-mesivadelma#primaryimage"},"image":{"@id":"https:\/\/www.hantulantaimi.fi\/?product=rubux-binatus-heisa-mesivadelma#primaryimage"},"thumbnailUrl":"https:\/\/www.hantulantaimi.fi\/wp-content\/uploads\/2019\/03\/heisa-copy.jpg","datePublished":"2019-03-26T06:00:44+00:00","dateModified":"2023-01-25T10:57:52+00:00","breadcrumb":{"@id":"https:\/\/www.hantulantaimi.fi\/?product=rubux-binatus-heisa-mesivadelma#breadcrumb"},"inLanguage":"fi","potentialAction":[{"@type":"ReadAction","target":["https:\/\/www.hantulantaimi.fi\/?product=rubux-binatus-heisa-mesivadelma"]}]},{"@type":"ImageObject","inLanguage":"fi","@id":"https:\/\/www.hantulantaimi.fi\/?product=rubux-binatus-heisa-mesivadelma#primaryimage","url":"https:\/\/www.hantulantaimi.fi\/wp-content\/uploads\/2019\/03\/heisa-copy.jpg","contentUrl":"https:\/\/www.hantulantaimi.fi\/wp-content\/uploads\/2019\/03\/heisa-copy.jpg","width":540,"height":960},{"@type":"BreadcrumbList","@id":"https:\/\/www.hantulantaimi.fi\/?product=rubux-binatus-heisa-mesivadelma#breadcrumb","itemListElement":[{"@type":"ListItem","position":1,"name":"Home","item":"https:\/\/www.hantulantaimi.fi\/"},{"@type":"ListItem","position":2,"name":"Valikoima","item":"https:\/\/www.hantulantaimi.fi\/?page_id=768"},{"@type":"ListItem","position":3,"name":"RUBUS\u00d7 BINATUS &#8217;HEISA&#8217; -Mesivadelma"}]},{"@type":"WebSite","@id":"https:\/\/www.hantulantaimi.fi\/#website","url":"https:\/\/www.hantulantaimi.fi\/","name":"","description":"","potentialAction":[{"@type":"SearchAction","target":{"@type":"EntryPoint","urlTemplate":"https:\/\/www.hantulantaimi.fi\/?s={search_term_string}"},"query-input":{"@type":"PropertyValueSpecification","valueRequired":true,"valueName":"search_term_string"}}],"inLanguage":"fi"}]}},"_links":{"self":[{"href":"https:\/\/www.hantulantaimi.fi\/index.php?rest_route=\/wp\/v2\/product\/2957","targetHints":{"allow":["GET"]}}],"collection":[{"href":"https:\/\/www.hantulantaimi.fi\/index.php?rest_route=\/wp\/v2\/product"}],"about":[{"href":"https:\/\/www.hantulantaimi.fi\/index.php?rest_route=\/wp\/v2\/types\/product"}],"version-history":[{"count":1,"href":"https:\/\/www.hantulantaimi.fi\/index.php?rest_route=\/wp\/v2\/product\/2957\/revisions"}],"predecessor-version":[{"id":7041,"href":"https:\/\/www.hantulantaimi.fi\/index.php?rest_route=\/wp\/v2\/product\/2957\/revisions\/7041"}],"wp:featuredmedia":[{"embeddable":true,"href":"https:\/\/www.hantulantaimi.fi\/index.php?rest_route=\/wp\/v2\/media\/2958"}],"wp:attachment":[{"href":"https:\/\/www.hantulantaimi.fi\/index.php?rest_route=%2Fwp%2Fv2%2Fmedia&parent=2957"}],"wp:term":[{"taxonomy":"product_brand","embeddable":true,"href":"https:\/\/www.hantulantaimi.fi\/index.php?rest_route=%2Fwp%2Fv2%2Fproduct_brand&post=2957"},{"taxonomy":"product_cat","embeddable":true,"href":"https:\/\/www.hantulantaimi.fi\/index.php?rest_route=%2Fwp%2Fv2%2Fproduct_cat&post=2957"},{"taxonomy":"product_tag","embeddable":true,"href":"https:\/\/www.hantulantaimi.fi\/index.php?rest_route=%2Fwp%2Fv2%2Fproduct_tag&post=2957"}],"curies":[{"name":"wp","href":"https:\/\/api.w.org\/{rel}","templated":true}]}}