{"id":2783,"date":"2019-03-22T13:16:09","date_gmt":"2019-03-22T11:16:09","guid":{"rendered":"https:\/\/www.hantulantaimi.fi\/?post_type=product&#038;p=2783"},"modified":"2026-01-12T16:58:31","modified_gmt":"2026-01-12T14:58:31","slug":"rosa-theresa-bugnet-teresanruusu","status":"publish","type":"product","link":"https:\/\/www.hantulantaimi.fi\/?product=rosa-theresa-bugnet-teresanruusu","title":{"rendered":"ROSA &#8217;THERESE BUGNET&#8217;  -Teresanruusu"},"content":{"rendered":"","protected":false},"excerpt":{"rendered":"<p>Astiataimi C3<br \/>\nTihe\u00e4 ja leve\u00e4 pensas, hento-oksainen ja miellytt\u00e4v\u00e4n v\u00e4h\u00e4piikkinen, nuoret voimakkaan punaiset oksat koristeelliset my\u00f6s talvella, kiulukoita ei kehity.<br \/>\nKukinta: kukkii runsaasti kes\u00e4kuun lopulta hein\u00e4kuun puoliv\u00e4liin, sitten harvakseltaan loppukes\u00e4n, kukat vaaleanpunaiset kerrotut<br \/>\nKorkeus: 1,5-2m<br \/>\nLeveys: 1-1,5m<br \/>\nTaimiv\u00e4li: 0,8m<br \/>\nKasvupaikka: kukkii runsaimmin auringossa, mutta puolivarjossa kukinta kest\u00e4\u00e4 kauemmin, maa kuiva tai tuore, l\u00e4p\u00e4isev\u00e4, keskiravinteinen, siet\u00e4\u00e4 hyvin paahdetta ja kuivuutta<br \/>\nVy\u00f6hyke: V<\/p>\n","protected":false},"featured_media":2784,"template":"","meta":{"site-sidebar-layout":"default","site-content-layout":"default","ast-site-content-layout":"default","site-content-style":"default","site-sidebar-style":"default","ast-global-header-display":"","ast-banner-title-visibility":"","ast-main-header-display":"","ast-hfb-above-header-display":"","ast-hfb-below-header-display":"","ast-hfb-mobile-header-display":"","site-post-title":"","ast-breadcrumbs-content":"","ast-featured-img":"","footer-sml-layout":"","theme-transparent-header-meta":"default","adv-header-id-meta":"","stick-header-meta":"","header-above-stick-meta":"","header-main-stick-meta":"","header-below-stick-meta":"","astra-migrate-meta-layouts":"default","ast-page-background-enabled":"default","ast-page-background-meta":{"desktop":{"background-color":"","background-image":"","background-repeat":"repeat","background-position":"center center","background-size":"auto","background-attachment":"scroll","background-type":"","background-media":"","overlay-type":"","overlay-color":"","overlay-opacity":"","overlay-gradient":""},"tablet":{"background-color":"","background-image":"","background-repeat":"repeat","background-position":"center center","background-size":"auto","background-attachment":"scroll","background-type":"","background-media":"","overlay-type":"","overlay-color":"","overlay-opacity":"","overlay-gradient":""},"mobile":{"background-color":"","background-image":"","background-repeat":"repeat","background-position":"center center","background-size":"auto","background-attachment":"scroll","background-type":"","background-media":"","overlay-type":"","overlay-color":"","overlay-opacity":"","overlay-gradient":""}},"ast-content-background-meta":{"desktop":{"background-color":"var(--ast-global-color-5)","background-image":"","background-repeat":"repeat","background-position":"center center","background-size":"auto","background-attachment":"scroll","background-type":"","background-media":"","overlay-type":"","overlay-color":"","overlay-opacity":"","overlay-gradient":""},"tablet":{"background-color":"var(--ast-global-color-5)","background-image":"","background-repeat":"repeat","background-position":"center center","background-size":"auto","background-attachment":"scroll","background-type":"","background-media":"","overlay-type":"","overlay-color":"","overlay-opacity":"","overlay-gradient":""},"mobile":{"background-color":"var(--ast-global-color-5)","background-image":"","background-repeat":"repeat","background-position":"center center","background-size":"auto","background-attachment":"scroll","background-type":"","background-media":"","overlay-type":"","overlay-color":"","overlay-opacity":"","overlay-gradient":""}}},"product_brand":[],"product_cat":[58],"product_tag":[],"class_list":{"0":"post-2783","1":"product","2":"type-product","3":"status-publish","4":"has-post-thumbnail","6":"product_cat-ruusut","7":"desktop-align-left","8":"tablet-align-left","9":"mobile-align-left","11":"first","12":"instock","13":"shipping-taxable","14":"purchasable","15":"product-type-simple"},"yoast_head":"<!-- This site is optimized with the Yoast SEO plugin v26.9 - https:\/\/yoast.com\/product\/yoast-seo-wordpress\/ -->\n<title>ROSA &#039;THERESE BUGNET&#039; -Teresanruusu -<\/title>\n<meta name=\"robots\" content=\"index, follow, max-snippet:-1, max-image-preview:large, max-video-preview:-1\" \/>\n<link rel=\"canonical\" href=\"https:\/\/www.hantulantaimi.fi\/?product=rosa-theresa-bugnet-teresanruusu\" \/>\n<meta property=\"og:locale\" content=\"fi_FI\" \/>\n<meta property=\"og:type\" content=\"article\" \/>\n<meta property=\"og:title\" content=\"ROSA &#039;THERESE BUGNET&#039; -Teresanruusu -\" \/>\n<meta property=\"og:description\" content=\"Astiataimi C3 Tihe\u00e4 ja leve\u00e4 pensas, hento-oksainen ja miellytt\u00e4v\u00e4n v\u00e4h\u00e4piikkinen, nuoret voimakkaan punaiset oksat koristeelliset my\u00f6s talvella, kiulukoita ei kehity. Kukinta: kukkii runsaasti kes\u00e4kuun lopulta hein\u00e4kuun puoliv\u00e4liin, sitten harvakseltaan loppukes\u00e4n, kukat vaaleanpunaiset kerrotut  Korkeus: 1,5-2m Leveys: 1-1,5m Taimiv\u00e4li: 0,8m Kasvupaikka: kukkii runsaimmin auringossa, mutta puolivarjossa kukinta kest\u00e4\u00e4 kauemmin, maa kuiva tai tuore, l\u00e4p\u00e4isev\u00e4, keskiravinteinen, siet\u00e4\u00e4 hyvin paahdetta ja kuivuutta Vy\u00f6hyke: V\" \/>\n<meta property=\"og:url\" content=\"https:\/\/www.hantulantaimi.fi\/?product=rosa-theresa-bugnet-teresanruusu\" \/>\n<meta property=\"article:modified_time\" content=\"2026-01-12T14:58:31+00:00\" \/>\n<meta property=\"og:image\" content=\"https:\/\/www.hantulantaimi.fi\/wp-content\/uploads\/2019\/03\/Rosa-Therese-Bugnet-copy.jpg\" \/>\n\t<meta property=\"og:image:width\" content=\"827\" \/>\n\t<meta property=\"og:image:height\" content=\"640\" \/>\n\t<meta property=\"og:image:type\" content=\"image\/jpeg\" \/>\n<meta name=\"twitter:card\" content=\"summary_large_image\" \/>\n<script type=\"application\/ld+json\" class=\"yoast-schema-graph\">{\"@context\":\"https:\/\/schema.org\",\"@graph\":[{\"@type\":\"WebPage\",\"@id\":\"https:\/\/www.hantulantaimi.fi\/?product=rosa-theresa-bugnet-teresanruusu\",\"url\":\"https:\/\/www.hantulantaimi.fi\/?product=rosa-theresa-bugnet-teresanruusu\",\"name\":\"ROSA 'THERESE BUGNET' -Teresanruusu -\",\"isPartOf\":{\"@id\":\"https:\/\/www.hantulantaimi.fi\/#website\"},\"primaryImageOfPage\":{\"@id\":\"https:\/\/www.hantulantaimi.fi\/?product=rosa-theresa-bugnet-teresanruusu#primaryimage\"},\"image\":{\"@id\":\"https:\/\/www.hantulantaimi.fi\/?product=rosa-theresa-bugnet-teresanruusu#primaryimage\"},\"thumbnailUrl\":\"https:\/\/www.hantulantaimi.fi\/wp-content\/uploads\/2019\/03\/Rosa-Therese-Bugnet-copy.jpg\",\"datePublished\":\"2019-03-22T11:16:09+00:00\",\"dateModified\":\"2026-01-12T14:58:31+00:00\",\"breadcrumb\":{\"@id\":\"https:\/\/www.hantulantaimi.fi\/?product=rosa-theresa-bugnet-teresanruusu#breadcrumb\"},\"inLanguage\":\"fi\",\"potentialAction\":[{\"@type\":\"ReadAction\",\"target\":[\"https:\/\/www.hantulantaimi.fi\/?product=rosa-theresa-bugnet-teresanruusu\"]}]},{\"@type\":\"ImageObject\",\"inLanguage\":\"fi\",\"@id\":\"https:\/\/www.hantulantaimi.fi\/?product=rosa-theresa-bugnet-teresanruusu#primaryimage\",\"url\":\"https:\/\/www.hantulantaimi.fi\/wp-content\/uploads\/2019\/03\/Rosa-Therese-Bugnet-copy.jpg\",\"contentUrl\":\"https:\/\/www.hantulantaimi.fi\/wp-content\/uploads\/2019\/03\/Rosa-Therese-Bugnet-copy.jpg\",\"width\":827,\"height\":640},{\"@type\":\"BreadcrumbList\",\"@id\":\"https:\/\/www.hantulantaimi.fi\/?product=rosa-theresa-bugnet-teresanruusu#breadcrumb\",\"itemListElement\":[{\"@type\":\"ListItem\",\"position\":1,\"name\":\"Home\",\"item\":\"https:\/\/www.hantulantaimi.fi\/\"},{\"@type\":\"ListItem\",\"position\":2,\"name\":\"Valikoima\",\"item\":\"https:\/\/www.hantulantaimi.fi\/?page_id=768\"},{\"@type\":\"ListItem\",\"position\":3,\"name\":\"ROSA &#8217;THERESE BUGNET&#8217; -Teresanruusu\"}]},{\"@type\":\"WebSite\",\"@id\":\"https:\/\/www.hantulantaimi.fi\/#website\",\"url\":\"https:\/\/www.hantulantaimi.fi\/\",\"name\":\"\",\"description\":\"\",\"potentialAction\":[{\"@type\":\"SearchAction\",\"target\":{\"@type\":\"EntryPoint\",\"urlTemplate\":\"https:\/\/www.hantulantaimi.fi\/?s={search_term_string}\"},\"query-input\":{\"@type\":\"PropertyValueSpecification\",\"valueRequired\":true,\"valueName\":\"search_term_string\"}}],\"inLanguage\":\"fi\"}]}<\/script>\n<!-- \/ Yoast SEO plugin. -->","yoast_head_json":{"title":"ROSA 'THERESE BUGNET' -Teresanruusu -","robots":{"index":"index","follow":"follow","max-snippet":"max-snippet:-1","max-image-preview":"max-image-preview:large","max-video-preview":"max-video-preview:-1"},"canonical":"https:\/\/www.hantulantaimi.fi\/?product=rosa-theresa-bugnet-teresanruusu","og_locale":"fi_FI","og_type":"article","og_title":"ROSA 'THERESE BUGNET' -Teresanruusu -","og_description":"Astiataimi C3 Tihe\u00e4 ja leve\u00e4 pensas, hento-oksainen ja miellytt\u00e4v\u00e4n v\u00e4h\u00e4piikkinen, nuoret voimakkaan punaiset oksat koristeelliset my\u00f6s talvella, kiulukoita ei kehity. Kukinta: kukkii runsaasti kes\u00e4kuun lopulta hein\u00e4kuun puoliv\u00e4liin, sitten harvakseltaan loppukes\u00e4n, kukat vaaleanpunaiset kerrotut  Korkeus: 1,5-2m Leveys: 1-1,5m Taimiv\u00e4li: 0,8m Kasvupaikka: kukkii runsaimmin auringossa, mutta puolivarjossa kukinta kest\u00e4\u00e4 kauemmin, maa kuiva tai tuore, l\u00e4p\u00e4isev\u00e4, keskiravinteinen, siet\u00e4\u00e4 hyvin paahdetta ja kuivuutta Vy\u00f6hyke: V","og_url":"https:\/\/www.hantulantaimi.fi\/?product=rosa-theresa-bugnet-teresanruusu","article_modified_time":"2026-01-12T14:58:31+00:00","og_image":[{"width":827,"height":640,"url":"https:\/\/www.hantulantaimi.fi\/wp-content\/uploads\/2019\/03\/Rosa-Therese-Bugnet-copy.jpg","type":"image\/jpeg"}],"twitter_card":"summary_large_image","schema":{"@context":"https:\/\/schema.org","@graph":[{"@type":"WebPage","@id":"https:\/\/www.hantulantaimi.fi\/?product=rosa-theresa-bugnet-teresanruusu","url":"https:\/\/www.hantulantaimi.fi\/?product=rosa-theresa-bugnet-teresanruusu","name":"ROSA 'THERESE BUGNET' -Teresanruusu -","isPartOf":{"@id":"https:\/\/www.hantulantaimi.fi\/#website"},"primaryImageOfPage":{"@id":"https:\/\/www.hantulantaimi.fi\/?product=rosa-theresa-bugnet-teresanruusu#primaryimage"},"image":{"@id":"https:\/\/www.hantulantaimi.fi\/?product=rosa-theresa-bugnet-teresanruusu#primaryimage"},"thumbnailUrl":"https:\/\/www.hantulantaimi.fi\/wp-content\/uploads\/2019\/03\/Rosa-Therese-Bugnet-copy.jpg","datePublished":"2019-03-22T11:16:09+00:00","dateModified":"2026-01-12T14:58:31+00:00","breadcrumb":{"@id":"https:\/\/www.hantulantaimi.fi\/?product=rosa-theresa-bugnet-teresanruusu#breadcrumb"},"inLanguage":"fi","potentialAction":[{"@type":"ReadAction","target":["https:\/\/www.hantulantaimi.fi\/?product=rosa-theresa-bugnet-teresanruusu"]}]},{"@type":"ImageObject","inLanguage":"fi","@id":"https:\/\/www.hantulantaimi.fi\/?product=rosa-theresa-bugnet-teresanruusu#primaryimage","url":"https:\/\/www.hantulantaimi.fi\/wp-content\/uploads\/2019\/03\/Rosa-Therese-Bugnet-copy.jpg","contentUrl":"https:\/\/www.hantulantaimi.fi\/wp-content\/uploads\/2019\/03\/Rosa-Therese-Bugnet-copy.jpg","width":827,"height":640},{"@type":"BreadcrumbList","@id":"https:\/\/www.hantulantaimi.fi\/?product=rosa-theresa-bugnet-teresanruusu#breadcrumb","itemListElement":[{"@type":"ListItem","position":1,"name":"Home","item":"https:\/\/www.hantulantaimi.fi\/"},{"@type":"ListItem","position":2,"name":"Valikoima","item":"https:\/\/www.hantulantaimi.fi\/?page_id=768"},{"@type":"ListItem","position":3,"name":"ROSA &#8217;THERESE BUGNET&#8217; -Teresanruusu"}]},{"@type":"WebSite","@id":"https:\/\/www.hantulantaimi.fi\/#website","url":"https:\/\/www.hantulantaimi.fi\/","name":"","description":"","potentialAction":[{"@type":"SearchAction","target":{"@type":"EntryPoint","urlTemplate":"https:\/\/www.hantulantaimi.fi\/?s={search_term_string}"},"query-input":{"@type":"PropertyValueSpecification","valueRequired":true,"valueName":"search_term_string"}}],"inLanguage":"fi"}]}},"_links":{"self":[{"href":"https:\/\/www.hantulantaimi.fi\/index.php?rest_route=\/wp\/v2\/product\/2783","targetHints":{"allow":["GET"]}}],"collection":[{"href":"https:\/\/www.hantulantaimi.fi\/index.php?rest_route=\/wp\/v2\/product"}],"about":[{"href":"https:\/\/www.hantulantaimi.fi\/index.php?rest_route=\/wp\/v2\/types\/product"}],"version-history":[{"count":4,"href":"https:\/\/www.hantulantaimi.fi\/index.php?rest_route=\/wp\/v2\/product\/2783\/revisions"}],"predecessor-version":[{"id":8271,"href":"https:\/\/www.hantulantaimi.fi\/index.php?rest_route=\/wp\/v2\/product\/2783\/revisions\/8271"}],"wp:featuredmedia":[{"embeddable":true,"href":"https:\/\/www.hantulantaimi.fi\/index.php?rest_route=\/wp\/v2\/media\/2784"}],"wp:attachment":[{"href":"https:\/\/www.hantulantaimi.fi\/index.php?rest_route=%2Fwp%2Fv2%2Fmedia&parent=2783"}],"wp:term":[{"taxonomy":"product_brand","embeddable":true,"href":"https:\/\/www.hantulantaimi.fi\/index.php?rest_route=%2Fwp%2Fv2%2Fproduct_brand&post=2783"},{"taxonomy":"product_cat","embeddable":true,"href":"https:\/\/www.hantulantaimi.fi\/index.php?rest_route=%2Fwp%2Fv2%2Fproduct_cat&post=2783"},{"taxonomy":"product_tag","embeddable":true,"href":"https:\/\/www.hantulantaimi.fi\/index.php?rest_route=%2Fwp%2Fv2%2Fproduct_tag&post=2783"}],"curies":[{"name":"wp","href":"https:\/\/api.w.org\/{rel}","templated":true}]}}