{"id":2757,"date":"2019-03-22T12:44:17","date_gmt":"2019-03-22T10:44:17","guid":{"rendered":"https:\/\/www.hantulantaimi.fi\/?post_type=product&#038;p=2757"},"modified":"2026-01-12T16:26:43","modified_gmt":"2026-01-12T14:26:43","slug":"parthenocissus-inserta-saleikkovilliviini","status":"publish","type":"product","link":"https:\/\/www.hantulantaimi.fi\/?product=parthenocissus-inserta-saleikkovilliviini","title":{"rendered":"PARTHENOCISSUS INSERTA  -S\u00e4leikk\u00f6villiviini"},"content":{"rendered":"","protected":false},"excerpt":{"rendered":"<p>Astiataimi C2<br \/>\nTaimen saattaa joutua sitoman tukeen, sill\u00e4 sen k\u00e4rhiss\u00e4 ei ole tarttumalevy\u00e4, lehdet puhkeavat rentoihin versoihin my\u00f6h\u00e4\u00e4n kev\u00e4\u00e4ll\u00e4, syksyll\u00e4 melko aikaisin ne saavat loistavan punaisen syysv\u00e4rityksen, kasvaa melko voimakkaasti eik\u00e4 pahastu vaikkapa humalan tai laikkuk\u00f6ynn\u00f6ksen seurasta. Peitt\u00e4\u00e4 tehokkaasti sein\u00e4n tai maanpinnan.<br \/>\nKukinta: vihre\u00e4t vaatimattomat pienet kukat<br \/>\nKasvupaikka: tarvitsee nuorena runsaasti vett\u00e4 sek\u00e4 kohtalaisesti ravinteita ja valoa, mutta juurinston vanhemmiten levitt\u00e4ytyess\u00e4 syvemm\u00e4lle maahan, p\u00e4rj\u00e4\u00e4 r\u00e4yst\u00e4\u00e4nkin alla ilman kastelua<br \/>\nKorkeus: 8-10m.<br \/>\nVy\u00f6hyke: V<\/p>\n","protected":false},"featured_media":2758,"template":"","meta":{"site-sidebar-layout":"default","site-content-layout":"default","ast-site-content-layout":"default","site-content-style":"default","site-sidebar-style":"default","ast-global-header-display":"","ast-banner-title-visibility":"","ast-main-header-display":"","ast-hfb-above-header-display":"","ast-hfb-below-header-display":"","ast-hfb-mobile-header-display":"","site-post-title":"","ast-breadcrumbs-content":"","ast-featured-img":"","footer-sml-layout":"","theme-transparent-header-meta":"default","adv-header-id-meta":"","stick-header-meta":"","header-above-stick-meta":"","header-main-stick-meta":"","header-below-stick-meta":"","astra-migrate-meta-layouts":"default","ast-page-background-enabled":"default","ast-page-background-meta":{"desktop":{"background-color":"","background-image":"","background-repeat":"repeat","background-position":"center center","background-size":"auto","background-attachment":"scroll","background-type":"","background-media":"","overlay-type":"","overlay-color":"","overlay-opacity":"","overlay-gradient":""},"tablet":{"background-color":"","background-image":"","background-repeat":"repeat","background-position":"center center","background-size":"auto","background-attachment":"scroll","background-type":"","background-media":"","overlay-type":"","overlay-color":"","overlay-opacity":"","overlay-gradient":""},"mobile":{"background-color":"","background-image":"","background-repeat":"repeat","background-position":"center center","background-size":"auto","background-attachment":"scroll","background-type":"","background-media":"","overlay-type":"","overlay-color":"","overlay-opacity":"","overlay-gradient":""}},"ast-content-background-meta":{"desktop":{"background-color":"var(--ast-global-color-5)","background-image":"","background-repeat":"repeat","background-position":"center center","background-size":"auto","background-attachment":"scroll","background-type":"","background-media":"","overlay-type":"","overlay-color":"","overlay-opacity":"","overlay-gradient":""},"tablet":{"background-color":"var(--ast-global-color-5)","background-image":"","background-repeat":"repeat","background-position":"center center","background-size":"auto","background-attachment":"scroll","background-type":"","background-media":"","overlay-type":"","overlay-color":"","overlay-opacity":"","overlay-gradient":""},"mobile":{"background-color":"var(--ast-global-color-5)","background-image":"","background-repeat":"repeat","background-position":"center center","background-size":"auto","background-attachment":"scroll","background-type":"","background-media":"","overlay-type":"","overlay-color":"","overlay-opacity":"","overlay-gradient":""}}},"product_brand":[],"product_cat":[56],"product_tag":[],"class_list":{"0":"post-2757","1":"product","2":"type-product","3":"status-publish","4":"has-post-thumbnail","6":"product_cat-koynnokset","7":"desktop-align-left","8":"tablet-align-left","9":"mobile-align-left","11":"first","12":"instock","13":"shipping-taxable","14":"purchasable","15":"product-type-simple"},"yoast_head":"<!-- This site is optimized with the Yoast SEO plugin v26.9 - https:\/\/yoast.com\/product\/yoast-seo-wordpress\/ -->\n<title>PARTHENOCISSUS INSERTA -S\u00e4leikk\u00f6villiviini -<\/title>\n<meta name=\"robots\" content=\"index, follow, max-snippet:-1, max-image-preview:large, max-video-preview:-1\" \/>\n<link rel=\"canonical\" href=\"https:\/\/www.hantulantaimi.fi\/?product=parthenocissus-inserta-saleikkovilliviini\" \/>\n<meta property=\"og:locale\" content=\"fi_FI\" \/>\n<meta property=\"og:type\" content=\"article\" \/>\n<meta property=\"og:title\" content=\"PARTHENOCISSUS INSERTA -S\u00e4leikk\u00f6villiviini -\" \/>\n<meta property=\"og:description\" content=\"Astiataimi C2 Taimen saattaa joutua sitoman tukeen, sill\u00e4 sen k\u00e4rhiss\u00e4 ei ole tarttumalevy\u00e4, lehdet puhkeavat rentoihin versoihin my\u00f6h\u00e4\u00e4n kev\u00e4\u00e4ll\u00e4, syksyll\u00e4 melko aikaisin ne saavat loistavan punaisen syysv\u00e4rityksen, kasvaa melko voimakkaasti eik\u00e4 pahastu vaikkapa humalan tai laikkuk\u00f6ynn\u00f6ksen seurasta. Peitt\u00e4\u00e4 tehokkaasti sein\u00e4n tai maanpinnan. Kukinta: vihre\u00e4t vaatimattomat pienet kukat Kasvupaikka: tarvitsee nuorena runsaasti vett\u00e4 sek\u00e4 kohtalaisesti ravinteita ja valoa, mutta juurinston vanhemmiten levitt\u00e4ytyess\u00e4 syvemm\u00e4lle maahan, p\u00e4rj\u00e4\u00e4 r\u00e4yst\u00e4\u00e4nkin alla ilman kastelua Korkeus: 8-10m.  Vy\u00f6hyke: V\" \/>\n<meta property=\"og:url\" content=\"https:\/\/www.hantulantaimi.fi\/?product=parthenocissus-inserta-saleikkovilliviini\" \/>\n<meta property=\"article:modified_time\" content=\"2026-01-12T14:26:43+00:00\" \/>\n<meta property=\"og:image\" content=\"https:\/\/www.hantulantaimi.fi\/wp-content\/uploads\/2019\/03\/villiviini.jpg\" \/>\n\t<meta property=\"og:image:width\" content=\"1600\" \/>\n\t<meta property=\"og:image:height\" content=\"1200\" \/>\n\t<meta property=\"og:image:type\" content=\"image\/jpeg\" \/>\n<meta name=\"twitter:card\" content=\"summary_large_image\" \/>\n<script type=\"application\/ld+json\" class=\"yoast-schema-graph\">{\"@context\":\"https:\/\/schema.org\",\"@graph\":[{\"@type\":\"WebPage\",\"@id\":\"https:\/\/www.hantulantaimi.fi\/?product=parthenocissus-inserta-saleikkovilliviini\",\"url\":\"https:\/\/www.hantulantaimi.fi\/?product=parthenocissus-inserta-saleikkovilliviini\",\"name\":\"PARTHENOCISSUS INSERTA -S\u00e4leikk\u00f6villiviini -\",\"isPartOf\":{\"@id\":\"https:\/\/www.hantulantaimi.fi\/#website\"},\"primaryImageOfPage\":{\"@id\":\"https:\/\/www.hantulantaimi.fi\/?product=parthenocissus-inserta-saleikkovilliviini#primaryimage\"},\"image\":{\"@id\":\"https:\/\/www.hantulantaimi.fi\/?product=parthenocissus-inserta-saleikkovilliviini#primaryimage\"},\"thumbnailUrl\":\"https:\/\/www.hantulantaimi.fi\/wp-content\/uploads\/2019\/03\/villiviini.jpg\",\"datePublished\":\"2019-03-22T10:44:17+00:00\",\"dateModified\":\"2026-01-12T14:26:43+00:00\",\"breadcrumb\":{\"@id\":\"https:\/\/www.hantulantaimi.fi\/?product=parthenocissus-inserta-saleikkovilliviini#breadcrumb\"},\"inLanguage\":\"fi\",\"potentialAction\":[{\"@type\":\"ReadAction\",\"target\":[\"https:\/\/www.hantulantaimi.fi\/?product=parthenocissus-inserta-saleikkovilliviini\"]}]},{\"@type\":\"ImageObject\",\"inLanguage\":\"fi\",\"@id\":\"https:\/\/www.hantulantaimi.fi\/?product=parthenocissus-inserta-saleikkovilliviini#primaryimage\",\"url\":\"https:\/\/www.hantulantaimi.fi\/wp-content\/uploads\/2019\/03\/villiviini.jpg\",\"contentUrl\":\"https:\/\/www.hantulantaimi.fi\/wp-content\/uploads\/2019\/03\/villiviini.jpg\",\"width\":1600,\"height\":1200},{\"@type\":\"BreadcrumbList\",\"@id\":\"https:\/\/www.hantulantaimi.fi\/?product=parthenocissus-inserta-saleikkovilliviini#breadcrumb\",\"itemListElement\":[{\"@type\":\"ListItem\",\"position\":1,\"name\":\"Home\",\"item\":\"https:\/\/www.hantulantaimi.fi\/\"},{\"@type\":\"ListItem\",\"position\":2,\"name\":\"Valikoima\",\"item\":\"https:\/\/www.hantulantaimi.fi\/?page_id=768\"},{\"@type\":\"ListItem\",\"position\":3,\"name\":\"PARTHENOCISSUS INSERTA -S\u00e4leikk\u00f6villiviini\"}]},{\"@type\":\"WebSite\",\"@id\":\"https:\/\/www.hantulantaimi.fi\/#website\",\"url\":\"https:\/\/www.hantulantaimi.fi\/\",\"name\":\"\",\"description\":\"\",\"potentialAction\":[{\"@type\":\"SearchAction\",\"target\":{\"@type\":\"EntryPoint\",\"urlTemplate\":\"https:\/\/www.hantulantaimi.fi\/?s={search_term_string}\"},\"query-input\":{\"@type\":\"PropertyValueSpecification\",\"valueRequired\":true,\"valueName\":\"search_term_string\"}}],\"inLanguage\":\"fi\"}]}<\/script>\n<!-- \/ Yoast SEO plugin. -->","yoast_head_json":{"title":"PARTHENOCISSUS INSERTA -S\u00e4leikk\u00f6villiviini -","robots":{"index":"index","follow":"follow","max-snippet":"max-snippet:-1","max-image-preview":"max-image-preview:large","max-video-preview":"max-video-preview:-1"},"canonical":"https:\/\/www.hantulantaimi.fi\/?product=parthenocissus-inserta-saleikkovilliviini","og_locale":"fi_FI","og_type":"article","og_title":"PARTHENOCISSUS INSERTA -S\u00e4leikk\u00f6villiviini -","og_description":"Astiataimi C2 Taimen saattaa joutua sitoman tukeen, sill\u00e4 sen k\u00e4rhiss\u00e4 ei ole tarttumalevy\u00e4, lehdet puhkeavat rentoihin versoihin my\u00f6h\u00e4\u00e4n kev\u00e4\u00e4ll\u00e4, syksyll\u00e4 melko aikaisin ne saavat loistavan punaisen syysv\u00e4rityksen, kasvaa melko voimakkaasti eik\u00e4 pahastu vaikkapa humalan tai laikkuk\u00f6ynn\u00f6ksen seurasta. Peitt\u00e4\u00e4 tehokkaasti sein\u00e4n tai maanpinnan. Kukinta: vihre\u00e4t vaatimattomat pienet kukat Kasvupaikka: tarvitsee nuorena runsaasti vett\u00e4 sek\u00e4 kohtalaisesti ravinteita ja valoa, mutta juurinston vanhemmiten levitt\u00e4ytyess\u00e4 syvemm\u00e4lle maahan, p\u00e4rj\u00e4\u00e4 r\u00e4yst\u00e4\u00e4nkin alla ilman kastelua Korkeus: 8-10m.  Vy\u00f6hyke: V","og_url":"https:\/\/www.hantulantaimi.fi\/?product=parthenocissus-inserta-saleikkovilliviini","article_modified_time":"2026-01-12T14:26:43+00:00","og_image":[{"width":1600,"height":1200,"url":"https:\/\/www.hantulantaimi.fi\/wp-content\/uploads\/2019\/03\/villiviini.jpg","type":"image\/jpeg"}],"twitter_card":"summary_large_image","schema":{"@context":"https:\/\/schema.org","@graph":[{"@type":"WebPage","@id":"https:\/\/www.hantulantaimi.fi\/?product=parthenocissus-inserta-saleikkovilliviini","url":"https:\/\/www.hantulantaimi.fi\/?product=parthenocissus-inserta-saleikkovilliviini","name":"PARTHENOCISSUS INSERTA -S\u00e4leikk\u00f6villiviini -","isPartOf":{"@id":"https:\/\/www.hantulantaimi.fi\/#website"},"primaryImageOfPage":{"@id":"https:\/\/www.hantulantaimi.fi\/?product=parthenocissus-inserta-saleikkovilliviini#primaryimage"},"image":{"@id":"https:\/\/www.hantulantaimi.fi\/?product=parthenocissus-inserta-saleikkovilliviini#primaryimage"},"thumbnailUrl":"https:\/\/www.hantulantaimi.fi\/wp-content\/uploads\/2019\/03\/villiviini.jpg","datePublished":"2019-03-22T10:44:17+00:00","dateModified":"2026-01-12T14:26:43+00:00","breadcrumb":{"@id":"https:\/\/www.hantulantaimi.fi\/?product=parthenocissus-inserta-saleikkovilliviini#breadcrumb"},"inLanguage":"fi","potentialAction":[{"@type":"ReadAction","target":["https:\/\/www.hantulantaimi.fi\/?product=parthenocissus-inserta-saleikkovilliviini"]}]},{"@type":"ImageObject","inLanguage":"fi","@id":"https:\/\/www.hantulantaimi.fi\/?product=parthenocissus-inserta-saleikkovilliviini#primaryimage","url":"https:\/\/www.hantulantaimi.fi\/wp-content\/uploads\/2019\/03\/villiviini.jpg","contentUrl":"https:\/\/www.hantulantaimi.fi\/wp-content\/uploads\/2019\/03\/villiviini.jpg","width":1600,"height":1200},{"@type":"BreadcrumbList","@id":"https:\/\/www.hantulantaimi.fi\/?product=parthenocissus-inserta-saleikkovilliviini#breadcrumb","itemListElement":[{"@type":"ListItem","position":1,"name":"Home","item":"https:\/\/www.hantulantaimi.fi\/"},{"@type":"ListItem","position":2,"name":"Valikoima","item":"https:\/\/www.hantulantaimi.fi\/?page_id=768"},{"@type":"ListItem","position":3,"name":"PARTHENOCISSUS INSERTA -S\u00e4leikk\u00f6villiviini"}]},{"@type":"WebSite","@id":"https:\/\/www.hantulantaimi.fi\/#website","url":"https:\/\/www.hantulantaimi.fi\/","name":"","description":"","potentialAction":[{"@type":"SearchAction","target":{"@type":"EntryPoint","urlTemplate":"https:\/\/www.hantulantaimi.fi\/?s={search_term_string}"},"query-input":{"@type":"PropertyValueSpecification","valueRequired":true,"valueName":"search_term_string"}}],"inLanguage":"fi"}]}},"_links":{"self":[{"href":"https:\/\/www.hantulantaimi.fi\/index.php?rest_route=\/wp\/v2\/product\/2757","targetHints":{"allow":["GET"]}}],"collection":[{"href":"https:\/\/www.hantulantaimi.fi\/index.php?rest_route=\/wp\/v2\/product"}],"about":[{"href":"https:\/\/www.hantulantaimi.fi\/index.php?rest_route=\/wp\/v2\/types\/product"}],"version-history":[{"count":9,"href":"https:\/\/www.hantulantaimi.fi\/index.php?rest_route=\/wp\/v2\/product\/2757\/revisions"}],"predecessor-version":[{"id":8260,"href":"https:\/\/www.hantulantaimi.fi\/index.php?rest_route=\/wp\/v2\/product\/2757\/revisions\/8260"}],"wp:featuredmedia":[{"embeddable":true,"href":"https:\/\/www.hantulantaimi.fi\/index.php?rest_route=\/wp\/v2\/media\/2758"}],"wp:attachment":[{"href":"https:\/\/www.hantulantaimi.fi\/index.php?rest_route=%2Fwp%2Fv2%2Fmedia&parent=2757"}],"wp:term":[{"taxonomy":"product_brand","embeddable":true,"href":"https:\/\/www.hantulantaimi.fi\/index.php?rest_route=%2Fwp%2Fv2%2Fproduct_brand&post=2757"},{"taxonomy":"product_cat","embeddable":true,"href":"https:\/\/www.hantulantaimi.fi\/index.php?rest_route=%2Fwp%2Fv2%2Fproduct_cat&post=2757"},{"taxonomy":"product_tag","embeddable":true,"href":"https:\/\/www.hantulantaimi.fi\/index.php?rest_route=%2Fwp%2Fv2%2Fproduct_tag&post=2757"}],"curies":[{"name":"wp","href":"https:\/\/api.w.org\/{rel}","templated":true}]}}