{"id":2742,"date":"2019-03-22T12:30:48","date_gmt":"2019-03-22T10:30:48","guid":{"rendered":"https:\/\/www.hantulantaimi.fi\/?post_type=product&#038;p=2742"},"modified":"2026-01-12T16:40:40","modified_gmt":"2026-01-12T14:40:40","slug":"clematis-patens-ryhma-miss-bateman-jalo-loistokarho","status":"publish","type":"product","link":"https:\/\/www.hantulantaimi.fi\/?product=clematis-patens-ryhma-miss-bateman-jalo-loistokarho","title":{"rendered":"CLEMATIS PATENS-ryhm\u00e4 &#8217;MISS BATEMAN&#8217;  -Jalo\/Loistok\u00e4rh\u00f6"},"content":{"rendered":"","protected":false},"excerpt":{"rendered":"<p>Astiataimi C2\/C3<br \/>\nJalok\u00e4rh\u00f6t vaativat runsaasti valoa sek\u00e4 tuoreen, runsasravinteisen, kalkitun, salaojitetun kasvualustan, tyvell\u00e4 maa tulisi olla kuitenkin hiekkapitoista, mik\u00e4 ehk\u00e4isee versotaudin levi\u00e4mist\u00e4, ei pid\u00e4 kuivuudesta eik\u00e4 m\u00e4rkyydest\u00e4 eik\u00e4 etenk\u00e4\u00e4n j\u00e4\u00e4st\u00e4, juuriston tulisi pysy\u00e4 viile\u00e4n\u00e4, mink\u00e4 vuoksi taimien eteen istutetaan pieni\u00e4 pensaita tai perennoja, paksujuuriset jalok\u00e4rh\u00f6t talvehtivat oikullisesti ja saattavat lev\u00e4t\u00e4 kolmekin vuotta maan alla, mit\u00e4 vanhemmiksi ne tulevat sit\u00e4 paremmin ne alkavat menesty\u00e4, juuripaakku istutetaan 15-20 cm maanpinnan alle, kasvusto leikataan syksyll\u00e4 tai kev\u00e4\u00e4ll\u00e4 15 sentin korkeudelta.<br \/>\nKukinta: suuret (10-15 cm) valkoiset kukat kes\u00e4-elokuussa.<br \/>\nKorkeus: 2-3m<br \/>\nKasvupaikka: aurinko-puolivarjo, tuore, runsasravinteinen<br \/>\nVy\u00f6hyke: IV<\/p>\n","protected":false},"featured_media":2743,"template":"","meta":{"site-sidebar-layout":"default","site-content-layout":"default","ast-site-content-layout":"default","site-content-style":"default","site-sidebar-style":"default","ast-global-header-display":"","ast-banner-title-visibility":"","ast-main-header-display":"","ast-hfb-above-header-display":"","ast-hfb-below-header-display":"","ast-hfb-mobile-header-display":"","site-post-title":"","ast-breadcrumbs-content":"","ast-featured-img":"","footer-sml-layout":"","theme-transparent-header-meta":"default","adv-header-id-meta":"","stick-header-meta":"","header-above-stick-meta":"","header-main-stick-meta":"","header-below-stick-meta":"","astra-migrate-meta-layouts":"default","ast-page-background-enabled":"default","ast-page-background-meta":{"desktop":{"background-color":"","background-image":"","background-repeat":"repeat","background-position":"center center","background-size":"auto","background-attachment":"scroll","background-type":"","background-media":"","overlay-type":"","overlay-color":"","overlay-opacity":"","overlay-gradient":""},"tablet":{"background-color":"","background-image":"","background-repeat":"repeat","background-position":"center center","background-size":"auto","background-attachment":"scroll","background-type":"","background-media":"","overlay-type":"","overlay-color":"","overlay-opacity":"","overlay-gradient":""},"mobile":{"background-color":"","background-image":"","background-repeat":"repeat","background-position":"center center","background-size":"auto","background-attachment":"scroll","background-type":"","background-media":"","overlay-type":"","overlay-color":"","overlay-opacity":"","overlay-gradient":""}},"ast-content-background-meta":{"desktop":{"background-color":"var(--ast-global-color-5)","background-image":"","background-repeat":"repeat","background-position":"center center","background-size":"auto","background-attachment":"scroll","background-type":"","background-media":"","overlay-type":"","overlay-color":"","overlay-opacity":"","overlay-gradient":""},"tablet":{"background-color":"var(--ast-global-color-5)","background-image":"","background-repeat":"repeat","background-position":"center center","background-size":"auto","background-attachment":"scroll","background-type":"","background-media":"","overlay-type":"","overlay-color":"","overlay-opacity":"","overlay-gradient":""},"mobile":{"background-color":"var(--ast-global-color-5)","background-image":"","background-repeat":"repeat","background-position":"center center","background-size":"auto","background-attachment":"scroll","background-type":"","background-media":"","overlay-type":"","overlay-color":"","overlay-opacity":"","overlay-gradient":""}}},"product_brand":[],"product_cat":[56],"product_tag":[74,73],"class_list":{"0":"post-2742","1":"product","2":"type-product","3":"status-publish","4":"has-post-thumbnail","6":"product_cat-koynnokset","7":"product_tag-jalokarho","8":"product_tag-loistokarho","9":"desktop-align-left","10":"tablet-align-left","11":"mobile-align-left","13":"first","14":"instock","15":"shipping-taxable","16":"purchasable","17":"product-type-simple"},"yoast_head":"<!-- This site is optimized with the Yoast SEO plugin v26.9 - https:\/\/yoast.com\/product\/yoast-seo-wordpress\/ -->\n<title>CLEMATIS PATENS-ryhm\u00e4 &#039;MISS BATEMAN&#039; -Jalo\/Loistok\u00e4rh\u00f6 -<\/title>\n<meta name=\"robots\" content=\"index, follow, max-snippet:-1, max-image-preview:large, max-video-preview:-1\" \/>\n<link rel=\"canonical\" href=\"https:\/\/www.hantulantaimi.fi\/?product=clematis-patens-ryhma-miss-bateman-jalo-loistokarho\" \/>\n<meta property=\"og:locale\" content=\"fi_FI\" \/>\n<meta property=\"og:type\" content=\"article\" \/>\n<meta property=\"og:title\" content=\"CLEMATIS PATENS-ryhm\u00e4 &#039;MISS BATEMAN&#039; -Jalo\/Loistok\u00e4rh\u00f6 -\" \/>\n<meta property=\"og:description\" content=\"Astiataimi C2\/C3 Jalok\u00e4rh\u00f6t vaativat runsaasti valoa sek\u00e4 tuoreen, runsasravinteisen, kalkitun, salaojitetun kasvualustan, tyvell\u00e4 maa tulisi olla kuitenkin hiekkapitoista, mik\u00e4 ehk\u00e4isee versotaudin levi\u00e4mist\u00e4, ei pid\u00e4 kuivuudesta eik\u00e4 m\u00e4rkyydest\u00e4 eik\u00e4 etenk\u00e4\u00e4n j\u00e4\u00e4st\u00e4, juuriston tulisi pysy\u00e4 viile\u00e4n\u00e4, mink\u00e4 vuoksi taimien eteen istutetaan pieni\u00e4 pensaita tai perennoja, paksujuuriset jalok\u00e4rh\u00f6t talvehtivat oikullisesti ja saattavat lev\u00e4t\u00e4 kolmekin vuotta maan alla, mit\u00e4 vanhemmiksi ne tulevat sit\u00e4 paremmin ne alkavat menesty\u00e4, juuripaakku istutetaan 15-20 cm maanpinnan alle, kasvusto leikataan syksyll\u00e4 tai kev\u00e4\u00e4ll\u00e4 15 sentin korkeudelta. Kukinta: suuret (10-15 cm) valkoiset kukat kes\u00e4-elokuussa. Korkeus: 2-3m  Kasvupaikka: aurinko-puolivarjo, tuore, runsasravinteinen Vy\u00f6hyke: IV\" \/>\n<meta property=\"og:url\" content=\"https:\/\/www.hantulantaimi.fi\/?product=clematis-patens-ryhma-miss-bateman-jalo-loistokarho\" \/>\n<meta property=\"article:modified_time\" content=\"2026-01-12T14:40:40+00:00\" \/>\n<meta property=\"og:image\" content=\"https:\/\/www.hantulantaimi.fi\/wp-content\/uploads\/2019\/03\/miss-bateman-copy-scaled.jpg\" \/>\n\t<meta property=\"og:image:width\" content=\"2560\" \/>\n\t<meta property=\"og:image:height\" content=\"1440\" \/>\n\t<meta property=\"og:image:type\" content=\"image\/jpeg\" \/>\n<meta name=\"twitter:card\" content=\"summary_large_image\" \/>\n<script type=\"application\/ld+json\" class=\"yoast-schema-graph\">{\"@context\":\"https:\/\/schema.org\",\"@graph\":[{\"@type\":\"WebPage\",\"@id\":\"https:\/\/www.hantulantaimi.fi\/?product=clematis-patens-ryhma-miss-bateman-jalo-loistokarho\",\"url\":\"https:\/\/www.hantulantaimi.fi\/?product=clematis-patens-ryhma-miss-bateman-jalo-loistokarho\",\"name\":\"CLEMATIS PATENS-ryhm\u00e4 'MISS BATEMAN' -Jalo\/Loistok\u00e4rh\u00f6 -\",\"isPartOf\":{\"@id\":\"https:\/\/www.hantulantaimi.fi\/#website\"},\"primaryImageOfPage\":{\"@id\":\"https:\/\/www.hantulantaimi.fi\/?product=clematis-patens-ryhma-miss-bateman-jalo-loistokarho#primaryimage\"},\"image\":{\"@id\":\"https:\/\/www.hantulantaimi.fi\/?product=clematis-patens-ryhma-miss-bateman-jalo-loistokarho#primaryimage\"},\"thumbnailUrl\":\"https:\/\/www.hantulantaimi.fi\/wp-content\/uploads\/2019\/03\/miss-bateman-copy-scaled.jpg\",\"datePublished\":\"2019-03-22T10:30:48+00:00\",\"dateModified\":\"2026-01-12T14:40:40+00:00\",\"breadcrumb\":{\"@id\":\"https:\/\/www.hantulantaimi.fi\/?product=clematis-patens-ryhma-miss-bateman-jalo-loistokarho#breadcrumb\"},\"inLanguage\":\"fi\",\"potentialAction\":[{\"@type\":\"ReadAction\",\"target\":[\"https:\/\/www.hantulantaimi.fi\/?product=clematis-patens-ryhma-miss-bateman-jalo-loistokarho\"]}]},{\"@type\":\"ImageObject\",\"inLanguage\":\"fi\",\"@id\":\"https:\/\/www.hantulantaimi.fi\/?product=clematis-patens-ryhma-miss-bateman-jalo-loistokarho#primaryimage\",\"url\":\"https:\/\/www.hantulantaimi.fi\/wp-content\/uploads\/2019\/03\/miss-bateman-copy-scaled.jpg\",\"contentUrl\":\"https:\/\/www.hantulantaimi.fi\/wp-content\/uploads\/2019\/03\/miss-bateman-copy-scaled.jpg\",\"width\":2560,\"height\":1440},{\"@type\":\"BreadcrumbList\",\"@id\":\"https:\/\/www.hantulantaimi.fi\/?product=clematis-patens-ryhma-miss-bateman-jalo-loistokarho#breadcrumb\",\"itemListElement\":[{\"@type\":\"ListItem\",\"position\":1,\"name\":\"Home\",\"item\":\"https:\/\/www.hantulantaimi.fi\/\"},{\"@type\":\"ListItem\",\"position\":2,\"name\":\"Valikoima\",\"item\":\"https:\/\/www.hantulantaimi.fi\/?page_id=768\"},{\"@type\":\"ListItem\",\"position\":3,\"name\":\"CLEMATIS PATENS-ryhm\u00e4 &#8217;MISS BATEMAN&#8217; -Jalo\/Loistok\u00e4rh\u00f6\"}]},{\"@type\":\"WebSite\",\"@id\":\"https:\/\/www.hantulantaimi.fi\/#website\",\"url\":\"https:\/\/www.hantulantaimi.fi\/\",\"name\":\"\",\"description\":\"\",\"potentialAction\":[{\"@type\":\"SearchAction\",\"target\":{\"@type\":\"EntryPoint\",\"urlTemplate\":\"https:\/\/www.hantulantaimi.fi\/?s={search_term_string}\"},\"query-input\":{\"@type\":\"PropertyValueSpecification\",\"valueRequired\":true,\"valueName\":\"search_term_string\"}}],\"inLanguage\":\"fi\"}]}<\/script>\n<!-- \/ Yoast SEO plugin. -->","yoast_head_json":{"title":"CLEMATIS PATENS-ryhm\u00e4 'MISS BATEMAN' -Jalo\/Loistok\u00e4rh\u00f6 -","robots":{"index":"index","follow":"follow","max-snippet":"max-snippet:-1","max-image-preview":"max-image-preview:large","max-video-preview":"max-video-preview:-1"},"canonical":"https:\/\/www.hantulantaimi.fi\/?product=clematis-patens-ryhma-miss-bateman-jalo-loistokarho","og_locale":"fi_FI","og_type":"article","og_title":"CLEMATIS PATENS-ryhm\u00e4 'MISS BATEMAN' -Jalo\/Loistok\u00e4rh\u00f6 -","og_description":"Astiataimi C2\/C3 Jalok\u00e4rh\u00f6t vaativat runsaasti valoa sek\u00e4 tuoreen, runsasravinteisen, kalkitun, salaojitetun kasvualustan, tyvell\u00e4 maa tulisi olla kuitenkin hiekkapitoista, mik\u00e4 ehk\u00e4isee versotaudin levi\u00e4mist\u00e4, ei pid\u00e4 kuivuudesta eik\u00e4 m\u00e4rkyydest\u00e4 eik\u00e4 etenk\u00e4\u00e4n j\u00e4\u00e4st\u00e4, juuriston tulisi pysy\u00e4 viile\u00e4n\u00e4, mink\u00e4 vuoksi taimien eteen istutetaan pieni\u00e4 pensaita tai perennoja, paksujuuriset jalok\u00e4rh\u00f6t talvehtivat oikullisesti ja saattavat lev\u00e4t\u00e4 kolmekin vuotta maan alla, mit\u00e4 vanhemmiksi ne tulevat sit\u00e4 paremmin ne alkavat menesty\u00e4, juuripaakku istutetaan 15-20 cm maanpinnan alle, kasvusto leikataan syksyll\u00e4 tai kev\u00e4\u00e4ll\u00e4 15 sentin korkeudelta. Kukinta: suuret (10-15 cm) valkoiset kukat kes\u00e4-elokuussa. Korkeus: 2-3m  Kasvupaikka: aurinko-puolivarjo, tuore, runsasravinteinen Vy\u00f6hyke: IV","og_url":"https:\/\/www.hantulantaimi.fi\/?product=clematis-patens-ryhma-miss-bateman-jalo-loistokarho","article_modified_time":"2026-01-12T14:40:40+00:00","og_image":[{"width":2560,"height":1440,"url":"https:\/\/www.hantulantaimi.fi\/wp-content\/uploads\/2019\/03\/miss-bateman-copy-scaled.jpg","type":"image\/jpeg"}],"twitter_card":"summary_large_image","schema":{"@context":"https:\/\/schema.org","@graph":[{"@type":"WebPage","@id":"https:\/\/www.hantulantaimi.fi\/?product=clematis-patens-ryhma-miss-bateman-jalo-loistokarho","url":"https:\/\/www.hantulantaimi.fi\/?product=clematis-patens-ryhma-miss-bateman-jalo-loistokarho","name":"CLEMATIS PATENS-ryhm\u00e4 'MISS BATEMAN' -Jalo\/Loistok\u00e4rh\u00f6 -","isPartOf":{"@id":"https:\/\/www.hantulantaimi.fi\/#website"},"primaryImageOfPage":{"@id":"https:\/\/www.hantulantaimi.fi\/?product=clematis-patens-ryhma-miss-bateman-jalo-loistokarho#primaryimage"},"image":{"@id":"https:\/\/www.hantulantaimi.fi\/?product=clematis-patens-ryhma-miss-bateman-jalo-loistokarho#primaryimage"},"thumbnailUrl":"https:\/\/www.hantulantaimi.fi\/wp-content\/uploads\/2019\/03\/miss-bateman-copy-scaled.jpg","datePublished":"2019-03-22T10:30:48+00:00","dateModified":"2026-01-12T14:40:40+00:00","breadcrumb":{"@id":"https:\/\/www.hantulantaimi.fi\/?product=clematis-patens-ryhma-miss-bateman-jalo-loistokarho#breadcrumb"},"inLanguage":"fi","potentialAction":[{"@type":"ReadAction","target":["https:\/\/www.hantulantaimi.fi\/?product=clematis-patens-ryhma-miss-bateman-jalo-loistokarho"]}]},{"@type":"ImageObject","inLanguage":"fi","@id":"https:\/\/www.hantulantaimi.fi\/?product=clematis-patens-ryhma-miss-bateman-jalo-loistokarho#primaryimage","url":"https:\/\/www.hantulantaimi.fi\/wp-content\/uploads\/2019\/03\/miss-bateman-copy-scaled.jpg","contentUrl":"https:\/\/www.hantulantaimi.fi\/wp-content\/uploads\/2019\/03\/miss-bateman-copy-scaled.jpg","width":2560,"height":1440},{"@type":"BreadcrumbList","@id":"https:\/\/www.hantulantaimi.fi\/?product=clematis-patens-ryhma-miss-bateman-jalo-loistokarho#breadcrumb","itemListElement":[{"@type":"ListItem","position":1,"name":"Home","item":"https:\/\/www.hantulantaimi.fi\/"},{"@type":"ListItem","position":2,"name":"Valikoima","item":"https:\/\/www.hantulantaimi.fi\/?page_id=768"},{"@type":"ListItem","position":3,"name":"CLEMATIS PATENS-ryhm\u00e4 &#8217;MISS BATEMAN&#8217; -Jalo\/Loistok\u00e4rh\u00f6"}]},{"@type":"WebSite","@id":"https:\/\/www.hantulantaimi.fi\/#website","url":"https:\/\/www.hantulantaimi.fi\/","name":"","description":"","potentialAction":[{"@type":"SearchAction","target":{"@type":"EntryPoint","urlTemplate":"https:\/\/www.hantulantaimi.fi\/?s={search_term_string}"},"query-input":{"@type":"PropertyValueSpecification","valueRequired":true,"valueName":"search_term_string"}}],"inLanguage":"fi"}]}},"_links":{"self":[{"href":"https:\/\/www.hantulantaimi.fi\/index.php?rest_route=\/wp\/v2\/product\/2742","targetHints":{"allow":["GET"]}}],"collection":[{"href":"https:\/\/www.hantulantaimi.fi\/index.php?rest_route=\/wp\/v2\/product"}],"about":[{"href":"https:\/\/www.hantulantaimi.fi\/index.php?rest_route=\/wp\/v2\/types\/product"}],"version-history":[{"count":8,"href":"https:\/\/www.hantulantaimi.fi\/index.php?rest_route=\/wp\/v2\/product\/2742\/revisions"}],"predecessor-version":[{"id":8264,"href":"https:\/\/www.hantulantaimi.fi\/index.php?rest_route=\/wp\/v2\/product\/2742\/revisions\/8264"}],"wp:featuredmedia":[{"embeddable":true,"href":"https:\/\/www.hantulantaimi.fi\/index.php?rest_route=\/wp\/v2\/media\/2743"}],"wp:attachment":[{"href":"https:\/\/www.hantulantaimi.fi\/index.php?rest_route=%2Fwp%2Fv2%2Fmedia&parent=2742"}],"wp:term":[{"taxonomy":"product_brand","embeddable":true,"href":"https:\/\/www.hantulantaimi.fi\/index.php?rest_route=%2Fwp%2Fv2%2Fproduct_brand&post=2742"},{"taxonomy":"product_cat","embeddable":true,"href":"https:\/\/www.hantulantaimi.fi\/index.php?rest_route=%2Fwp%2Fv2%2Fproduct_cat&post=2742"},{"taxonomy":"product_tag","embeddable":true,"href":"https:\/\/www.hantulantaimi.fi\/index.php?rest_route=%2Fwp%2Fv2%2Fproduct_tag&post=2742"}],"curies":[{"name":"wp","href":"https:\/\/api.w.org\/{rel}","templated":true}]}}