{"id":2599,"date":"2019-03-22T10:20:18","date_gmt":"2019-03-22T08:20:18","guid":{"rendered":"https:\/\/www.hantulantaimi.fi\/?post_type=product&#038;p=2599"},"modified":"2026-01-12T16:07:44","modified_gmt":"2026-01-12T14:07:44","slug":"philadelphus-lewisii-tahtisilma-loistojasmike","status":"publish","type":"product","link":"https:\/\/www.hantulantaimi.fi\/?product=philadelphus-lewisii-tahtisilma-loistojasmike","title":{"rendered":"PHILADELPHUS LEWISII &#8217;T\u00c4HTISILM\u00c4&#8217;  FinE -Loistojasmike"},"content":{"rendered":"","protected":false},"excerpt":{"rendered":"<p>Astiataimi C3<br \/>\nKukkivien jasmikkeiden tuoksu kantautuu kauas keskikes\u00e4ll\u00e4, soveltuu melulta suojaavaksi taustaksi ja aidanteeksi, yksitt\u00e4in tai ryhmiss\u00e4, melko nopeakasvuinen ja muodostaa runsaasti tyvivesoja, tihe\u00e4 ja voimakas juuristo<br \/>\nKukat: valkoiset tuoksuvat kukat kes\u00e4kuussa.<br \/>\nKorkeus: 2-3m.<br \/>\nKasvupaikka: menestyy auringossa sek\u00e4 kevyesti varjoisilla paikoilla, suosii multavaa, kalkkipitoista ja tuoretta maata<br \/>\nVy\u00f6hyke: VI<\/p>\n","protected":false},"featured_media":2600,"template":"","meta":{"site-sidebar-layout":"default","site-content-layout":"default","ast-site-content-layout":"default","site-content-style":"default","site-sidebar-style":"default","ast-global-header-display":"","ast-banner-title-visibility":"","ast-main-header-display":"","ast-hfb-above-header-display":"","ast-hfb-below-header-display":"","ast-hfb-mobile-header-display":"","site-post-title":"","ast-breadcrumbs-content":"","ast-featured-img":"","footer-sml-layout":"","theme-transparent-header-meta":"default","adv-header-id-meta":"","stick-header-meta":"","header-above-stick-meta":"","header-main-stick-meta":"","header-below-stick-meta":"","astra-migrate-meta-layouts":"default","ast-page-background-enabled":"default","ast-page-background-meta":{"desktop":{"background-color":"","background-image":"","background-repeat":"repeat","background-position":"center center","background-size":"auto","background-attachment":"scroll","background-type":"","background-media":"","overlay-type":"","overlay-color":"","overlay-opacity":"","overlay-gradient":""},"tablet":{"background-color":"","background-image":"","background-repeat":"repeat","background-position":"center center","background-size":"auto","background-attachment":"scroll","background-type":"","background-media":"","overlay-type":"","overlay-color":"","overlay-opacity":"","overlay-gradient":""},"mobile":{"background-color":"","background-image":"","background-repeat":"repeat","background-position":"center center","background-size":"auto","background-attachment":"scroll","background-type":"","background-media":"","overlay-type":"","overlay-color":"","overlay-opacity":"","overlay-gradient":""}},"ast-content-background-meta":{"desktop":{"background-color":"var(--ast-global-color-5)","background-image":"","background-repeat":"repeat","background-position":"center center","background-size":"auto","background-attachment":"scroll","background-type":"","background-media":"","overlay-type":"","overlay-color":"","overlay-opacity":"","overlay-gradient":""},"tablet":{"background-color":"var(--ast-global-color-5)","background-image":"","background-repeat":"repeat","background-position":"center center","background-size":"auto","background-attachment":"scroll","background-type":"","background-media":"","overlay-type":"","overlay-color":"","overlay-opacity":"","overlay-gradient":""},"mobile":{"background-color":"var(--ast-global-color-5)","background-image":"","background-repeat":"repeat","background-position":"center center","background-size":"auto","background-attachment":"scroll","background-type":"","background-media":"","overlay-type":"","overlay-color":"","overlay-opacity":"","overlay-gradient":""}}},"product_brand":[],"product_cat":[55],"product_tag":[116,117,113,99],"class_list":{"0":"post-2599","1":"product","2":"type-product","3":"status-publish","4":"has-post-thumbnail","6":"product_cat-koristepensaat","7":"product_tag-aidannekasvi","8":"product_tag-aidannepensas","9":"product_tag-aitapensas","10":"product_tag-fine","11":"desktop-align-left","12":"tablet-align-left","13":"mobile-align-left","15":"first","16":"instock","17":"shipping-taxable","18":"purchasable","19":"product-type-simple"},"yoast_head":"<!-- This site is optimized with the Yoast SEO plugin v26.9 - https:\/\/yoast.com\/product\/yoast-seo-wordpress\/ -->\n<title>PHILADELPHUS LEWISII &#039;T\u00c4HTISILM\u00c4&#039; FinE -Loistojasmike -<\/title>\n<meta name=\"robots\" content=\"index, follow, max-snippet:-1, max-image-preview:large, max-video-preview:-1\" \/>\n<link rel=\"canonical\" href=\"https:\/\/www.hantulantaimi.fi\/?product=philadelphus-lewisii-tahtisilma-loistojasmike\" \/>\n<meta property=\"og:locale\" content=\"fi_FI\" \/>\n<meta property=\"og:type\" content=\"article\" \/>\n<meta property=\"og:title\" content=\"PHILADELPHUS LEWISII &#039;T\u00c4HTISILM\u00c4&#039; FinE -Loistojasmike -\" \/>\n<meta property=\"og:description\" content=\"Astiataimi C3 Kukkivien jasmikkeiden tuoksu kantautuu kauas keskikes\u00e4ll\u00e4, soveltuu melulta suojaavaksi taustaksi ja aidanteeksi, yksitt\u00e4in tai ryhmiss\u00e4, melko nopeakasvuinen ja muodostaa runsaasti tyvivesoja, tihe\u00e4 ja voimakas juuristo Kukat: valkoiset tuoksuvat kukat kes\u00e4kuussa.  Korkeus: 2-3m.  Kasvupaikka: menestyy auringossa sek\u00e4 kevyesti varjoisilla paikoilla, suosii multavaa, kalkkipitoista ja tuoretta maata Vy\u00f6hyke: VI\" \/>\n<meta property=\"og:url\" content=\"https:\/\/www.hantulantaimi.fi\/?product=philadelphus-lewisii-tahtisilma-loistojasmike\" \/>\n<meta property=\"article:modified_time\" content=\"2026-01-12T14:07:44+00:00\" \/>\n<meta property=\"og:image\" content=\"https:\/\/www.hantulantaimi.fi\/wp-content\/uploads\/2019\/03\/Philadelphus-T\u00e4htisilm\u00e4_pensas-\u00d6verby2-copy-e1582540403823.jpg\" \/>\n\t<meta property=\"og:image:width\" content=\"2000\" \/>\n\t<meta property=\"og:image:height\" content=\"1500\" \/>\n\t<meta property=\"og:image:type\" content=\"image\/jpeg\" \/>\n<meta name=\"twitter:card\" content=\"summary_large_image\" \/>\n<script type=\"application\/ld+json\" class=\"yoast-schema-graph\">{\"@context\":\"https:\/\/schema.org\",\"@graph\":[{\"@type\":\"WebPage\",\"@id\":\"https:\/\/www.hantulantaimi.fi\/?product=philadelphus-lewisii-tahtisilma-loistojasmike\",\"url\":\"https:\/\/www.hantulantaimi.fi\/?product=philadelphus-lewisii-tahtisilma-loistojasmike\",\"name\":\"PHILADELPHUS LEWISII 'T\u00c4HTISILM\u00c4' FinE -Loistojasmike -\",\"isPartOf\":{\"@id\":\"https:\/\/www.hantulantaimi.fi\/#website\"},\"primaryImageOfPage\":{\"@id\":\"https:\/\/www.hantulantaimi.fi\/?product=philadelphus-lewisii-tahtisilma-loistojasmike#primaryimage\"},\"image\":{\"@id\":\"https:\/\/www.hantulantaimi.fi\/?product=philadelphus-lewisii-tahtisilma-loistojasmike#primaryimage\"},\"thumbnailUrl\":\"https:\/\/www.hantulantaimi.fi\/wp-content\/uploads\/2019\/03\/Philadelphus-T\u00e4htisilm\u00e4_pensas-\u00d6verby2-copy-e1582540403823.jpg\",\"datePublished\":\"2019-03-22T08:20:18+00:00\",\"dateModified\":\"2026-01-12T14:07:44+00:00\",\"breadcrumb\":{\"@id\":\"https:\/\/www.hantulantaimi.fi\/?product=philadelphus-lewisii-tahtisilma-loistojasmike#breadcrumb\"},\"inLanguage\":\"fi\",\"potentialAction\":[{\"@type\":\"ReadAction\",\"target\":[\"https:\/\/www.hantulantaimi.fi\/?product=philadelphus-lewisii-tahtisilma-loistojasmike\"]}]},{\"@type\":\"ImageObject\",\"inLanguage\":\"fi\",\"@id\":\"https:\/\/www.hantulantaimi.fi\/?product=philadelphus-lewisii-tahtisilma-loistojasmike#primaryimage\",\"url\":\"https:\/\/www.hantulantaimi.fi\/wp-content\/uploads\/2019\/03\/Philadelphus-T\u00e4htisilm\u00e4_pensas-\u00d6verby2-copy-e1582540403823.jpg\",\"contentUrl\":\"https:\/\/www.hantulantaimi.fi\/wp-content\/uploads\/2019\/03\/Philadelphus-T\u00e4htisilm\u00e4_pensas-\u00d6verby2-copy-e1582540403823.jpg\",\"width\":2000,\"height\":1500,\"caption\":\"OLYMPUS DIGITAL CAMERA\"},{\"@type\":\"BreadcrumbList\",\"@id\":\"https:\/\/www.hantulantaimi.fi\/?product=philadelphus-lewisii-tahtisilma-loistojasmike#breadcrumb\",\"itemListElement\":[{\"@type\":\"ListItem\",\"position\":1,\"name\":\"Home\",\"item\":\"https:\/\/www.hantulantaimi.fi\/\"},{\"@type\":\"ListItem\",\"position\":2,\"name\":\"Valikoima\",\"item\":\"https:\/\/www.hantulantaimi.fi\/?page_id=768\"},{\"@type\":\"ListItem\",\"position\":3,\"name\":\"PHILADELPHUS LEWISII &#8217;T\u00c4HTISILM\u00c4&#8217; FinE -Loistojasmike\"}]},{\"@type\":\"WebSite\",\"@id\":\"https:\/\/www.hantulantaimi.fi\/#website\",\"url\":\"https:\/\/www.hantulantaimi.fi\/\",\"name\":\"\",\"description\":\"\",\"potentialAction\":[{\"@type\":\"SearchAction\",\"target\":{\"@type\":\"EntryPoint\",\"urlTemplate\":\"https:\/\/www.hantulantaimi.fi\/?s={search_term_string}\"},\"query-input\":{\"@type\":\"PropertyValueSpecification\",\"valueRequired\":true,\"valueName\":\"search_term_string\"}}],\"inLanguage\":\"fi\"}]}<\/script>\n<!-- \/ Yoast SEO plugin. -->","yoast_head_json":{"title":"PHILADELPHUS LEWISII 'T\u00c4HTISILM\u00c4' FinE -Loistojasmike -","robots":{"index":"index","follow":"follow","max-snippet":"max-snippet:-1","max-image-preview":"max-image-preview:large","max-video-preview":"max-video-preview:-1"},"canonical":"https:\/\/www.hantulantaimi.fi\/?product=philadelphus-lewisii-tahtisilma-loistojasmike","og_locale":"fi_FI","og_type":"article","og_title":"PHILADELPHUS LEWISII 'T\u00c4HTISILM\u00c4' FinE -Loistojasmike -","og_description":"Astiataimi C3 Kukkivien jasmikkeiden tuoksu kantautuu kauas keskikes\u00e4ll\u00e4, soveltuu melulta suojaavaksi taustaksi ja aidanteeksi, yksitt\u00e4in tai ryhmiss\u00e4, melko nopeakasvuinen ja muodostaa runsaasti tyvivesoja, tihe\u00e4 ja voimakas juuristo Kukat: valkoiset tuoksuvat kukat kes\u00e4kuussa.  Korkeus: 2-3m.  Kasvupaikka: menestyy auringossa sek\u00e4 kevyesti varjoisilla paikoilla, suosii multavaa, kalkkipitoista ja tuoretta maata Vy\u00f6hyke: VI","og_url":"https:\/\/www.hantulantaimi.fi\/?product=philadelphus-lewisii-tahtisilma-loistojasmike","article_modified_time":"2026-01-12T14:07:44+00:00","og_image":[{"width":2000,"height":1500,"url":"https:\/\/www.hantulantaimi.fi\/wp-content\/uploads\/2019\/03\/Philadelphus-T\u00e4htisilm\u00e4_pensas-\u00d6verby2-copy-e1582540403823.jpg","type":"image\/jpeg"}],"twitter_card":"summary_large_image","schema":{"@context":"https:\/\/schema.org","@graph":[{"@type":"WebPage","@id":"https:\/\/www.hantulantaimi.fi\/?product=philadelphus-lewisii-tahtisilma-loistojasmike","url":"https:\/\/www.hantulantaimi.fi\/?product=philadelphus-lewisii-tahtisilma-loistojasmike","name":"PHILADELPHUS LEWISII 'T\u00c4HTISILM\u00c4' FinE -Loistojasmike -","isPartOf":{"@id":"https:\/\/www.hantulantaimi.fi\/#website"},"primaryImageOfPage":{"@id":"https:\/\/www.hantulantaimi.fi\/?product=philadelphus-lewisii-tahtisilma-loistojasmike#primaryimage"},"image":{"@id":"https:\/\/www.hantulantaimi.fi\/?product=philadelphus-lewisii-tahtisilma-loistojasmike#primaryimage"},"thumbnailUrl":"https:\/\/www.hantulantaimi.fi\/wp-content\/uploads\/2019\/03\/Philadelphus-T\u00e4htisilm\u00e4_pensas-\u00d6verby2-copy-e1582540403823.jpg","datePublished":"2019-03-22T08:20:18+00:00","dateModified":"2026-01-12T14:07:44+00:00","breadcrumb":{"@id":"https:\/\/www.hantulantaimi.fi\/?product=philadelphus-lewisii-tahtisilma-loistojasmike#breadcrumb"},"inLanguage":"fi","potentialAction":[{"@type":"ReadAction","target":["https:\/\/www.hantulantaimi.fi\/?product=philadelphus-lewisii-tahtisilma-loistojasmike"]}]},{"@type":"ImageObject","inLanguage":"fi","@id":"https:\/\/www.hantulantaimi.fi\/?product=philadelphus-lewisii-tahtisilma-loistojasmike#primaryimage","url":"https:\/\/www.hantulantaimi.fi\/wp-content\/uploads\/2019\/03\/Philadelphus-T\u00e4htisilm\u00e4_pensas-\u00d6verby2-copy-e1582540403823.jpg","contentUrl":"https:\/\/www.hantulantaimi.fi\/wp-content\/uploads\/2019\/03\/Philadelphus-T\u00e4htisilm\u00e4_pensas-\u00d6verby2-copy-e1582540403823.jpg","width":2000,"height":1500,"caption":"OLYMPUS DIGITAL CAMERA"},{"@type":"BreadcrumbList","@id":"https:\/\/www.hantulantaimi.fi\/?product=philadelphus-lewisii-tahtisilma-loistojasmike#breadcrumb","itemListElement":[{"@type":"ListItem","position":1,"name":"Home","item":"https:\/\/www.hantulantaimi.fi\/"},{"@type":"ListItem","position":2,"name":"Valikoima","item":"https:\/\/www.hantulantaimi.fi\/?page_id=768"},{"@type":"ListItem","position":3,"name":"PHILADELPHUS LEWISII &#8217;T\u00c4HTISILM\u00c4&#8217; FinE -Loistojasmike"}]},{"@type":"WebSite","@id":"https:\/\/www.hantulantaimi.fi\/#website","url":"https:\/\/www.hantulantaimi.fi\/","name":"","description":"","potentialAction":[{"@type":"SearchAction","target":{"@type":"EntryPoint","urlTemplate":"https:\/\/www.hantulantaimi.fi\/?s={search_term_string}"},"query-input":{"@type":"PropertyValueSpecification","valueRequired":true,"valueName":"search_term_string"}}],"inLanguage":"fi"}]}},"_links":{"self":[{"href":"https:\/\/www.hantulantaimi.fi\/index.php?rest_route=\/wp\/v2\/product\/2599","targetHints":{"allow":["GET"]}}],"collection":[{"href":"https:\/\/www.hantulantaimi.fi\/index.php?rest_route=\/wp\/v2\/product"}],"about":[{"href":"https:\/\/www.hantulantaimi.fi\/index.php?rest_route=\/wp\/v2\/types\/product"}],"version-history":[{"count":5,"href":"https:\/\/www.hantulantaimi.fi\/index.php?rest_route=\/wp\/v2\/product\/2599\/revisions"}],"predecessor-version":[{"id":7500,"href":"https:\/\/www.hantulantaimi.fi\/index.php?rest_route=\/wp\/v2\/product\/2599\/revisions\/7500"}],"wp:featuredmedia":[{"embeddable":true,"href":"https:\/\/www.hantulantaimi.fi\/index.php?rest_route=\/wp\/v2\/media\/2600"}],"wp:attachment":[{"href":"https:\/\/www.hantulantaimi.fi\/index.php?rest_route=%2Fwp%2Fv2%2Fmedia&parent=2599"}],"wp:term":[{"taxonomy":"product_brand","embeddable":true,"href":"https:\/\/www.hantulantaimi.fi\/index.php?rest_route=%2Fwp%2Fv2%2Fproduct_brand&post=2599"},{"taxonomy":"product_cat","embeddable":true,"href":"https:\/\/www.hantulantaimi.fi\/index.php?rest_route=%2Fwp%2Fv2%2Fproduct_cat&post=2599"},{"taxonomy":"product_tag","embeddable":true,"href":"https:\/\/www.hantulantaimi.fi\/index.php?rest_route=%2Fwp%2Fv2%2Fproduct_tag&post=2599"}],"curies":[{"name":"wp","href":"https:\/\/api.w.org\/{rel}","templated":true}]}}