{"id":2562,"date":"2019-03-21T17:03:29","date_gmt":"2019-03-21T15:03:29","guid":{"rendered":"https:\/\/www.hantulantaimi.fi\/?post_type=product&#038;p=2562"},"modified":"2026-01-12T16:56:41","modified_gmt":"2026-01-12T14:56:41","slug":"rhododendron-grandiflorum-puistoalppiruusu-2","status":"publish","type":"product","link":"https:\/\/www.hantulantaimi.fi\/?product=rhododendron-grandiflorum-puistoalppiruusu-2","title":{"rendered":"RHODODENDRON &#8217;GRANDIFLORUM&#8217;  -Puistoalppiruusu"},"content":{"rendered":"","protected":false},"excerpt":{"rendered":"<p>Myyntikoko: 30-40 cm<br \/>\nMelko my\u00f6h\u00e4\u00e4n kes\u00e4kuussa avautuvat kukat ovat punavioletit, teri\u00f6t\u00e4 koristaa keltaruskea t\u00e4plitys.<br \/>\nPensas saattaa kasvaa hyviss\u00e4 olosuhteissa jopa kolme-nelj\u00e4metriseksi.<br \/>\nKorkeus: 1,5 \u2013 2 m<br \/>\nKasvupaikka: puolivarjo-varjo, ainavihannan lehdist\u00f6n vuoksi alttiita talven ja kev\u00e4tahavan tuhoille, kasvupaikan tulee siis olla suojassa kev\u00e4tauringolta ja tuulelta, hapan kasvualusta pH 4,5-6,5, kuohkea, l\u00e4p\u00e4isev\u00e4,kosteahko, muttei m\u00e4rk\u00e4 maa<br \/>\nVy\u00f6hyke: IV<\/p>\n","protected":false},"featured_media":2531,"template":"","meta":{"site-sidebar-layout":"default","site-content-layout":"default","ast-site-content-layout":"default","site-content-style":"default","site-sidebar-style":"default","ast-global-header-display":"","ast-banner-title-visibility":"","ast-main-header-display":"","ast-hfb-above-header-display":"","ast-hfb-below-header-display":"","ast-hfb-mobile-header-display":"","site-post-title":"","ast-breadcrumbs-content":"","ast-featured-img":"","footer-sml-layout":"","theme-transparent-header-meta":"default","adv-header-id-meta":"","stick-header-meta":"","header-above-stick-meta":"","header-main-stick-meta":"","header-below-stick-meta":"","astra-migrate-meta-layouts":"default","ast-page-background-enabled":"default","ast-page-background-meta":{"desktop":{"background-color":"","background-image":"","background-repeat":"repeat","background-position":"center center","background-size":"auto","background-attachment":"scroll","background-type":"","background-media":"","overlay-type":"","overlay-color":"","overlay-opacity":"","overlay-gradient":""},"tablet":{"background-color":"","background-image":"","background-repeat":"repeat","background-position":"center center","background-size":"auto","background-attachment":"scroll","background-type":"","background-media":"","overlay-type":"","overlay-color":"","overlay-opacity":"","overlay-gradient":""},"mobile":{"background-color":"","background-image":"","background-repeat":"repeat","background-position":"center center","background-size":"auto","background-attachment":"scroll","background-type":"","background-media":"","overlay-type":"","overlay-color":"","overlay-opacity":"","overlay-gradient":""}},"ast-content-background-meta":{"desktop":{"background-color":"var(--ast-global-color-5)","background-image":"","background-repeat":"repeat","background-position":"center center","background-size":"auto","background-attachment":"scroll","background-type":"","background-media":"","overlay-type":"","overlay-color":"","overlay-opacity":"","overlay-gradient":""},"tablet":{"background-color":"var(--ast-global-color-5)","background-image":"","background-repeat":"repeat","background-position":"center center","background-size":"auto","background-attachment":"scroll","background-type":"","background-media":"","overlay-type":"","overlay-color":"","overlay-opacity":"","overlay-gradient":""},"mobile":{"background-color":"var(--ast-global-color-5)","background-image":"","background-repeat":"repeat","background-position":"center center","background-size":"auto","background-attachment":"scroll","background-type":"","background-media":"","overlay-type":"","overlay-color":"","overlay-opacity":"","overlay-gradient":""}}},"product_brand":[],"product_cat":[59],"product_tag":[],"class_list":{"0":"post-2562","1":"product","2":"type-product","3":"status-publish","4":"has-post-thumbnail","6":"product_cat-alppiruusut","7":"desktop-align-left","8":"tablet-align-left","9":"mobile-align-left","11":"first","12":"instock","13":"shipping-taxable","14":"purchasable","15":"product-type-simple"},"yoast_head":"<!-- This site is optimized with the Yoast SEO plugin v26.9 - https:\/\/yoast.com\/product\/yoast-seo-wordpress\/ -->\n<title>RHODODENDRON &#039;GRANDIFLORUM&#039; -Puistoalppiruusu -<\/title>\n<meta name=\"robots\" content=\"index, follow, max-snippet:-1, max-image-preview:large, max-video-preview:-1\" \/>\n<link rel=\"canonical\" href=\"https:\/\/www.hantulantaimi.fi\/?product=rhododendron-grandiflorum-puistoalppiruusu-2\" \/>\n<meta property=\"og:locale\" content=\"fi_FI\" \/>\n<meta property=\"og:type\" content=\"article\" \/>\n<meta property=\"og:title\" content=\"RHODODENDRON &#039;GRANDIFLORUM&#039; -Puistoalppiruusu -\" \/>\n<meta property=\"og:description\" content=\"Myyntikoko: 30-40 cm Melko my\u00f6h\u00e4\u00e4n kes\u00e4kuussa avautuvat kukat ovat punavioletit, teri\u00f6t\u00e4 koristaa keltaruskea t\u00e4plitys. Pensas saattaa kasvaa hyviss\u00e4 olosuhteissa jopa kolme-nelj\u00e4metriseksi. Korkeus: 1,5 \u2013 2 m Kasvupaikka: puolivarjo-varjo, ainavihannan lehdist\u00f6n vuoksi alttiita talven ja kev\u00e4tahavan tuhoille, kasvupaikan tulee siis olla suojassa kev\u00e4tauringolta ja tuulelta, hapan kasvualusta pH 4,5-6,5, kuohkea, l\u00e4p\u00e4isev\u00e4,kosteahko, muttei m\u00e4rk\u00e4 maa Vy\u00f6hyke: IV\" \/>\n<meta property=\"og:url\" content=\"https:\/\/www.hantulantaimi.fi\/?product=rhododendron-grandiflorum-puistoalppiruusu-2\" \/>\n<meta property=\"article:modified_time\" content=\"2026-01-12T14:56:41+00:00\" \/>\n<meta property=\"og:image\" content=\"https:\/\/www.hantulantaimi.fi\/wp-content\/uploads\/2019\/03\/Rhodo-Catawbiense-Grandiflorum-copy-e1582540485518.jpg\" \/>\n\t<meta property=\"og:image:width\" content=\"1500\" \/>\n\t<meta property=\"og:image:height\" content=\"2000\" \/>\n\t<meta property=\"og:image:type\" content=\"image\/jpeg\" \/>\n<meta name=\"twitter:card\" content=\"summary_large_image\" \/>\n<script type=\"application\/ld+json\" class=\"yoast-schema-graph\">{\"@context\":\"https:\/\/schema.org\",\"@graph\":[{\"@type\":\"WebPage\",\"@id\":\"https:\/\/www.hantulantaimi.fi\/?product=rhododendron-grandiflorum-puistoalppiruusu-2\",\"url\":\"https:\/\/www.hantulantaimi.fi\/?product=rhododendron-grandiflorum-puistoalppiruusu-2\",\"name\":\"RHODODENDRON 'GRANDIFLORUM' -Puistoalppiruusu -\",\"isPartOf\":{\"@id\":\"https:\/\/www.hantulantaimi.fi\/#website\"},\"primaryImageOfPage\":{\"@id\":\"https:\/\/www.hantulantaimi.fi\/?product=rhododendron-grandiflorum-puistoalppiruusu-2#primaryimage\"},\"image\":{\"@id\":\"https:\/\/www.hantulantaimi.fi\/?product=rhododendron-grandiflorum-puistoalppiruusu-2#primaryimage\"},\"thumbnailUrl\":\"https:\/\/www.hantulantaimi.fi\/wp-content\/uploads\/2019\/03\/Rhodo-Catawbiense-Grandiflorum-copy-e1582540485518.jpg\",\"datePublished\":\"2019-03-21T15:03:29+00:00\",\"dateModified\":\"2026-01-12T14:56:41+00:00\",\"breadcrumb\":{\"@id\":\"https:\/\/www.hantulantaimi.fi\/?product=rhododendron-grandiflorum-puistoalppiruusu-2#breadcrumb\"},\"inLanguage\":\"fi\",\"potentialAction\":[{\"@type\":\"ReadAction\",\"target\":[\"https:\/\/www.hantulantaimi.fi\/?product=rhododendron-grandiflorum-puistoalppiruusu-2\"]}]},{\"@type\":\"ImageObject\",\"inLanguage\":\"fi\",\"@id\":\"https:\/\/www.hantulantaimi.fi\/?product=rhododendron-grandiflorum-puistoalppiruusu-2#primaryimage\",\"url\":\"https:\/\/www.hantulantaimi.fi\/wp-content\/uploads\/2019\/03\/Rhodo-Catawbiense-Grandiflorum-copy-e1582540485518.jpg\",\"contentUrl\":\"https:\/\/www.hantulantaimi.fi\/wp-content\/uploads\/2019\/03\/Rhodo-Catawbiense-Grandiflorum-copy-e1582540485518.jpg\",\"width\":1500,\"height\":2000,\"caption\":\"Kuva Ella R\u00e4ty Kivenlahti, Espoo 16.6.2004\"},{\"@type\":\"BreadcrumbList\",\"@id\":\"https:\/\/www.hantulantaimi.fi\/?product=rhododendron-grandiflorum-puistoalppiruusu-2#breadcrumb\",\"itemListElement\":[{\"@type\":\"ListItem\",\"position\":1,\"name\":\"Home\",\"item\":\"https:\/\/www.hantulantaimi.fi\/\"},{\"@type\":\"ListItem\",\"position\":2,\"name\":\"Valikoima\",\"item\":\"https:\/\/www.hantulantaimi.fi\/?page_id=768\"},{\"@type\":\"ListItem\",\"position\":3,\"name\":\"RHODODENDRON &#8217;GRANDIFLORUM&#8217; -Puistoalppiruusu\"}]},{\"@type\":\"WebSite\",\"@id\":\"https:\/\/www.hantulantaimi.fi\/#website\",\"url\":\"https:\/\/www.hantulantaimi.fi\/\",\"name\":\"\",\"description\":\"\",\"potentialAction\":[{\"@type\":\"SearchAction\",\"target\":{\"@type\":\"EntryPoint\",\"urlTemplate\":\"https:\/\/www.hantulantaimi.fi\/?s={search_term_string}\"},\"query-input\":{\"@type\":\"PropertyValueSpecification\",\"valueRequired\":true,\"valueName\":\"search_term_string\"}}],\"inLanguage\":\"fi\"}]}<\/script>\n<!-- \/ Yoast SEO plugin. -->","yoast_head_json":{"title":"RHODODENDRON 'GRANDIFLORUM' -Puistoalppiruusu -","robots":{"index":"index","follow":"follow","max-snippet":"max-snippet:-1","max-image-preview":"max-image-preview:large","max-video-preview":"max-video-preview:-1"},"canonical":"https:\/\/www.hantulantaimi.fi\/?product=rhododendron-grandiflorum-puistoalppiruusu-2","og_locale":"fi_FI","og_type":"article","og_title":"RHODODENDRON 'GRANDIFLORUM' -Puistoalppiruusu -","og_description":"Myyntikoko: 30-40 cm Melko my\u00f6h\u00e4\u00e4n kes\u00e4kuussa avautuvat kukat ovat punavioletit, teri\u00f6t\u00e4 koristaa keltaruskea t\u00e4plitys. Pensas saattaa kasvaa hyviss\u00e4 olosuhteissa jopa kolme-nelj\u00e4metriseksi. Korkeus: 1,5 \u2013 2 m Kasvupaikka: puolivarjo-varjo, ainavihannan lehdist\u00f6n vuoksi alttiita talven ja kev\u00e4tahavan tuhoille, kasvupaikan tulee siis olla suojassa kev\u00e4tauringolta ja tuulelta, hapan kasvualusta pH 4,5-6,5, kuohkea, l\u00e4p\u00e4isev\u00e4,kosteahko, muttei m\u00e4rk\u00e4 maa Vy\u00f6hyke: IV","og_url":"https:\/\/www.hantulantaimi.fi\/?product=rhododendron-grandiflorum-puistoalppiruusu-2","article_modified_time":"2026-01-12T14:56:41+00:00","og_image":[{"width":1500,"height":2000,"url":"https:\/\/www.hantulantaimi.fi\/wp-content\/uploads\/2019\/03\/Rhodo-Catawbiense-Grandiflorum-copy-e1582540485518.jpg","type":"image\/jpeg"}],"twitter_card":"summary_large_image","schema":{"@context":"https:\/\/schema.org","@graph":[{"@type":"WebPage","@id":"https:\/\/www.hantulantaimi.fi\/?product=rhododendron-grandiflorum-puistoalppiruusu-2","url":"https:\/\/www.hantulantaimi.fi\/?product=rhododendron-grandiflorum-puistoalppiruusu-2","name":"RHODODENDRON 'GRANDIFLORUM' -Puistoalppiruusu -","isPartOf":{"@id":"https:\/\/www.hantulantaimi.fi\/#website"},"primaryImageOfPage":{"@id":"https:\/\/www.hantulantaimi.fi\/?product=rhododendron-grandiflorum-puistoalppiruusu-2#primaryimage"},"image":{"@id":"https:\/\/www.hantulantaimi.fi\/?product=rhododendron-grandiflorum-puistoalppiruusu-2#primaryimage"},"thumbnailUrl":"https:\/\/www.hantulantaimi.fi\/wp-content\/uploads\/2019\/03\/Rhodo-Catawbiense-Grandiflorum-copy-e1582540485518.jpg","datePublished":"2019-03-21T15:03:29+00:00","dateModified":"2026-01-12T14:56:41+00:00","breadcrumb":{"@id":"https:\/\/www.hantulantaimi.fi\/?product=rhododendron-grandiflorum-puistoalppiruusu-2#breadcrumb"},"inLanguage":"fi","potentialAction":[{"@type":"ReadAction","target":["https:\/\/www.hantulantaimi.fi\/?product=rhododendron-grandiflorum-puistoalppiruusu-2"]}]},{"@type":"ImageObject","inLanguage":"fi","@id":"https:\/\/www.hantulantaimi.fi\/?product=rhododendron-grandiflorum-puistoalppiruusu-2#primaryimage","url":"https:\/\/www.hantulantaimi.fi\/wp-content\/uploads\/2019\/03\/Rhodo-Catawbiense-Grandiflorum-copy-e1582540485518.jpg","contentUrl":"https:\/\/www.hantulantaimi.fi\/wp-content\/uploads\/2019\/03\/Rhodo-Catawbiense-Grandiflorum-copy-e1582540485518.jpg","width":1500,"height":2000,"caption":"Kuva Ella R\u00e4ty Kivenlahti, Espoo 16.6.2004"},{"@type":"BreadcrumbList","@id":"https:\/\/www.hantulantaimi.fi\/?product=rhododendron-grandiflorum-puistoalppiruusu-2#breadcrumb","itemListElement":[{"@type":"ListItem","position":1,"name":"Home","item":"https:\/\/www.hantulantaimi.fi\/"},{"@type":"ListItem","position":2,"name":"Valikoima","item":"https:\/\/www.hantulantaimi.fi\/?page_id=768"},{"@type":"ListItem","position":3,"name":"RHODODENDRON &#8217;GRANDIFLORUM&#8217; -Puistoalppiruusu"}]},{"@type":"WebSite","@id":"https:\/\/www.hantulantaimi.fi\/#website","url":"https:\/\/www.hantulantaimi.fi\/","name":"","description":"","potentialAction":[{"@type":"SearchAction","target":{"@type":"EntryPoint","urlTemplate":"https:\/\/www.hantulantaimi.fi\/?s={search_term_string}"},"query-input":{"@type":"PropertyValueSpecification","valueRequired":true,"valueName":"search_term_string"}}],"inLanguage":"fi"}]}},"_links":{"self":[{"href":"https:\/\/www.hantulantaimi.fi\/index.php?rest_route=\/wp\/v2\/product\/2562","targetHints":{"allow":["GET"]}}],"collection":[{"href":"https:\/\/www.hantulantaimi.fi\/index.php?rest_route=\/wp\/v2\/product"}],"about":[{"href":"https:\/\/www.hantulantaimi.fi\/index.php?rest_route=\/wp\/v2\/types\/product"}],"version-history":[{"count":6,"href":"https:\/\/www.hantulantaimi.fi\/index.php?rest_route=\/wp\/v2\/product\/2562\/revisions"}],"predecessor-version":[{"id":8268,"href":"https:\/\/www.hantulantaimi.fi\/index.php?rest_route=\/wp\/v2\/product\/2562\/revisions\/8268"}],"wp:featuredmedia":[{"embeddable":true,"href":"https:\/\/www.hantulantaimi.fi\/index.php?rest_route=\/wp\/v2\/media\/2531"}],"wp:attachment":[{"href":"https:\/\/www.hantulantaimi.fi\/index.php?rest_route=%2Fwp%2Fv2%2Fmedia&parent=2562"}],"wp:term":[{"taxonomy":"product_brand","embeddable":true,"href":"https:\/\/www.hantulantaimi.fi\/index.php?rest_route=%2Fwp%2Fv2%2Fproduct_brand&post=2562"},{"taxonomy":"product_cat","embeddable":true,"href":"https:\/\/www.hantulantaimi.fi\/index.php?rest_route=%2Fwp%2Fv2%2Fproduct_cat&post=2562"},{"taxonomy":"product_tag","embeddable":true,"href":"https:\/\/www.hantulantaimi.fi\/index.php?rest_route=%2Fwp%2Fv2%2Fproduct_tag&post=2562"}],"curies":[{"name":"wp","href":"https:\/\/api.w.org\/{rel}","templated":true}]}}