{"id":2549,"date":"2019-03-21T16:55:09","date_gmt":"2019-03-21T14:55:09","guid":{"rendered":"https:\/\/www.hantulantaimi.fi\/?post_type=product&#038;p=2549"},"modified":"2026-01-12T16:57:11","modified_gmt":"2026-01-12T14:57:11","slug":"rhododendron-adalmina-puistoatsalea","status":"publish","type":"product","link":"https:\/\/www.hantulantaimi.fi\/?product=rhododendron-adalmina-puistoatsalea","title":{"rendered":"RHODODENDRON &#8217;ADALMINA&#8217;  FinE -Puistoatsalea"},"content":{"rendered":"","protected":false},"excerpt":{"rendered":"<p>Myyntikoko: 30-40 cm<br \/>\nPystykasvuinen, rubiininpunaisten kukkien teri\u00f6ss\u00e4 on suuri tummankeltainen laikku, melko my\u00f6h\u00e4inen kukinta, hieno viininpunainen syysv\u00e4ri.<br \/>\nKorkeus:1-1,5m<br \/>\nKasvupaikka: aurinkoinen tai kevyesti varjoinen paikka, ravinteikas maa ja jotta ohuet juuret jaksavat tunkeutua maahan, sen tulee olla kevytt\u00e4 ja l\u00e4p\u00e4isev\u00e4\u00e4 esim. turpeen, hiekan ja kompostin sekoitusta, hidaskasvuiset ja heikosti rikkakasvien kanssa p\u00e4rj\u00e4\u00e4v\u00e4t atsaleat hy\u00f6tyv\u00e4t maanpeiteperennoista tyvell\u00e4\u00e4n.<br \/>\nVy\u00f6hyke: IV<\/p>\n","protected":false},"featured_media":3199,"template":"","meta":{"site-sidebar-layout":"default","site-content-layout":"default","ast-site-content-layout":"default","site-content-style":"default","site-sidebar-style":"default","ast-global-header-display":"","ast-banner-title-visibility":"","ast-main-header-display":"","ast-hfb-above-header-display":"","ast-hfb-below-header-display":"","ast-hfb-mobile-header-display":"","site-post-title":"","ast-breadcrumbs-content":"","ast-featured-img":"","footer-sml-layout":"","theme-transparent-header-meta":"default","adv-header-id-meta":"","stick-header-meta":"","header-above-stick-meta":"","header-main-stick-meta":"","header-below-stick-meta":"","astra-migrate-meta-layouts":"default","ast-page-background-enabled":"default","ast-page-background-meta":{"desktop":{"background-color":"","background-image":"","background-repeat":"repeat","background-position":"center center","background-size":"auto","background-attachment":"scroll","background-type":"","background-media":"","overlay-type":"","overlay-color":"","overlay-opacity":"","overlay-gradient":""},"tablet":{"background-color":"","background-image":"","background-repeat":"repeat","background-position":"center center","background-size":"auto","background-attachment":"scroll","background-type":"","background-media":"","overlay-type":"","overlay-color":"","overlay-opacity":"","overlay-gradient":""},"mobile":{"background-color":"","background-image":"","background-repeat":"repeat","background-position":"center center","background-size":"auto","background-attachment":"scroll","background-type":"","background-media":"","overlay-type":"","overlay-color":"","overlay-opacity":"","overlay-gradient":""}},"ast-content-background-meta":{"desktop":{"background-color":"var(--ast-global-color-5)","background-image":"","background-repeat":"repeat","background-position":"center center","background-size":"auto","background-attachment":"scroll","background-type":"","background-media":"","overlay-type":"","overlay-color":"","overlay-opacity":"","overlay-gradient":""},"tablet":{"background-color":"var(--ast-global-color-5)","background-image":"","background-repeat":"repeat","background-position":"center center","background-size":"auto","background-attachment":"scroll","background-type":"","background-media":"","overlay-type":"","overlay-color":"","overlay-opacity":"","overlay-gradient":""},"mobile":{"background-color":"var(--ast-global-color-5)","background-image":"","background-repeat":"repeat","background-position":"center center","background-size":"auto","background-attachment":"scroll","background-type":"","background-media":"","overlay-type":"","overlay-color":"","overlay-opacity":"","overlay-gradient":""}}},"product_brand":[],"product_cat":[59],"product_tag":[99],"class_list":{"0":"post-2549","1":"product","2":"type-product","3":"status-publish","4":"has-post-thumbnail","6":"product_cat-alppiruusut","7":"product_tag-fine","8":"desktop-align-left","9":"tablet-align-left","10":"mobile-align-left","12":"first","13":"instock","14":"shipping-taxable","15":"purchasable","16":"product-type-simple"},"yoast_head":"<!-- This site is optimized with the Yoast SEO plugin v26.9 - https:\/\/yoast.com\/product\/yoast-seo-wordpress\/ -->\n<title>RHODODENDRON &#039;ADALMINA&#039; FinE -Puistoatsalea -<\/title>\n<meta name=\"robots\" content=\"index, follow, max-snippet:-1, max-image-preview:large, max-video-preview:-1\" \/>\n<link rel=\"canonical\" href=\"https:\/\/www.hantulantaimi.fi\/?product=rhododendron-adalmina-puistoatsalea\" \/>\n<meta property=\"og:locale\" content=\"fi_FI\" \/>\n<meta property=\"og:type\" content=\"article\" \/>\n<meta property=\"og:title\" content=\"RHODODENDRON &#039;ADALMINA&#039; FinE -Puistoatsalea -\" \/>\n<meta property=\"og:description\" content=\"Myyntikoko: 30-40 cm Pystykasvuinen, rubiininpunaisten kukkien teri\u00f6ss\u00e4 on suuri tummankeltainen laikku, melko my\u00f6h\u00e4inen kukinta, hieno viininpunainen syysv\u00e4ri. Korkeus:1-1,5m Kasvupaikka: aurinkoinen tai kevyesti varjoinen paikka, ravinteikas maa ja jotta ohuet juuret jaksavat tunkeutua maahan, sen tulee olla kevytt\u00e4 ja l\u00e4p\u00e4isev\u00e4\u00e4 esim. turpeen, hiekan ja kompostin sekoitusta, hidaskasvuiset ja heikosti rikkakasvien kanssa p\u00e4rj\u00e4\u00e4v\u00e4t atsaleat hy\u00f6tyv\u00e4t maanpeiteperennoista tyvell\u00e4\u00e4n. Vy\u00f6hyke: IV\" \/>\n<meta property=\"og:url\" content=\"https:\/\/www.hantulantaimi.fi\/?product=rhododendron-adalmina-puistoatsalea\" \/>\n<meta property=\"article:modified_time\" content=\"2026-01-12T14:57:11+00:00\" \/>\n<meta property=\"og:image\" content=\"https:\/\/www.hantulantaimi.fi\/wp-content\/uploads\/2019\/03\/adalmina_iso-copy-e1582539522353.jpg\" \/>\n\t<meta property=\"og:image:width\" content=\"2241\" \/>\n\t<meta property=\"og:image:height\" content=\"1500\" \/>\n\t<meta property=\"og:image:type\" content=\"image\/jpeg\" \/>\n<meta name=\"twitter:card\" content=\"summary_large_image\" \/>\n<script type=\"application\/ld+json\" class=\"yoast-schema-graph\">{\"@context\":\"https:\/\/schema.org\",\"@graph\":[{\"@type\":\"WebPage\",\"@id\":\"https:\/\/www.hantulantaimi.fi\/?product=rhododendron-adalmina-puistoatsalea\",\"url\":\"https:\/\/www.hantulantaimi.fi\/?product=rhododendron-adalmina-puistoatsalea\",\"name\":\"RHODODENDRON 'ADALMINA' FinE -Puistoatsalea -\",\"isPartOf\":{\"@id\":\"https:\/\/www.hantulantaimi.fi\/#website\"},\"primaryImageOfPage\":{\"@id\":\"https:\/\/www.hantulantaimi.fi\/?product=rhododendron-adalmina-puistoatsalea#primaryimage\"},\"image\":{\"@id\":\"https:\/\/www.hantulantaimi.fi\/?product=rhododendron-adalmina-puistoatsalea#primaryimage\"},\"thumbnailUrl\":\"https:\/\/www.hantulantaimi.fi\/wp-content\/uploads\/2019\/03\/adalmina_iso-copy-e1582539522353.jpg\",\"datePublished\":\"2019-03-21T14:55:09+00:00\",\"dateModified\":\"2026-01-12T14:57:11+00:00\",\"breadcrumb\":{\"@id\":\"https:\/\/www.hantulantaimi.fi\/?product=rhododendron-adalmina-puistoatsalea#breadcrumb\"},\"inLanguage\":\"fi\",\"potentialAction\":[{\"@type\":\"ReadAction\",\"target\":[\"https:\/\/www.hantulantaimi.fi\/?product=rhododendron-adalmina-puistoatsalea\"]}]},{\"@type\":\"ImageObject\",\"inLanguage\":\"fi\",\"@id\":\"https:\/\/www.hantulantaimi.fi\/?product=rhododendron-adalmina-puistoatsalea#primaryimage\",\"url\":\"https:\/\/www.hantulantaimi.fi\/wp-content\/uploads\/2019\/03\/adalmina_iso-copy-e1582539522353.jpg\",\"contentUrl\":\"https:\/\/www.hantulantaimi.fi\/wp-content\/uploads\/2019\/03\/adalmina_iso-copy-e1582539522353.jpg\",\"width\":2241,\"height\":1500,\"caption\":\"SONY DSC\"},{\"@type\":\"BreadcrumbList\",\"@id\":\"https:\/\/www.hantulantaimi.fi\/?product=rhododendron-adalmina-puistoatsalea#breadcrumb\",\"itemListElement\":[{\"@type\":\"ListItem\",\"position\":1,\"name\":\"Home\",\"item\":\"https:\/\/www.hantulantaimi.fi\/\"},{\"@type\":\"ListItem\",\"position\":2,\"name\":\"Valikoima\",\"item\":\"https:\/\/www.hantulantaimi.fi\/?page_id=768\"},{\"@type\":\"ListItem\",\"position\":3,\"name\":\"RHODODENDRON &#8217;ADALMINA&#8217; FinE -Puistoatsalea\"}]},{\"@type\":\"WebSite\",\"@id\":\"https:\/\/www.hantulantaimi.fi\/#website\",\"url\":\"https:\/\/www.hantulantaimi.fi\/\",\"name\":\"\",\"description\":\"\",\"potentialAction\":[{\"@type\":\"SearchAction\",\"target\":{\"@type\":\"EntryPoint\",\"urlTemplate\":\"https:\/\/www.hantulantaimi.fi\/?s={search_term_string}\"},\"query-input\":{\"@type\":\"PropertyValueSpecification\",\"valueRequired\":true,\"valueName\":\"search_term_string\"}}],\"inLanguage\":\"fi\"}]}<\/script>\n<!-- \/ Yoast SEO plugin. -->","yoast_head_json":{"title":"RHODODENDRON 'ADALMINA' FinE -Puistoatsalea -","robots":{"index":"index","follow":"follow","max-snippet":"max-snippet:-1","max-image-preview":"max-image-preview:large","max-video-preview":"max-video-preview:-1"},"canonical":"https:\/\/www.hantulantaimi.fi\/?product=rhododendron-adalmina-puistoatsalea","og_locale":"fi_FI","og_type":"article","og_title":"RHODODENDRON 'ADALMINA' FinE -Puistoatsalea -","og_description":"Myyntikoko: 30-40 cm Pystykasvuinen, rubiininpunaisten kukkien teri\u00f6ss\u00e4 on suuri tummankeltainen laikku, melko my\u00f6h\u00e4inen kukinta, hieno viininpunainen syysv\u00e4ri. Korkeus:1-1,5m Kasvupaikka: aurinkoinen tai kevyesti varjoinen paikka, ravinteikas maa ja jotta ohuet juuret jaksavat tunkeutua maahan, sen tulee olla kevytt\u00e4 ja l\u00e4p\u00e4isev\u00e4\u00e4 esim. turpeen, hiekan ja kompostin sekoitusta, hidaskasvuiset ja heikosti rikkakasvien kanssa p\u00e4rj\u00e4\u00e4v\u00e4t atsaleat hy\u00f6tyv\u00e4t maanpeiteperennoista tyvell\u00e4\u00e4n. Vy\u00f6hyke: IV","og_url":"https:\/\/www.hantulantaimi.fi\/?product=rhododendron-adalmina-puistoatsalea","article_modified_time":"2026-01-12T14:57:11+00:00","og_image":[{"width":2241,"height":1500,"url":"https:\/\/www.hantulantaimi.fi\/wp-content\/uploads\/2019\/03\/adalmina_iso-copy-e1582539522353.jpg","type":"image\/jpeg"}],"twitter_card":"summary_large_image","schema":{"@context":"https:\/\/schema.org","@graph":[{"@type":"WebPage","@id":"https:\/\/www.hantulantaimi.fi\/?product=rhododendron-adalmina-puistoatsalea","url":"https:\/\/www.hantulantaimi.fi\/?product=rhododendron-adalmina-puistoatsalea","name":"RHODODENDRON 'ADALMINA' FinE -Puistoatsalea -","isPartOf":{"@id":"https:\/\/www.hantulantaimi.fi\/#website"},"primaryImageOfPage":{"@id":"https:\/\/www.hantulantaimi.fi\/?product=rhododendron-adalmina-puistoatsalea#primaryimage"},"image":{"@id":"https:\/\/www.hantulantaimi.fi\/?product=rhododendron-adalmina-puistoatsalea#primaryimage"},"thumbnailUrl":"https:\/\/www.hantulantaimi.fi\/wp-content\/uploads\/2019\/03\/adalmina_iso-copy-e1582539522353.jpg","datePublished":"2019-03-21T14:55:09+00:00","dateModified":"2026-01-12T14:57:11+00:00","breadcrumb":{"@id":"https:\/\/www.hantulantaimi.fi\/?product=rhododendron-adalmina-puistoatsalea#breadcrumb"},"inLanguage":"fi","potentialAction":[{"@type":"ReadAction","target":["https:\/\/www.hantulantaimi.fi\/?product=rhododendron-adalmina-puistoatsalea"]}]},{"@type":"ImageObject","inLanguage":"fi","@id":"https:\/\/www.hantulantaimi.fi\/?product=rhododendron-adalmina-puistoatsalea#primaryimage","url":"https:\/\/www.hantulantaimi.fi\/wp-content\/uploads\/2019\/03\/adalmina_iso-copy-e1582539522353.jpg","contentUrl":"https:\/\/www.hantulantaimi.fi\/wp-content\/uploads\/2019\/03\/adalmina_iso-copy-e1582539522353.jpg","width":2241,"height":1500,"caption":"SONY DSC"},{"@type":"BreadcrumbList","@id":"https:\/\/www.hantulantaimi.fi\/?product=rhododendron-adalmina-puistoatsalea#breadcrumb","itemListElement":[{"@type":"ListItem","position":1,"name":"Home","item":"https:\/\/www.hantulantaimi.fi\/"},{"@type":"ListItem","position":2,"name":"Valikoima","item":"https:\/\/www.hantulantaimi.fi\/?page_id=768"},{"@type":"ListItem","position":3,"name":"RHODODENDRON &#8217;ADALMINA&#8217; FinE -Puistoatsalea"}]},{"@type":"WebSite","@id":"https:\/\/www.hantulantaimi.fi\/#website","url":"https:\/\/www.hantulantaimi.fi\/","name":"","description":"","potentialAction":[{"@type":"SearchAction","target":{"@type":"EntryPoint","urlTemplate":"https:\/\/www.hantulantaimi.fi\/?s={search_term_string}"},"query-input":{"@type":"PropertyValueSpecification","valueRequired":true,"valueName":"search_term_string"}}],"inLanguage":"fi"}]}},"_links":{"self":[{"href":"https:\/\/www.hantulantaimi.fi\/index.php?rest_route=\/wp\/v2\/product\/2549","targetHints":{"allow":["GET"]}}],"collection":[{"href":"https:\/\/www.hantulantaimi.fi\/index.php?rest_route=\/wp\/v2\/product"}],"about":[{"href":"https:\/\/www.hantulantaimi.fi\/index.php?rest_route=\/wp\/v2\/types\/product"}],"version-history":[{"count":3,"href":"https:\/\/www.hantulantaimi.fi\/index.php?rest_route=\/wp\/v2\/product\/2549\/revisions"}],"predecessor-version":[{"id":8269,"href":"https:\/\/www.hantulantaimi.fi\/index.php?rest_route=\/wp\/v2\/product\/2549\/revisions\/8269"}],"wp:featuredmedia":[{"embeddable":true,"href":"https:\/\/www.hantulantaimi.fi\/index.php?rest_route=\/wp\/v2\/media\/3199"}],"wp:attachment":[{"href":"https:\/\/www.hantulantaimi.fi\/index.php?rest_route=%2Fwp%2Fv2%2Fmedia&parent=2549"}],"wp:term":[{"taxonomy":"product_brand","embeddable":true,"href":"https:\/\/www.hantulantaimi.fi\/index.php?rest_route=%2Fwp%2Fv2%2Fproduct_brand&post=2549"},{"taxonomy":"product_cat","embeddable":true,"href":"https:\/\/www.hantulantaimi.fi\/index.php?rest_route=%2Fwp%2Fv2%2Fproduct_cat&post=2549"},{"taxonomy":"product_tag","embeddable":true,"href":"https:\/\/www.hantulantaimi.fi\/index.php?rest_route=%2Fwp%2Fv2%2Fproduct_tag&post=2549"}],"curies":[{"name":"wp","href":"https:\/\/api.w.org\/{rel}","templated":true}]}}