{"id":2513,"date":"2019-03-21T16:03:47","date_gmt":"2019-03-21T14:03:47","guid":{"rendered":"https:\/\/www.hantulantaimi.fi\/?post_type=product&#038;p=2513"},"modified":"2023-01-25T13:00:24","modified_gmt":"2023-01-25T11:00:24","slug":"hippophae-rhamnoides-tarmo-tyrni","status":"publish","type":"product","link":"https:\/\/www.hantulantaimi.fi\/?product=hippophae-rhamnoides-tarmo-tyrni","title":{"rendered":"HIPPOPHAE RHAMNOIDES \u2019TARMO\u2019  -Tyrni"},"content":{"rendered":"","protected":false},"excerpt":{"rendered":"<p>Ruukkutaimi P13<br \/>\nHedelajike, py\u00f6re\u00e4, tihe\u00e4sti haarova, jonkin verran piikkinen pensas, runsaasti kukkiva &#8217;Tarmo&#8217; pystyy p\u00f6lytt\u00e4m\u00e4\u00e4n emilajikkeet &#8217;Terhi&#8217; ja &#8217;Tytti&#8217; sek\u00e4 vanhemman suomalaisen Raisa-lajikkeen. Yksi &#8221;poikatyrni&#8221; p\u00f6lytt\u00e4\u00e4 vaivatta nelj\u00e4 emityrni\u00e4.<br \/>\nTaimiv\u00e4li: 2-3 m<br \/>\nKasvupaikka: tulee olla ehdottomasti aurinkoinen, maan laadun suhteen se ei ole vaatelias, vaan viihtyy sek\u00e4 hiekka- ett\u00e4 multamailla, typpilannoitusta ei tarvita sill\u00e4 tyrni sitoo itse typpe\u00e4, maa kalkitaan reilusti, arka kuivumiselle istutuksen j\u00e4lkeen, joten pensaat kastellaan s\u00e4\u00e4nn\u00f6llisesti juurtumisen ajan.<br \/>\nVy\u00f6hyke:  V<\/p>\n","protected":false},"featured_media":2961,"template":"","meta":{"site-sidebar-layout":"default","site-content-layout":"default","ast-site-content-layout":"default","site-content-style":"default","site-sidebar-style":"default","ast-global-header-display":"","ast-banner-title-visibility":"","ast-main-header-display":"","ast-hfb-above-header-display":"","ast-hfb-below-header-display":"","ast-hfb-mobile-header-display":"","site-post-title":"","ast-breadcrumbs-content":"","ast-featured-img":"","footer-sml-layout":"","theme-transparent-header-meta":"default","adv-header-id-meta":"","stick-header-meta":"","header-above-stick-meta":"","header-main-stick-meta":"","header-below-stick-meta":"","astra-migrate-meta-layouts":"default","ast-page-background-enabled":"default","ast-page-background-meta":{"desktop":{"background-color":"","background-image":"","background-repeat":"repeat","background-position":"center center","background-size":"auto","background-attachment":"scroll","background-type":"","background-media":"","overlay-type":"","overlay-color":"","overlay-opacity":"","overlay-gradient":""},"tablet":{"background-color":"","background-image":"","background-repeat":"repeat","background-position":"center center","background-size":"auto","background-attachment":"scroll","background-type":"","background-media":"","overlay-type":"","overlay-color":"","overlay-opacity":"","overlay-gradient":""},"mobile":{"background-color":"","background-image":"","background-repeat":"repeat","background-position":"center center","background-size":"auto","background-attachment":"scroll","background-type":"","background-media":"","overlay-type":"","overlay-color":"","overlay-opacity":"","overlay-gradient":""}},"ast-content-background-meta":{"desktop":{"background-color":"var(--ast-global-color-5)","background-image":"","background-repeat":"repeat","background-position":"center center","background-size":"auto","background-attachment":"scroll","background-type":"","background-media":"","overlay-type":"","overlay-color":"","overlay-opacity":"","overlay-gradient":""},"tablet":{"background-color":"var(--ast-global-color-5)","background-image":"","background-repeat":"repeat","background-position":"center center","background-size":"auto","background-attachment":"scroll","background-type":"","background-media":"","overlay-type":"","overlay-color":"","overlay-opacity":"","overlay-gradient":""},"mobile":{"background-color":"var(--ast-global-color-5)","background-image":"","background-repeat":"repeat","background-position":"center center","background-size":"auto","background-attachment":"scroll","background-type":"","background-media":"","overlay-type":"","overlay-color":"","overlay-opacity":"","overlay-gradient":""}}},"product_brand":[],"product_cat":[57],"product_tag":[],"class_list":{"0":"post-2513","1":"product","2":"type-product","3":"status-publish","4":"has-post-thumbnail","6":"product_cat-marjahedelma","7":"desktop-align-left","8":"tablet-align-left","9":"mobile-align-left","11":"first","12":"instock","13":"shipping-taxable","14":"purchasable","15":"product-type-simple"},"yoast_head":"<!-- This site is optimized with the Yoast SEO plugin v26.9 - https:\/\/yoast.com\/product\/yoast-seo-wordpress\/ -->\n<title>HIPPOPHAE RHAMNOIDES \u2019TARMO\u2019 -Tyrni -<\/title>\n<meta name=\"robots\" content=\"index, follow, max-snippet:-1, max-image-preview:large, max-video-preview:-1\" \/>\n<link rel=\"canonical\" href=\"https:\/\/www.hantulantaimi.fi\/?product=hippophae-rhamnoides-tarmo-tyrni\" \/>\n<meta property=\"og:locale\" content=\"fi_FI\" \/>\n<meta property=\"og:type\" content=\"article\" \/>\n<meta property=\"og:title\" content=\"HIPPOPHAE RHAMNOIDES \u2019TARMO\u2019 -Tyrni -\" \/>\n<meta property=\"og:description\" content=\"Ruukkutaimi P13 Hedelajike, py\u00f6re\u00e4, tihe\u00e4sti haarova, jonkin verran piikkinen pensas, runsaasti kukkiva &#039;Tarmo&#039; pystyy p\u00f6lytt\u00e4m\u00e4\u00e4n emilajikkeet &#039;Terhi&#039; ja &#039;Tytti&#039; sek\u00e4 vanhemman suomalaisen Raisa-lajikkeen. Yksi &quot;poikatyrni&quot; p\u00f6lytt\u00e4\u00e4 vaivatta nelj\u00e4 emityrni\u00e4. Taimiv\u00e4li: 2-3 m Kasvupaikka: tulee olla ehdottomasti aurinkoinen, maan laadun suhteen se ei ole vaatelias, vaan viihtyy sek\u00e4 hiekka- ett\u00e4 multamailla, typpilannoitusta ei tarvita sill\u00e4 tyrni sitoo itse typpe\u00e4, maa kalkitaan reilusti, arka kuivumiselle istutuksen j\u00e4lkeen, joten pensaat kastellaan s\u00e4\u00e4nn\u00f6llisesti juurtumisen ajan. Vy\u00f6hyke: V\" \/>\n<meta property=\"og:url\" content=\"https:\/\/www.hantulantaimi.fi\/?product=hippophae-rhamnoides-tarmo-tyrni\" \/>\n<meta property=\"article:modified_time\" content=\"2023-01-25T11:00:24+00:00\" \/>\n<meta property=\"og:image\" content=\"https:\/\/www.hantulantaimi.fi\/wp-content\/uploads\/2019\/03\/Hippophae_Kivenlahti-copy-e1582539821430.jpg\" \/>\n\t<meta property=\"og:image:width\" content=\"2000\" \/>\n\t<meta property=\"og:image:height\" content=\"1500\" \/>\n\t<meta property=\"og:image:type\" content=\"image\/jpeg\" \/>\n<meta name=\"twitter:card\" content=\"summary_large_image\" \/>\n<script type=\"application\/ld+json\" class=\"yoast-schema-graph\">{\"@context\":\"https:\/\/schema.org\",\"@graph\":[{\"@type\":\"WebPage\",\"@id\":\"https:\/\/www.hantulantaimi.fi\/?product=hippophae-rhamnoides-tarmo-tyrni\",\"url\":\"https:\/\/www.hantulantaimi.fi\/?product=hippophae-rhamnoides-tarmo-tyrni\",\"name\":\"HIPPOPHAE RHAMNOIDES \u2019TARMO\u2019 -Tyrni -\",\"isPartOf\":{\"@id\":\"https:\/\/www.hantulantaimi.fi\/#website\"},\"primaryImageOfPage\":{\"@id\":\"https:\/\/www.hantulantaimi.fi\/?product=hippophae-rhamnoides-tarmo-tyrni#primaryimage\"},\"image\":{\"@id\":\"https:\/\/www.hantulantaimi.fi\/?product=hippophae-rhamnoides-tarmo-tyrni#primaryimage\"},\"thumbnailUrl\":\"https:\/\/www.hantulantaimi.fi\/wp-content\/uploads\/2019\/03\/Hippophae_Kivenlahti-copy-e1582539821430.jpg\",\"datePublished\":\"2019-03-21T14:03:47+00:00\",\"dateModified\":\"2023-01-25T11:00:24+00:00\",\"breadcrumb\":{\"@id\":\"https:\/\/www.hantulantaimi.fi\/?product=hippophae-rhamnoides-tarmo-tyrni#breadcrumb\"},\"inLanguage\":\"fi\",\"potentialAction\":[{\"@type\":\"ReadAction\",\"target\":[\"https:\/\/www.hantulantaimi.fi\/?product=hippophae-rhamnoides-tarmo-tyrni\"]}]},{\"@type\":\"ImageObject\",\"inLanguage\":\"fi\",\"@id\":\"https:\/\/www.hantulantaimi.fi\/?product=hippophae-rhamnoides-tarmo-tyrni#primaryimage\",\"url\":\"https:\/\/www.hantulantaimi.fi\/wp-content\/uploads\/2019\/03\/Hippophae_Kivenlahti-copy-e1582539821430.jpg\",\"contentUrl\":\"https:\/\/www.hantulantaimi.fi\/wp-content\/uploads\/2019\/03\/Hippophae_Kivenlahti-copy-e1582539821430.jpg\",\"width\":2000,\"height\":1500,\"caption\":\"Ella R\u00e4ty, Espoo 12.6.2004\"},{\"@type\":\"BreadcrumbList\",\"@id\":\"https:\/\/www.hantulantaimi.fi\/?product=hippophae-rhamnoides-tarmo-tyrni#breadcrumb\",\"itemListElement\":[{\"@type\":\"ListItem\",\"position\":1,\"name\":\"Home\",\"item\":\"https:\/\/www.hantulantaimi.fi\/\"},{\"@type\":\"ListItem\",\"position\":2,\"name\":\"Valikoima\",\"item\":\"https:\/\/www.hantulantaimi.fi\/?page_id=768\"},{\"@type\":\"ListItem\",\"position\":3,\"name\":\"HIPPOPHAE RHAMNOIDES \u2019TARMO\u2019 -Tyrni\"}]},{\"@type\":\"WebSite\",\"@id\":\"https:\/\/www.hantulantaimi.fi\/#website\",\"url\":\"https:\/\/www.hantulantaimi.fi\/\",\"name\":\"\",\"description\":\"\",\"potentialAction\":[{\"@type\":\"SearchAction\",\"target\":{\"@type\":\"EntryPoint\",\"urlTemplate\":\"https:\/\/www.hantulantaimi.fi\/?s={search_term_string}\"},\"query-input\":{\"@type\":\"PropertyValueSpecification\",\"valueRequired\":true,\"valueName\":\"search_term_string\"}}],\"inLanguage\":\"fi\"}]}<\/script>\n<!-- \/ Yoast SEO plugin. -->","yoast_head_json":{"title":"HIPPOPHAE RHAMNOIDES \u2019TARMO\u2019 -Tyrni -","robots":{"index":"index","follow":"follow","max-snippet":"max-snippet:-1","max-image-preview":"max-image-preview:large","max-video-preview":"max-video-preview:-1"},"canonical":"https:\/\/www.hantulantaimi.fi\/?product=hippophae-rhamnoides-tarmo-tyrni","og_locale":"fi_FI","og_type":"article","og_title":"HIPPOPHAE RHAMNOIDES \u2019TARMO\u2019 -Tyrni -","og_description":"Ruukkutaimi P13 Hedelajike, py\u00f6re\u00e4, tihe\u00e4sti haarova, jonkin verran piikkinen pensas, runsaasti kukkiva 'Tarmo' pystyy p\u00f6lytt\u00e4m\u00e4\u00e4n emilajikkeet 'Terhi' ja 'Tytti' sek\u00e4 vanhemman suomalaisen Raisa-lajikkeen. Yksi \"poikatyrni\" p\u00f6lytt\u00e4\u00e4 vaivatta nelj\u00e4 emityrni\u00e4. Taimiv\u00e4li: 2-3 m Kasvupaikka: tulee olla ehdottomasti aurinkoinen, maan laadun suhteen se ei ole vaatelias, vaan viihtyy sek\u00e4 hiekka- ett\u00e4 multamailla, typpilannoitusta ei tarvita sill\u00e4 tyrni sitoo itse typpe\u00e4, maa kalkitaan reilusti, arka kuivumiselle istutuksen j\u00e4lkeen, joten pensaat kastellaan s\u00e4\u00e4nn\u00f6llisesti juurtumisen ajan. Vy\u00f6hyke: V","og_url":"https:\/\/www.hantulantaimi.fi\/?product=hippophae-rhamnoides-tarmo-tyrni","article_modified_time":"2023-01-25T11:00:24+00:00","og_image":[{"width":2000,"height":1500,"url":"https:\/\/www.hantulantaimi.fi\/wp-content\/uploads\/2019\/03\/Hippophae_Kivenlahti-copy-e1582539821430.jpg","type":"image\/jpeg"}],"twitter_card":"summary_large_image","schema":{"@context":"https:\/\/schema.org","@graph":[{"@type":"WebPage","@id":"https:\/\/www.hantulantaimi.fi\/?product=hippophae-rhamnoides-tarmo-tyrni","url":"https:\/\/www.hantulantaimi.fi\/?product=hippophae-rhamnoides-tarmo-tyrni","name":"HIPPOPHAE RHAMNOIDES \u2019TARMO\u2019 -Tyrni -","isPartOf":{"@id":"https:\/\/www.hantulantaimi.fi\/#website"},"primaryImageOfPage":{"@id":"https:\/\/www.hantulantaimi.fi\/?product=hippophae-rhamnoides-tarmo-tyrni#primaryimage"},"image":{"@id":"https:\/\/www.hantulantaimi.fi\/?product=hippophae-rhamnoides-tarmo-tyrni#primaryimage"},"thumbnailUrl":"https:\/\/www.hantulantaimi.fi\/wp-content\/uploads\/2019\/03\/Hippophae_Kivenlahti-copy-e1582539821430.jpg","datePublished":"2019-03-21T14:03:47+00:00","dateModified":"2023-01-25T11:00:24+00:00","breadcrumb":{"@id":"https:\/\/www.hantulantaimi.fi\/?product=hippophae-rhamnoides-tarmo-tyrni#breadcrumb"},"inLanguage":"fi","potentialAction":[{"@type":"ReadAction","target":["https:\/\/www.hantulantaimi.fi\/?product=hippophae-rhamnoides-tarmo-tyrni"]}]},{"@type":"ImageObject","inLanguage":"fi","@id":"https:\/\/www.hantulantaimi.fi\/?product=hippophae-rhamnoides-tarmo-tyrni#primaryimage","url":"https:\/\/www.hantulantaimi.fi\/wp-content\/uploads\/2019\/03\/Hippophae_Kivenlahti-copy-e1582539821430.jpg","contentUrl":"https:\/\/www.hantulantaimi.fi\/wp-content\/uploads\/2019\/03\/Hippophae_Kivenlahti-copy-e1582539821430.jpg","width":2000,"height":1500,"caption":"Ella R\u00e4ty, Espoo 12.6.2004"},{"@type":"BreadcrumbList","@id":"https:\/\/www.hantulantaimi.fi\/?product=hippophae-rhamnoides-tarmo-tyrni#breadcrumb","itemListElement":[{"@type":"ListItem","position":1,"name":"Home","item":"https:\/\/www.hantulantaimi.fi\/"},{"@type":"ListItem","position":2,"name":"Valikoima","item":"https:\/\/www.hantulantaimi.fi\/?page_id=768"},{"@type":"ListItem","position":3,"name":"HIPPOPHAE RHAMNOIDES \u2019TARMO\u2019 -Tyrni"}]},{"@type":"WebSite","@id":"https:\/\/www.hantulantaimi.fi\/#website","url":"https:\/\/www.hantulantaimi.fi\/","name":"","description":"","potentialAction":[{"@type":"SearchAction","target":{"@type":"EntryPoint","urlTemplate":"https:\/\/www.hantulantaimi.fi\/?s={search_term_string}"},"query-input":{"@type":"PropertyValueSpecification","valueRequired":true,"valueName":"search_term_string"}}],"inLanguage":"fi"}]}},"_links":{"self":[{"href":"https:\/\/www.hantulantaimi.fi\/index.php?rest_route=\/wp\/v2\/product\/2513","targetHints":{"allow":["GET"]}}],"collection":[{"href":"https:\/\/www.hantulantaimi.fi\/index.php?rest_route=\/wp\/v2\/product"}],"about":[{"href":"https:\/\/www.hantulantaimi.fi\/index.php?rest_route=\/wp\/v2\/types\/product"}],"version-history":[{"count":3,"href":"https:\/\/www.hantulantaimi.fi\/index.php?rest_route=\/wp\/v2\/product\/2513\/revisions"}],"predecessor-version":[{"id":7043,"href":"https:\/\/www.hantulantaimi.fi\/index.php?rest_route=\/wp\/v2\/product\/2513\/revisions\/7043"}],"wp:featuredmedia":[{"embeddable":true,"href":"https:\/\/www.hantulantaimi.fi\/index.php?rest_route=\/wp\/v2\/media\/2961"}],"wp:attachment":[{"href":"https:\/\/www.hantulantaimi.fi\/index.php?rest_route=%2Fwp%2Fv2%2Fmedia&parent=2513"}],"wp:term":[{"taxonomy":"product_brand","embeddable":true,"href":"https:\/\/www.hantulantaimi.fi\/index.php?rest_route=%2Fwp%2Fv2%2Fproduct_brand&post=2513"},{"taxonomy":"product_cat","embeddable":true,"href":"https:\/\/www.hantulantaimi.fi\/index.php?rest_route=%2Fwp%2Fv2%2Fproduct_cat&post=2513"},{"taxonomy":"product_tag","embeddable":true,"href":"https:\/\/www.hantulantaimi.fi\/index.php?rest_route=%2Fwp%2Fv2%2Fproduct_tag&post=2513"}],"curies":[{"name":"wp","href":"https:\/\/api.w.org\/{rel}","templated":true}]}}