{"id":2503,"date":"2019-03-21T15:48:27","date_gmt":"2019-03-21T15:48:27","guid":{"rendered":"https:\/\/www.hantulantaimi.fi\/?post_type=product&#038;p=2503"},"modified":"2024-02-27T17:09:41","modified_gmt":"2024-02-27T15:09:41","slug":"vitis-zilga-tarhaojukkaviini","status":"publish","type":"product","link":"https:\/\/www.hantulantaimi.fi\/?product=vitis-zilga-tarhaojukkaviini","title":{"rendered":"VITIS &#8217;ZILGA&#8217;  -Tarhaojukkaviini"},"content":{"rendered":"","protected":false},"excerpt":{"rendered":"<p>Astiataimi C2<br \/>\nVoimakaskasvuinen, satoisa, tummansiniset pienehk\u00f6t-keskikokoiset, aromiltaan miellytt\u00e4v\u00e4n mustikkamaiset marjat. Rehev\u00e4\u00e4 k\u00f6ynn\u00f6st\u00e4 kannattaa leikata kahdesti vuodessa, jotta ryp\u00e4leet saavat valoa ja kypsyv\u00e4t ajoissa, uusia versoja leikataan kes\u00e4ll\u00e4 ja vanhempia versoja syksyll\u00e4 lehtien varistua. Talvehtii my\u00f6s avomaalla, mutta istutus kasvi- tai viherhuoneeseen varmistaa ryp\u00e4leiden kypsymisen. Peittely talveksi pakkaspeitteell\u00e4 varmistaa talvehtimista.<br \/>\nTaimiv\u00e4li: 1 m<br \/>\nKasvupaikka: paikan tulee olla aurinkoinen, kasvualusta noin 60 cm syv\u00e4, tuore, runsashumuksinen ja -ravinteinen maa, ei sied\u00e4 talvim\u00e4rkyytt\u00e4<br \/>\nVy\u00f6hyke: IV.<\/p>\n","protected":false},"featured_media":4762,"template":"","meta":{"site-sidebar-layout":"default","site-content-layout":"default","ast-site-content-layout":"default","site-content-style":"default","site-sidebar-style":"default","ast-global-header-display":"","ast-banner-title-visibility":"","ast-main-header-display":"","ast-hfb-above-header-display":"","ast-hfb-below-header-display":"","ast-hfb-mobile-header-display":"","site-post-title":"","ast-breadcrumbs-content":"","ast-featured-img":"","footer-sml-layout":"","theme-transparent-header-meta":"default","adv-header-id-meta":"","stick-header-meta":"","header-above-stick-meta":"","header-main-stick-meta":"","header-below-stick-meta":"","astra-migrate-meta-layouts":"default","ast-page-background-enabled":"default","ast-page-background-meta":{"desktop":{"background-color":"","background-image":"","background-repeat":"repeat","background-position":"center center","background-size":"auto","background-attachment":"scroll","background-type":"","background-media":"","overlay-type":"","overlay-color":"","overlay-opacity":"","overlay-gradient":""},"tablet":{"background-color":"","background-image":"","background-repeat":"repeat","background-position":"center center","background-size":"auto","background-attachment":"scroll","background-type":"","background-media":"","overlay-type":"","overlay-color":"","overlay-opacity":"","overlay-gradient":""},"mobile":{"background-color":"","background-image":"","background-repeat":"repeat","background-position":"center center","background-size":"auto","background-attachment":"scroll","background-type":"","background-media":"","overlay-type":"","overlay-color":"","overlay-opacity":"","overlay-gradient":""}},"ast-content-background-meta":{"desktop":{"background-color":"var(--ast-global-color-5)","background-image":"","background-repeat":"repeat","background-position":"center center","background-size":"auto","background-attachment":"scroll","background-type":"","background-media":"","overlay-type":"","overlay-color":"","overlay-opacity":"","overlay-gradient":""},"tablet":{"background-color":"var(--ast-global-color-5)","background-image":"","background-repeat":"repeat","background-position":"center center","background-size":"auto","background-attachment":"scroll","background-type":"","background-media":"","overlay-type":"","overlay-color":"","overlay-opacity":"","overlay-gradient":""},"mobile":{"background-color":"var(--ast-global-color-5)","background-image":"","background-repeat":"repeat","background-position":"center center","background-size":"auto","background-attachment":"scroll","background-type":"","background-media":"","overlay-type":"","overlay-color":"","overlay-opacity":"","overlay-gradient":""}}},"product_brand":[],"product_cat":[57],"product_tag":[98],"class_list":{"0":"post-2503","1":"product","2":"type-product","3":"status-publish","4":"has-post-thumbnail","6":"product_cat-marjahedelma","7":"product_tag-viinirypale","8":"desktop-align-left","9":"tablet-align-left","10":"mobile-align-left","12":"first","13":"instock","14":"shipping-taxable","15":"purchasable","16":"product-type-simple"},"yoast_head":"<!-- This site is optimized with the Yoast SEO plugin v26.9 - https:\/\/yoast.com\/product\/yoast-seo-wordpress\/ -->\n<title>VITIS &#039;ZILGA&#039; -Tarhaojukkaviini -<\/title>\n<meta name=\"robots\" content=\"index, follow, max-snippet:-1, max-image-preview:large, max-video-preview:-1\" \/>\n<link rel=\"canonical\" href=\"https:\/\/www.hantulantaimi.fi\/?product=vitis-zilga-tarhaojukkaviini\" \/>\n<meta property=\"og:locale\" content=\"fi_FI\" \/>\n<meta property=\"og:type\" content=\"article\" \/>\n<meta property=\"og:title\" content=\"VITIS &#039;ZILGA&#039; -Tarhaojukkaviini -\" \/>\n<meta property=\"og:description\" content=\"Astiataimi C2 Voimakaskasvuinen, satoisa, tummansiniset pienehk\u00f6t-keskikokoiset, aromiltaan miellytt\u00e4v\u00e4n mustikkamaiset marjat. Rehev\u00e4\u00e4 k\u00f6ynn\u00f6st\u00e4 kannattaa leikata kahdesti vuodessa, jotta ryp\u00e4leet saavat valoa ja kypsyv\u00e4t ajoissa, uusia versoja leikataan kes\u00e4ll\u00e4 ja vanhempia versoja syksyll\u00e4 lehtien varistua. Talvehtii my\u00f6s avomaalla, mutta istutus kasvi- tai viherhuoneeseen varmistaa ryp\u00e4leiden kypsymisen. Peittely talveksi pakkaspeitteell\u00e4 varmistaa talvehtimista. Taimiv\u00e4li: 1 m Kasvupaikka: paikan tulee olla aurinkoinen, kasvualusta noin 60 cm syv\u00e4, tuore, runsashumuksinen ja -ravinteinen maa, ei sied\u00e4 talvim\u00e4rkyytt\u00e4 Vy\u00f6hyke: IV.\" \/>\n<meta property=\"og:url\" content=\"https:\/\/www.hantulantaimi.fi\/?product=vitis-zilga-tarhaojukkaviini\" \/>\n<meta property=\"article:modified_time\" content=\"2024-02-27T15:09:41+00:00\" \/>\n<meta property=\"og:image\" content=\"https:\/\/www.hantulantaimi.fi\/wp-content\/uploads\/2019\/03\/zilga-copy.jpg\" \/>\n\t<meta property=\"og:image:width\" content=\"1152\" \/>\n\t<meta property=\"og:image:height\" content=\"2048\" \/>\n\t<meta property=\"og:image:type\" content=\"image\/jpeg\" \/>\n<meta name=\"twitter:card\" content=\"summary_large_image\" \/>\n<script type=\"application\/ld+json\" class=\"yoast-schema-graph\">{\"@context\":\"https:\/\/schema.org\",\"@graph\":[{\"@type\":\"WebPage\",\"@id\":\"https:\/\/www.hantulantaimi.fi\/?product=vitis-zilga-tarhaojukkaviini\",\"url\":\"https:\/\/www.hantulantaimi.fi\/?product=vitis-zilga-tarhaojukkaviini\",\"name\":\"VITIS 'ZILGA' -Tarhaojukkaviini -\",\"isPartOf\":{\"@id\":\"https:\/\/www.hantulantaimi.fi\/#website\"},\"primaryImageOfPage\":{\"@id\":\"https:\/\/www.hantulantaimi.fi\/?product=vitis-zilga-tarhaojukkaviini#primaryimage\"},\"image\":{\"@id\":\"https:\/\/www.hantulantaimi.fi\/?product=vitis-zilga-tarhaojukkaviini#primaryimage\"},\"thumbnailUrl\":\"https:\/\/www.hantulantaimi.fi\/wp-content\/uploads\/2019\/03\/zilga-copy.jpg\",\"datePublished\":\"2019-03-21T15:48:27+00:00\",\"dateModified\":\"2024-02-27T15:09:41+00:00\",\"breadcrumb\":{\"@id\":\"https:\/\/www.hantulantaimi.fi\/?product=vitis-zilga-tarhaojukkaviini#breadcrumb\"},\"inLanguage\":\"fi\",\"potentialAction\":[{\"@type\":\"ReadAction\",\"target\":[\"https:\/\/www.hantulantaimi.fi\/?product=vitis-zilga-tarhaojukkaviini\"]}]},{\"@type\":\"ImageObject\",\"inLanguage\":\"fi\",\"@id\":\"https:\/\/www.hantulantaimi.fi\/?product=vitis-zilga-tarhaojukkaviini#primaryimage\",\"url\":\"https:\/\/www.hantulantaimi.fi\/wp-content\/uploads\/2019\/03\/zilga-copy.jpg\",\"contentUrl\":\"https:\/\/www.hantulantaimi.fi\/wp-content\/uploads\/2019\/03\/zilga-copy.jpg\",\"width\":1152,\"height\":2048},{\"@type\":\"BreadcrumbList\",\"@id\":\"https:\/\/www.hantulantaimi.fi\/?product=vitis-zilga-tarhaojukkaviini#breadcrumb\",\"itemListElement\":[{\"@type\":\"ListItem\",\"position\":1,\"name\":\"Home\",\"item\":\"https:\/\/www.hantulantaimi.fi\/\"},{\"@type\":\"ListItem\",\"position\":2,\"name\":\"Valikoima\",\"item\":\"https:\/\/www.hantulantaimi.fi\/?page_id=768\"},{\"@type\":\"ListItem\",\"position\":3,\"name\":\"VITIS &#8217;ZILGA&#8217; -Tarhaojukkaviini\"}]},{\"@type\":\"WebSite\",\"@id\":\"https:\/\/www.hantulantaimi.fi\/#website\",\"url\":\"https:\/\/www.hantulantaimi.fi\/\",\"name\":\"\",\"description\":\"\",\"potentialAction\":[{\"@type\":\"SearchAction\",\"target\":{\"@type\":\"EntryPoint\",\"urlTemplate\":\"https:\/\/www.hantulantaimi.fi\/?s={search_term_string}\"},\"query-input\":{\"@type\":\"PropertyValueSpecification\",\"valueRequired\":true,\"valueName\":\"search_term_string\"}}],\"inLanguage\":\"fi\"}]}<\/script>\n<!-- \/ Yoast SEO plugin. -->","yoast_head_json":{"title":"VITIS 'ZILGA' -Tarhaojukkaviini -","robots":{"index":"index","follow":"follow","max-snippet":"max-snippet:-1","max-image-preview":"max-image-preview:large","max-video-preview":"max-video-preview:-1"},"canonical":"https:\/\/www.hantulantaimi.fi\/?product=vitis-zilga-tarhaojukkaviini","og_locale":"fi_FI","og_type":"article","og_title":"VITIS 'ZILGA' -Tarhaojukkaviini -","og_description":"Astiataimi C2 Voimakaskasvuinen, satoisa, tummansiniset pienehk\u00f6t-keskikokoiset, aromiltaan miellytt\u00e4v\u00e4n mustikkamaiset marjat. Rehev\u00e4\u00e4 k\u00f6ynn\u00f6st\u00e4 kannattaa leikata kahdesti vuodessa, jotta ryp\u00e4leet saavat valoa ja kypsyv\u00e4t ajoissa, uusia versoja leikataan kes\u00e4ll\u00e4 ja vanhempia versoja syksyll\u00e4 lehtien varistua. Talvehtii my\u00f6s avomaalla, mutta istutus kasvi- tai viherhuoneeseen varmistaa ryp\u00e4leiden kypsymisen. Peittely talveksi pakkaspeitteell\u00e4 varmistaa talvehtimista. Taimiv\u00e4li: 1 m Kasvupaikka: paikan tulee olla aurinkoinen, kasvualusta noin 60 cm syv\u00e4, tuore, runsashumuksinen ja -ravinteinen maa, ei sied\u00e4 talvim\u00e4rkyytt\u00e4 Vy\u00f6hyke: IV.","og_url":"https:\/\/www.hantulantaimi.fi\/?product=vitis-zilga-tarhaojukkaviini","article_modified_time":"2024-02-27T15:09:41+00:00","og_image":[{"width":1152,"height":2048,"url":"https:\/\/www.hantulantaimi.fi\/wp-content\/uploads\/2019\/03\/zilga-copy.jpg","type":"image\/jpeg"}],"twitter_card":"summary_large_image","schema":{"@context":"https:\/\/schema.org","@graph":[{"@type":"WebPage","@id":"https:\/\/www.hantulantaimi.fi\/?product=vitis-zilga-tarhaojukkaviini","url":"https:\/\/www.hantulantaimi.fi\/?product=vitis-zilga-tarhaojukkaviini","name":"VITIS 'ZILGA' -Tarhaojukkaviini -","isPartOf":{"@id":"https:\/\/www.hantulantaimi.fi\/#website"},"primaryImageOfPage":{"@id":"https:\/\/www.hantulantaimi.fi\/?product=vitis-zilga-tarhaojukkaviini#primaryimage"},"image":{"@id":"https:\/\/www.hantulantaimi.fi\/?product=vitis-zilga-tarhaojukkaviini#primaryimage"},"thumbnailUrl":"https:\/\/www.hantulantaimi.fi\/wp-content\/uploads\/2019\/03\/zilga-copy.jpg","datePublished":"2019-03-21T15:48:27+00:00","dateModified":"2024-02-27T15:09:41+00:00","breadcrumb":{"@id":"https:\/\/www.hantulantaimi.fi\/?product=vitis-zilga-tarhaojukkaviini#breadcrumb"},"inLanguage":"fi","potentialAction":[{"@type":"ReadAction","target":["https:\/\/www.hantulantaimi.fi\/?product=vitis-zilga-tarhaojukkaviini"]}]},{"@type":"ImageObject","inLanguage":"fi","@id":"https:\/\/www.hantulantaimi.fi\/?product=vitis-zilga-tarhaojukkaviini#primaryimage","url":"https:\/\/www.hantulantaimi.fi\/wp-content\/uploads\/2019\/03\/zilga-copy.jpg","contentUrl":"https:\/\/www.hantulantaimi.fi\/wp-content\/uploads\/2019\/03\/zilga-copy.jpg","width":1152,"height":2048},{"@type":"BreadcrumbList","@id":"https:\/\/www.hantulantaimi.fi\/?product=vitis-zilga-tarhaojukkaviini#breadcrumb","itemListElement":[{"@type":"ListItem","position":1,"name":"Home","item":"https:\/\/www.hantulantaimi.fi\/"},{"@type":"ListItem","position":2,"name":"Valikoima","item":"https:\/\/www.hantulantaimi.fi\/?page_id=768"},{"@type":"ListItem","position":3,"name":"VITIS &#8217;ZILGA&#8217; -Tarhaojukkaviini"}]},{"@type":"WebSite","@id":"https:\/\/www.hantulantaimi.fi\/#website","url":"https:\/\/www.hantulantaimi.fi\/","name":"","description":"","potentialAction":[{"@type":"SearchAction","target":{"@type":"EntryPoint","urlTemplate":"https:\/\/www.hantulantaimi.fi\/?s={search_term_string}"},"query-input":{"@type":"PropertyValueSpecification","valueRequired":true,"valueName":"search_term_string"}}],"inLanguage":"fi"}]}},"_links":{"self":[{"href":"https:\/\/www.hantulantaimi.fi\/index.php?rest_route=\/wp\/v2\/product\/2503","targetHints":{"allow":["GET"]}}],"collection":[{"href":"https:\/\/www.hantulantaimi.fi\/index.php?rest_route=\/wp\/v2\/product"}],"about":[{"href":"https:\/\/www.hantulantaimi.fi\/index.php?rest_route=\/wp\/v2\/types\/product"}],"version-history":[{"count":1,"href":"https:\/\/www.hantulantaimi.fi\/index.php?rest_route=\/wp\/v2\/product\/2503\/revisions"}],"predecessor-version":[{"id":7531,"href":"https:\/\/www.hantulantaimi.fi\/index.php?rest_route=\/wp\/v2\/product\/2503\/revisions\/7531"}],"wp:featuredmedia":[{"embeddable":true,"href":"https:\/\/www.hantulantaimi.fi\/index.php?rest_route=\/wp\/v2\/media\/4762"}],"wp:attachment":[{"href":"https:\/\/www.hantulantaimi.fi\/index.php?rest_route=%2Fwp%2Fv2%2Fmedia&parent=2503"}],"wp:term":[{"taxonomy":"product_brand","embeddable":true,"href":"https:\/\/www.hantulantaimi.fi\/index.php?rest_route=%2Fwp%2Fv2%2Fproduct_brand&post=2503"},{"taxonomy":"product_cat","embeddable":true,"href":"https:\/\/www.hantulantaimi.fi\/index.php?rest_route=%2Fwp%2Fv2%2Fproduct_cat&post=2503"},{"taxonomy":"product_tag","embeddable":true,"href":"https:\/\/www.hantulantaimi.fi\/index.php?rest_route=%2Fwp%2Fv2%2Fproduct_tag&post=2503"}],"curies":[{"name":"wp","href":"https:\/\/api.w.org\/{rel}","templated":true}]}}