{"id":2365,"date":"2019-03-21T13:09:56","date_gmt":"2019-03-21T11:09:56","guid":{"rendered":"https:\/\/www.hantulantaimi.fi\/?post_type=product&#038;p=2365"},"modified":"2024-02-27T17:00:28","modified_gmt":"2024-02-27T15:00:28","slug":"malus-hyvingiensis-rautatienomenapuu","status":"publish","type":"product","link":"https:\/\/www.hantulantaimi.fi\/?product=malus-hyvingiensis-rautatienomenapuu","title":{"rendered":"MALUS &#8217;HYVINGIENSIS&#8217;  -Rautatienomenapuu"},"content":{"rendered":"","protected":false},"excerpt":{"rendered":"<p>Myyntikoko: 160-180 cm<br \/>\nRiippuvaoksainen<br \/>\nKukinta: valkoiset nuppuisena vaaleanpunaiset kukat kes\u00e4kuussa, kellanvihre\u00e4t aurinkopuolelta punertavat 4-5 cm hedelm\u00e4t ovat mehukkaita ja talousk\u00e4ytt\u00f6\u00f6n kelpaavia.<br \/>\nKorkeus: 2-4 m.<br \/>\nKasvupaikka: suosii hyvin vett\u00e4 l\u00e4p\u00e4isev\u00e4\u00e4, syv\u00e4multaista, tuoretta, runsasravinteista ja kalkittua maata, valoisa paikka takaa runsaan kukinnan ja hedelm\u00e4sadon<br \/>\nVy\u00f6hyke: V<\/p>\n","protected":false},"featured_media":2366,"template":"","meta":{"site-sidebar-layout":"default","site-content-layout":"default","ast-site-content-layout":"default","site-content-style":"default","site-sidebar-style":"default","ast-global-header-display":"","ast-banner-title-visibility":"","ast-main-header-display":"","ast-hfb-above-header-display":"","ast-hfb-below-header-display":"","ast-hfb-mobile-header-display":"","site-post-title":"","ast-breadcrumbs-content":"","ast-featured-img":"","footer-sml-layout":"","theme-transparent-header-meta":"default","adv-header-id-meta":"","stick-header-meta":"","header-above-stick-meta":"","header-main-stick-meta":"","header-below-stick-meta":"","astra-migrate-meta-layouts":"default","ast-page-background-enabled":"default","ast-page-background-meta":{"desktop":{"background-color":"","background-image":"","background-repeat":"repeat","background-position":"center center","background-size":"auto","background-attachment":"scroll","background-type":"","background-media":"","overlay-type":"","overlay-color":"","overlay-opacity":"","overlay-gradient":""},"tablet":{"background-color":"","background-image":"","background-repeat":"repeat","background-position":"center center","background-size":"auto","background-attachment":"scroll","background-type":"","background-media":"","overlay-type":"","overlay-color":"","overlay-opacity":"","overlay-gradient":""},"mobile":{"background-color":"","background-image":"","background-repeat":"repeat","background-position":"center center","background-size":"auto","background-attachment":"scroll","background-type":"","background-media":"","overlay-type":"","overlay-color":"","overlay-opacity":"","overlay-gradient":""}},"ast-content-background-meta":{"desktop":{"background-color":"var(--ast-global-color-5)","background-image":"","background-repeat":"repeat","background-position":"center center","background-size":"auto","background-attachment":"scroll","background-type":"","background-media":"","overlay-type":"","overlay-color":"","overlay-opacity":"","overlay-gradient":""},"tablet":{"background-color":"var(--ast-global-color-5)","background-image":"","background-repeat":"repeat","background-position":"center center","background-size":"auto","background-attachment":"scroll","background-type":"","background-media":"","overlay-type":"","overlay-color":"","overlay-opacity":"","overlay-gradient":""},"mobile":{"background-color":"var(--ast-global-color-5)","background-image":"","background-repeat":"repeat","background-position":"center center","background-size":"auto","background-attachment":"scroll","background-type":"","background-media":"","overlay-type":"","overlay-color":"","overlay-opacity":"","overlay-gradient":""}}},"product_brand":[],"product_cat":[52],"product_tag":[94],"class_list":{"0":"post-2365","1":"product","2":"type-product","3":"status-publish","4":"has-post-thumbnail","6":"product_cat-lehtipuut","7":"product_tag-koristeomenapuu","8":"desktop-align-left","9":"tablet-align-left","10":"mobile-align-left","12":"first","13":"instock","14":"shipping-taxable","15":"purchasable","16":"product-type-simple"},"yoast_head":"<!-- This site is optimized with the Yoast SEO plugin v26.9 - https:\/\/yoast.com\/product\/yoast-seo-wordpress\/ -->\n<title>MALUS &#039;HYVINGIENSIS&#039; -Rautatienomenapuu -<\/title>\n<meta name=\"robots\" content=\"index, follow, max-snippet:-1, max-image-preview:large, max-video-preview:-1\" \/>\n<link rel=\"canonical\" href=\"https:\/\/www.hantulantaimi.fi\/?product=malus-hyvingiensis-rautatienomenapuu\" \/>\n<meta property=\"og:locale\" content=\"fi_FI\" \/>\n<meta property=\"og:type\" content=\"article\" \/>\n<meta property=\"og:title\" content=\"MALUS &#039;HYVINGIENSIS&#039; -Rautatienomenapuu -\" \/>\n<meta property=\"og:description\" content=\"Myyntikoko: 160-180 cm Riippuvaoksainen Kukinta: valkoiset nuppuisena vaaleanpunaiset kukat kes\u00e4kuussa, kellanvihre\u00e4t aurinkopuolelta punertavat 4-5 cm hedelm\u00e4t ovat mehukkaita ja talousk\u00e4ytt\u00f6\u00f6n kelpaavia. Korkeus: 2-4 m. Kasvupaikka: suosii hyvin vett\u00e4 l\u00e4p\u00e4isev\u00e4\u00e4, syv\u00e4multaista, tuoretta, runsasravinteista ja kalkittua maata, valoisa paikka takaa runsaan kukinnan ja hedelm\u00e4sadon Vy\u00f6hyke: V\" \/>\n<meta property=\"og:url\" content=\"https:\/\/www.hantulantaimi.fi\/?product=malus-hyvingiensis-rautatienomenapuu\" \/>\n<meta property=\"article:modified_time\" content=\"2024-02-27T15:00:28+00:00\" \/>\n<meta property=\"og:image\" content=\"https:\/\/www.hantulantaimi.fi\/wp-content\/uploads\/2019\/03\/Malus-Hyvingiensis-puu-2.6.05-ER-copy.jpg\" \/>\n\t<meta property=\"og:image:width\" content=\"1240\" \/>\n\t<meta property=\"og:image:height\" content=\"913\" \/>\n\t<meta property=\"og:image:type\" content=\"image\/jpeg\" \/>\n<meta name=\"twitter:card\" content=\"summary_large_image\" \/>\n<script type=\"application\/ld+json\" class=\"yoast-schema-graph\">{\"@context\":\"https:\/\/schema.org\",\"@graph\":[{\"@type\":\"WebPage\",\"@id\":\"https:\/\/www.hantulantaimi.fi\/?product=malus-hyvingiensis-rautatienomenapuu\",\"url\":\"https:\/\/www.hantulantaimi.fi\/?product=malus-hyvingiensis-rautatienomenapuu\",\"name\":\"MALUS 'HYVINGIENSIS' -Rautatienomenapuu -\",\"isPartOf\":{\"@id\":\"https:\/\/www.hantulantaimi.fi\/#website\"},\"primaryImageOfPage\":{\"@id\":\"https:\/\/www.hantulantaimi.fi\/?product=malus-hyvingiensis-rautatienomenapuu#primaryimage\"},\"image\":{\"@id\":\"https:\/\/www.hantulantaimi.fi\/?product=malus-hyvingiensis-rautatienomenapuu#primaryimage\"},\"thumbnailUrl\":\"https:\/\/www.hantulantaimi.fi\/wp-content\/uploads\/2019\/03\/Malus-Hyvingiensis-puu-2.6.05-ER-copy.jpg\",\"datePublished\":\"2019-03-21T11:09:56+00:00\",\"dateModified\":\"2024-02-27T15:00:28+00:00\",\"breadcrumb\":{\"@id\":\"https:\/\/www.hantulantaimi.fi\/?product=malus-hyvingiensis-rautatienomenapuu#breadcrumb\"},\"inLanguage\":\"fi\",\"potentialAction\":[{\"@type\":\"ReadAction\",\"target\":[\"https:\/\/www.hantulantaimi.fi\/?product=malus-hyvingiensis-rautatienomenapuu\"]}]},{\"@type\":\"ImageObject\",\"inLanguage\":\"fi\",\"@id\":\"https:\/\/www.hantulantaimi.fi\/?product=malus-hyvingiensis-rautatienomenapuu#primaryimage\",\"url\":\"https:\/\/www.hantulantaimi.fi\/wp-content\/uploads\/2019\/03\/Malus-Hyvingiensis-puu-2.6.05-ER-copy.jpg\",\"contentUrl\":\"https:\/\/www.hantulantaimi.fi\/wp-content\/uploads\/2019\/03\/Malus-Hyvingiensis-puu-2.6.05-ER-copy.jpg\",\"width\":1240,\"height\":913,\"caption\":\"OLYMPUS DIGITAL CAMERA\"},{\"@type\":\"BreadcrumbList\",\"@id\":\"https:\/\/www.hantulantaimi.fi\/?product=malus-hyvingiensis-rautatienomenapuu#breadcrumb\",\"itemListElement\":[{\"@type\":\"ListItem\",\"position\":1,\"name\":\"Home\",\"item\":\"https:\/\/www.hantulantaimi.fi\/\"},{\"@type\":\"ListItem\",\"position\":2,\"name\":\"Valikoima\",\"item\":\"https:\/\/www.hantulantaimi.fi\/?page_id=768\"},{\"@type\":\"ListItem\",\"position\":3,\"name\":\"MALUS &#8217;HYVINGIENSIS&#8217; -Rautatienomenapuu\"}]},{\"@type\":\"WebSite\",\"@id\":\"https:\/\/www.hantulantaimi.fi\/#website\",\"url\":\"https:\/\/www.hantulantaimi.fi\/\",\"name\":\"\",\"description\":\"\",\"potentialAction\":[{\"@type\":\"SearchAction\",\"target\":{\"@type\":\"EntryPoint\",\"urlTemplate\":\"https:\/\/www.hantulantaimi.fi\/?s={search_term_string}\"},\"query-input\":{\"@type\":\"PropertyValueSpecification\",\"valueRequired\":true,\"valueName\":\"search_term_string\"}}],\"inLanguage\":\"fi\"}]}<\/script>\n<!-- \/ Yoast SEO plugin. -->","yoast_head_json":{"title":"MALUS 'HYVINGIENSIS' -Rautatienomenapuu -","robots":{"index":"index","follow":"follow","max-snippet":"max-snippet:-1","max-image-preview":"max-image-preview:large","max-video-preview":"max-video-preview:-1"},"canonical":"https:\/\/www.hantulantaimi.fi\/?product=malus-hyvingiensis-rautatienomenapuu","og_locale":"fi_FI","og_type":"article","og_title":"MALUS 'HYVINGIENSIS' -Rautatienomenapuu -","og_description":"Myyntikoko: 160-180 cm Riippuvaoksainen Kukinta: valkoiset nuppuisena vaaleanpunaiset kukat kes\u00e4kuussa, kellanvihre\u00e4t aurinkopuolelta punertavat 4-5 cm hedelm\u00e4t ovat mehukkaita ja talousk\u00e4ytt\u00f6\u00f6n kelpaavia. Korkeus: 2-4 m. Kasvupaikka: suosii hyvin vett\u00e4 l\u00e4p\u00e4isev\u00e4\u00e4, syv\u00e4multaista, tuoretta, runsasravinteista ja kalkittua maata, valoisa paikka takaa runsaan kukinnan ja hedelm\u00e4sadon Vy\u00f6hyke: V","og_url":"https:\/\/www.hantulantaimi.fi\/?product=malus-hyvingiensis-rautatienomenapuu","article_modified_time":"2024-02-27T15:00:28+00:00","og_image":[{"width":1240,"height":913,"url":"https:\/\/www.hantulantaimi.fi\/wp-content\/uploads\/2019\/03\/Malus-Hyvingiensis-puu-2.6.05-ER-copy.jpg","type":"image\/jpeg"}],"twitter_card":"summary_large_image","schema":{"@context":"https:\/\/schema.org","@graph":[{"@type":"WebPage","@id":"https:\/\/www.hantulantaimi.fi\/?product=malus-hyvingiensis-rautatienomenapuu","url":"https:\/\/www.hantulantaimi.fi\/?product=malus-hyvingiensis-rautatienomenapuu","name":"MALUS 'HYVINGIENSIS' -Rautatienomenapuu -","isPartOf":{"@id":"https:\/\/www.hantulantaimi.fi\/#website"},"primaryImageOfPage":{"@id":"https:\/\/www.hantulantaimi.fi\/?product=malus-hyvingiensis-rautatienomenapuu#primaryimage"},"image":{"@id":"https:\/\/www.hantulantaimi.fi\/?product=malus-hyvingiensis-rautatienomenapuu#primaryimage"},"thumbnailUrl":"https:\/\/www.hantulantaimi.fi\/wp-content\/uploads\/2019\/03\/Malus-Hyvingiensis-puu-2.6.05-ER-copy.jpg","datePublished":"2019-03-21T11:09:56+00:00","dateModified":"2024-02-27T15:00:28+00:00","breadcrumb":{"@id":"https:\/\/www.hantulantaimi.fi\/?product=malus-hyvingiensis-rautatienomenapuu#breadcrumb"},"inLanguage":"fi","potentialAction":[{"@type":"ReadAction","target":["https:\/\/www.hantulantaimi.fi\/?product=malus-hyvingiensis-rautatienomenapuu"]}]},{"@type":"ImageObject","inLanguage":"fi","@id":"https:\/\/www.hantulantaimi.fi\/?product=malus-hyvingiensis-rautatienomenapuu#primaryimage","url":"https:\/\/www.hantulantaimi.fi\/wp-content\/uploads\/2019\/03\/Malus-Hyvingiensis-puu-2.6.05-ER-copy.jpg","contentUrl":"https:\/\/www.hantulantaimi.fi\/wp-content\/uploads\/2019\/03\/Malus-Hyvingiensis-puu-2.6.05-ER-copy.jpg","width":1240,"height":913,"caption":"OLYMPUS DIGITAL CAMERA"},{"@type":"BreadcrumbList","@id":"https:\/\/www.hantulantaimi.fi\/?product=malus-hyvingiensis-rautatienomenapuu#breadcrumb","itemListElement":[{"@type":"ListItem","position":1,"name":"Home","item":"https:\/\/www.hantulantaimi.fi\/"},{"@type":"ListItem","position":2,"name":"Valikoima","item":"https:\/\/www.hantulantaimi.fi\/?page_id=768"},{"@type":"ListItem","position":3,"name":"MALUS &#8217;HYVINGIENSIS&#8217; -Rautatienomenapuu"}]},{"@type":"WebSite","@id":"https:\/\/www.hantulantaimi.fi\/#website","url":"https:\/\/www.hantulantaimi.fi\/","name":"","description":"","potentialAction":[{"@type":"SearchAction","target":{"@type":"EntryPoint","urlTemplate":"https:\/\/www.hantulantaimi.fi\/?s={search_term_string}"},"query-input":{"@type":"PropertyValueSpecification","valueRequired":true,"valueName":"search_term_string"}}],"inLanguage":"fi"}]}},"_links":{"self":[{"href":"https:\/\/www.hantulantaimi.fi\/index.php?rest_route=\/wp\/v2\/product\/2365","targetHints":{"allow":["GET"]}}],"collection":[{"href":"https:\/\/www.hantulantaimi.fi\/index.php?rest_route=\/wp\/v2\/product"}],"about":[{"href":"https:\/\/www.hantulantaimi.fi\/index.php?rest_route=\/wp\/v2\/types\/product"}],"version-history":[{"count":4,"href":"https:\/\/www.hantulantaimi.fi\/index.php?rest_route=\/wp\/v2\/product\/2365\/revisions"}],"predecessor-version":[{"id":7525,"href":"https:\/\/www.hantulantaimi.fi\/index.php?rest_route=\/wp\/v2\/product\/2365\/revisions\/7525"}],"wp:featuredmedia":[{"embeddable":true,"href":"https:\/\/www.hantulantaimi.fi\/index.php?rest_route=\/wp\/v2\/media\/2366"}],"wp:attachment":[{"href":"https:\/\/www.hantulantaimi.fi\/index.php?rest_route=%2Fwp%2Fv2%2Fmedia&parent=2365"}],"wp:term":[{"taxonomy":"product_brand","embeddable":true,"href":"https:\/\/www.hantulantaimi.fi\/index.php?rest_route=%2Fwp%2Fv2%2Fproduct_brand&post=2365"},{"taxonomy":"product_cat","embeddable":true,"href":"https:\/\/www.hantulantaimi.fi\/index.php?rest_route=%2Fwp%2Fv2%2Fproduct_cat&post=2365"},{"taxonomy":"product_tag","embeddable":true,"href":"https:\/\/www.hantulantaimi.fi\/index.php?rest_route=%2Fwp%2Fv2%2Fproduct_tag&post=2365"}],"curies":[{"name":"wp","href":"https:\/\/api.w.org\/{rel}","templated":true}]}}