{"id":2360,"date":"2019-03-21T13:05:23","date_gmt":"2019-03-21T11:05:23","guid":{"rendered":"https:\/\/www.hantulantaimi.fi\/?post_type=product&#038;p=2360"},"modified":"2025-01-16T18:12:22","modified_gmt":"2025-01-16T16:12:22","slug":"caragana-arborescens-pendula-riippahernepuu","status":"publish","type":"product","link":"https:\/\/www.hantulantaimi.fi\/?product=caragana-arborescens-pendula-riippahernepuu","title":{"rendered":"CARAGANA ARBORESCENS &#8217;PENDULA&#8217;  -Riippahernepuu"},"content":{"rendered":"","protected":false},"excerpt":{"rendered":"<p>Myyntikoko: 120-140 cm<br \/>\nRiippuvaoksainen pikkupuu. Keltaiset kukat kes\u00e4kuussa. Vartettu siperianhernepuun runkoon.<br \/>\nKorkeus: 2-2,5 m. (rungon korkeudesta riippuen)<br \/>\nTaimiv\u00e4li: 1,5-2 m<br \/>\nKasvupaikka: aurinko-puolivarjo, kuiva-tuore, siet\u00e4\u00e4 auringon paahdetta ja kuivuutta, juuristo sitoo typpe\u00e4 mink\u00e4 vuoksi se viihtyy my\u00f6s niukkaravinteisessa maassa<br \/>\nVy\u00f6hyke: V.<\/p>\n","protected":false},"featured_media":2361,"template":"","meta":{"site-sidebar-layout":"default","site-content-layout":"default","ast-site-content-layout":"default","site-content-style":"default","site-sidebar-style":"default","ast-global-header-display":"","ast-banner-title-visibility":"","ast-main-header-display":"","ast-hfb-above-header-display":"","ast-hfb-below-header-display":"","ast-hfb-mobile-header-display":"","site-post-title":"","ast-breadcrumbs-content":"","ast-featured-img":"","footer-sml-layout":"","theme-transparent-header-meta":"default","adv-header-id-meta":"","stick-header-meta":"","header-above-stick-meta":"","header-main-stick-meta":"","header-below-stick-meta":"","astra-migrate-meta-layouts":"default","ast-page-background-enabled":"default","ast-page-background-meta":{"desktop":{"background-color":"","background-image":"","background-repeat":"repeat","background-position":"center center","background-size":"auto","background-attachment":"scroll","background-type":"","background-media":"","overlay-type":"","overlay-color":"","overlay-opacity":"","overlay-gradient":""},"tablet":{"background-color":"","background-image":"","background-repeat":"repeat","background-position":"center center","background-size":"auto","background-attachment":"scroll","background-type":"","background-media":"","overlay-type":"","overlay-color":"","overlay-opacity":"","overlay-gradient":""},"mobile":{"background-color":"","background-image":"","background-repeat":"repeat","background-position":"center center","background-size":"auto","background-attachment":"scroll","background-type":"","background-media":"","overlay-type":"","overlay-color":"","overlay-opacity":"","overlay-gradient":""}},"ast-content-background-meta":{"desktop":{"background-color":"var(--ast-global-color-5)","background-image":"","background-repeat":"repeat","background-position":"center center","background-size":"auto","background-attachment":"scroll","background-type":"","background-media":"","overlay-type":"","overlay-color":"","overlay-opacity":"","overlay-gradient":""},"tablet":{"background-color":"var(--ast-global-color-5)","background-image":"","background-repeat":"repeat","background-position":"center center","background-size":"auto","background-attachment":"scroll","background-type":"","background-media":"","overlay-type":"","overlay-color":"","overlay-opacity":"","overlay-gradient":""},"mobile":{"background-color":"var(--ast-global-color-5)","background-image":"","background-repeat":"repeat","background-position":"center center","background-size":"auto","background-attachment":"scroll","background-type":"","background-media":"","overlay-type":"","overlay-color":"","overlay-opacity":"","overlay-gradient":""}}},"product_brand":[],"product_cat":[52],"product_tag":[110,111],"class_list":{"0":"post-2360","1":"product","2":"type-product","3":"status-publish","4":"has-post-thumbnail","6":"product_cat-lehtipuut","7":"product_tag-pikkupuu","8":"product_tag-rungollinen","9":"desktop-align-left","10":"tablet-align-left","11":"mobile-align-left","13":"first","14":"instock","15":"shipping-taxable","16":"purchasable","17":"product-type-simple"},"yoast_head":"<!-- This site is optimized with the Yoast SEO plugin v26.9 - https:\/\/yoast.com\/product\/yoast-seo-wordpress\/ -->\n<title>CARAGANA ARBORESCENS &#039;PENDULA&#039; -Riippahernepuu -<\/title>\n<meta name=\"robots\" content=\"index, follow, max-snippet:-1, max-image-preview:large, max-video-preview:-1\" \/>\n<link rel=\"canonical\" href=\"https:\/\/www.hantulantaimi.fi\/?product=caragana-arborescens-pendula-riippahernepuu\" \/>\n<meta property=\"og:locale\" content=\"fi_FI\" \/>\n<meta property=\"og:type\" content=\"article\" \/>\n<meta property=\"og:title\" content=\"CARAGANA ARBORESCENS &#039;PENDULA&#039; -Riippahernepuu -\" \/>\n<meta property=\"og:description\" content=\"Myyntikoko: 120-140 cm Riippuvaoksainen pikkupuu. Keltaiset kukat kes\u00e4kuussa. Vartettu siperianhernepuun runkoon. Korkeus: 2-2,5 m. (rungon korkeudesta riippuen) Taimiv\u00e4li: 1,5-2 m Kasvupaikka: aurinko-puolivarjo, kuiva-tuore, siet\u00e4\u00e4 auringon paahdetta ja kuivuutta, juuristo sitoo typpe\u00e4 mink\u00e4 vuoksi se viihtyy my\u00f6s niukkaravinteisessa maassa Vy\u00f6hyke: V.\" \/>\n<meta property=\"og:url\" content=\"https:\/\/www.hantulantaimi.fi\/?product=caragana-arborescens-pendula-riippahernepuu\" \/>\n<meta property=\"article:modified_time\" content=\"2025-01-16T16:12:22+00:00\" \/>\n<meta property=\"og:image\" content=\"https:\/\/www.hantulantaimi.fi\/wp-content\/uploads\/2019\/03\/riippahernepuu-copy.jpg\" \/>\n\t<meta property=\"og:image:width\" content=\"1200\" \/>\n\t<meta property=\"og:image:height\" content=\"1600\" \/>\n\t<meta property=\"og:image:type\" content=\"image\/jpeg\" \/>\n<meta name=\"twitter:card\" content=\"summary_large_image\" \/>\n<script type=\"application\/ld+json\" class=\"yoast-schema-graph\">{\"@context\":\"https:\/\/schema.org\",\"@graph\":[{\"@type\":\"WebPage\",\"@id\":\"https:\/\/www.hantulantaimi.fi\/?product=caragana-arborescens-pendula-riippahernepuu\",\"url\":\"https:\/\/www.hantulantaimi.fi\/?product=caragana-arborescens-pendula-riippahernepuu\",\"name\":\"CARAGANA ARBORESCENS 'PENDULA' -Riippahernepuu -\",\"isPartOf\":{\"@id\":\"https:\/\/www.hantulantaimi.fi\/#website\"},\"primaryImageOfPage\":{\"@id\":\"https:\/\/www.hantulantaimi.fi\/?product=caragana-arborescens-pendula-riippahernepuu#primaryimage\"},\"image\":{\"@id\":\"https:\/\/www.hantulantaimi.fi\/?product=caragana-arborescens-pendula-riippahernepuu#primaryimage\"},\"thumbnailUrl\":\"https:\/\/www.hantulantaimi.fi\/wp-content\/uploads\/2019\/03\/riippahernepuu-copy.jpg\",\"datePublished\":\"2019-03-21T11:05:23+00:00\",\"dateModified\":\"2025-01-16T16:12:22+00:00\",\"breadcrumb\":{\"@id\":\"https:\/\/www.hantulantaimi.fi\/?product=caragana-arborescens-pendula-riippahernepuu#breadcrumb\"},\"inLanguage\":\"fi\",\"potentialAction\":[{\"@type\":\"ReadAction\",\"target\":[\"https:\/\/www.hantulantaimi.fi\/?product=caragana-arborescens-pendula-riippahernepuu\"]}]},{\"@type\":\"ImageObject\",\"inLanguage\":\"fi\",\"@id\":\"https:\/\/www.hantulantaimi.fi\/?product=caragana-arborescens-pendula-riippahernepuu#primaryimage\",\"url\":\"https:\/\/www.hantulantaimi.fi\/wp-content\/uploads\/2019\/03\/riippahernepuu-copy.jpg\",\"contentUrl\":\"https:\/\/www.hantulantaimi.fi\/wp-content\/uploads\/2019\/03\/riippahernepuu-copy.jpg\",\"width\":1200,\"height\":1600},{\"@type\":\"BreadcrumbList\",\"@id\":\"https:\/\/www.hantulantaimi.fi\/?product=caragana-arborescens-pendula-riippahernepuu#breadcrumb\",\"itemListElement\":[{\"@type\":\"ListItem\",\"position\":1,\"name\":\"Home\",\"item\":\"https:\/\/www.hantulantaimi.fi\/\"},{\"@type\":\"ListItem\",\"position\":2,\"name\":\"Valikoima\",\"item\":\"https:\/\/www.hantulantaimi.fi\/?page_id=768\"},{\"@type\":\"ListItem\",\"position\":3,\"name\":\"CARAGANA ARBORESCENS &#8217;PENDULA&#8217; -Riippahernepuu\"}]},{\"@type\":\"WebSite\",\"@id\":\"https:\/\/www.hantulantaimi.fi\/#website\",\"url\":\"https:\/\/www.hantulantaimi.fi\/\",\"name\":\"\",\"description\":\"\",\"potentialAction\":[{\"@type\":\"SearchAction\",\"target\":{\"@type\":\"EntryPoint\",\"urlTemplate\":\"https:\/\/www.hantulantaimi.fi\/?s={search_term_string}\"},\"query-input\":{\"@type\":\"PropertyValueSpecification\",\"valueRequired\":true,\"valueName\":\"search_term_string\"}}],\"inLanguage\":\"fi\"}]}<\/script>\n<!-- \/ Yoast SEO plugin. -->","yoast_head_json":{"title":"CARAGANA ARBORESCENS 'PENDULA' -Riippahernepuu -","robots":{"index":"index","follow":"follow","max-snippet":"max-snippet:-1","max-image-preview":"max-image-preview:large","max-video-preview":"max-video-preview:-1"},"canonical":"https:\/\/www.hantulantaimi.fi\/?product=caragana-arborescens-pendula-riippahernepuu","og_locale":"fi_FI","og_type":"article","og_title":"CARAGANA ARBORESCENS 'PENDULA' -Riippahernepuu -","og_description":"Myyntikoko: 120-140 cm Riippuvaoksainen pikkupuu. Keltaiset kukat kes\u00e4kuussa. Vartettu siperianhernepuun runkoon. Korkeus: 2-2,5 m. (rungon korkeudesta riippuen) Taimiv\u00e4li: 1,5-2 m Kasvupaikka: aurinko-puolivarjo, kuiva-tuore, siet\u00e4\u00e4 auringon paahdetta ja kuivuutta, juuristo sitoo typpe\u00e4 mink\u00e4 vuoksi se viihtyy my\u00f6s niukkaravinteisessa maassa Vy\u00f6hyke: V.","og_url":"https:\/\/www.hantulantaimi.fi\/?product=caragana-arborescens-pendula-riippahernepuu","article_modified_time":"2025-01-16T16:12:22+00:00","og_image":[{"width":1200,"height":1600,"url":"https:\/\/www.hantulantaimi.fi\/wp-content\/uploads\/2019\/03\/riippahernepuu-copy.jpg","type":"image\/jpeg"}],"twitter_card":"summary_large_image","schema":{"@context":"https:\/\/schema.org","@graph":[{"@type":"WebPage","@id":"https:\/\/www.hantulantaimi.fi\/?product=caragana-arborescens-pendula-riippahernepuu","url":"https:\/\/www.hantulantaimi.fi\/?product=caragana-arborescens-pendula-riippahernepuu","name":"CARAGANA ARBORESCENS 'PENDULA' -Riippahernepuu -","isPartOf":{"@id":"https:\/\/www.hantulantaimi.fi\/#website"},"primaryImageOfPage":{"@id":"https:\/\/www.hantulantaimi.fi\/?product=caragana-arborescens-pendula-riippahernepuu#primaryimage"},"image":{"@id":"https:\/\/www.hantulantaimi.fi\/?product=caragana-arborescens-pendula-riippahernepuu#primaryimage"},"thumbnailUrl":"https:\/\/www.hantulantaimi.fi\/wp-content\/uploads\/2019\/03\/riippahernepuu-copy.jpg","datePublished":"2019-03-21T11:05:23+00:00","dateModified":"2025-01-16T16:12:22+00:00","breadcrumb":{"@id":"https:\/\/www.hantulantaimi.fi\/?product=caragana-arborescens-pendula-riippahernepuu#breadcrumb"},"inLanguage":"fi","potentialAction":[{"@type":"ReadAction","target":["https:\/\/www.hantulantaimi.fi\/?product=caragana-arborescens-pendula-riippahernepuu"]}]},{"@type":"ImageObject","inLanguage":"fi","@id":"https:\/\/www.hantulantaimi.fi\/?product=caragana-arborescens-pendula-riippahernepuu#primaryimage","url":"https:\/\/www.hantulantaimi.fi\/wp-content\/uploads\/2019\/03\/riippahernepuu-copy.jpg","contentUrl":"https:\/\/www.hantulantaimi.fi\/wp-content\/uploads\/2019\/03\/riippahernepuu-copy.jpg","width":1200,"height":1600},{"@type":"BreadcrumbList","@id":"https:\/\/www.hantulantaimi.fi\/?product=caragana-arborescens-pendula-riippahernepuu#breadcrumb","itemListElement":[{"@type":"ListItem","position":1,"name":"Home","item":"https:\/\/www.hantulantaimi.fi\/"},{"@type":"ListItem","position":2,"name":"Valikoima","item":"https:\/\/www.hantulantaimi.fi\/?page_id=768"},{"@type":"ListItem","position":3,"name":"CARAGANA ARBORESCENS &#8217;PENDULA&#8217; -Riippahernepuu"}]},{"@type":"WebSite","@id":"https:\/\/www.hantulantaimi.fi\/#website","url":"https:\/\/www.hantulantaimi.fi\/","name":"","description":"","potentialAction":[{"@type":"SearchAction","target":{"@type":"EntryPoint","urlTemplate":"https:\/\/www.hantulantaimi.fi\/?s={search_term_string}"},"query-input":{"@type":"PropertyValueSpecification","valueRequired":true,"valueName":"search_term_string"}}],"inLanguage":"fi"}]}},"_links":{"self":[{"href":"https:\/\/www.hantulantaimi.fi\/index.php?rest_route=\/wp\/v2\/product\/2360","targetHints":{"allow":["GET"]}}],"collection":[{"href":"https:\/\/www.hantulantaimi.fi\/index.php?rest_route=\/wp\/v2\/product"}],"about":[{"href":"https:\/\/www.hantulantaimi.fi\/index.php?rest_route=\/wp\/v2\/types\/product"}],"version-history":[{"count":6,"href":"https:\/\/www.hantulantaimi.fi\/index.php?rest_route=\/wp\/v2\/product\/2360\/revisions"}],"predecessor-version":[{"id":7999,"href":"https:\/\/www.hantulantaimi.fi\/index.php?rest_route=\/wp\/v2\/product\/2360\/revisions\/7999"}],"wp:featuredmedia":[{"embeddable":true,"href":"https:\/\/www.hantulantaimi.fi\/index.php?rest_route=\/wp\/v2\/media\/2361"}],"wp:attachment":[{"href":"https:\/\/www.hantulantaimi.fi\/index.php?rest_route=%2Fwp%2Fv2%2Fmedia&parent=2360"}],"wp:term":[{"taxonomy":"product_brand","embeddable":true,"href":"https:\/\/www.hantulantaimi.fi\/index.php?rest_route=%2Fwp%2Fv2%2Fproduct_brand&post=2360"},{"taxonomy":"product_cat","embeddable":true,"href":"https:\/\/www.hantulantaimi.fi\/index.php?rest_route=%2Fwp%2Fv2%2Fproduct_cat&post=2360"},{"taxonomy":"product_tag","embeddable":true,"href":"https:\/\/www.hantulantaimi.fi\/index.php?rest_route=%2Fwp%2Fv2%2Fproduct_tag&post=2360"}],"curies":[{"name":"wp","href":"https:\/\/api.w.org\/{rel}","templated":true}]}}