{"id":2339,"date":"2019-03-21T10:45:21","date_gmt":"2019-03-21T10:45:21","guid":{"rendered":"https:\/\/www.hantulantaimi.fi\/?post_type=product&#038;p=2339"},"modified":"2020-01-30T11:28:54","modified_gmt":"2020-01-30T11:28:54","slug":"betula-pubwscens-f-columnaris-pylvaskoivu","status":"publish","type":"product","link":"https:\/\/www.hantulantaimi.fi\/?product=betula-pubwscens-f-columnaris-pylvaskoivu","title":{"rendered":"BETULA PUBESCENS f. &#8217;COLUMNARIS&#8217;  -Pylv\u00e4skoivu"},"content":{"rendered":"","protected":false},"excerpt":{"rendered":"<p>Myyntikoko: 180-200 cm<br \/>\nKapealatvainen ja pystyoksainen hieskoivun muoto l\u00f6ydetty Pohjois-Suomesta, sopii pienemp\u00e4\u00e4nkin pihaan.<br \/>\nKorkeus: 10m.<br \/>\nTaimiv\u00e4li: 3-5 m<br \/>\nKasvupaikka: aurinko-puolivarjo, suosii kosteita kasvupaikkoja, siet\u00e4\u00e4 ajoittain seisovaa vett\u00e4<br \/>\nVy\u00f6hyke: VIII.<\/p>\n","protected":false},"featured_media":2340,"template":"","meta":{"site-sidebar-layout":"default","site-content-layout":"default","ast-site-content-layout":"default","site-content-style":"default","site-sidebar-style":"default","ast-global-header-display":"","ast-banner-title-visibility":"","ast-main-header-display":"","ast-hfb-above-header-display":"","ast-hfb-below-header-display":"","ast-hfb-mobile-header-display":"","site-post-title":"","ast-breadcrumbs-content":"","ast-featured-img":"","footer-sml-layout":"","theme-transparent-header-meta":"default","adv-header-id-meta":"","stick-header-meta":"","header-above-stick-meta":"","header-main-stick-meta":"","header-below-stick-meta":"","astra-migrate-meta-layouts":"default","ast-page-background-enabled":"default","ast-page-background-meta":{"desktop":{"background-color":"","background-image":"","background-repeat":"repeat","background-position":"center center","background-size":"auto","background-attachment":"scroll","background-type":"","background-media":"","overlay-type":"","overlay-color":"","overlay-opacity":"","overlay-gradient":""},"tablet":{"background-color":"","background-image":"","background-repeat":"repeat","background-position":"center center","background-size":"auto","background-attachment":"scroll","background-type":"","background-media":"","overlay-type":"","overlay-color":"","overlay-opacity":"","overlay-gradient":""},"mobile":{"background-color":"","background-image":"","background-repeat":"repeat","background-position":"center center","background-size":"auto","background-attachment":"scroll","background-type":"","background-media":"","overlay-type":"","overlay-color":"","overlay-opacity":"","overlay-gradient":""}},"ast-content-background-meta":{"desktop":{"background-color":"var(--ast-global-color-5)","background-image":"","background-repeat":"repeat","background-position":"center center","background-size":"auto","background-attachment":"scroll","background-type":"","background-media":"","overlay-type":"","overlay-color":"","overlay-opacity":"","overlay-gradient":""},"tablet":{"background-color":"var(--ast-global-color-5)","background-image":"","background-repeat":"repeat","background-position":"center center","background-size":"auto","background-attachment":"scroll","background-type":"","background-media":"","overlay-type":"","overlay-color":"","overlay-opacity":"","overlay-gradient":""},"mobile":{"background-color":"var(--ast-global-color-5)","background-image":"","background-repeat":"repeat","background-position":"center center","background-size":"auto","background-attachment":"scroll","background-type":"","background-media":"","overlay-type":"","overlay-color":"","overlay-opacity":"","overlay-gradient":""}}},"product_brand":[],"product_cat":[52],"product_tag":[],"class_list":{"0":"post-2339","1":"product","2":"type-product","3":"status-publish","4":"has-post-thumbnail","6":"product_cat-lehtipuut","7":"desktop-align-left","8":"tablet-align-left","9":"mobile-align-left","11":"first","12":"instock","13":"shipping-taxable","14":"purchasable","15":"product-type-simple"},"yoast_head":"<!-- This site is optimized with the Yoast SEO plugin v26.9 - https:\/\/yoast.com\/product\/yoast-seo-wordpress\/ -->\n<title>BETULA PUBESCENS f. &#039;COLUMNARIS&#039; -Pylv\u00e4skoivu -<\/title>\n<meta name=\"robots\" content=\"index, follow, max-snippet:-1, max-image-preview:large, max-video-preview:-1\" \/>\n<link rel=\"canonical\" href=\"https:\/\/www.hantulantaimi.fi\/?product=betula-pubwscens-f-columnaris-pylvaskoivu\" \/>\n<meta property=\"og:locale\" content=\"fi_FI\" \/>\n<meta property=\"og:type\" content=\"article\" \/>\n<meta property=\"og:title\" content=\"BETULA PUBESCENS f. &#039;COLUMNARIS&#039; -Pylv\u00e4skoivu -\" \/>\n<meta property=\"og:description\" content=\"Myyntikoko: 180-200 cm Kapealatvainen ja pystyoksainen hieskoivun muoto l\u00f6ydetty Pohjois-Suomesta, sopii pienemp\u00e4\u00e4nkin pihaan.  Korkeus: 10m.  Taimiv\u00e4li: 3-5 m Kasvupaikka: aurinko-puolivarjo, suosii kosteita kasvupaikkoja, siet\u00e4\u00e4 ajoittain seisovaa vett\u00e4 Vy\u00f6hyke: VIII.\" \/>\n<meta property=\"og:url\" content=\"https:\/\/www.hantulantaimi.fi\/?product=betula-pubwscens-f-columnaris-pylvaskoivu\" \/>\n<meta property=\"article:modified_time\" content=\"2020-01-30T11:28:54+00:00\" \/>\n<meta property=\"og:image\" content=\"https:\/\/www.hantulantaimi.fi\/wp-content\/uploads\/2019\/03\/pylv\u00e4skoivu-copy.jpg\" \/>\n\t<meta property=\"og:image:width\" content=\"480\" \/>\n\t<meta property=\"og:image:height\" content=\"853\" \/>\n\t<meta property=\"og:image:type\" content=\"image\/jpeg\" \/>\n<meta name=\"twitter:card\" content=\"summary_large_image\" \/>\n<script type=\"application\/ld+json\" class=\"yoast-schema-graph\">{\"@context\":\"https:\/\/schema.org\",\"@graph\":[{\"@type\":\"WebPage\",\"@id\":\"https:\/\/www.hantulantaimi.fi\/?product=betula-pubwscens-f-columnaris-pylvaskoivu\",\"url\":\"https:\/\/www.hantulantaimi.fi\/?product=betula-pubwscens-f-columnaris-pylvaskoivu\",\"name\":\"BETULA PUBESCENS f. 'COLUMNARIS' -Pylv\u00e4skoivu -\",\"isPartOf\":{\"@id\":\"https:\/\/www.hantulantaimi.fi\/#website\"},\"primaryImageOfPage\":{\"@id\":\"https:\/\/www.hantulantaimi.fi\/?product=betula-pubwscens-f-columnaris-pylvaskoivu#primaryimage\"},\"image\":{\"@id\":\"https:\/\/www.hantulantaimi.fi\/?product=betula-pubwscens-f-columnaris-pylvaskoivu#primaryimage\"},\"thumbnailUrl\":\"https:\/\/www.hantulantaimi.fi\/wp-content\/uploads\/2019\/03\/pylv\u00e4skoivu-copy.jpg\",\"datePublished\":\"2019-03-21T10:45:21+00:00\",\"dateModified\":\"2020-01-30T11:28:54+00:00\",\"breadcrumb\":{\"@id\":\"https:\/\/www.hantulantaimi.fi\/?product=betula-pubwscens-f-columnaris-pylvaskoivu#breadcrumb\"},\"inLanguage\":\"fi\",\"potentialAction\":[{\"@type\":\"ReadAction\",\"target\":[\"https:\/\/www.hantulantaimi.fi\/?product=betula-pubwscens-f-columnaris-pylvaskoivu\"]}]},{\"@type\":\"ImageObject\",\"inLanguage\":\"fi\",\"@id\":\"https:\/\/www.hantulantaimi.fi\/?product=betula-pubwscens-f-columnaris-pylvaskoivu#primaryimage\",\"url\":\"https:\/\/www.hantulantaimi.fi\/wp-content\/uploads\/2019\/03\/pylv\u00e4skoivu-copy.jpg\",\"contentUrl\":\"https:\/\/www.hantulantaimi.fi\/wp-content\/uploads\/2019\/03\/pylv\u00e4skoivu-copy.jpg\",\"width\":480,\"height\":853},{\"@type\":\"BreadcrumbList\",\"@id\":\"https:\/\/www.hantulantaimi.fi\/?product=betula-pubwscens-f-columnaris-pylvaskoivu#breadcrumb\",\"itemListElement\":[{\"@type\":\"ListItem\",\"position\":1,\"name\":\"Home\",\"item\":\"https:\/\/www.hantulantaimi.fi\/\"},{\"@type\":\"ListItem\",\"position\":2,\"name\":\"Valikoima\",\"item\":\"https:\/\/www.hantulantaimi.fi\/?page_id=768\"},{\"@type\":\"ListItem\",\"position\":3,\"name\":\"BETULA PUBESCENS f. &#8217;COLUMNARIS&#8217; -Pylv\u00e4skoivu\"}]},{\"@type\":\"WebSite\",\"@id\":\"https:\/\/www.hantulantaimi.fi\/#website\",\"url\":\"https:\/\/www.hantulantaimi.fi\/\",\"name\":\"\",\"description\":\"\",\"potentialAction\":[{\"@type\":\"SearchAction\",\"target\":{\"@type\":\"EntryPoint\",\"urlTemplate\":\"https:\/\/www.hantulantaimi.fi\/?s={search_term_string}\"},\"query-input\":{\"@type\":\"PropertyValueSpecification\",\"valueRequired\":true,\"valueName\":\"search_term_string\"}}],\"inLanguage\":\"fi\"}]}<\/script>\n<!-- \/ Yoast SEO plugin. -->","yoast_head_json":{"title":"BETULA PUBESCENS f. 'COLUMNARIS' -Pylv\u00e4skoivu -","robots":{"index":"index","follow":"follow","max-snippet":"max-snippet:-1","max-image-preview":"max-image-preview:large","max-video-preview":"max-video-preview:-1"},"canonical":"https:\/\/www.hantulantaimi.fi\/?product=betula-pubwscens-f-columnaris-pylvaskoivu","og_locale":"fi_FI","og_type":"article","og_title":"BETULA PUBESCENS f. 'COLUMNARIS' -Pylv\u00e4skoivu -","og_description":"Myyntikoko: 180-200 cm Kapealatvainen ja pystyoksainen hieskoivun muoto l\u00f6ydetty Pohjois-Suomesta, sopii pienemp\u00e4\u00e4nkin pihaan.  Korkeus: 10m.  Taimiv\u00e4li: 3-5 m Kasvupaikka: aurinko-puolivarjo, suosii kosteita kasvupaikkoja, siet\u00e4\u00e4 ajoittain seisovaa vett\u00e4 Vy\u00f6hyke: VIII.","og_url":"https:\/\/www.hantulantaimi.fi\/?product=betula-pubwscens-f-columnaris-pylvaskoivu","article_modified_time":"2020-01-30T11:28:54+00:00","og_image":[{"width":480,"height":853,"url":"https:\/\/www.hantulantaimi.fi\/wp-content\/uploads\/2019\/03\/pylv\u00e4skoivu-copy.jpg","type":"image\/jpeg"}],"twitter_card":"summary_large_image","schema":{"@context":"https:\/\/schema.org","@graph":[{"@type":"WebPage","@id":"https:\/\/www.hantulantaimi.fi\/?product=betula-pubwscens-f-columnaris-pylvaskoivu","url":"https:\/\/www.hantulantaimi.fi\/?product=betula-pubwscens-f-columnaris-pylvaskoivu","name":"BETULA PUBESCENS f. 'COLUMNARIS' -Pylv\u00e4skoivu -","isPartOf":{"@id":"https:\/\/www.hantulantaimi.fi\/#website"},"primaryImageOfPage":{"@id":"https:\/\/www.hantulantaimi.fi\/?product=betula-pubwscens-f-columnaris-pylvaskoivu#primaryimage"},"image":{"@id":"https:\/\/www.hantulantaimi.fi\/?product=betula-pubwscens-f-columnaris-pylvaskoivu#primaryimage"},"thumbnailUrl":"https:\/\/www.hantulantaimi.fi\/wp-content\/uploads\/2019\/03\/pylv\u00e4skoivu-copy.jpg","datePublished":"2019-03-21T10:45:21+00:00","dateModified":"2020-01-30T11:28:54+00:00","breadcrumb":{"@id":"https:\/\/www.hantulantaimi.fi\/?product=betula-pubwscens-f-columnaris-pylvaskoivu#breadcrumb"},"inLanguage":"fi","potentialAction":[{"@type":"ReadAction","target":["https:\/\/www.hantulantaimi.fi\/?product=betula-pubwscens-f-columnaris-pylvaskoivu"]}]},{"@type":"ImageObject","inLanguage":"fi","@id":"https:\/\/www.hantulantaimi.fi\/?product=betula-pubwscens-f-columnaris-pylvaskoivu#primaryimage","url":"https:\/\/www.hantulantaimi.fi\/wp-content\/uploads\/2019\/03\/pylv\u00e4skoivu-copy.jpg","contentUrl":"https:\/\/www.hantulantaimi.fi\/wp-content\/uploads\/2019\/03\/pylv\u00e4skoivu-copy.jpg","width":480,"height":853},{"@type":"BreadcrumbList","@id":"https:\/\/www.hantulantaimi.fi\/?product=betula-pubwscens-f-columnaris-pylvaskoivu#breadcrumb","itemListElement":[{"@type":"ListItem","position":1,"name":"Home","item":"https:\/\/www.hantulantaimi.fi\/"},{"@type":"ListItem","position":2,"name":"Valikoima","item":"https:\/\/www.hantulantaimi.fi\/?page_id=768"},{"@type":"ListItem","position":3,"name":"BETULA PUBESCENS f. &#8217;COLUMNARIS&#8217; -Pylv\u00e4skoivu"}]},{"@type":"WebSite","@id":"https:\/\/www.hantulantaimi.fi\/#website","url":"https:\/\/www.hantulantaimi.fi\/","name":"","description":"","potentialAction":[{"@type":"SearchAction","target":{"@type":"EntryPoint","urlTemplate":"https:\/\/www.hantulantaimi.fi\/?s={search_term_string}"},"query-input":{"@type":"PropertyValueSpecification","valueRequired":true,"valueName":"search_term_string"}}],"inLanguage":"fi"}]}},"_links":{"self":[{"href":"https:\/\/www.hantulantaimi.fi\/index.php?rest_route=\/wp\/v2\/product\/2339","targetHints":{"allow":["GET"]}}],"collection":[{"href":"https:\/\/www.hantulantaimi.fi\/index.php?rest_route=\/wp\/v2\/product"}],"about":[{"href":"https:\/\/www.hantulantaimi.fi\/index.php?rest_route=\/wp\/v2\/types\/product"}],"version-history":[{"count":0,"href":"https:\/\/www.hantulantaimi.fi\/index.php?rest_route=\/wp\/v2\/product\/2339\/revisions"}],"wp:featuredmedia":[{"embeddable":true,"href":"https:\/\/www.hantulantaimi.fi\/index.php?rest_route=\/wp\/v2\/media\/2340"}],"wp:attachment":[{"href":"https:\/\/www.hantulantaimi.fi\/index.php?rest_route=%2Fwp%2Fv2%2Fmedia&parent=2339"}],"wp:term":[{"taxonomy":"product_brand","embeddable":true,"href":"https:\/\/www.hantulantaimi.fi\/index.php?rest_route=%2Fwp%2Fv2%2Fproduct_brand&post=2339"},{"taxonomy":"product_cat","embeddable":true,"href":"https:\/\/www.hantulantaimi.fi\/index.php?rest_route=%2Fwp%2Fv2%2Fproduct_cat&post=2339"},{"taxonomy":"product_tag","embeddable":true,"href":"https:\/\/www.hantulantaimi.fi\/index.php?rest_route=%2Fwp%2Fv2%2Fproduct_tag&post=2339"}],"curies":[{"name":"wp","href":"https:\/\/api.w.org\/{rel}","templated":true}]}}