{"id":2275,"date":"2019-03-21T09:06:55","date_gmt":"2019-03-21T07:06:55","guid":{"rendered":"https:\/\/www.hantulantaimi.fi\/?post_type=product&#038;p=2275"},"modified":"2025-02-06T15:06:16","modified_gmt":"2025-02-06T13:06:16","slug":"thuja-occidentalis-brabant-pylvastuija","status":"publish","type":"product","link":"https:\/\/www.hantulantaimi.fi\/?product=thuja-occidentalis-brabant-pylvastuija","title":{"rendered":"THUJA OCCIDENTALIS &#8217;BRABANT&#8217;  -Pylv\u00e4stuija myyntikoko:140-160cm"},"content":{"rendered":"","protected":false},"excerpt":{"rendered":"<p>Myyntikoko: 140-160 cm<br \/>\nNopeakasvuinen ja suhteellisen kapealatvainen, pylv\u00e4sm\u00e4inen.<br \/>\nKorkeus: 3-6m<br \/>\nLeveys: 2m<br \/>\nKasvupaikka: viihtyy parhaiten puolivarjossa, mutta siet\u00e4\u00e4 melko synkk\u00e4\u00e4kin varjoa, kasvaa sek\u00e4 kalkitussa ett\u00e4 happamassa maassa kunhan kasvualusta on l\u00e4p\u00e4isev\u00e4\u00e4 sek\u00e4 pysyy kosteahkona.<br \/>\nVy\u00f6hyke: V<\/p>\n","protected":false},"featured_media":2276,"template":"","meta":{"site-sidebar-layout":"default","site-content-layout":"default","ast-site-content-layout":"default","site-content-style":"default","site-sidebar-style":"default","ast-global-header-display":"","ast-banner-title-visibility":"","ast-main-header-display":"","ast-hfb-above-header-display":"","ast-hfb-below-header-display":"","ast-hfb-mobile-header-display":"","site-post-title":"","ast-breadcrumbs-content":"","ast-featured-img":"","footer-sml-layout":"","theme-transparent-header-meta":"default","adv-header-id-meta":"","stick-header-meta":"","header-above-stick-meta":"","header-main-stick-meta":"","header-below-stick-meta":"","astra-migrate-meta-layouts":"set","ast-page-background-enabled":"default","ast-page-background-meta":{"desktop":{"background-color":"","background-image":"","background-repeat":"repeat","background-position":"center center","background-size":"auto","background-attachment":"scroll","background-type":"","background-media":"","overlay-type":"","overlay-color":"","overlay-opacity":"","overlay-gradient":""},"tablet":{"background-color":"","background-image":"","background-repeat":"repeat","background-position":"center center","background-size":"auto","background-attachment":"scroll","background-type":"","background-media":"","overlay-type":"","overlay-color":"","overlay-opacity":"","overlay-gradient":""},"mobile":{"background-color":"","background-image":"","background-repeat":"repeat","background-position":"center center","background-size":"auto","background-attachment":"scroll","background-type":"","background-media":"","overlay-type":"","overlay-color":"","overlay-opacity":"","overlay-gradient":""}},"ast-content-background-meta":{"desktop":{"background-color":"var(--ast-global-color-5)","background-image":"","background-repeat":"repeat","background-position":"center center","background-size":"auto","background-attachment":"scroll","background-type":"","background-media":"","overlay-type":"","overlay-color":"","overlay-opacity":"","overlay-gradient":""},"tablet":{"background-color":"var(--ast-global-color-5)","background-image":"","background-repeat":"repeat","background-position":"center center","background-size":"auto","background-attachment":"scroll","background-type":"","background-media":"","overlay-type":"","overlay-color":"","overlay-opacity":"","overlay-gradient":""},"mobile":{"background-color":"var(--ast-global-color-5)","background-image":"","background-repeat":"repeat","background-position":"center center","background-size":"auto","background-attachment":"scroll","background-type":"","background-media":"","overlay-type":"","overlay-color":"","overlay-opacity":"","overlay-gradient":""}}},"product_brand":[],"product_cat":[54],"product_tag":[],"class_list":{"0":"post-2275","1":"product","2":"type-product","3":"status-publish","4":"has-post-thumbnail","6":"product_cat-havupuut","7":"desktop-align-left","8":"tablet-align-left","9":"mobile-align-left","11":"first","12":"instock","13":"shipping-taxable","14":"purchasable","15":"product-type-simple"},"yoast_head":"<!-- This site is optimized with the Yoast SEO plugin v26.9 - https:\/\/yoast.com\/product\/yoast-seo-wordpress\/ -->\n<title>THUJA OCCIDENTALIS &#039;BRABANT&#039; -Pylv\u00e4stuija myyntikoko:140-160cm -<\/title>\n<meta name=\"robots\" content=\"index, follow, max-snippet:-1, max-image-preview:large, max-video-preview:-1\" \/>\n<link rel=\"canonical\" href=\"https:\/\/www.hantulantaimi.fi\/?product=thuja-occidentalis-brabant-pylvastuija\" \/>\n<meta property=\"og:locale\" content=\"fi_FI\" \/>\n<meta property=\"og:type\" content=\"article\" \/>\n<meta property=\"og:title\" content=\"THUJA OCCIDENTALIS &#039;BRABANT&#039; -Pylv\u00e4stuija myyntikoko:140-160cm -\" \/>\n<meta property=\"og:description\" content=\"Myyntikoko: 140-160 cm Nopeakasvuinen ja suhteellisen kapealatvainen, pylv\u00e4sm\u00e4inen. Korkeus: 3-6m Leveys: 2m Kasvupaikka: viihtyy parhaiten puolivarjossa, mutta siet\u00e4\u00e4 melko synkk\u00e4\u00e4kin varjoa, kasvaa sek\u00e4 kalkitussa ett\u00e4 happamassa maassa kunhan kasvualusta on l\u00e4p\u00e4isev\u00e4\u00e4 sek\u00e4 pysyy kosteahkona. Vy\u00f6hyke: V\" \/>\n<meta property=\"og:url\" content=\"https:\/\/www.hantulantaimi.fi\/?product=thuja-occidentalis-brabant-pylvastuija\" \/>\n<meta property=\"article:modified_time\" content=\"2025-02-06T13:06:16+00:00\" \/>\n<meta property=\"og:image\" content=\"https:\/\/www.hantulantaimi.fi\/wp-content\/uploads\/2019\/03\/brabant-copy.jpg\" \/>\n\t<meta property=\"og:image:width\" content=\"1200\" \/>\n\t<meta property=\"og:image:height\" content=\"1600\" \/>\n\t<meta property=\"og:image:type\" content=\"image\/jpeg\" \/>\n<meta name=\"twitter:card\" content=\"summary_large_image\" \/>\n<meta name=\"twitter:label1\" content=\"Arvioitu lukuaika\" \/>\n\t<meta name=\"twitter:data1\" content=\"1 minuutti\" \/>\n<script type=\"application\/ld+json\" class=\"yoast-schema-graph\">{\"@context\":\"https:\/\/schema.org\",\"@graph\":[{\"@type\":\"WebPage\",\"@id\":\"https:\/\/www.hantulantaimi.fi\/?product=thuja-occidentalis-brabant-pylvastuija\",\"url\":\"https:\/\/www.hantulantaimi.fi\/?product=thuja-occidentalis-brabant-pylvastuija\",\"name\":\"THUJA OCCIDENTALIS 'BRABANT' -Pylv\u00e4stuija myyntikoko:140-160cm -\",\"isPartOf\":{\"@id\":\"https:\/\/www.hantulantaimi.fi\/#website\"},\"primaryImageOfPage\":{\"@id\":\"https:\/\/www.hantulantaimi.fi\/?product=thuja-occidentalis-brabant-pylvastuija#primaryimage\"},\"image\":{\"@id\":\"https:\/\/www.hantulantaimi.fi\/?product=thuja-occidentalis-brabant-pylvastuija#primaryimage\"},\"thumbnailUrl\":\"https:\/\/www.hantulantaimi.fi\/wp-content\/uploads\/2019\/03\/brabant-copy.jpg\",\"datePublished\":\"2019-03-21T07:06:55+00:00\",\"dateModified\":\"2025-02-06T13:06:16+00:00\",\"breadcrumb\":{\"@id\":\"https:\/\/www.hantulantaimi.fi\/?product=thuja-occidentalis-brabant-pylvastuija#breadcrumb\"},\"inLanguage\":\"fi\",\"potentialAction\":[{\"@type\":\"ReadAction\",\"target\":[\"https:\/\/www.hantulantaimi.fi\/?product=thuja-occidentalis-brabant-pylvastuija\"]}]},{\"@type\":\"ImageObject\",\"inLanguage\":\"fi\",\"@id\":\"https:\/\/www.hantulantaimi.fi\/?product=thuja-occidentalis-brabant-pylvastuija#primaryimage\",\"url\":\"https:\/\/www.hantulantaimi.fi\/wp-content\/uploads\/2019\/03\/brabant-copy.jpg\",\"contentUrl\":\"https:\/\/www.hantulantaimi.fi\/wp-content\/uploads\/2019\/03\/brabant-copy.jpg\",\"width\":1200,\"height\":1600},{\"@type\":\"BreadcrumbList\",\"@id\":\"https:\/\/www.hantulantaimi.fi\/?product=thuja-occidentalis-brabant-pylvastuija#breadcrumb\",\"itemListElement\":[{\"@type\":\"ListItem\",\"position\":1,\"name\":\"Home\",\"item\":\"https:\/\/www.hantulantaimi.fi\/\"},{\"@type\":\"ListItem\",\"position\":2,\"name\":\"Valikoima\",\"item\":\"https:\/\/www.hantulantaimi.fi\/?page_id=768\"},{\"@type\":\"ListItem\",\"position\":3,\"name\":\"THUJA OCCIDENTALIS &#8217;BRABANT&#8217; -Pylv\u00e4stuija myyntikoko:140-160cm\"}]},{\"@type\":\"WebSite\",\"@id\":\"https:\/\/www.hantulantaimi.fi\/#website\",\"url\":\"https:\/\/www.hantulantaimi.fi\/\",\"name\":\"\",\"description\":\"\",\"potentialAction\":[{\"@type\":\"SearchAction\",\"target\":{\"@type\":\"EntryPoint\",\"urlTemplate\":\"https:\/\/www.hantulantaimi.fi\/?s={search_term_string}\"},\"query-input\":{\"@type\":\"PropertyValueSpecification\",\"valueRequired\":true,\"valueName\":\"search_term_string\"}}],\"inLanguage\":\"fi\"}]}<\/script>\n<!-- \/ Yoast SEO plugin. -->","yoast_head_json":{"title":"THUJA OCCIDENTALIS 'BRABANT' -Pylv\u00e4stuija myyntikoko:140-160cm -","robots":{"index":"index","follow":"follow","max-snippet":"max-snippet:-1","max-image-preview":"max-image-preview:large","max-video-preview":"max-video-preview:-1"},"canonical":"https:\/\/www.hantulantaimi.fi\/?product=thuja-occidentalis-brabant-pylvastuija","og_locale":"fi_FI","og_type":"article","og_title":"THUJA OCCIDENTALIS 'BRABANT' -Pylv\u00e4stuija myyntikoko:140-160cm -","og_description":"Myyntikoko: 140-160 cm Nopeakasvuinen ja suhteellisen kapealatvainen, pylv\u00e4sm\u00e4inen. Korkeus: 3-6m Leveys: 2m Kasvupaikka: viihtyy parhaiten puolivarjossa, mutta siet\u00e4\u00e4 melko synkk\u00e4\u00e4kin varjoa, kasvaa sek\u00e4 kalkitussa ett\u00e4 happamassa maassa kunhan kasvualusta on l\u00e4p\u00e4isev\u00e4\u00e4 sek\u00e4 pysyy kosteahkona. Vy\u00f6hyke: V","og_url":"https:\/\/www.hantulantaimi.fi\/?product=thuja-occidentalis-brabant-pylvastuija","article_modified_time":"2025-02-06T13:06:16+00:00","og_image":[{"width":1200,"height":1600,"url":"https:\/\/www.hantulantaimi.fi\/wp-content\/uploads\/2019\/03\/brabant-copy.jpg","type":"image\/jpeg"}],"twitter_card":"summary_large_image","twitter_misc":{"Arvioitu lukuaika":"1 minuutti"},"schema":{"@context":"https:\/\/schema.org","@graph":[{"@type":"WebPage","@id":"https:\/\/www.hantulantaimi.fi\/?product=thuja-occidentalis-brabant-pylvastuija","url":"https:\/\/www.hantulantaimi.fi\/?product=thuja-occidentalis-brabant-pylvastuija","name":"THUJA OCCIDENTALIS 'BRABANT' -Pylv\u00e4stuija myyntikoko:140-160cm -","isPartOf":{"@id":"https:\/\/www.hantulantaimi.fi\/#website"},"primaryImageOfPage":{"@id":"https:\/\/www.hantulantaimi.fi\/?product=thuja-occidentalis-brabant-pylvastuija#primaryimage"},"image":{"@id":"https:\/\/www.hantulantaimi.fi\/?product=thuja-occidentalis-brabant-pylvastuija#primaryimage"},"thumbnailUrl":"https:\/\/www.hantulantaimi.fi\/wp-content\/uploads\/2019\/03\/brabant-copy.jpg","datePublished":"2019-03-21T07:06:55+00:00","dateModified":"2025-02-06T13:06:16+00:00","breadcrumb":{"@id":"https:\/\/www.hantulantaimi.fi\/?product=thuja-occidentalis-brabant-pylvastuija#breadcrumb"},"inLanguage":"fi","potentialAction":[{"@type":"ReadAction","target":["https:\/\/www.hantulantaimi.fi\/?product=thuja-occidentalis-brabant-pylvastuija"]}]},{"@type":"ImageObject","inLanguage":"fi","@id":"https:\/\/www.hantulantaimi.fi\/?product=thuja-occidentalis-brabant-pylvastuija#primaryimage","url":"https:\/\/www.hantulantaimi.fi\/wp-content\/uploads\/2019\/03\/brabant-copy.jpg","contentUrl":"https:\/\/www.hantulantaimi.fi\/wp-content\/uploads\/2019\/03\/brabant-copy.jpg","width":1200,"height":1600},{"@type":"BreadcrumbList","@id":"https:\/\/www.hantulantaimi.fi\/?product=thuja-occidentalis-brabant-pylvastuija#breadcrumb","itemListElement":[{"@type":"ListItem","position":1,"name":"Home","item":"https:\/\/www.hantulantaimi.fi\/"},{"@type":"ListItem","position":2,"name":"Valikoima","item":"https:\/\/www.hantulantaimi.fi\/?page_id=768"},{"@type":"ListItem","position":3,"name":"THUJA OCCIDENTALIS &#8217;BRABANT&#8217; -Pylv\u00e4stuija myyntikoko:140-160cm"}]},{"@type":"WebSite","@id":"https:\/\/www.hantulantaimi.fi\/#website","url":"https:\/\/www.hantulantaimi.fi\/","name":"","description":"","potentialAction":[{"@type":"SearchAction","target":{"@type":"EntryPoint","urlTemplate":"https:\/\/www.hantulantaimi.fi\/?s={search_term_string}"},"query-input":{"@type":"PropertyValueSpecification","valueRequired":true,"valueName":"search_term_string"}}],"inLanguage":"fi"}]}},"_links":{"self":[{"href":"https:\/\/www.hantulantaimi.fi\/index.php?rest_route=\/wp\/v2\/product\/2275","targetHints":{"allow":["GET"]}}],"collection":[{"href":"https:\/\/www.hantulantaimi.fi\/index.php?rest_route=\/wp\/v2\/product"}],"about":[{"href":"https:\/\/www.hantulantaimi.fi\/index.php?rest_route=\/wp\/v2\/types\/product"}],"version-history":[{"count":7,"href":"https:\/\/www.hantulantaimi.fi\/index.php?rest_route=\/wp\/v2\/product\/2275\/revisions"}],"predecessor-version":[{"id":8075,"href":"https:\/\/www.hantulantaimi.fi\/index.php?rest_route=\/wp\/v2\/product\/2275\/revisions\/8075"}],"wp:featuredmedia":[{"embeddable":true,"href":"https:\/\/www.hantulantaimi.fi\/index.php?rest_route=\/wp\/v2\/media\/2276"}],"wp:attachment":[{"href":"https:\/\/www.hantulantaimi.fi\/index.php?rest_route=%2Fwp%2Fv2%2Fmedia&parent=2275"}],"wp:term":[{"taxonomy":"product_brand","embeddable":true,"href":"https:\/\/www.hantulantaimi.fi\/index.php?rest_route=%2Fwp%2Fv2%2Fproduct_brand&post=2275"},{"taxonomy":"product_cat","embeddable":true,"href":"https:\/\/www.hantulantaimi.fi\/index.php?rest_route=%2Fwp%2Fv2%2Fproduct_cat&post=2275"},{"taxonomy":"product_tag","embeddable":true,"href":"https:\/\/www.hantulantaimi.fi\/index.php?rest_route=%2Fwp%2Fv2%2Fproduct_tag&post=2275"}],"curies":[{"name":"wp","href":"https:\/\/api.w.org\/{rel}","templated":true}]}}