{"id":2248,"date":"2019-03-21T08:14:20","date_gmt":"2019-03-21T06:14:20","guid":{"rendered":"https:\/\/www.hantulantaimi.fi\/?post_type=product&#038;p=2248"},"modified":"2026-01-12T15:54:17","modified_gmt":"2026-01-12T13:54:17","slug":"juniperus-squamata-blue-carpet-sinikataja","status":"publish","type":"product","link":"https:\/\/www.hantulantaimi.fi\/?product=juniperus-squamata-blue-carpet-sinikataja","title":{"rendered":"JUNIPERUS SQUAMATA &#8217;BLUE CARPET&#8217;  -Sinikataja"},"content":{"rendered":"","protected":false},"excerpt":{"rendered":"<p>Myyntikoko: 30-40cm<br \/>\nEritt\u00e4in tihe\u00e4t versot nousevat vain hieman maanpinnasta, leve\u00e4kasvuinen, sinineulaksinen.<br \/>\nKorkeus: 0,2-0,3m.<br \/>\nLeveys: 1,5m.<br \/>\nKasvupaikka: aurinkoinen, l\u00e4p\u00e4isev\u00e4, keskiravinteikas sek\u00e4 hiekkapitoinen multamaa.<br \/>\nVy\u00f6hyke: IV<\/p>\n","protected":false},"featured_media":2249,"template":"","meta":{"site-sidebar-layout":"default","site-content-layout":"default","ast-site-content-layout":"default","site-content-style":"default","site-sidebar-style":"default","ast-global-header-display":"","ast-banner-title-visibility":"","ast-main-header-display":"","ast-hfb-above-header-display":"","ast-hfb-below-header-display":"","ast-hfb-mobile-header-display":"","site-post-title":"","ast-breadcrumbs-content":"","ast-featured-img":"","footer-sml-layout":"","theme-transparent-header-meta":"default","adv-header-id-meta":"","stick-header-meta":"","header-above-stick-meta":"","header-main-stick-meta":"","header-below-stick-meta":"","astra-migrate-meta-layouts":"default","ast-page-background-enabled":"default","ast-page-background-meta":{"desktop":{"background-color":"","background-image":"","background-repeat":"repeat","background-position":"center center","background-size":"auto","background-attachment":"scroll","background-type":"","background-media":"","overlay-type":"","overlay-color":"","overlay-opacity":"","overlay-gradient":""},"tablet":{"background-color":"","background-image":"","background-repeat":"repeat","background-position":"center center","background-size":"auto","background-attachment":"scroll","background-type":"","background-media":"","overlay-type":"","overlay-color":"","overlay-opacity":"","overlay-gradient":""},"mobile":{"background-color":"","background-image":"","background-repeat":"repeat","background-position":"center center","background-size":"auto","background-attachment":"scroll","background-type":"","background-media":"","overlay-type":"","overlay-color":"","overlay-opacity":"","overlay-gradient":""}},"ast-content-background-meta":{"desktop":{"background-color":"var(--ast-global-color-5)","background-image":"","background-repeat":"repeat","background-position":"center center","background-size":"auto","background-attachment":"scroll","background-type":"","background-media":"","overlay-type":"","overlay-color":"","overlay-opacity":"","overlay-gradient":""},"tablet":{"background-color":"var(--ast-global-color-5)","background-image":"","background-repeat":"repeat","background-position":"center center","background-size":"auto","background-attachment":"scroll","background-type":"","background-media":"","overlay-type":"","overlay-color":"","overlay-opacity":"","overlay-gradient":""},"mobile":{"background-color":"var(--ast-global-color-5)","background-image":"","background-repeat":"repeat","background-position":"center center","background-size":"auto","background-attachment":"scroll","background-type":"","background-media":"","overlay-type":"","overlay-color":"","overlay-opacity":"","overlay-gradient":""}}},"product_brand":[],"product_cat":[54],"product_tag":[],"class_list":{"0":"post-2248","1":"product","2":"type-product","3":"status-publish","4":"has-post-thumbnail","6":"product_cat-havupuut","7":"desktop-align-left","8":"tablet-align-left","9":"mobile-align-left","11":"first","12":"instock","13":"shipping-taxable","14":"purchasable","15":"product-type-simple"},"yoast_head":"<!-- This site is optimized with the Yoast SEO plugin v26.9 - https:\/\/yoast.com\/product\/yoast-seo-wordpress\/ -->\n<title>JUNIPERUS SQUAMATA &#039;BLUE CARPET&#039; -Sinikataja -<\/title>\n<meta name=\"robots\" content=\"index, follow, max-snippet:-1, max-image-preview:large, max-video-preview:-1\" \/>\n<link rel=\"canonical\" href=\"https:\/\/www.hantulantaimi.fi\/?product=juniperus-squamata-blue-carpet-sinikataja\" \/>\n<meta property=\"og:locale\" content=\"fi_FI\" \/>\n<meta property=\"og:type\" content=\"article\" \/>\n<meta property=\"og:title\" content=\"JUNIPERUS SQUAMATA &#039;BLUE CARPET&#039; -Sinikataja -\" \/>\n<meta property=\"og:description\" content=\"Myyntikoko: 30-40cm Eritt\u00e4in tihe\u00e4t versot nousevat vain hieman maanpinnasta, leve\u00e4kasvuinen, sinineulaksinen.  Korkeus: 0,2-0,3m. Leveys: 1,5m. Kasvupaikka: aurinkoinen, l\u00e4p\u00e4isev\u00e4, keskiravinteikas sek\u00e4 hiekkapitoinen multamaa. Vy\u00f6hyke: IV\" \/>\n<meta property=\"og:url\" content=\"https:\/\/www.hantulantaimi.fi\/?product=juniperus-squamata-blue-carpet-sinikataja\" \/>\n<meta property=\"article:modified_time\" content=\"2026-01-12T13:54:17+00:00\" \/>\n<meta property=\"og:image\" content=\"https:\/\/www.hantulantaimi.fi\/wp-content\/uploads\/2019\/03\/Juniperus-sq-BlueCarpet_K\u00e4rner-copy-e1582540990860.jpg\" \/>\n\t<meta property=\"og:image:width\" content=\"2000\" \/>\n\t<meta property=\"og:image:height\" content=\"1500\" \/>\n\t<meta property=\"og:image:type\" content=\"image\/jpeg\" \/>\n<meta name=\"twitter:card\" content=\"summary_large_image\" \/>\n<script type=\"application\/ld+json\" class=\"yoast-schema-graph\">{\"@context\":\"https:\/\/schema.org\",\"@graph\":[{\"@type\":\"WebPage\",\"@id\":\"https:\/\/www.hantulantaimi.fi\/?product=juniperus-squamata-blue-carpet-sinikataja\",\"url\":\"https:\/\/www.hantulantaimi.fi\/?product=juniperus-squamata-blue-carpet-sinikataja\",\"name\":\"JUNIPERUS SQUAMATA 'BLUE CARPET' -Sinikataja -\",\"isPartOf\":{\"@id\":\"https:\/\/www.hantulantaimi.fi\/#website\"},\"primaryImageOfPage\":{\"@id\":\"https:\/\/www.hantulantaimi.fi\/?product=juniperus-squamata-blue-carpet-sinikataja#primaryimage\"},\"image\":{\"@id\":\"https:\/\/www.hantulantaimi.fi\/?product=juniperus-squamata-blue-carpet-sinikataja#primaryimage\"},\"thumbnailUrl\":\"https:\/\/www.hantulantaimi.fi\/wp-content\/uploads\/2019\/03\/Juniperus-sq-BlueCarpet_K\u00e4rner-copy-e1582540990860.jpg\",\"datePublished\":\"2019-03-21T06:14:20+00:00\",\"dateModified\":\"2026-01-12T13:54:17+00:00\",\"breadcrumb\":{\"@id\":\"https:\/\/www.hantulantaimi.fi\/?product=juniperus-squamata-blue-carpet-sinikataja#breadcrumb\"},\"inLanguage\":\"fi\",\"potentialAction\":[{\"@type\":\"ReadAction\",\"target\":[\"https:\/\/www.hantulantaimi.fi\/?product=juniperus-squamata-blue-carpet-sinikataja\"]}]},{\"@type\":\"ImageObject\",\"inLanguage\":\"fi\",\"@id\":\"https:\/\/www.hantulantaimi.fi\/?product=juniperus-squamata-blue-carpet-sinikataja#primaryimage\",\"url\":\"https:\/\/www.hantulantaimi.fi\/wp-content\/uploads\/2019\/03\/Juniperus-sq-BlueCarpet_K\u00e4rner-copy-e1582540990860.jpg\",\"contentUrl\":\"https:\/\/www.hantulantaimi.fi\/wp-content\/uploads\/2019\/03\/Juniperus-sq-BlueCarpet_K\u00e4rner-copy-e1582540990860.jpg\",\"width\":2000,\"height\":1500,\"caption\":\"Kuva Ella R\u00e4ty 28.7.2004 Lilian K\u00e4rnerin yksityispuutarha, Viljandi, Viro\"},{\"@type\":\"BreadcrumbList\",\"@id\":\"https:\/\/www.hantulantaimi.fi\/?product=juniperus-squamata-blue-carpet-sinikataja#breadcrumb\",\"itemListElement\":[{\"@type\":\"ListItem\",\"position\":1,\"name\":\"Home\",\"item\":\"https:\/\/www.hantulantaimi.fi\/\"},{\"@type\":\"ListItem\",\"position\":2,\"name\":\"Valikoima\",\"item\":\"https:\/\/www.hantulantaimi.fi\/?page_id=768\"},{\"@type\":\"ListItem\",\"position\":3,\"name\":\"JUNIPERUS SQUAMATA &#8217;BLUE CARPET&#8217; -Sinikataja\"}]},{\"@type\":\"WebSite\",\"@id\":\"https:\/\/www.hantulantaimi.fi\/#website\",\"url\":\"https:\/\/www.hantulantaimi.fi\/\",\"name\":\"\",\"description\":\"\",\"potentialAction\":[{\"@type\":\"SearchAction\",\"target\":{\"@type\":\"EntryPoint\",\"urlTemplate\":\"https:\/\/www.hantulantaimi.fi\/?s={search_term_string}\"},\"query-input\":{\"@type\":\"PropertyValueSpecification\",\"valueRequired\":true,\"valueName\":\"search_term_string\"}}],\"inLanguage\":\"fi\"}]}<\/script>\n<!-- \/ Yoast SEO plugin. -->","yoast_head_json":{"title":"JUNIPERUS SQUAMATA 'BLUE CARPET' -Sinikataja -","robots":{"index":"index","follow":"follow","max-snippet":"max-snippet:-1","max-image-preview":"max-image-preview:large","max-video-preview":"max-video-preview:-1"},"canonical":"https:\/\/www.hantulantaimi.fi\/?product=juniperus-squamata-blue-carpet-sinikataja","og_locale":"fi_FI","og_type":"article","og_title":"JUNIPERUS SQUAMATA 'BLUE CARPET' -Sinikataja -","og_description":"Myyntikoko: 30-40cm Eritt\u00e4in tihe\u00e4t versot nousevat vain hieman maanpinnasta, leve\u00e4kasvuinen, sinineulaksinen.  Korkeus: 0,2-0,3m. Leveys: 1,5m. Kasvupaikka: aurinkoinen, l\u00e4p\u00e4isev\u00e4, keskiravinteikas sek\u00e4 hiekkapitoinen multamaa. Vy\u00f6hyke: IV","og_url":"https:\/\/www.hantulantaimi.fi\/?product=juniperus-squamata-blue-carpet-sinikataja","article_modified_time":"2026-01-12T13:54:17+00:00","og_image":[{"width":2000,"height":1500,"url":"https:\/\/www.hantulantaimi.fi\/wp-content\/uploads\/2019\/03\/Juniperus-sq-BlueCarpet_K\u00e4rner-copy-e1582540990860.jpg","type":"image\/jpeg"}],"twitter_card":"summary_large_image","schema":{"@context":"https:\/\/schema.org","@graph":[{"@type":"WebPage","@id":"https:\/\/www.hantulantaimi.fi\/?product=juniperus-squamata-blue-carpet-sinikataja","url":"https:\/\/www.hantulantaimi.fi\/?product=juniperus-squamata-blue-carpet-sinikataja","name":"JUNIPERUS SQUAMATA 'BLUE CARPET' -Sinikataja -","isPartOf":{"@id":"https:\/\/www.hantulantaimi.fi\/#website"},"primaryImageOfPage":{"@id":"https:\/\/www.hantulantaimi.fi\/?product=juniperus-squamata-blue-carpet-sinikataja#primaryimage"},"image":{"@id":"https:\/\/www.hantulantaimi.fi\/?product=juniperus-squamata-blue-carpet-sinikataja#primaryimage"},"thumbnailUrl":"https:\/\/www.hantulantaimi.fi\/wp-content\/uploads\/2019\/03\/Juniperus-sq-BlueCarpet_K\u00e4rner-copy-e1582540990860.jpg","datePublished":"2019-03-21T06:14:20+00:00","dateModified":"2026-01-12T13:54:17+00:00","breadcrumb":{"@id":"https:\/\/www.hantulantaimi.fi\/?product=juniperus-squamata-blue-carpet-sinikataja#breadcrumb"},"inLanguage":"fi","potentialAction":[{"@type":"ReadAction","target":["https:\/\/www.hantulantaimi.fi\/?product=juniperus-squamata-blue-carpet-sinikataja"]}]},{"@type":"ImageObject","inLanguage":"fi","@id":"https:\/\/www.hantulantaimi.fi\/?product=juniperus-squamata-blue-carpet-sinikataja#primaryimage","url":"https:\/\/www.hantulantaimi.fi\/wp-content\/uploads\/2019\/03\/Juniperus-sq-BlueCarpet_K\u00e4rner-copy-e1582540990860.jpg","contentUrl":"https:\/\/www.hantulantaimi.fi\/wp-content\/uploads\/2019\/03\/Juniperus-sq-BlueCarpet_K\u00e4rner-copy-e1582540990860.jpg","width":2000,"height":1500,"caption":"Kuva Ella R\u00e4ty 28.7.2004 Lilian K\u00e4rnerin yksityispuutarha, Viljandi, Viro"},{"@type":"BreadcrumbList","@id":"https:\/\/www.hantulantaimi.fi\/?product=juniperus-squamata-blue-carpet-sinikataja#breadcrumb","itemListElement":[{"@type":"ListItem","position":1,"name":"Home","item":"https:\/\/www.hantulantaimi.fi\/"},{"@type":"ListItem","position":2,"name":"Valikoima","item":"https:\/\/www.hantulantaimi.fi\/?page_id=768"},{"@type":"ListItem","position":3,"name":"JUNIPERUS SQUAMATA &#8217;BLUE CARPET&#8217; -Sinikataja"}]},{"@type":"WebSite","@id":"https:\/\/www.hantulantaimi.fi\/#website","url":"https:\/\/www.hantulantaimi.fi\/","name":"","description":"","potentialAction":[{"@type":"SearchAction","target":{"@type":"EntryPoint","urlTemplate":"https:\/\/www.hantulantaimi.fi\/?s={search_term_string}"},"query-input":{"@type":"PropertyValueSpecification","valueRequired":true,"valueName":"search_term_string"}}],"inLanguage":"fi"}]}},"_links":{"self":[{"href":"https:\/\/www.hantulantaimi.fi\/index.php?rest_route=\/wp\/v2\/product\/2248","targetHints":{"allow":["GET"]}}],"collection":[{"href":"https:\/\/www.hantulantaimi.fi\/index.php?rest_route=\/wp\/v2\/product"}],"about":[{"href":"https:\/\/www.hantulantaimi.fi\/index.php?rest_route=\/wp\/v2\/types\/product"}],"version-history":[{"count":6,"href":"https:\/\/www.hantulantaimi.fi\/index.php?rest_route=\/wp\/v2\/product\/2248\/revisions"}],"predecessor-version":[{"id":8243,"href":"https:\/\/www.hantulantaimi.fi\/index.php?rest_route=\/wp\/v2\/product\/2248\/revisions\/8243"}],"wp:featuredmedia":[{"embeddable":true,"href":"https:\/\/www.hantulantaimi.fi\/index.php?rest_route=\/wp\/v2\/media\/2249"}],"wp:attachment":[{"href":"https:\/\/www.hantulantaimi.fi\/index.php?rest_route=%2Fwp%2Fv2%2Fmedia&parent=2248"}],"wp:term":[{"taxonomy":"product_brand","embeddable":true,"href":"https:\/\/www.hantulantaimi.fi\/index.php?rest_route=%2Fwp%2Fv2%2Fproduct_brand&post=2248"},{"taxonomy":"product_cat","embeddable":true,"href":"https:\/\/www.hantulantaimi.fi\/index.php?rest_route=%2Fwp%2Fv2%2Fproduct_cat&post=2248"},{"taxonomy":"product_tag","embeddable":true,"href":"https:\/\/www.hantulantaimi.fi\/index.php?rest_route=%2Fwp%2Fv2%2Fproduct_tag&post=2248"}],"curies":[{"name":"wp","href":"https:\/\/api.w.org\/{rel}","templated":true}]}}